{"id":15490,"date":"2023-04-03T13:13:18","date_gmt":"2023-04-03T11:13:18","guid":{"rendered":"https:\/\/embotitsvila.com\/conocenos\/"},"modified":"2023-04-21T15:59:42","modified_gmt":"2023-04-21T13:59:42","slug":"coneix-nos","status":"publish","type":"page","link":"https:\/\/embotitsvila.com\/ca\/coneix-nos\/","title":{"rendered":"Coneix-nos"},"content":{"rendered":"<section class=\"wpb-content-wrapper\"><p>[vc_section full_width=&#8221;stretch_row&#8221; css=&#8221;.vc_custom_1680558115229{padding-top: 40px !important;}&#8221;][vc_row gap=&#8221;35&#8243; text_align=&#8221;center-sm-ms&#8221;][vc_column offset=&#8221;vc_col-md-6&#8243;]<div class=\"es-resp\">\t<div class=\"visible-xl\" style=\"height: 32px;\"><\/div>\t<div class=\"hidden-xl hidden-md hidden-sm hidden-ms hidden-xs\" style=\"height: 16px;\"><\/div>\t<div class=\"visible-md\" style=\"height: 16px;\"><\/div>\t<div class=\"visible-sm \" style=\"height: 16px;\"><\/div>\t<div class=\"visible-ms\" style=\"height: 16px;\"><\/div>\t<div class=\"visible-xs\" style=\"height: 16px;\"><\/div><\/div><div class=\"heading header-subheader align-left subcolor-main transform-default has-subheader theme-icon-second icon-type-hidden   vc_custom_1681925059078 heading-tag-h2\" id=\"like_sc_header_1582585784\"><h6 class=\"subheader ltx-sr-id-like_sc_header_15825857841759307212 ltx-sr ltx-sr-effect-slide_from_bottom ltx-sr-el-block ltx-sr-delay-200 ltx-sr-duration-500 ltx-sr-sequences-50\">L'empresa<\/h6><h2 data-text=\"Embotits Artesans J.Vil\u00e0 des de l&#039;any 1984\" class=\"header ltx-sr-id-like_sc_header_15825857841061044084 ltx-sr ltx-sr-effect-fade_in ltx-sr-el-block ltx-sr-delay-0 ltx-sr-duration-1000 ltx-sr-sequences-0\">Embotits Artesans J.Vil\u00e0 des de l'any 1984<\/h2><\/div><div class=\"ltx-content-width ltx-col-align-left ltx-block-align-left\" id=\"like_sc_content_width_1771649161\" style=\"max-width: 620px\"><div class=\"ltx-wrapper\">[vc_column_text]L&#8217;empresa va ser fundada el 1984 per Juli\u00e0 Vil\u00e0 seguint els passos del seu pare Ferm\u00ed, que va comen\u00e7ar de carnisser al poble de Borrass\u00e0.<\/p>\n<p>Les generacions posteriors han continuat apostant pel negoci aportant innovaci\u00f3 i creixement a l&#8217;empresa.[\/vc_column_text]<\/div><\/div><div class=\"es-resp\">\t<div class=\"visible-xl\" style=\"height: 48px;\"><\/div>\t<div class=\"hidden-xl hidden-md hidden-sm hidden-ms hidden-xs\" style=\"height: 48px;\"><\/div>\t<div class=\"visible-md\" style=\"height: 24px;\"><\/div>\t<div class=\"visible-sm \" style=\"height: 24px;\"><\/div>\t<div class=\"visible-ms\" style=\"height: 24px;\"><\/div>\t<div class=\"visible-xs\" style=\"height: 24px;\"><\/div><\/div><div class=\"btn-wrap align-center\">\r\n\t<a href=\"\/ca\/galeria\"  class=\"btn  btn-lg btn-main color-hover-black align-center\" id=\"like_sc_button_1826605366\">Veure galeria de fotos<\/a><\/div><div class=\"es-resp\">\t<div class=\"visible-xl\" style=\"height: 0px;\"><\/div>\t<div class=\"hidden-xl hidden-md hidden-sm hidden-ms hidden-xs\" style=\"height: 32px;\"><\/div>\t<div class=\"visible-md\" style=\"height: 64px;\"><\/div>\t<div class=\"visible-sm \" style=\"height: 64px;\"><\/div>\t<div class=\"visible-ms\" style=\"height: 64px;\"><\/div>\t<div class=\"visible-xs\" style=\"height: 64px;\"><\/div><\/div>[\/vc_column][vc_column offset=&#8221;vc_col-md-6&#8243;]<div class=\"es-resp\">\t<div class=\"visible-xl\" style=\"height: 50px;\"><\/div>\t<div class=\"hidden-xl hidden-md hidden-sm hidden-ms hidden-xs\" style=\"height: 32px;\"><\/div>\t<div class=\"visible-md\" style=\"height: 32px;\"><\/div>\t<div class=\"visible-sm \" style=\"height: 32px;\"><\/div>\t<div class=\"visible-ms\" style=\"height: 32px;\"><\/div>\t<div class=\"visible-xs\" style=\"height: 32px;\"><\/div><\/div>[vc_single_image image=&#8221;13471&#8243; img_size=&#8221;full&#8221; alignment=&#8221;center&#8221;]<div class=\"es-resp\">\t<div class=\"visible-xl\" style=\"height: 32px;\"><\/div>\t<div class=\"hidden-xl hidden-md hidden-sm hidden-ms hidden-xs\" style=\"height: 16px;\"><\/div>\t<div class=\"visible-md\" style=\"height: 16px;\"><\/div>\t<div class=\"visible-sm \" style=\"height: 16px;\"><\/div>\t<div class=\"visible-ms\" style=\"height: 16px;\"><\/div>\t<div class=\"visible-xs\" style=\"height: 16px;\"><\/div><\/div>[\/vc_column][\/vc_row][\/vc_section][vc_section full_width=&#8221;stretch_row&#8221; css=&#8221;.vc_custom_1680558115229{padding-top: 40px !important;}&#8221;][vc_row gap=&#8221;35&#8243; text_align=&#8221;center-sm-ms&#8221;][vc_column offset=&#8221;vc_col-md-6&#8243;]<div class=\"es-resp\">\t<div class=\"visible-xl\" style=\"height: 32px;\"><\/div>\t<div class=\"hidden-xl hidden-md hidden-sm hidden-ms hidden-xs\" style=\"height: 16px;\"><\/div>\t<div class=\"visible-md\" style=\"height: 16px;\"><\/div>\t<div class=\"visible-sm \" style=\"height: 16px;\"><\/div>\t<div class=\"visible-ms\" style=\"height: 16px;\"><\/div>\t<div class=\"visible-xs\" style=\"height: 16px;\"><\/div><\/div>[vc_single_image image=&#8221;14752&#8243; img_size=&#8221;full&#8221; alignment=&#8221;center&#8221;]<div class=\"es-resp\">\t<div class=\"visible-xl\" style=\"height: 32px;\"><\/div>\t<div class=\"hidden-xl hidden-md hidden-sm hidden-ms hidden-xs\" style=\"height: 16px;\"><\/div>\t<div class=\"visible-md\" style=\"height: 16px;\"><\/div>\t<div class=\"visible-sm \" style=\"height: 16px;\"><\/div>\t<div class=\"visible-ms\" style=\"height: 16px;\"><\/div>\t<div class=\"visible-xs\" style=\"height: 16px;\"><\/div><\/div>[\/vc_column][vc_column offset=&#8221;vc_col-md-6&#8243;]<div class=\"es-resp\">\t<div class=\"visible-xl\" style=\"height: 50px;\"><\/div>\t<div class=\"hidden-xl hidden-md hidden-sm hidden-ms hidden-xs\" style=\"height: 32px;\"><\/div>\t<div class=\"visible-md\" style=\"height: 32px;\"><\/div>\t<div class=\"visible-sm \" style=\"height: 32px;\"><\/div>\t<div class=\"visible-ms\" style=\"height: 32px;\"><\/div>\t<div class=\"visible-xs\" style=\"height: 32px;\"><\/div><\/div><div class=\"heading header-subheader align-left subcolor-main transform-default has-subheader theme-icon-second icon-type-hidden   vc_custom_1681925291098 heading-tag-h2\" id=\"like_sc_header_1411989883\"><h6 class=\"subheader ltx-sr-id-like_sc_header_1411989883802968246 ltx-sr ltx-sr-effect-slide_from_bottom ltx-sr-el-block ltx-sr-delay-200 ltx-sr-duration-500 ltx-sr-sequences-50\">Actualitat<\/h6><h2 data-text=\"Noves instal.lacions\" class=\"header ltx-sr-id-like_sc_header_14119898831954142933 ltx-sr ltx-sr-effect-fade_in ltx-sr-el-block ltx-sr-delay-0 ltx-sr-duration-1000 ltx-sr-sequences-0\">Noves instal.lacions<\/h2><\/div><div class=\"ltx-content-width ltx-col-align-left ltx-block-align-left\" id=\"like_sc_content_width_1553713419\" style=\"max-width: 620px\"><div class=\"ltx-wrapper\">[vc_column_text]L&#8217;actual f\u00e0brica, situada a Vilamalla i inaugurada el 2019, est\u00e0 dotada de maquin\u00e0ria i equips inform\u00e0tics, que desenvolupen els controls de qualitat en tot el proc\u00e9s productiu, des de la recepci\u00f3 de la mat\u00e8ria primera, sales de producci\u00f3 i assecadors fins arribar a l&#8217;expedici\u00f3[\/vc_column_text]<\/div><\/div><div class=\"es-resp\">\t<div class=\"visible-xl\" style=\"height: 48px;\"><\/div>\t<div class=\"hidden-xl hidden-md hidden-sm hidden-ms hidden-xs\" style=\"height: 48px;\"><\/div>\t<div class=\"visible-md\" style=\"height: 24px;\"><\/div>\t<div class=\"visible-sm \" style=\"height: 24px;\"><\/div>\t<div class=\"visible-ms\" style=\"height: 24px;\"><\/div>\t<div class=\"visible-xs\" style=\"height: 24px;\"><\/div><\/div><div class=\"btn-wrap align-center\">\r\n\t<a href=\"\/ca\/galeria\"  class=\"btn  btn-lg btn-main color-hover-black align-center\" id=\"like_sc_button_1861131533\">Veure galeria de fotos<\/a><\/div><div class=\"es-resp\">\t<div class=\"visible-xl\" style=\"height: 0px;\"><\/div>\t<div class=\"hidden-xl hidden-md hidden-sm hidden-ms hidden-xs\" style=\"height: 32px;\"><\/div>\t<div class=\"visible-md\" style=\"height: 64px;\"><\/div>\t<div class=\"visible-sm \" style=\"height: 64px;\"><\/div>\t<div class=\"visible-ms\" style=\"height: 64px;\"><\/div>\t<div class=\"visible-xs\" style=\"height: 64px;\"><\/div><\/div>[\/vc_column][\/vc_row][\/vc_section][vc_row full_width=&#8221;stretch_row&#8221; parallax=&#8221;content-moving&#8221; parallax_speed_bg=&#8221;2.5&#8243; bg_overlay=&#8221;black&#8221; css=&#8221;.vc_custom_1680559722717{margin-top: 40px !important;background-image: url(https:\/\/embotitsvila.com\/wp-content\/uploads\/2019\/12\/informacion-vila.jpg?id=13474) !important;}&#8221;][vc_column]<div class=\"es-resp\">\t<div class=\"visible-xl\" style=\"height: 80px;\"><\/div>\t<div class=\"hidden-xl hidden-md hidden-sm hidden-ms hidden-xs\" style=\"height: 80px;\"><\/div>\t<div class=\"visible-md\" style=\"height: 80px;\"><\/div>\t<div class=\"visible-sm \" style=\"height: 80px;\"><\/div>\t<div class=\"visible-ms\" style=\"height: 80px;\"><\/div>\t<div class=\"visible-xs\" style=\"height: 80px;\"><\/div><\/div><div class=\"ltx-content-width ltx-col-align-center ltx-block-align-left\" id=\"like_sc_content_width_541074565\" style=\"max-width: 650px\"><div class=\"ltx-wrapper\"><ul class=\"ltx-block-icon  ltx-icon-order-left icons-count-1 align-center ltx-icon-color-main ltx-icon-size-xl ltx-header-color-default ltx-icon-type-transparent ltx-bg-color-transparent layout-cols3 ltx-icon-only  row centered\"  id=\"like_sc_block_icon_1488703429\"><li class=\" col-lg-4 col-md-4 col-sm-4 col-ms-4 col-xs-6\" ><div   class=\"in\"><span class=\"ltx-icon icon-emo_01 bg-transparent\"><\/span><\/div><\/li><\/ul><div class=\"heading header-subheader align-center color-white subcolor-main transform-default theme-icon-second icon-type-hidden heading-tag-h2\" id=\"like_sc_header_1454901628\"><a href=\"\/ca\/contacte\"><h2 data-text=\"Sol\u00b7licita informaci\u00f3\u2026.\" class=\"header ltx-sr-id-like_sc_header_1454901628780022821 ltx-sr ltx-sr-effect-fade_in ltx-sr-el-block ltx-sr-delay-0 ltx-sr-duration-1000 ltx-sr-sequences-0 ltx-check-scroll ltx-glitch done\">Sol\u00b7licita informaci\u00f3\u2026.<\/h2><\/a><\/div><ul class=\"ltx-block-icon  ltx-icon-order-right icons-count-1 align-center ltx-icon-color-main ltx-icon-size-xl ltx-header-color-default ltx-icon-type-transparent ltx-bg-color-transparent layout-cols3 ltx-icon-only  row centered\"  id=\"like_sc_block_icon_1435642917\"><li class=\" col-lg-4 col-md-4 col-sm-4 col-ms-4 col-xs-6\" ><div   class=\"in\"><span class=\"ltx-icon icon-emo_02 bg-transparent\"><\/span><\/div><\/li><\/ul><div class=\"es-resp\">\t<div class=\"visible-xl\" style=\"height: 16px;\"><\/div>\t<div class=\"hidden-xl hidden-md hidden-sm hidden-ms hidden-xs\" style=\"height: 16px;\"><\/div>\t<div class=\"visible-md\" style=\"height: 16px;\"><\/div>\t<div class=\"visible-sm \" style=\"height: 16px;\"><\/div>\t<div class=\"visible-ms\" style=\"height: 16px;\"><\/div>\t<div class=\"visible-xs\" style=\"height: 16px;\"><\/div><\/div><div class=\"btn-wrap align-center\">\r\n\t<a href=\"\/ca\/contacte\"  class=\"btn  btn-lg btn-second color-hover-default align-center\" id=\"like_sc_button_1522748873\">Contacte<\/a><\/div><\/div><\/div><div class=\"es-resp\">\t<div class=\"visible-xl\" style=\"height: 150px;\"><\/div>\t<div class=\"hidden-xl hidden-md hidden-sm hidden-ms hidden-xs\" style=\"height: 150px;\"><\/div>\t<div class=\"visible-md\" style=\"height: 150px;\"><\/div>\t<div class=\"visible-sm \" style=\"height: 150px;\"><\/div>\t<div class=\"visible-ms\" style=\"height: 150px;\"><\/div>\t<div class=\"visible-xs\" style=\"height: 150px;\"><\/div><\/div>[\/vc_column][\/vc_row]<\/p>\n<\/section>","protected":false},"excerpt":{"rendered":"<p>[vc_section full_width=&#8221;stretch_row&#8221; css=&#8221;.vc_custom_1680558115229{padding-top: 40px !important;}&#8221;][vc_row gap=&#8221;35&#8243; text_align=&#8221;center-sm-ms&#8221;][vc_column offset=&#8221;vc_col-md-6&#8243;][\/vc_column][vc_column offset=&#8221;vc_col-md-6&#8243;][vc_single_image image=&#8221;13471&#8243; img_size=&#8221;full&#8221; alignment=&#8221;center&#8221;][\/vc_column][\/vc_row][\/vc_section][vc_section full_width=&#8221;stretch_row&#8221; css=&#8221;.vc_custom_1680558115229{padding-top: 40px !important;}&#8221;][vc_row gap=&#8221;35&#8243; text_align=&#8221;center-sm-ms&#8221;][vc_column offset=&#8221;vc_col-md-6&#8243;][vc_single_image image=&#8221;14752&#8243; img_size=&#8221;full&#8221; alignment=&#8221;center&#8221;][\/vc_column][vc_column offset=&#8221;vc_col-md-6&#8243;][\/vc_column][\/vc_row][\/vc_section][vc_row full_width=&#8221;stretch_row&#8221; parallax=&#8221;content-moving&#8221; parallax_speed_bg=&#8221;2.5&#8243; bg_overlay=&#8221;black&#8221; css=&#8221;.vc_custom_1680559722717{margin-top: 40px !important;background-image: url(https:\/\/embotitsvila.com\/wp-content\/uploads\/2019\/12\/informacion-vila.jpg?id=13474) !important;}&#8221;][vc_column][\/vc_column][\/vc_row]<\/p>\n","protected":false},"author":2,"featured_media":0,"parent":0,"menu_order":120,"comment_status":"closed","ping_status":"closed","template":"","meta":[],"acf":[],"yoast_head":"<!-- This site is optimized with the Yoast SEO plugin v20.5 - https:\/\/yoast.com\/wordpress\/plugins\/seo\/ -->\n<title>Coneix-nos - Embotits Artesans J.Vil\u00e0<\/title>\n<meta name=\"robots\" content=\"index, follow, max-snippet:-1, max-image-preview:large, max-video-preview:-1\" \/>\n<link rel=\"canonical\" href=\"https:\/\/embotitsvila.com\/ca\/coneix-nos\/\" \/>\n<meta property=\"og:locale\" content=\"ca_ES\" \/>\n<meta property=\"og:type\" content=\"article\" \/>\n<meta property=\"og:title\" content=\"Coneix-nos - Embotits Artesans J.Vil\u00e0\" \/>\n<meta property=\"og:description\" content=\"[vc_section full_width=&#8221;stretch_row&#8221; css=&#8221;.vc_custom_1680558115229{padding-top: 40px !important;}&#8221;][vc_row gap=&#8221;35&#8243; text_align=&#8221;center-sm-ms&#8221;][vc_column offset=&#8221;vc_col-md-6&#8243;][\/vc_column][vc_column offset=&#8221;vc_col-md-6&#8243;][vc_single_image image=&#8221;13471&#8243; img_size=&#8221;full&#8221; alignment=&#8221;center&#8221;][\/vc_column][\/vc_row][\/vc_section][vc_section full_width=&#8221;stretch_row&#8221; css=&#8221;.vc_custom_1680558115229{padding-top: 40px !important;}&#8221;][vc_row gap=&#8221;35&#8243; text_align=&#8221;center-sm-ms&#8221;][vc_column offset=&#8221;vc_col-md-6&#8243;][vc_single_image image=&#8221;14752&#8243; img_size=&#8221;full&#8221; alignment=&#8221;center&#8221;][\/vc_column][vc_column offset=&#8221;vc_col-md-6&#8243;][\/vc_column][\/vc_row][\/vc_section][vc_row full_width=&#8221;stretch_row&#8221; parallax=&#8221;content-moving&#8221; parallax_speed_bg=&#8221;2.5&#8243; bg_overlay=&#8221;black&#8221; css=&#8221;.vc_custom_1680559722717{margin-top: 40px !important;background-image: url(https:\/\/embotitsvila.com\/wp-content\/uploads\/2019\/12\/informacion-vila.jpg?id=13474) !important;}&#8221;][vc_column][\/vc_column][\/vc_row]\" \/>\n<meta property=\"og:url\" content=\"https:\/\/embotitsvila.com\/ca\/coneix-nos\/\" \/>\n<meta property=\"og:site_name\" content=\"Embotits Artesans J.Vil\u00e0\" \/>\n<meta property=\"article:modified_time\" content=\"2023-04-21T13:59:42+00:00\" \/>\n<meta name=\"twitter:card\" content=\"summary_large_image\" \/>\n<meta name=\"twitter:label1\" content=\"Temps estimat de lectura\" \/>\n\t<meta name=\"twitter:data1\" content=\"1 minut\" \/>\n<script type=\"application\/ld+json\" class=\"yoast-schema-graph\">{\"@context\":\"https:\/\/schema.org\",\"@graph\":[{\"@type\":\"WebPage\",\"@id\":\"https:\/\/embotitsvila.com\/ca\/coneix-nos\/\",\"url\":\"https:\/\/embotitsvila.com\/ca\/coneix-nos\/\",\"name\":\"Coneix-nos - Embotits Artesans J.Vil\u00e0\",\"isPartOf\":{\"@id\":\"https:\/\/embotitsvila.com\/ca\/#website\"},\"datePublished\":\"2023-04-03T11:13:18+00:00\",\"dateModified\":\"2023-04-21T13:59:42+00:00\",\"breadcrumb\":{\"@id\":\"https:\/\/embotitsvila.com\/ca\/coneix-nos\/#breadcrumb\"},\"inLanguage\":\"ca\",\"potentialAction\":[{\"@type\":\"ReadAction\",\"target\":[\"https:\/\/embotitsvila.com\/ca\/coneix-nos\/\"]}]},{\"@type\":\"BreadcrumbList\",\"@id\":\"https:\/\/embotitsvila.com\/ca\/coneix-nos\/#breadcrumb\",\"itemListElement\":[{\"@type\":\"ListItem\",\"position\":1,\"name\":\"Portada\",\"item\":\"https:\/\/embotitsvila.com\/ca\/\"},{\"@type\":\"ListItem\",\"position\":2,\"name\":\"Coneix-nos\"}]},{\"@type\":\"WebSite\",\"@id\":\"https:\/\/embotitsvila.com\/ca\/#website\",\"url\":\"https:\/\/embotitsvila.com\/ca\/\",\"name\":\"Embotits Artesans J.Vil\u00e0\",\"description\":\"\",\"potentialAction\":[{\"@type\":\"SearchAction\",\"target\":{\"@type\":\"EntryPoint\",\"urlTemplate\":\"https:\/\/embotitsvila.com\/ca\/?s={search_term_string}\"},\"query-input\":\"required name=search_term_string\"}],\"inLanguage\":\"ca\"}]}<\/script>\n<!-- \/ Yoast SEO plugin. -->","yoast_head_json":{"title":"Coneix-nos - Embotits Artesans J.Vil\u00e0","robots":{"index":"index","follow":"follow","max-snippet":"max-snippet:-1","max-image-preview":"max-image-preview:large","max-video-preview":"max-video-preview:-1"},"canonical":"https:\/\/embotitsvila.com\/ca\/coneix-nos\/","og_locale":"ca_ES","og_type":"article","og_title":"Coneix-nos - Embotits Artesans J.Vil\u00e0","og_description":"[vc_section full_width=&#8221;stretch_row&#8221; css=&#8221;.vc_custom_1680558115229{padding-top: 40px !important;}&#8221;][vc_row gap=&#8221;35&#8243; text_align=&#8221;center-sm-ms&#8221;][vc_column offset=&#8221;vc_col-md-6&#8243;][\/vc_column][vc_column offset=&#8221;vc_col-md-6&#8243;][vc_single_image image=&#8221;13471&#8243; img_size=&#8221;full&#8221; alignment=&#8221;center&#8221;][\/vc_column][\/vc_row][\/vc_section][vc_section full_width=&#8221;stretch_row&#8221; css=&#8221;.vc_custom_1680558115229{padding-top: 40px !important;}&#8221;][vc_row gap=&#8221;35&#8243; text_align=&#8221;center-sm-ms&#8221;][vc_column offset=&#8221;vc_col-md-6&#8243;][vc_single_image image=&#8221;14752&#8243; img_size=&#8221;full&#8221; alignment=&#8221;center&#8221;][\/vc_column][vc_column offset=&#8221;vc_col-md-6&#8243;][\/vc_column][\/vc_row][\/vc_section][vc_row full_width=&#8221;stretch_row&#8221; parallax=&#8221;content-moving&#8221; parallax_speed_bg=&#8221;2.5&#8243; bg_overlay=&#8221;black&#8221; css=&#8221;.vc_custom_1680559722717{margin-top: 40px !important;background-image: url(https:\/\/embotitsvila.com\/wp-content\/uploads\/2019\/12\/informacion-vila.jpg?id=13474) !important;}&#8221;][vc_column][\/vc_column][\/vc_row]","og_url":"https:\/\/embotitsvila.com\/ca\/coneix-nos\/","og_site_name":"Embotits Artesans J.Vil\u00e0","article_modified_time":"2023-04-21T13:59:42+00:00","twitter_card":"summary_large_image","twitter_misc":{"Temps estimat de lectura":"1 minut"},"schema":{"@context":"https:\/\/schema.org","@graph":[{"@type":"WebPage","@id":"https:\/\/embotitsvila.com\/ca\/coneix-nos\/","url":"https:\/\/embotitsvila.com\/ca\/coneix-nos\/","name":"Coneix-nos - Embotits Artesans J.Vil\u00e0","isPartOf":{"@id":"https:\/\/embotitsvila.com\/ca\/#website"},"datePublished":"2023-04-03T11:13:18+00:00","dateModified":"2023-04-21T13:59:42+00:00","breadcrumb":{"@id":"https:\/\/embotitsvila.com\/ca\/coneix-nos\/#breadcrumb"},"inLanguage":"ca","potentialAction":[{"@type":"ReadAction","target":["https:\/\/embotitsvila.com\/ca\/coneix-nos\/"]}]},{"@type":"BreadcrumbList","@id":"https:\/\/embotitsvila.com\/ca\/coneix-nos\/#breadcrumb","itemListElement":[{"@type":"ListItem","position":1,"name":"Portada","item":"https:\/\/embotitsvila.com\/ca\/"},{"@type":"ListItem","position":2,"name":"Coneix-nos"}]},{"@type":"WebSite","@id":"https:\/\/embotitsvila.com\/ca\/#website","url":"https:\/\/embotitsvila.com\/ca\/","name":"Embotits Artesans J.Vil\u00e0","description":"","potentialAction":[{"@type":"SearchAction","target":{"@type":"EntryPoint","urlTemplate":"https:\/\/embotitsvila.com\/ca\/?s={search_term_string}"},"query-input":"required name=search_term_string"}],"inLanguage":"ca"}]}},"_links":{"self":[{"href":"https:\/\/embotitsvila.com\/ca\/wp-json\/wp\/v2\/pages\/15490"}],"collection":[{"href":"https:\/\/embotitsvila.com\/ca\/wp-json\/wp\/v2\/pages"}],"about":[{"href":"https:\/\/embotitsvila.com\/ca\/wp-json\/wp\/v2\/types\/page"}],"author":[{"embeddable":true,"href":"https:\/\/embotitsvila.com\/ca\/wp-json\/wp\/v2\/users\/2"}],"replies":[{"embeddable":true,"href":"https:\/\/embotitsvila.com\/ca\/wp-json\/wp\/v2\/comments?post=15490"}],"version-history":[{"count":9,"href":"https:\/\/embotitsvila.com\/ca\/wp-json\/wp\/v2\/pages\/15490\/revisions"}],"predecessor-version":[{"id":16857,"href":"https:\/\/embotitsvila.com\/ca\/wp-json\/wp\/v2\/pages\/15490\/revisions\/16857"}],"wp:attachment":[{"href":"https:\/\/embotitsvila.com\/ca\/wp-json\/wp\/v2\/media?parent=15490"}],"curies":[{"name":"wp","href":"https:\/\/api.w.org\/{rel}","templated":true}]}}