{"id":15493,"date":"2023-03-28T14:38:18","date_gmt":"2023-03-28T12:38:18","guid":{"rendered":"https:\/\/embotitsvila.com\/politica-de-cookies\/"},"modified":"2023-04-19T14:25:00","modified_gmt":"2023-04-19T12:25:00","slug":"politica-de-cookies","status":"publish","type":"page","link":"https:\/\/embotitsvila.com\/ca\/politica-de-cookies\/","title":{"rendered":"Pol\u00edtica de Cookies"},"content":{"rendered":"<section class=\"wpb-content-wrapper\"><p>[vc_row][vc_column][vc_column_text]Pel que fa a les <em>cookies<\/em> durant la navegaci\u00f3. Una galeta (o galeta inform\u00e0tica) \u00e9s una petita informaci\u00f3 enviada per un lloc web i emmagatzemada al navegador de l&#8217;usuari, de manera que el lloc web pot consultar l&#8217;activitat pr\u00e8via de l&#8217;usuari.<\/p>\n<p>Les seves funcions principals s\u00f3n: Portar el control d&#8217;usuaris: quan un usuari introdueix el seu nom d&#8217;usuari i contrasenya, s&#8217;emmagatzema una galeta perqu\u00e8 no hagi d&#8217;estar introduint-les per a cada p\u00e0gina del servidor. Tot i aix\u00f2, una galeta no identifica nom\u00e9s una persona, sin\u00f3 una combinaci\u00f3 d&#8217;ordinador \u2013 navegador \u2013 usuari. Aconseguir informaci\u00f3 sobre els h\u00e0bits de navegaci\u00f3 de lusuari, entre daltres.<\/p>\n<h4>AQUESTA WEB UTILITZA COOKIES PR\u00d2PIES<\/h4>\n<table>\n<tbody>\n<tr>\n<td width=\"210\"><strong>Tipus de <em>galeta<\/em><\/strong><\/td>\n<td width=\"200\"><strong>Finalitat<\/strong><\/td>\n<td width=\"200\"><strong>Durada<\/strong><\/td>\n<\/tr>\n<tr>\n<td><strong>wordpress_<\/strong><\/td>\n<td>Recordatori de Sessi\u00f3<\/td>\n<td>Sessi\u00f3<\/td>\n<\/tr>\n<tr>\n<td><strong>wordpress_logged_in_<\/strong><\/td>\n<td>Recordatori de Sessi\u00f3<\/td>\n<td>Sessi\u00f3<\/td>\n<\/tr>\n<tr>\n<td><strong>wordpress_test_<\/strong><\/td>\n<td>Recordatori de Sessi\u00f3<\/td>\n<td>Sessi\u00f3<\/td>\n<\/tr>\n<tr>\n<td><strong>wordpress_test_cookie<\/strong><\/td>\n<td>WordPress Test Cookies<\/td>\n<td>Sessi\u00f3<\/td>\n<\/tr>\n<tr>\n<td><strong>wp-settings-[UID]<\/strong><\/td>\n<td>S&#8217;utilitza per personalitzar la interf\u00edcie d&#8217;usuari.<\/td>\n<td>1 any<\/td>\n<\/tr>\n<tr>\n<td><strong>wp-settings-time-[UID]<\/strong><\/td>\n<td>Emmagatzemeu l&#8217;aspecte de la interf\u00edcie d&#8217;administraci\u00f3 i del lloc principal.<\/td>\n<td>1 any<\/td>\n<\/tr>\n<\/tbody>\n<\/table>\n<h4>COOKIES DE TERCERS<\/h4>\n<table>\n<tbody>\n<tr>\n<td width=\"110\"><strong>Tipus de <em>galeta<\/em><\/strong><\/td>\n<td width=\"100\"><strong>Empresa<\/strong><\/td>\n<td width=\"200\"><strong>Finalitat<\/strong><\/td>\n<td width=\"200\"><strong>M\u00e9s informaci\u00f3<\/strong><\/td>\n<\/tr>\n<tr>\n<td><strong>_utma<br \/>\n_utmb<br \/>\n_utmc<br \/>\n_utmz<\/strong><\/td>\n<td valign=\"top\"><strong>Google<\/strong><\/td>\n<td valign=\"top\">Navegaci\u00f3 de manera an\u00f2nima que permet saber qu\u00e8 es consulta i com es navega<\/td>\n<td valign=\"top\">http:\/\/www.google.es\/intl\/es\/analytics\/privacyoverview.html<\/td>\n<\/tr>\n<\/tbody>\n<\/table>\n<h4>GESTIONAR COOKIES<\/h4>\n<p><strong>Vost\u00e8 pot permetre, bloquejar o eliminar les cookies instal\u00b7lades al vostre equip<\/strong> mitjan\u00e7ant la configuraci\u00f3 de les opcions del navegador al vostre ordinador. Si no esteu segurs sobre quin tipus i versi\u00f3 de navegador utilitzeu per accedir a Internet: Per a Windows: cliqueu a &#8216;Ajuda&#8217; a la part superior de la finestra del vostre navegador i seleccioneu l&#8217;opci\u00f3 &#8216;Sobre&#8217;. Per a Mac: amb la venda del navegador oberta, cliqueu al men\u00fa d&#8217;Apple i seleccioneu l&#8217;opci\u00f3 &#8216;Sobre \u2026&#8217;.<\/p>\n<h4>COM GESTIONAR LES COOKIES AL TEU NAVEGADOR?<\/h4>\n<h5><strong>Google Chrome<\/strong><\/h5>\n<p>Feu clic al men\u00fa de Chrome a la barra d&#8217;eines del navegador. Seleccioneu <strong>\u201cConfiguraci\u00f3\u201d<\/strong> . Fes clic a <strong>\u201cMostrar opcions avan\u00e7ades \u2026\u201d<\/strong> A la secci\u00f3 <strong>\u201cPrivadesa\u201d<\/strong> , feu clic al bot\u00f3 <strong>\u201cConfiguraci\u00f3 de contingut \u2026\u201d<\/strong> . A la secci\u00f3 <strong>\u201cCookies\u201d<\/strong> , podeu configurar les opcions que s&#8217;indiquen a continuaci\u00f3: Eliminar cookies, bloquejar o permetre les cookies per defecte, incloure excepcions de galetes de dominis o llocs web espec\u00edfics. Per a m\u00e9s detalls consulta l&#8217;ajuda de Google Chrome.<\/p>\n<h5><strong>Microsoft Internet Explorer 7.0 i 8.0<\/strong><\/h5>\n<p>Feu clic al bot\u00f3 <strong>\u201cEines\u201d<\/strong> i despr\u00e9s a <strong>\u201cOpcions d&#8217;Internet\u201d<\/strong> . Feu clic a la fitxa <strong>\u201cPrivadesa\u201d<\/strong> i, a continuaci\u00f3, mouen el control lliscant a una posici\u00f3 interm\u00e8dia entre els extrems superior i inferior, de manera que no es BLOC ni permetin totes les cookies. Feu clic a <strong>\u201cLlocs\u201d<\/strong> . Al quadre <strong>\u201cAdre\u00e7a del lloc web\u201d<\/strong> , escriviu l&#8217;adre\u00e7a d&#8217;un lloc web i, a continuaci\u00f3, feu clic a <strong>\u201cBloc\u201d<\/strong> o <strong>\u201cPermet\u201d<\/strong> . Mentre escriviu, anireu apareixent una llista de les p\u00e0gines web que ja Haja visitades. Si feu clic a un element de la llista, es mostrar\u00e0 al quadre Adre\u00e7a del lloc web. En finalitzar, feu clic a <strong>\u201cD&#8217;acord\u201d<\/strong> . Torneu a col\u00b7locar el control lliscant en super posici\u00f3 original i feu clic a \u201cD&#8217;acord\u201d. Puc consultar l&#8217;ajuda de Windows per a m\u00e9s informaci\u00f3.<\/p>\n<h5><strong>Mozilla Firefox<\/strong><\/h5>\n<p>Feu clic al bot\u00f3 <strong>\u201cEines\u201d<\/strong> i despr\u00e9s a <strong>\u201cOpcions d&#8217;Internet\u201d<\/strong> . Feu clic a la pestanya <strong>\u201cPrivadesa\u201d<\/strong> i, a continuaci\u00f3, moveu el control lliscant a una posici\u00f3 interm\u00e8dia entre els extrems superior i inferior, de manera que no es bloquegin ni permetin totes les galetes. Feu clic a <strong>\u201cLlocs\u201d<\/strong> . Al quadre <strong>\u201cAdre\u00e7a del lloc web\u201d<\/strong> , escriviu l&#8217;adre\u00e7a d&#8217;un lloc web i, a continuaci\u00f3, feu clic a <strong>\u201cBloqueja\u201d<\/strong> o <strong>\u201cPermet\u201d<\/strong> . Mentre escriviu, anireu apareixent una llista de les p\u00e0gines web que ja heu visitat. Si feu clic a un element de la llista, es mostrar\u00e0 al quadre Adre\u00e7a del lloc web. En finalitzar, feu clic a <strong>\u201cD&#8217;acord\u201d<\/strong> . Torneu a col\u00b7locar el control lliscant a la seva posici\u00f3 original i feu clic a \u201cD&#8217;acord\u201d. Podeu consultar l&#8217;ajuda de Windows per a m\u00e9s informaci\u00f3.<\/p>\n<h5><strong>Safari<\/strong><\/h5>\n<p>Feu clic a <strong>\u201cSafari\u201d<\/strong> a la part superior de la finestra del vostre navegador i seleccioneu l&#8217;opci\u00f3 <strong>&#8216;Prefer\u00e8ncies&#8217;<\/strong> . Feu clic a <strong>\u201cPrivadesa\u201d<\/strong> . A l&#8217;apartat <strong>\u201cBloquejar cookies\u201d<\/strong> seleccioneu una de les opcions seg\u00fcents segons us interessi: <strong>\u201cDe publicitat i tercers\u201d<\/strong> , <strong>\u201cSempre\u201d<\/strong> , o <strong>\u201cMai\u201d<\/strong> .<\/p>\n<h5><strong>Opera<\/strong><\/h5>\n<p>Feu clic a <strong>\u201cConfiguraci\u00f3\u201d<\/strong> a la part superior de la finestra del navegador i seleccioneu <strong>&#8216;Opcions&#8217;<\/strong> . A continuaci\u00f3 seleccioneu la pestanya <strong>\u201cAvan\u00e7at\u201d<\/strong> ia la llista de l&#8217;esquerra seleccioneu <strong>\u201cGaletes\u201d<\/strong> . A continuaci\u00f3, seleccioneu <strong>\u201cAcceptar cookies\u201d<\/strong> . Disposa de tres opcions segons la vostra prefer\u00e8ncia: <strong>\u201cAcceptar cookies\u201d<\/strong> .[\/vc_column_text][\/vc_column][\/vc_row]<\/p>\n<\/section>","protected":false},"excerpt":{"rendered":"<p>[vc_row][vc_column][vc_column_text]Pel que fa a les cookies durant la navegaci\u00f3. Una galeta (o galeta inform\u00e0tica) \u00e9s una petita informaci\u00f3 enviada per un lloc web i emmagatzemada al navegador de l&#8217;usuari, de manera que el lloc web pot consultar l&#8217;activitat pr\u00e8via de l&#8217;usuari. Les seves funcions principals s\u00f3n: Portar el control d&#8217;usuaris: quan un usuari introdueix el seu nom d&#8217;usuari i contrasenya, s&#8217;emmagatzema una galeta perqu\u00e8 no hagi d&#8217;estar introduint-les per a cada p\u00e0gina del servidor. Tot i aix\u00f2, una galeta no identifica nom\u00e9s una persona, sin\u00f3 una combinaci\u00f3 d&#8217;ordinador \u2013 navegador \u2013 usuari. Aconseguir informaci\u00f3 sobre els h\u00e0bits de navegaci\u00f3 de lusuari, entre daltres. AQUESTA WEB UTILITZA COOKIES PR\u00d2PIES Tipus de galeta Finalitat Durada wordpress_ Recordatori de Sessi\u00f3 Sessi\u00f3 wordpress_logged_in_ Recordatori de Sessi\u00f3 Sessi\u00f3 wordpress_test_ Recordatori de Sessi\u00f3 Sessi\u00f3 wordpress_test_cookie WordPress Test Cookies Sessi\u00f3 wp-settings-[UID] S&#8217;utilitza per personalitzar la interf\u00edcie d&#8217;usuari. [&hellip;]<\/p>\n","protected":false},"author":2,"featured_media":0,"parent":0,"menu_order":5200,"comment_status":"closed","ping_status":"closed","template":"page-templates\/full-width.php","meta":[],"acf":[],"yoast_head":"<!-- This site is optimized with the Yoast SEO plugin v20.5 - https:\/\/yoast.com\/wordpress\/plugins\/seo\/ -->\n<title>Pol\u00edtica de Cookies - Embotits Artesans J.Vil\u00e0<\/title>\n<meta name=\"robots\" content=\"index, follow, max-snippet:-1, max-image-preview:large, max-video-preview:-1\" \/>\n<link rel=\"canonical\" href=\"https:\/\/embotitsvila.com\/ca\/politica-de-cookies\/\" \/>\n<meta property=\"og:locale\" content=\"ca_ES\" \/>\n<meta property=\"og:type\" content=\"article\" \/>\n<meta property=\"og:title\" content=\"Pol\u00edtica de Cookies - Embotits Artesans J.Vil\u00e0\" \/>\n<meta property=\"og:description\" content=\"[vc_row][vc_column][vc_column_text]Pel que fa a les cookies durant la navegaci\u00f3. Una galeta (o galeta inform\u00e0tica) \u00e9s una petita informaci\u00f3 enviada per un lloc web i emmagatzemada al navegador de l&#8217;usuari, de manera que el lloc web pot consultar l&#8217;activitat pr\u00e8via de l&#8217;usuari. Les seves funcions principals s\u00f3n: Portar el control d&#8217;usuaris: quan un usuari introdueix el seu nom d&#8217;usuari i contrasenya, s&#8217;emmagatzema una galeta perqu\u00e8 no hagi d&#8217;estar introduint-les per a cada p\u00e0gina del servidor. Tot i aix\u00f2, una galeta no identifica nom\u00e9s una persona, sin\u00f3 una combinaci\u00f3 d&#8217;ordinador \u2013 navegador \u2013 usuari. Aconseguir informaci\u00f3 sobre els h\u00e0bits de navegaci\u00f3 de lusuari, entre daltres. AQUESTA WEB UTILITZA COOKIES PR\u00d2PIES Tipus de galeta Finalitat Durada wordpress_ Recordatori de Sessi\u00f3 Sessi\u00f3 wordpress_logged_in_ Recordatori de Sessi\u00f3 Sessi\u00f3 wordpress_test_ Recordatori de Sessi\u00f3 Sessi\u00f3 wordpress_test_cookie WordPress Test Cookies Sessi\u00f3 wp-settings-[UID] S&#8217;utilitza per personalitzar la interf\u00edcie d&#8217;usuari. [&hellip;]\" \/>\n<meta property=\"og:url\" content=\"https:\/\/embotitsvila.com\/ca\/politica-de-cookies\/\" \/>\n<meta property=\"og:site_name\" content=\"Embotits Artesans J.Vil\u00e0\" \/>\n<meta property=\"article:modified_time\" content=\"2023-04-19T12:25:00+00:00\" \/>\n<meta name=\"twitter:card\" content=\"summary_large_image\" \/>\n<meta name=\"twitter:label1\" content=\"Temps estimat de lectura\" \/>\n\t<meta name=\"twitter:data1\" content=\"4 minuts\" \/>\n<script type=\"application\/ld+json\" class=\"yoast-schema-graph\">{\"@context\":\"https:\/\/schema.org\",\"@graph\":[{\"@type\":\"WebPage\",\"@id\":\"https:\/\/embotitsvila.com\/ca\/politica-de-cookies\/\",\"url\":\"https:\/\/embotitsvila.com\/ca\/politica-de-cookies\/\",\"name\":\"Pol\u00edtica de Cookies - Embotits Artesans J.Vil\u00e0\",\"isPartOf\":{\"@id\":\"https:\/\/embotitsvila.com\/ca\/#website\"},\"datePublished\":\"2023-03-28T12:38:18+00:00\",\"dateModified\":\"2023-04-19T12:25:00+00:00\",\"breadcrumb\":{\"@id\":\"https:\/\/embotitsvila.com\/ca\/politica-de-cookies\/#breadcrumb\"},\"inLanguage\":\"ca\",\"potentialAction\":[{\"@type\":\"ReadAction\",\"target\":[\"https:\/\/embotitsvila.com\/ca\/politica-de-cookies\/\"]}]},{\"@type\":\"BreadcrumbList\",\"@id\":\"https:\/\/embotitsvila.com\/ca\/politica-de-cookies\/#breadcrumb\",\"itemListElement\":[{\"@type\":\"ListItem\",\"position\":1,\"name\":\"Portada\",\"item\":\"https:\/\/embotitsvila.com\/ca\/\"},{\"@type\":\"ListItem\",\"position\":2,\"name\":\"Pol\u00edtica de Cookies\"}]},{\"@type\":\"WebSite\",\"@id\":\"https:\/\/embotitsvila.com\/ca\/#website\",\"url\":\"https:\/\/embotitsvila.com\/ca\/\",\"name\":\"Embotits Artesans J.Vil\u00e0\",\"description\":\"\",\"potentialAction\":[{\"@type\":\"SearchAction\",\"target\":{\"@type\":\"EntryPoint\",\"urlTemplate\":\"https:\/\/embotitsvila.com\/ca\/?s={search_term_string}\"},\"query-input\":\"required name=search_term_string\"}],\"inLanguage\":\"ca\"}]}<\/script>\n<!-- \/ Yoast SEO plugin. -->","yoast_head_json":{"title":"Pol\u00edtica de Cookies - Embotits Artesans J.Vil\u00e0","robots":{"index":"index","follow":"follow","max-snippet":"max-snippet:-1","max-image-preview":"max-image-preview:large","max-video-preview":"max-video-preview:-1"},"canonical":"https:\/\/embotitsvila.com\/ca\/politica-de-cookies\/","og_locale":"ca_ES","og_type":"article","og_title":"Pol\u00edtica de Cookies - Embotits Artesans J.Vil\u00e0","og_description":"[vc_row][vc_column][vc_column_text]Pel que fa a les cookies durant la navegaci\u00f3. Una galeta (o galeta inform\u00e0tica) \u00e9s una petita informaci\u00f3 enviada per un lloc web i emmagatzemada al navegador de l&#8217;usuari, de manera que el lloc web pot consultar l&#8217;activitat pr\u00e8via de l&#8217;usuari. Les seves funcions principals s\u00f3n: Portar el control d&#8217;usuaris: quan un usuari introdueix el seu nom d&#8217;usuari i contrasenya, s&#8217;emmagatzema una galeta perqu\u00e8 no hagi d&#8217;estar introduint-les per a cada p\u00e0gina del servidor. Tot i aix\u00f2, una galeta no identifica nom\u00e9s una persona, sin\u00f3 una combinaci\u00f3 d&#8217;ordinador \u2013 navegador \u2013 usuari. Aconseguir informaci\u00f3 sobre els h\u00e0bits de navegaci\u00f3 de lusuari, entre daltres. AQUESTA WEB UTILITZA COOKIES PR\u00d2PIES Tipus de galeta Finalitat Durada wordpress_ Recordatori de Sessi\u00f3 Sessi\u00f3 wordpress_logged_in_ Recordatori de Sessi\u00f3 Sessi\u00f3 wordpress_test_ Recordatori de Sessi\u00f3 Sessi\u00f3 wordpress_test_cookie WordPress Test Cookies Sessi\u00f3 wp-settings-[UID] S&#8217;utilitza per personalitzar la interf\u00edcie d&#8217;usuari. [&hellip;]","og_url":"https:\/\/embotitsvila.com\/ca\/politica-de-cookies\/","og_site_name":"Embotits Artesans J.Vil\u00e0","article_modified_time":"2023-04-19T12:25:00+00:00","twitter_card":"summary_large_image","twitter_misc":{"Temps estimat de lectura":"4 minuts"},"schema":{"@context":"https:\/\/schema.org","@graph":[{"@type":"WebPage","@id":"https:\/\/embotitsvila.com\/ca\/politica-de-cookies\/","url":"https:\/\/embotitsvila.com\/ca\/politica-de-cookies\/","name":"Pol\u00edtica de Cookies - Embotits Artesans J.Vil\u00e0","isPartOf":{"@id":"https:\/\/embotitsvila.com\/ca\/#website"},"datePublished":"2023-03-28T12:38:18+00:00","dateModified":"2023-04-19T12:25:00+00:00","breadcrumb":{"@id":"https:\/\/embotitsvila.com\/ca\/politica-de-cookies\/#breadcrumb"},"inLanguage":"ca","potentialAction":[{"@type":"ReadAction","target":["https:\/\/embotitsvila.com\/ca\/politica-de-cookies\/"]}]},{"@type":"BreadcrumbList","@id":"https:\/\/embotitsvila.com\/ca\/politica-de-cookies\/#breadcrumb","itemListElement":[{"@type":"ListItem","position":1,"name":"Portada","item":"https:\/\/embotitsvila.com\/ca\/"},{"@type":"ListItem","position":2,"name":"Pol\u00edtica de Cookies"}]},{"@type":"WebSite","@id":"https:\/\/embotitsvila.com\/ca\/#website","url":"https:\/\/embotitsvila.com\/ca\/","name":"Embotits Artesans J.Vil\u00e0","description":"","potentialAction":[{"@type":"SearchAction","target":{"@type":"EntryPoint","urlTemplate":"https:\/\/embotitsvila.com\/ca\/?s={search_term_string}"},"query-input":"required name=search_term_string"}],"inLanguage":"ca"}]}},"_links":{"self":[{"href":"https:\/\/embotitsvila.com\/ca\/wp-json\/wp\/v2\/pages\/15493"}],"collection":[{"href":"https:\/\/embotitsvila.com\/ca\/wp-json\/wp\/v2\/pages"}],"about":[{"href":"https:\/\/embotitsvila.com\/ca\/wp-json\/wp\/v2\/types\/page"}],"author":[{"embeddable":true,"href":"https:\/\/embotitsvila.com\/ca\/wp-json\/wp\/v2\/users\/2"}],"replies":[{"embeddable":true,"href":"https:\/\/embotitsvila.com\/ca\/wp-json\/wp\/v2\/comments?post=15493"}],"version-history":[{"count":2,"href":"https:\/\/embotitsvila.com\/ca\/wp-json\/wp\/v2\/pages\/15493\/revisions"}],"predecessor-version":[{"id":16211,"href":"https:\/\/embotitsvila.com\/ca\/wp-json\/wp\/v2\/pages\/15493\/revisions\/16211"}],"wp:attachment":[{"href":"https:\/\/embotitsvila.com\/ca\/wp-json\/wp\/v2\/media?parent=15493"}],"curies":[{"name":"wp","href":"https:\/\/api.w.org\/{rel}","templated":true}]}}