{"id":15496,"date":"2023-03-28T14:22:02","date_gmt":"2023-03-28T12:22:02","guid":{"rendered":"https:\/\/embotitsvila.com\/politica-de-privacidad\/"},"modified":"2023-04-19T18:09:48","modified_gmt":"2023-04-19T16:09:48","slug":"politica-de-privadesa","status":"publish","type":"page","link":"https:\/\/embotitsvila.com\/ca\/politica-de-privadesa\/","title":{"rendered":"Pol\u00edtica de privadesa"},"content":{"rendered":"<section class=\"wpb-content-wrapper\"><p>[vc_row][vc_column][vc_column_text]<\/p>\n<table width=\"100%\">\n<tbody>\n<tr>\n<td colspan=\"2\"><strong>Tractament de les dades de clients<\/strong><\/td>\n<\/tr>\n<tr>\n<td><strong>Responsable:<\/strong><\/td>\n<td>EMBOTITS ARTESANS J.VIL\u00c0 SL<\/td>\n<\/tr>\n<tr>\n<td><strong>Finalitat:<\/strong><\/td>\n<td>Prestar els serveis sol\u00b7licitats i enviar comunicacions comercials<\/td>\n<\/tr>\n<tr>\n<td><strong>Legitimaci\u00f3:<\/strong><\/td>\n<td>Execuci\u00f3 dun contracte.<\/p>\n<p>Inter\u00e8s leg\u00edtim del Responsable.<\/td>\n<\/tr>\n<tr>\n<td><strong>Destinataris:<\/strong><\/td>\n<td>Estan previstes cessions de dades a: Ag\u00e8ncia Tribut\u00e0ria; Entitats financeres.<\/td>\n<\/tr>\n<tr>\n<td><strong>Drets:<\/strong><\/td>\n<td>T\u00e9 dret a accedir, rectificar i suprimir les dades, aix\u00ed com altres drets, indicats a la informaci\u00f3 addicional, que pot exercir dirigint-se a la direcci\u00f3 del responsable del tractament<\/td>\n<\/tr>\n<tr>\n<td><strong>Proced\u00e8ncia:<\/strong><\/td>\n<td>El mateix interessat.<\/td>\n<\/tr>\n<\/tbody>\n<\/table>\n<p>&nbsp;<\/p>\n<h4><strong>Informaci\u00f3 completa sobre Protecci\u00f3 de Dades<\/strong><\/h4>\n<h5><strong>Qui \u00e9s el responsable del tractament de les vostres dades?<\/strong><\/h5>\n<p>Embotits Artesans J.Vil\u00e0 SL<br \/>\nCIF: B17360066<br \/>\nPol. Ind. Empord\u00e0 Internacional<br \/>\nCarrer Andorra 3, 17469 Vilamalla<br \/>\nGirona (Espanya)<\/p>\n<h5><strong>Amb quina finalitat tractem les vostres dades personals?<\/strong><\/h5>\n<p>A EMBOTITS ARTESANS J.VIL\u00c0 SL tractem la informaci\u00f3 que ens faciliten les persones interessades per tal de Realitzar la gesti\u00f3 administrativa, comptable i fiscal dels serveis sol\u00b7licitats, aix\u00ed com enviar comunicacions comercials sobre els nostres productes i serveis. En cas que no faciliteu les vostres dades personals, no podrem complir amb les funcionalitats descrites anteriorment. No es prendran decisions automatitzades en base de dades proporcionades.<\/p>\n<h5><strong>Per quant de temps conservarem les vostres dades?<\/strong><\/h5>\n<p>Les dades s&#8217;han de conservar mentre l&#8217;interessat no en sol\u00b7liciti la supressi\u00f3, i si s&#8217;escau, durant els anys necessaris per complir les obligacions legals.<\/p>\n<h5><strong>Quina \u00e9s la legitimaci\u00f3 per al tractament de les vostres dades?<\/strong><\/h5>\n<p>Us indiquem la base legal per al tractament de les vostres dades:<\/p>\n<ul>\n<li>Execuci\u00f3 d&#8217;un contracte: Realitzar la gesti\u00f3 administrativa, comptable i fiscal dels serveis sol\u00b7licitats<\/li>\n<li>Inter\u00e8s leg\u00edtim del Responsable: Enviar comunicacions comercials sobre els nostres productes i serveis<\/li>\n<\/ul>\n<h5><strong>A quins destinataris es comunicaran les vostres dades?<\/strong><\/h5>\n<p>Les dades es comunicaran als destinataris seg\u00fcents:<\/p>\n<ul>\n<li>Ag\u00e8ncia Tribut\u00e0ria, amb la finalitat de complir amb les obligacions legals.<\/li>\n<li>Entitats financeres, amb la finalitat de Girar els rebuts corresponents.<\/li>\n<\/ul>\n<h5><strong>Transfer\u00e8ncies de dades a tercers pa\u00efsos<\/strong><\/h5>\n<p>No estan previstes transfer\u00e8ncies de dades a tercers pa\u00efsos.<\/p>\n<h5><strong>Quins s\u00f3n els vostres drets quan ens facilita les vostres dades?<\/strong><\/h5>\n<p>Qualsevol persona t\u00e9 dret a obtenir confirmaci\u00f3 sobre si a EMBOTITS ARTESANS J.VIL\u00c0 SL estem tractant, o no, dades personals que els concerneixin.<\/p>\n<p>Les persones interessades tenen dret a accedir a les seves dades personals, aix\u00ed com a sol\u00b7licitar la rectificaci\u00f3 de les dades inexactes o, si escau, sol\u00b7licitar-ne la supressi\u00f3 quan, entre altres motius, les dades ja no siguin necess\u00e0ries per als fins que van ser recollides. Igualment, t\u00e9 dret a la portabilitat de les seves dades.<\/p>\n<p>En determinades circumst\u00e0ncies, els interessats podran sol\u00b7licitar la limitaci\u00f3 del tractament de les seves dades, cas en qu\u00e8 \u00fanicament les conservarem per a l&#8217;exercici o la defensa de reclamacions.<\/p>\n<p>En determinades circumst\u00e0ncies i per motius relacionats amb la seva situaci\u00f3 particular, els interessats es poden oposar al tractament de les seves dades. En aquest cas, EMBOTITS ARTESANS J.VIL\u00c0 SL deixar\u00e0 de tractar les dades, excepte per motius leg\u00edtims imperiosos, o l&#8217;exercici o la defensa de possibles reclamacions.<\/p>\n<p>Podr\u00e0 exercitar materialment els seus drets de la manera seg\u00fcent: dirigint-se a la direcci\u00f3 del responsable del tractament<\/p>\n<p>Quan es faci l&#8217;enviament de comunicacions comercials utilitzant com a base jur\u00eddica l&#8217;inter\u00e8s leg\u00edtim del responsable, l&#8217;interessat es pot oposar al tractament de les dades amb aquesta finalitat.<\/p>\n<p>Si heu atorgat el vostre consentiment per a alguna finalitat concreta, teniu dret a retirar el consentiment atorgat en qualsevol moment, sense que aix\u00f2 afecti la licitud del tractament basat en el consentiment previ a la seva retirada.<\/p>\n<p>En cas que senti vulnerats els seus drets pel que fa a la protecci\u00f3 de les seves dades personals, especialment quan no hagi obtingut satisfacci\u00f3 en l&#8217;exercici dels seus drets, pot presentar una reclamaci\u00f3 davant de l&#8217;Autoritat de Control en mat\u00e8ria de protecci\u00f3 de dades competent a trav\u00e9s del vostre lloc web: www.aepd.es.<\/p>\n<h5><strong>Com hem obtingut les vostres dades?<\/strong><\/h5>\n<p>Les dades personals que tractem a EMBOTITS ARTESANS J.VIL\u00c0 SL procedeixen de: El mateix interessat.<\/p>\n<p>Les categories de dades que es tracten s\u00f3n:<\/p>\n<ul>\n<li>Dades identificatives.<\/li>\n<li>Adreces postals i electr\u00f2niques.<\/li>\n<li>Informaci\u00f3 comercial.<\/li>\n<\/ul>\n<p>[\/vc_column_text][\/vc_column][\/vc_row]<\/p>\n<\/section>","protected":false},"excerpt":{"rendered":"<p>[vc_row][vc_column][vc_column_text] Tractament de les dades de clients Responsable: EMBOTITS ARTESANS J.VIL\u00c0 SL Finalitat: Prestar els serveis sol\u00b7licitats i enviar comunicacions comercials Legitimaci\u00f3: Execuci\u00f3 dun contracte. Inter\u00e8s leg\u00edtim del Responsable. Destinataris: Estan previstes cessions de dades a: Ag\u00e8ncia Tribut\u00e0ria; Entitats financeres. Drets: T\u00e9 dret a accedir, rectificar i suprimir les dades, aix\u00ed com altres drets, indicats a la informaci\u00f3 addicional, que pot exercir dirigint-se a la direcci\u00f3 del responsable del tractament Proced\u00e8ncia: El mateix interessat. &nbsp; Informaci\u00f3 completa sobre Protecci\u00f3 de Dades Qui \u00e9s el responsable del tractament de les vostres dades? Embotits Artesans J.Vil\u00e0 SL CIF: B17360066 Pol. Ind. Empord\u00e0 Internacional Carrer Andorra 3, 17469 Vilamalla Girona (Espanya) Amb quina finalitat tractem les vostres dades personals? A EMBOTITS ARTESANS J.VIL\u00c0 SL tractem la informaci\u00f3 que ens faciliten les persones interessades per tal de Realitzar la gesti\u00f3 administrativa, comptable i fiscal [&hellip;]<\/p>\n","protected":false},"author":2,"featured_media":0,"parent":0,"menu_order":5100,"comment_status":"closed","ping_status":"closed","template":"page-templates\/full-width.php","meta":[],"acf":[],"yoast_head":"<!-- This site is optimized with the Yoast SEO plugin v20.5 - https:\/\/yoast.com\/wordpress\/plugins\/seo\/ -->\n<title>Pol\u00edtica de privadesa - Embotits Artesans J.Vil\u00e0<\/title>\n<meta name=\"robots\" content=\"index, follow, max-snippet:-1, max-image-preview:large, max-video-preview:-1\" \/>\n<link rel=\"canonical\" href=\"https:\/\/embotitsvila.com\/ca\/politica-de-privadesa\/\" \/>\n<meta property=\"og:locale\" content=\"ca_ES\" \/>\n<meta property=\"og:type\" content=\"article\" \/>\n<meta property=\"og:title\" content=\"Pol\u00edtica de privadesa - Embotits Artesans J.Vil\u00e0\" \/>\n<meta property=\"og:description\" content=\"[vc_row][vc_column][vc_column_text] Tractament de les dades de clients Responsable: EMBOTITS ARTESANS J.VIL\u00c0 SL Finalitat: Prestar els serveis sol\u00b7licitats i enviar comunicacions comercials Legitimaci\u00f3: Execuci\u00f3 dun contracte. Inter\u00e8s leg\u00edtim del Responsable. Destinataris: Estan previstes cessions de dades a: Ag\u00e8ncia Tribut\u00e0ria; Entitats financeres. Drets: T\u00e9 dret a accedir, rectificar i suprimir les dades, aix\u00ed com altres drets, indicats a la informaci\u00f3 addicional, que pot exercir dirigint-se a la direcci\u00f3 del responsable del tractament Proced\u00e8ncia: El mateix interessat. &nbsp; Informaci\u00f3 completa sobre Protecci\u00f3 de Dades Qui \u00e9s el responsable del tractament de les vostres dades? Embotits Artesans J.Vil\u00e0 SL CIF: B17360066 Pol. Ind. Empord\u00e0 Internacional Carrer Andorra 3, 17469 Vilamalla Girona (Espanya) Amb quina finalitat tractem les vostres dades personals? A EMBOTITS ARTESANS J.VIL\u00c0 SL tractem la informaci\u00f3 que ens faciliten les persones interessades per tal de Realitzar la gesti\u00f3 administrativa, comptable i fiscal [&hellip;]\" \/>\n<meta property=\"og:url\" content=\"https:\/\/embotitsvila.com\/ca\/politica-de-privadesa\/\" \/>\n<meta property=\"og:site_name\" content=\"Embotits Artesans J.Vil\u00e0\" \/>\n<meta property=\"article:modified_time\" content=\"2023-04-19T16:09:48+00:00\" \/>\n<meta name=\"twitter:card\" content=\"summary_large_image\" \/>\n<meta name=\"twitter:label1\" content=\"Temps estimat de lectura\" \/>\n\t<meta name=\"twitter:data1\" content=\"4 minuts\" \/>\n<script type=\"application\/ld+json\" class=\"yoast-schema-graph\">{\"@context\":\"https:\/\/schema.org\",\"@graph\":[{\"@type\":\"WebPage\",\"@id\":\"https:\/\/embotitsvila.com\/ca\/politica-de-privadesa\/\",\"url\":\"https:\/\/embotitsvila.com\/ca\/politica-de-privadesa\/\",\"name\":\"Pol\u00edtica de privadesa - Embotits Artesans J.Vil\u00e0\",\"isPartOf\":{\"@id\":\"https:\/\/embotitsvila.com\/ca\/#website\"},\"datePublished\":\"2023-03-28T12:22:02+00:00\",\"dateModified\":\"2023-04-19T16:09:48+00:00\",\"breadcrumb\":{\"@id\":\"https:\/\/embotitsvila.com\/ca\/politica-de-privadesa\/#breadcrumb\"},\"inLanguage\":\"ca\",\"potentialAction\":[{\"@type\":\"ReadAction\",\"target\":[\"https:\/\/embotitsvila.com\/ca\/politica-de-privadesa\/\"]}]},{\"@type\":\"BreadcrumbList\",\"@id\":\"https:\/\/embotitsvila.com\/ca\/politica-de-privadesa\/#breadcrumb\",\"itemListElement\":[{\"@type\":\"ListItem\",\"position\":1,\"name\":\"Portada\",\"item\":\"https:\/\/embotitsvila.com\/ca\/\"},{\"@type\":\"ListItem\",\"position\":2,\"name\":\"Pol\u00edtica de privadesa\"}]},{\"@type\":\"WebSite\",\"@id\":\"https:\/\/embotitsvila.com\/ca\/#website\",\"url\":\"https:\/\/embotitsvila.com\/ca\/\",\"name\":\"Embotits Artesans J.Vil\u00e0\",\"description\":\"\",\"potentialAction\":[{\"@type\":\"SearchAction\",\"target\":{\"@type\":\"EntryPoint\",\"urlTemplate\":\"https:\/\/embotitsvila.com\/ca\/?s={search_term_string}\"},\"query-input\":\"required name=search_term_string\"}],\"inLanguage\":\"ca\"}]}<\/script>\n<!-- \/ Yoast SEO plugin. -->","yoast_head_json":{"title":"Pol\u00edtica de privadesa - Embotits Artesans J.Vil\u00e0","robots":{"index":"index","follow":"follow","max-snippet":"max-snippet:-1","max-image-preview":"max-image-preview:large","max-video-preview":"max-video-preview:-1"},"canonical":"https:\/\/embotitsvila.com\/ca\/politica-de-privadesa\/","og_locale":"ca_ES","og_type":"article","og_title":"Pol\u00edtica de privadesa - Embotits Artesans J.Vil\u00e0","og_description":"[vc_row][vc_column][vc_column_text] Tractament de les dades de clients Responsable: EMBOTITS ARTESANS J.VIL\u00c0 SL Finalitat: Prestar els serveis sol\u00b7licitats i enviar comunicacions comercials Legitimaci\u00f3: Execuci\u00f3 dun contracte. Inter\u00e8s leg\u00edtim del Responsable. Destinataris: Estan previstes cessions de dades a: Ag\u00e8ncia Tribut\u00e0ria; Entitats financeres. Drets: T\u00e9 dret a accedir, rectificar i suprimir les dades, aix\u00ed com altres drets, indicats a la informaci\u00f3 addicional, que pot exercir dirigint-se a la direcci\u00f3 del responsable del tractament Proced\u00e8ncia: El mateix interessat. &nbsp; Informaci\u00f3 completa sobre Protecci\u00f3 de Dades Qui \u00e9s el responsable del tractament de les vostres dades? Embotits Artesans J.Vil\u00e0 SL CIF: B17360066 Pol. Ind. Empord\u00e0 Internacional Carrer Andorra 3, 17469 Vilamalla Girona (Espanya) Amb quina finalitat tractem les vostres dades personals? A EMBOTITS ARTESANS J.VIL\u00c0 SL tractem la informaci\u00f3 que ens faciliten les persones interessades per tal de Realitzar la gesti\u00f3 administrativa, comptable i fiscal [&hellip;]","og_url":"https:\/\/embotitsvila.com\/ca\/politica-de-privadesa\/","og_site_name":"Embotits Artesans J.Vil\u00e0","article_modified_time":"2023-04-19T16:09:48+00:00","twitter_card":"summary_large_image","twitter_misc":{"Temps estimat de lectura":"4 minuts"},"schema":{"@context":"https:\/\/schema.org","@graph":[{"@type":"WebPage","@id":"https:\/\/embotitsvila.com\/ca\/politica-de-privadesa\/","url":"https:\/\/embotitsvila.com\/ca\/politica-de-privadesa\/","name":"Pol\u00edtica de privadesa - Embotits Artesans J.Vil\u00e0","isPartOf":{"@id":"https:\/\/embotitsvila.com\/ca\/#website"},"datePublished":"2023-03-28T12:22:02+00:00","dateModified":"2023-04-19T16:09:48+00:00","breadcrumb":{"@id":"https:\/\/embotitsvila.com\/ca\/politica-de-privadesa\/#breadcrumb"},"inLanguage":"ca","potentialAction":[{"@type":"ReadAction","target":["https:\/\/embotitsvila.com\/ca\/politica-de-privadesa\/"]}]},{"@type":"BreadcrumbList","@id":"https:\/\/embotitsvila.com\/ca\/politica-de-privadesa\/#breadcrumb","itemListElement":[{"@type":"ListItem","position":1,"name":"Portada","item":"https:\/\/embotitsvila.com\/ca\/"},{"@type":"ListItem","position":2,"name":"Pol\u00edtica de privadesa"}]},{"@type":"WebSite","@id":"https:\/\/embotitsvila.com\/ca\/#website","url":"https:\/\/embotitsvila.com\/ca\/","name":"Embotits Artesans J.Vil\u00e0","description":"","potentialAction":[{"@type":"SearchAction","target":{"@type":"EntryPoint","urlTemplate":"https:\/\/embotitsvila.com\/ca\/?s={search_term_string}"},"query-input":"required name=search_term_string"}],"inLanguage":"ca"}]}},"_links":{"self":[{"href":"https:\/\/embotitsvila.com\/ca\/wp-json\/wp\/v2\/pages\/15496"}],"collection":[{"href":"https:\/\/embotitsvila.com\/ca\/wp-json\/wp\/v2\/pages"}],"about":[{"href":"https:\/\/embotitsvila.com\/ca\/wp-json\/wp\/v2\/types\/page"}],"author":[{"embeddable":true,"href":"https:\/\/embotitsvila.com\/ca\/wp-json\/wp\/v2\/users\/2"}],"replies":[{"embeddable":true,"href":"https:\/\/embotitsvila.com\/ca\/wp-json\/wp\/v2\/comments?post=15496"}],"version-history":[{"count":3,"href":"https:\/\/embotitsvila.com\/ca\/wp-json\/wp\/v2\/pages\/15496\/revisions"}],"predecessor-version":[{"id":16184,"href":"https:\/\/embotitsvila.com\/ca\/wp-json\/wp\/v2\/pages\/15496\/revisions\/16184"}],"wp:attachment":[{"href":"https:\/\/embotitsvila.com\/ca\/wp-json\/wp\/v2\/media?parent=15496"}],"curies":[{"name":"wp","href":"https:\/\/api.w.org\/{rel}","templated":true}]}}