{"id":15502,"date":"2023-03-28T14:21:22","date_gmt":"2023-03-28T12:21:22","guid":{"rendered":"https:\/\/embotitsvila.com\/aviso-legal\/"},"modified":"2023-04-19T14:24:59","modified_gmt":"2023-04-19T12:24:59","slug":"avis-legal","status":"publish","type":"page","link":"https:\/\/embotitsvila.com\/ca\/avis-legal\/","title":{"rendered":"Av\u00eds Legal"},"content":{"rendered":"<section class=\"wpb-content-wrapper\"><p>[vc_row][vc_column][vc_column_text]<strong>OBJECTE<\/strong><\/p>\n<p>Aquest av\u00eds legal regula l&#8217;\u00fas i la utilitzaci\u00f3 del lloc web https:\/\/embotitsvila.com del qual \u00e9s titular EMBOTITS ARTESANS J.VIL\u00c0 SL (d&#8217;ara endavant, EL PROPIETARI DEL WEB). La navegaci\u00f3 pel lloc web d&#8217;EL PROPIETARI DE LA WEB us atribueix la condici\u00f3 d&#8217;USUARI del mateix i comporta la seva acceptaci\u00f3 plena i sense reserves de totes i cadascuna de les condicions publicades en aquest av\u00eds legal, advertint que aquestes condicions podran ser modificades sense notificaci\u00f3 pr\u00e8via per part del PROPIETARI DE LA WEB, cas en qu\u00e8 es procedir\u00e0 a la seva publicaci\u00f3 i av\u00eds amb la m\u00e0xima antelaci\u00f3 possible.<\/p>\n<p>Per aix\u00f2 \u00e9s recomanable llegir-ne atentament el contingut en cas de desitjar accedir i fer \u00fas de la informaci\u00f3 i dels serveis oferts des d&#8217;aquest lloc web.<\/p>\n<p>L&#8217;usuari, a m\u00e9s, s&#8217;obliga a fer un \u00fas correcte del lloc web de conformitat amb les lleis, la bona fe, l&#8217;ordre p\u00fablic, els usos del tr\u00e0nsit i aquest Av\u00eds Legal, i respondr\u00e0 davant del PROPIETARI DEL WEB o davant a tercers, de qualssevol danys i perjudicis que es puguin causar com a conseq\u00fc\u00e8ncia de l&#8217;incompliment de la dita obligaci\u00f3.<\/p>\n<p>Qualsevol utilitzaci\u00f3 diferent de l&#8217;autoritzada est\u00e0 expressament prohibida, i EL PROPIETARI DEL WEB pot denegar o retirar l&#8217;acc\u00e9s i el seu \u00fas en qualsevol moment.<\/p>\n<p><strong>IDENTIFICACI\u00d3<\/strong><\/p>\n<p>EL PROPIETARI DEL WEB, en compliment de la Llei 34\/2002, d&#8217;11 de juliol, de Serveis de la Societat de la Informaci\u00f3 i de Comer\u00e7 Electr\u00f2nic, us informa que:<\/p>\n<ul>\n<li>La seva denominaci\u00f3 social \u00e9s: EMBOTITS ARTESANS J.VIL\u00c0 SL<\/li>\n<li>El seu CIF \u00e9s: B17360066<\/li>\n<li>El seu domicili social \u00e9s a: Pol. Ind. Empord\u00e0 Internacional, Carrer Andorra 3, 17469 Vilamalla, Girona (Espanya)<\/li>\n<\/ul>\n<p><strong>COMUNICACIONS<\/strong><\/p>\n<p>Per comunicar-se amb nosaltres, posem a la vostra disposici\u00f3 diferents mitjans de contacte que detallem a continuaci\u00f3:<\/p>\n<ul>\n<li>Tel.: (+34) 972 52 55 80<\/li>\n<li>Email: info@embotitsvila.com<\/li>\n<\/ul>\n<p>Totes les notificacions i comunicacions entre els usuaris i PROPIETARI DE LA WEB es consideraran eficaces, amb car\u00e0cter general, quan es realitzin a trav\u00e9s de qualsevol mitj\u00e0 dels detallats anteriorment.<\/p>\n<p><strong>CONDICIONS D&#8217;ACC\u00c9S I UTILITZACI\u00d3<\/strong><\/p>\n<p>El lloc web i els seus serveis s\u00f3n lliures i gratu\u00efts. No obstant aix\u00f2, PROPIETARI DE LA WEB pot condicionar la utilitzaci\u00f3 d&#8217;alguns dels serveis oferts a la seva web a l&#8217;emplenament previ del corresponent formulari.<\/p>\n<p>L&#8217;usuari garanteix l&#8217;autenticitat i l&#8217;actualitat de totes aquelles dades que comuniqui a PROPIETARI DEL WEB i ser\u00e0 l&#8217;\u00fanic responsable de les manifestacions falses o inexactes que faci.<\/p>\n<p>L&#8217;usuari es compromet expressament a fer un \u00fas adequat dels continguts i serveis de PROPIETARI DEL WEB ia no emprar-los per, entre d&#8217;altres:<\/p>\n<ol>\n<li>Difondre continguts delictius, violents, pornogr\u00e0fics, racistes, xen\u00f2fobs, ofensius, d&#8217;apologia del terrorisme o, en general, contraris a la llei o ordre p\u00fablic.<\/li>\n<li>Introduir a la xarxa virus inform\u00e0tics o realitzar actuacions susceptibles d&#8217;alterar, fer malb\u00e9, interrompre o generar errors o danys en els documents electr\u00f2nics, dades o sistemes f\u00edsics i l\u00f2gics de PROPIETARI DEL WEB o de terceres persones; aix\u00ed com obstaculitzar l&#8217;acc\u00e9s d&#8217;altres usuaris al lloc web i als seus serveis mitjan\u00e7ant el consum massiu dels recursos inform\u00e0tics a trav\u00e9s dels quals PROPIETARI DE LA WEB presta serveis.<\/li>\n<li>Intentar accedir als comptes de correu electr\u00f2nic d&#8217;altres usuaris o \u00e0rees restringides dels sistemes inform\u00e0tics de PROPIETARI DEL WEB o de tercers i, si escau, extreure&#8217;n informaci\u00f3.<\/li>\n<li>Vulnerar els drets de propietat intel\u00b7lectual o industrial, aix\u00ed com violar la confidencialitat de la informaci\u00f3 de PROPIETARI DE LA WEB o de tercers.<\/li>\n<li>Suplantar la identitat de qualsevol altre usuari.<\/li>\n<li>Reproduir, copiar, distribuir, posar a disposici\u00f3 de, o qualsevol altra forma de comunicaci\u00f3 p\u00fablica, transformar o modificar els continguts, llevat que es compti amb lautoritzaci\u00f3 del titular dels corresponents drets o aix\u00f2 resulti legalment perm\u00e8s.<\/li>\n<li>Demanar dades amb finalitat publicit\u00e0ria i de remetre publicitat de qualsevol classe i comunicacions amb finalitats de venda o altres de naturalesa comercial sense que intervingui la seva pr\u00e8via sol\u00b7licitud o consentiment.<\/li>\n<\/ol>\n<p>Tots els continguts del lloc web, com ara textos, fotografies, gr\u00e0fics, imatges, icones, tecnologia, programari, aix\u00ed com el seu disseny gr\u00e0fic i codis font, constitueixen una obra la propietat de la qual pertany a PROPIETARI DE LA WEB, sense que es puguin entendre cedits a l&#8217;usuari cap dels drets d&#8217;explotaci\u00f3 sobre aquests m\u00e9s enll\u00e0 del que \u00e9s estrictament necessari per al correcte \u00fas de la web.<\/p>\n<p>En definitiva, els usuaris que accedeixin a aquest lloc web poden visualitzar els continguts i efectuar, si escau, c\u00f2pies privades autoritzades sempre que els elements reprodu\u00efts no siguin cedits posteriorment a tercers, ni s&#8217;instal\u00b7lin a servidors connectats a xarxes, ni siguin objecte de cap mena d&#8217;explotaci\u00f3.<\/p>\n<p>Aix\u00ed mateix, totes les marques, noms comercials o signes distintius de qualsevol classe que apareixen al lloc web s\u00f3n propietat de PROPIETARI DE LA WEB, sense que es pugui entendre que l&#8217;\u00fas o acc\u00e9s a aquest atribueixi a l&#8217;usuari cap dret sobre aquests.<\/p>\n<p>La distribuci\u00f3, modificaci\u00f3, cessi\u00f3 o comunicaci\u00f3 p\u00fablica dels continguts i qualsevol altre acte que no hagi estat expressament autoritzat pel titular dels drets dexplotaci\u00f3 queden prohibits.<\/p>\n<p>L&#8217;establiment d&#8217;un hiperenlla\u00e7 no implica en cap cas l&#8217;exist\u00e8ncia de relacions entre PROPIETARI DEL WEB i el propietari del lloc web on s&#8217;estableixi, ni l&#8217;acceptaci\u00f3 i l&#8217;aprovaci\u00f3 per part de PROPIETARI DEL WEB dels seus continguts o serveis.<\/p>\n<p>PROPIETARI DE LA WEB no es responsabilitza de l&#8217;\u00fas que cada usuari doni als materials posats a disposici\u00f3 en aquest lloc web ni de les actuacions que realitzi sobre la base d&#8217;aquests.<\/p>\n<p>&nbsp;<\/p>\n<p><strong>EXCLUSI\u00d3 DE GARANTIES I DE RESPONSABILITAT EN L&#8217;ACC\u00c9S I LA UTILITZACI\u00d3<\/strong><\/p>\n<p>El contingut del present lloc web \u00e9s de car\u00e0cter general i t\u00e9 una finalitat merament informativa, sense que se&#8217;n garanteixi plenament l&#8217;acc\u00e9s a tots els continguts, ni la seva exhaustivitat, correcci\u00f3, vig\u00e8ncia o actualitat, ni la seva idone\u00eftat o utilitat per a un objectiu espec\u00edfic.<\/p>\n<p>PROPIETARI DEL WEB exclou, fins on permet l&#8217;ordenament jur\u00eddic, qualsevol responsabilitat pels danys i perjudicis de tota naturalesa derivats de:<\/p>\n<ol>\n<li>La impossibilitat d&#8217;acc\u00e9s al lloc web o la manca de veracitat, exactitud, exhaustivitat i\/o actualitat dels continguts, aix\u00ed com l&#8217;exist\u00e8ncia de vicis i defectes de tota mena dels continguts transmesos, difosos, emmagatzemats, posats a disposici\u00f3, als que s&#8217;hagi accedit a trav\u00e9s del lloc web o dels serveis que s&#8217;hi ofereixen.<\/li>\n<li>La pres\u00e8ncia de virus o altres elements en els continguts que puguin produir alteracions en els sistemes inform\u00e0tics, documents electr\u00f2nics o dades dels usuaris.<\/li>\n<li>L&#8217;incompliment de les lleis, la bona fe, l&#8217;ordre p\u00fablic, els usos del tr\u00e0nsit i aquest av\u00eds legal com a conseq\u00fc\u00e8ncia de l&#8217;\u00fas incorrecte del lloc web. En particular, ia manera exemplificativa, PROPIETARI DE LA WEB no es fa responsable de les actuacions de tercers que vulnerin drets de propietat intel\u00b7lectual i industrial, secrets empresarials, drets a l&#8217;honor, a la intimitat personal i familiar ia la pr\u00f2pia imatge, aix\u00ed com la normativa en mat\u00e8ria de compet\u00e8ncia deslleial i publicitat il\u00b7l\u00edcita.<\/li>\n<\/ol>\n<p>Aix\u00ed mateix, PROPIETARI DE LA WEB declina qualsevol responsabilitat respecte a la informaci\u00f3 que estigui fora d&#8217;aquesta web i no sigui gestionada directament pel nostre webmaster. La funci\u00f3 dels links que apareixen en aquesta web \u00e9s exclusivament informar l&#8217;usuari sobre l&#8217;exist\u00e8ncia d&#8217;altres fonts susceptibles d&#8217;ampliar els continguts que ofereix aquest lloc web. PROPIETARI DE LA WEB no garanteix ni es responsabilitza del funcionament o accessibilitat dels llocs enlla\u00e7ats; ni suggereix, convida o recomana la visita a aquests, per la qual cosa tampoc ser\u00e0 responsable del resultat obtingut. PROPIETARI DEL WEB no es responsabilitza de l&#8217;establiment d&#8217;hipervincles per part de tercers.<\/p>\n<p>&nbsp;<\/p>\n<p><strong>PROCEDIMENT EN CAS DE REALITZACI\u00d3 D&#8217;ACTIVITATS DE CAR\u00c0CTER IL\u00b7L\u00cdCIT<\/strong><\/p>\n<p>En el cas que qualsevol usuari o un tercer consideri que hi ha fets o circumst\u00e0ncies que revelin el car\u00e0cter il\u00b7l\u00edcit de la utilitzaci\u00f3 de qualsevol contingut i\/o de la realitzaci\u00f3 de qualsevol activitat a les p\u00e0gines web incloses o accessibles a trav\u00e9s del lloc web, haur\u00e0 de enviar una notificaci\u00f3 a PROPIETARI DEL WEB identificant-se degudament i especificant les suposades infraccions.<\/p>\n<p>&nbsp;<\/p>\n<p><strong>PUBLICACIONS<\/strong><\/p>\n<p>La informaci\u00f3 administrativa facilitada a trav\u00e9s del lloc web no substitueix la publicitat legal de les lleis, normatives, plans, disposicions generals i actes que hagin de ser publicats formalment als diaris oficials de les administracions p\u00fabliques, que constitueixen l\u00fanic instrument que d\u00f3na fe de la seva autenticitat i contingut. La informaci\u00f3 disponible en aquest lloc web ha d&#8217;entendre&#8217;s com una guia sense prop\u00f2sit de validesa legal.<\/p>\n<p>&nbsp;<\/p>\n<p><strong>LEGISLACI\u00d3 APLICABLE<\/strong><\/p>\n<p>Les condicions presents es regeixen per la legislaci\u00f3 espanyola vigent.<\/p>\n<p>La llengua utilitzada ser\u00e0 el Castell\u00e0.[\/vc_column_text][\/vc_column][\/vc_row]<\/p>\n<\/section>","protected":false},"excerpt":{"rendered":"<p>[vc_row][vc_column][vc_column_text]OBJECTE Aquest av\u00eds legal regula l&#8217;\u00fas i la utilitzaci\u00f3 del lloc web https:\/\/embotitsvila.com del qual \u00e9s titular EMBOTITS ARTESANS J.VIL\u00c0 SL (d&#8217;ara endavant, EL PROPIETARI DEL WEB). La navegaci\u00f3 pel lloc web d&#8217;EL PROPIETARI DE LA WEB us atribueix la condici\u00f3 d&#8217;USUARI del mateix i comporta la seva acceptaci\u00f3 plena i sense reserves de totes i cadascuna de les condicions publicades en aquest av\u00eds legal, advertint que aquestes condicions podran ser modificades sense notificaci\u00f3 pr\u00e8via per part del PROPIETARI DE LA WEB, cas en qu\u00e8 es procedir\u00e0 a la seva publicaci\u00f3 i av\u00eds amb la m\u00e0xima antelaci\u00f3 possible. Per aix\u00f2 \u00e9s recomanable llegir-ne atentament el contingut en cas de desitjar accedir i fer \u00fas de la informaci\u00f3 i dels serveis oferts des d&#8217;aquest lloc web. L&#8217;usuari, a m\u00e9s, s&#8217;obliga a fer un \u00fas correcte del lloc web de conformitat amb [&hellip;]<\/p>\n","protected":false},"author":2,"featured_media":0,"parent":0,"menu_order":5000,"comment_status":"closed","ping_status":"closed","template":"page-templates\/full-width.php","meta":[],"acf":[],"yoast_head":"<!-- This site is optimized with the Yoast SEO plugin v20.5 - https:\/\/yoast.com\/wordpress\/plugins\/seo\/ -->\n<title>Av\u00eds Legal - Embotits Artesans J.Vil\u00e0<\/title>\n<meta name=\"robots\" content=\"index, follow, max-snippet:-1, max-image-preview:large, max-video-preview:-1\" \/>\n<link rel=\"canonical\" href=\"https:\/\/embotitsvila.com\/ca\/avis-legal\/\" \/>\n<meta property=\"og:locale\" content=\"ca_ES\" \/>\n<meta property=\"og:type\" content=\"article\" \/>\n<meta property=\"og:title\" content=\"Av\u00eds Legal - Embotits Artesans J.Vil\u00e0\" \/>\n<meta property=\"og:description\" content=\"[vc_row][vc_column][vc_column_text]OBJECTE Aquest av\u00eds legal regula l&#8217;\u00fas i la utilitzaci\u00f3 del lloc web https:\/\/embotitsvila.com del qual \u00e9s titular EMBOTITS ARTESANS J.VIL\u00c0 SL (d&#8217;ara endavant, EL PROPIETARI DEL WEB). La navegaci\u00f3 pel lloc web d&#8217;EL PROPIETARI DE LA WEB us atribueix la condici\u00f3 d&#8217;USUARI del mateix i comporta la seva acceptaci\u00f3 plena i sense reserves de totes i cadascuna de les condicions publicades en aquest av\u00eds legal, advertint que aquestes condicions podran ser modificades sense notificaci\u00f3 pr\u00e8via per part del PROPIETARI DE LA WEB, cas en qu\u00e8 es procedir\u00e0 a la seva publicaci\u00f3 i av\u00eds amb la m\u00e0xima antelaci\u00f3 possible. Per aix\u00f2 \u00e9s recomanable llegir-ne atentament el contingut en cas de desitjar accedir i fer \u00fas de la informaci\u00f3 i dels serveis oferts des d&#8217;aquest lloc web. L&#8217;usuari, a m\u00e9s, s&#8217;obliga a fer un \u00fas correcte del lloc web de conformitat amb [&hellip;]\" \/>\n<meta property=\"og:url\" content=\"https:\/\/embotitsvila.com\/ca\/avis-legal\/\" \/>\n<meta property=\"og:site_name\" content=\"Embotits Artesans J.Vil\u00e0\" \/>\n<meta property=\"article:modified_time\" content=\"2023-04-19T12:24:59+00:00\" \/>\n<meta name=\"twitter:card\" content=\"summary_large_image\" \/>\n<meta name=\"twitter:label1\" content=\"Temps estimat de lectura\" \/>\n\t<meta name=\"twitter:data1\" content=\"7 minuts\" \/>\n<script type=\"application\/ld+json\" class=\"yoast-schema-graph\">{\"@context\":\"https:\/\/schema.org\",\"@graph\":[{\"@type\":\"WebPage\",\"@id\":\"https:\/\/embotitsvila.com\/ca\/avis-legal\/\",\"url\":\"https:\/\/embotitsvila.com\/ca\/avis-legal\/\",\"name\":\"Av\u00eds Legal - Embotits Artesans J.Vil\u00e0\",\"isPartOf\":{\"@id\":\"https:\/\/embotitsvila.com\/ca\/#website\"},\"datePublished\":\"2023-03-28T12:21:22+00:00\",\"dateModified\":\"2023-04-19T12:24:59+00:00\",\"breadcrumb\":{\"@id\":\"https:\/\/embotitsvila.com\/ca\/avis-legal\/#breadcrumb\"},\"inLanguage\":\"ca\",\"potentialAction\":[{\"@type\":\"ReadAction\",\"target\":[\"https:\/\/embotitsvila.com\/ca\/avis-legal\/\"]}]},{\"@type\":\"BreadcrumbList\",\"@id\":\"https:\/\/embotitsvila.com\/ca\/avis-legal\/#breadcrumb\",\"itemListElement\":[{\"@type\":\"ListItem\",\"position\":1,\"name\":\"Portada\",\"item\":\"https:\/\/embotitsvila.com\/ca\/\"},{\"@type\":\"ListItem\",\"position\":2,\"name\":\"Av\u00eds Legal\"}]},{\"@type\":\"WebSite\",\"@id\":\"https:\/\/embotitsvila.com\/ca\/#website\",\"url\":\"https:\/\/embotitsvila.com\/ca\/\",\"name\":\"Embotits Artesans J.Vil\u00e0\",\"description\":\"\",\"potentialAction\":[{\"@type\":\"SearchAction\",\"target\":{\"@type\":\"EntryPoint\",\"urlTemplate\":\"https:\/\/embotitsvila.com\/ca\/?s={search_term_string}\"},\"query-input\":\"required name=search_term_string\"}],\"inLanguage\":\"ca\"}]}<\/script>\n<!-- \/ Yoast SEO plugin. -->","yoast_head_json":{"title":"Av\u00eds Legal - Embotits Artesans J.Vil\u00e0","robots":{"index":"index","follow":"follow","max-snippet":"max-snippet:-1","max-image-preview":"max-image-preview:large","max-video-preview":"max-video-preview:-1"},"canonical":"https:\/\/embotitsvila.com\/ca\/avis-legal\/","og_locale":"ca_ES","og_type":"article","og_title":"Av\u00eds Legal - Embotits Artesans J.Vil\u00e0","og_description":"[vc_row][vc_column][vc_column_text]OBJECTE Aquest av\u00eds legal regula l&#8217;\u00fas i la utilitzaci\u00f3 del lloc web https:\/\/embotitsvila.com del qual \u00e9s titular EMBOTITS ARTESANS J.VIL\u00c0 SL (d&#8217;ara endavant, EL PROPIETARI DEL WEB). La navegaci\u00f3 pel lloc web d&#8217;EL PROPIETARI DE LA WEB us atribueix la condici\u00f3 d&#8217;USUARI del mateix i comporta la seva acceptaci\u00f3 plena i sense reserves de totes i cadascuna de les condicions publicades en aquest av\u00eds legal, advertint que aquestes condicions podran ser modificades sense notificaci\u00f3 pr\u00e8via per part del PROPIETARI DE LA WEB, cas en qu\u00e8 es procedir\u00e0 a la seva publicaci\u00f3 i av\u00eds amb la m\u00e0xima antelaci\u00f3 possible. Per aix\u00f2 \u00e9s recomanable llegir-ne atentament el contingut en cas de desitjar accedir i fer \u00fas de la informaci\u00f3 i dels serveis oferts des d&#8217;aquest lloc web. L&#8217;usuari, a m\u00e9s, s&#8217;obliga a fer un \u00fas correcte del lloc web de conformitat amb [&hellip;]","og_url":"https:\/\/embotitsvila.com\/ca\/avis-legal\/","og_site_name":"Embotits Artesans J.Vil\u00e0","article_modified_time":"2023-04-19T12:24:59+00:00","twitter_card":"summary_large_image","twitter_misc":{"Temps estimat de lectura":"7 minuts"},"schema":{"@context":"https:\/\/schema.org","@graph":[{"@type":"WebPage","@id":"https:\/\/embotitsvila.com\/ca\/avis-legal\/","url":"https:\/\/embotitsvila.com\/ca\/avis-legal\/","name":"Av\u00eds Legal - Embotits Artesans J.Vil\u00e0","isPartOf":{"@id":"https:\/\/embotitsvila.com\/ca\/#website"},"datePublished":"2023-03-28T12:21:22+00:00","dateModified":"2023-04-19T12:24:59+00:00","breadcrumb":{"@id":"https:\/\/embotitsvila.com\/ca\/avis-legal\/#breadcrumb"},"inLanguage":"ca","potentialAction":[{"@type":"ReadAction","target":["https:\/\/embotitsvila.com\/ca\/avis-legal\/"]}]},{"@type":"BreadcrumbList","@id":"https:\/\/embotitsvila.com\/ca\/avis-legal\/#breadcrumb","itemListElement":[{"@type":"ListItem","position":1,"name":"Portada","item":"https:\/\/embotitsvila.com\/ca\/"},{"@type":"ListItem","position":2,"name":"Av\u00eds Legal"}]},{"@type":"WebSite","@id":"https:\/\/embotitsvila.com\/ca\/#website","url":"https:\/\/embotitsvila.com\/ca\/","name":"Embotits Artesans J.Vil\u00e0","description":"","potentialAction":[{"@type":"SearchAction","target":{"@type":"EntryPoint","urlTemplate":"https:\/\/embotitsvila.com\/ca\/?s={search_term_string}"},"query-input":"required name=search_term_string"}],"inLanguage":"ca"}]}},"_links":{"self":[{"href":"https:\/\/embotitsvila.com\/ca\/wp-json\/wp\/v2\/pages\/15502"}],"collection":[{"href":"https:\/\/embotitsvila.com\/ca\/wp-json\/wp\/v2\/pages"}],"about":[{"href":"https:\/\/embotitsvila.com\/ca\/wp-json\/wp\/v2\/types\/page"}],"author":[{"embeddable":true,"href":"https:\/\/embotitsvila.com\/ca\/wp-json\/wp\/v2\/users\/2"}],"replies":[{"embeddable":true,"href":"https:\/\/embotitsvila.com\/ca\/wp-json\/wp\/v2\/comments?post=15502"}],"version-history":[{"count":3,"href":"https:\/\/embotitsvila.com\/ca\/wp-json\/wp\/v2\/pages\/15502\/revisions"}],"predecessor-version":[{"id":16216,"href":"https:\/\/embotitsvila.com\/ca\/wp-json\/wp\/v2\/pages\/15502\/revisions\/16216"}],"wp:attachment":[{"href":"https:\/\/embotitsvila.com\/ca\/wp-json\/wp\/v2\/media?parent=15502"}],"curies":[{"name":"wp","href":"https:\/\/api.w.org\/{rel}","templated":true}]}}