{"id":15514,"date":"2017-05-17T20:05:52","date_gmt":"2017-05-17T18:05:52","guid":{"rendered":"https:\/\/embotitsvila.com\/contacto\/"},"modified":"2023-04-19T17:54:42","modified_gmt":"2023-04-19T15:54:42","slug":"contacte","status":"publish","type":"page","link":"https:\/\/embotitsvila.com\/ca\/contacte\/","title":{"rendered":"Contacte"},"content":{"rendered":"<section class=\"wpb-content-wrapper\"><p>[vc_section full_width=&#8221;stretch_row&#8221;][vc_row][vc_column]<ul class=\"ltx-block-icon  has-descr  icons-count-3 align-center ltx-icon-color-main ltx-icon-size-default ltx-header-color-default ltx-icon-type-transparent ltx-bg-color-transparent layout-cols3 ltx-icon-top  row centered\"  id=\"like_sc_block_icon_1671159126\"><li class=\" col-lg-4 col-md-4 col-sm-4 col-ms-4 col-xs-6\" ><a href=\"https:\/\/goo.gl\/maps\/cbW5VVKLfGhA1TW86\"   class=\"in\"><span class=\"ltx-icon ltx-icon-text bg-transparent\"><\/span> <h6 class=\"header\"> Ubicaci\u00f3 <\/h6> <div class=\"descr\">Pol. Ind. Empord\u00e0 Internacional<br \/>\nC\/Andorra, 3<br \/>\n17469 Vilamalla (Girona)<\/div><\/a><\/li><li class=\" col-lg-4 col-md-4 col-sm-4 col-ms-4 col-xs-6\" ><div   class=\"in\"><span class=\"ltx-icon ltx-icon-text bg-transparent\"><\/span> <h6 class=\"header\"> Tel\u00e8fon <\/h6> <div class=\"descr\">(+34) 972 52 55 80<\/div><\/div><\/li><li class=\" col-lg-4 col-md-4 col-sm-4 col-ms-4 col-xs-6 \" ><a href=\"mailto:info@embotitsvila.com\"   class=\"in\"><span class=\"ltx-icon ltx-icon-text bg-transparent\"><\/span> <h6 class=\"header\"> Email <\/h6> <div class=\"descr\">info@embotitsvila.com<\/div><\/a><\/li><\/ul>[\/vc_column][\/vc_row][vc_row][vc_column]<div class=\"es-resp\">\t<div class=\"visible-xl\" style=\"height: 80px;\"><\/div>\t<div class=\"hidden-xl hidden-md hidden-sm hidden-ms hidden-xs\" style=\"height: 80px;\"><\/div>\t<div class=\"visible-md\" style=\"height: 80px;\"><\/div>\t<div class=\"visible-sm \" style=\"height: 80px;\"><\/div>\t<div class=\"visible-ms\" style=\"height: 80px;\"><\/div>\t<div class=\"visible-xs\" style=\"height: 80px;\"><\/div><\/div>[\/vc_column][\/vc_row][vc_row full_width=&#8221;stretch_row_content_no_spaces&#8221;][vc_column][vc_column_text]<iframe loading=\"lazy\" style=\"border: 0;\" src=\"https:\/\/www.google.com\/maps\/embed?pb=!1m18!1m12!1m3!1d2954.547740882902!2d2.980682815078651!3d42.22410975166941!2m3!1f0!2f0!3f0!3m2!1i1024!2i768!4f13.1!3m3!1m2!1s0x12ba9297af04d4c7%3A0x73137b201fb924b5!2sEmbutidos%20Artesanos%20J.%20Vil%C3%A0%20SL!5e0!3m2!1ses!2ses!4v1680021161448!5m2!1ses!2ses\" width=\"100%\" height=\"450\" allowfullscreen=\"allowfullscreen\"><\/iframe>[\/vc_column_text][\/vc_column][\/vc_row][vc_row full_width=&#8221;stretch_row&#8221;][vc_column]<div class=\"ltx-content-width ltx-col-align-center ltx-block-align-left\" id=\"like_sc_content_width_731459289\" style=\"max-width: 600px\"><div class=\"ltx-wrapper\"><div class=\"es-resp\">\t<div class=\"visible-xl\" style=\"height: 32px;\"><\/div>\t<div class=\"hidden-xl hidden-md hidden-sm hidden-ms hidden-xs\" style=\"height: 32px;\"><\/div>\t<div class=\"visible-md\" style=\"height: 32px;\"><\/div>\t<div class=\"visible-sm \" style=\"height: 32px;\"><\/div>\t<div class=\"visible-ms\" style=\"height: 32px;\"><\/div>\t<div class=\"visible-xs\" style=\"height: 32px;\"><\/div><\/div><div class=\"heading header-subheader align-center color-black subcolor-main transform-default theme-icon-second icon-type-hidden   vc_custom_1681919677843 heading-tag-h4\" id=\"like_sc_header_806039955\"><h4 data-text=\"Envia&#039;ns un missatge\" class=\"header ltx-sr-id-like_sc_header_806039955932577311 ltx-sr ltx-sr-effect-fade_in ltx-sr-el-block ltx-sr-delay-0 ltx-sr-duration-1000 ltx-sr-sequences-0\">Envia'ns un missatge<\/h4><\/div><div class=\"ltx-contact-form-7 transform-default form-center form-white form-bg-white form-style-default form-btn-default form-btn-default form-padding-none    vc_custom_1681919587261\"    id=\"like_sc_contact_form_7_227463502\">\n<div class=\"wpcf7 no-js\" id=\"wpcf7-f16266-o2\" lang=\"en-US\" dir=\"ltr\">\n<div class=\"screen-reader-response\"><p role=\"status\" aria-live=\"polite\" aria-atomic=\"true\"><\/p> <ul><\/ul><\/div>\n<form action=\"\/ca\/wp-json\/wp\/v2\/pages\/15514#wpcf7-f16266-o2\" method=\"post\" class=\"wpcf7-form init\" aria-label=\"Contact form\" novalidate=\"novalidate\" data-status=\"init\">\n<div style=\"display: none;\">\n<input type=\"hidden\" name=\"_wpcf7\" value=\"16266\" \/>\n<input type=\"hidden\" name=\"_wpcf7_version\" value=\"5.7.5.1\" \/>\n<input type=\"hidden\" name=\"_wpcf7_locale\" value=\"en_US\" \/>\n<input type=\"hidden\" name=\"_wpcf7_unit_tag\" value=\"wpcf7-f16266-o2\" \/>\n<input type=\"hidden\" name=\"_wpcf7_container_post\" value=\"0\" \/>\n<input type=\"hidden\" name=\"_wpcf7_posted_data_hash\" value=\"\" \/>\n<input type=\"hidden\" name=\"_wpcf7_recaptcha_response\" value=\"\" \/>\n<\/div>\n<div class=\"row\">\n\t<div class=\"col-lg-6\">\n\t\t<p><span class=\"wpcf7-form-control-wrap\" data-name=\"your-name\"><input size=\"40\" class=\"wpcf7-form-control wpcf7-text wpcf7-validates-as-required\" aria-required=\"true\" aria-invalid=\"false\" placeholder=\"Nom i Cognoms\" value=\"\" type=\"text\" name=\"your-name\" \/><\/span>\n\t\t<\/p>\n\t<\/div>\n\t<div class=\"col-lg-6\">\n\t\t<p><span class=\"wpcf7-form-control-wrap\" data-name=\"your-empresa\"><input size=\"40\" class=\"wpcf7-form-control wpcf7-text\" aria-invalid=\"false\" placeholder=\"Empresa\" value=\"\" type=\"text\" name=\"your-empresa\" \/><\/span>\n\t\t<\/p>\n\t<\/div>\n\t<div class=\"col-lg-6\">\n\t\t<p><span class=\"wpcf7-form-control-wrap\" data-name=\"your-tel\"><input size=\"40\" class=\"wpcf7-form-control wpcf7-text wpcf7-validates-as-required\" aria-required=\"true\" aria-invalid=\"false\" placeholder=\"Tel\u00e8fon\" value=\"\" type=\"text\" name=\"your-tel\" \/><\/span>\n\t\t<\/p>\n\t<\/div>\n\t<div class=\"col-lg-6\">\n\t\t<p><span class=\"wpcf7-form-control-wrap\" data-name=\"your-email\"><input size=\"40\" class=\"wpcf7-form-control wpcf7-text wpcf7-validates-as-required\" aria-required=\"true\" aria-invalid=\"false\" placeholder=\"Email\" value=\"\" type=\"text\" name=\"your-email\" \/><\/span>\n\t\t<\/p>\n\t<\/div>\n<\/div>\n<p><span class=\"wpcf7-form-control-wrap\" data-name=\"your-message\"><textarea cols=\"40\" rows=\"10\" class=\"wpcf7-form-control wpcf7-textarea\" aria-invalid=\"false\" placeholder=\"Comentaris...\" name=\"your-message\"><\/textarea><\/span>\n<\/p>\n<p style=\"font-size:14px;line-height:15px;text-align:left\"><br \/>\nResponsable: Embotits Artesans J.Vil\u00e0 SL-NIF: B17360066. Adre\u00e7a postal: Pol. Indiana Empord\u00e0 Internacional, Carrer Andorra 3, 17469 Vilamalla, Girona \u201cTractem la informaci\u00f3 que ens facilita per enviar publicitat relacionada amb els nostres productes i serveis per qualsevol mitj\u00e0 (postal, e-mail o tel\u00e8fon) i convidar-lo a esdeveniments organitzats per la companyia. Les dades proporcionades es conservaran mentre no sol\u00b7liciteu el cessament de l'activitat. Les dades no seran cedides a tercers, llevat dels casos en qu\u00e8 hi hagi una obligaci\u00f3 legal. Vost\u00e8 t\u00e9 dret a obtenir confirmaci\u00f3 que estem tractant les seves dades personals, per tant, t\u00e9 dret a accedir a les seves dades personals, rectificar les dades inexactes o sol\u00b7licitar la seva supressi\u00f3 quan les dades ja no siguin necess\u00e0ries per als fins que van ser recollides.\n<\/p>\n<div class=\"row\" style=\"padding-bottom:32px;\">\n\t<p><span class=\"wpcf7-form-control-wrap\" data-name=\"rgpd\"><span class=\"wpcf7-form-control wpcf7-acceptance\"><span class=\"wpcf7-list-item\"><label><input type=\"checkbox\" name=\"rgpd\" value=\"1\" aria-invalid=\"false\" \/><span class=\"wpcf7-list-item-label\">Accepto la <a href=\"\/cat\/politica-de-privadesa\">pol\u00edtica de privadesa.<\/a><\/span><\/label><\/span><\/span><\/span>\n\t<\/p>\n<\/div>\n<p><input class=\"wpcf7-form-control has-spinner wpcf7-submit\" type=\"submit\" value=\"Enviar\" \/>\n<\/p><div class=\"wpcf7-response-output\" aria-hidden=\"true\"><\/div>\n<\/form>\n<\/div>\n<\/div><\/div><\/div>[\/vc_column][\/vc_row][\/vc_section]<\/p>\n<\/section>","protected":false},"excerpt":{"rendered":"<p>[vc_section full_width=&#8221;stretch_row&#8221;][vc_row][vc_column][\/vc_column][\/vc_row][vc_row][vc_column][\/vc_column][\/vc_row][vc_row full_width=&#8221;stretch_row_content_no_spaces&#8221;][vc_column][vc_column_text][\/vc_column_text][\/vc_column][\/vc_row][vc_row full_width=&#8221;stretch_row&#8221;][vc_column][\/vc_column][\/vc_row][\/vc_section]<\/p>\n","protected":false},"author":1,"featured_media":0,"parent":0,"menu_order":500,"comment_status":"closed","ping_status":"closed","template":"page-templates\/full-width.php","meta":[],"acf":[],"yoast_head":"<!-- This site is optimized with the Yoast SEO plugin v20.5 - https:\/\/yoast.com\/wordpress\/plugins\/seo\/ -->\n<title>Contacte - Embotits Artesans J.Vil\u00e0<\/title>\n<meta name=\"robots\" content=\"index, follow, max-snippet:-1, max-image-preview:large, max-video-preview:-1\" \/>\n<link rel=\"canonical\" href=\"https:\/\/embotitsvila.com\/ca\/contacte\/\" \/>\n<meta property=\"og:locale\" content=\"ca_ES\" \/>\n<meta property=\"og:type\" content=\"article\" \/>\n<meta property=\"og:title\" content=\"Contacte - Embotits Artesans J.Vil\u00e0\" \/>\n<meta property=\"og:description\" content=\"[vc_section full_width=&#8221;stretch_row&#8221;][vc_row][vc_column][\/vc_column][\/vc_row][vc_row][vc_column][\/vc_column][\/vc_row][vc_row full_width=&#8221;stretch_row_content_no_spaces&#8221;][vc_column][vc_column_text][\/vc_column_text][\/vc_column][\/vc_row][vc_row full_width=&#8221;stretch_row&#8221;][vc_column][\/vc_column][\/vc_row][\/vc_section]\" \/>\n<meta property=\"og:url\" content=\"https:\/\/embotitsvila.com\/ca\/contacte\/\" \/>\n<meta property=\"og:site_name\" content=\"Embotits Artesans J.Vil\u00e0\" \/>\n<meta property=\"article:modified_time\" content=\"2023-04-19T15:54:42+00:00\" \/>\n<meta name=\"twitter:card\" content=\"summary_large_image\" \/>\n<meta name=\"twitter:label1\" content=\"Temps estimat de lectura\" \/>\n\t<meta name=\"twitter:data1\" content=\"1 minut\" \/>\n<script type=\"application\/ld+json\" class=\"yoast-schema-graph\">{\"@context\":\"https:\/\/schema.org\",\"@graph\":[{\"@type\":\"WebPage\",\"@id\":\"https:\/\/embotitsvila.com\/ca\/contacte\/\",\"url\":\"https:\/\/embotitsvila.com\/ca\/contacte\/\",\"name\":\"Contacte - Embotits Artesans J.Vil\u00e0\",\"isPartOf\":{\"@id\":\"https:\/\/embotitsvila.com\/ca\/#website\"},\"datePublished\":\"2017-05-17T18:05:52+00:00\",\"dateModified\":\"2023-04-19T15:54:42+00:00\",\"breadcrumb\":{\"@id\":\"https:\/\/embotitsvila.com\/ca\/contacte\/#breadcrumb\"},\"inLanguage\":\"ca\",\"potentialAction\":[{\"@type\":\"ReadAction\",\"target\":[\"https:\/\/embotitsvila.com\/ca\/contacte\/\"]}]},{\"@type\":\"BreadcrumbList\",\"@id\":\"https:\/\/embotitsvila.com\/ca\/contacte\/#breadcrumb\",\"itemListElement\":[{\"@type\":\"ListItem\",\"position\":1,\"name\":\"Portada\",\"item\":\"https:\/\/embotitsvila.com\/ca\/\"},{\"@type\":\"ListItem\",\"position\":2,\"name\":\"Contacte\"}]},{\"@type\":\"WebSite\",\"@id\":\"https:\/\/embotitsvila.com\/ca\/#website\",\"url\":\"https:\/\/embotitsvila.com\/ca\/\",\"name\":\"Embotits Artesans J.Vil\u00e0\",\"description\":\"\",\"potentialAction\":[{\"@type\":\"SearchAction\",\"target\":{\"@type\":\"EntryPoint\",\"urlTemplate\":\"https:\/\/embotitsvila.com\/ca\/?s={search_term_string}\"},\"query-input\":\"required name=search_term_string\"}],\"inLanguage\":\"ca\"}]}<\/script>\n<!-- \/ Yoast SEO plugin. -->","yoast_head_json":{"title":"Contacte - Embotits Artesans J.Vil\u00e0","robots":{"index":"index","follow":"follow","max-snippet":"max-snippet:-1","max-image-preview":"max-image-preview:large","max-video-preview":"max-video-preview:-1"},"canonical":"https:\/\/embotitsvila.com\/ca\/contacte\/","og_locale":"ca_ES","og_type":"article","og_title":"Contacte - Embotits Artesans J.Vil\u00e0","og_description":"[vc_section full_width=&#8221;stretch_row&#8221;][vc_row][vc_column][\/vc_column][\/vc_row][vc_row][vc_column][\/vc_column][\/vc_row][vc_row full_width=&#8221;stretch_row_content_no_spaces&#8221;][vc_column][vc_column_text][\/vc_column_text][\/vc_column][\/vc_row][vc_row full_width=&#8221;stretch_row&#8221;][vc_column][\/vc_column][\/vc_row][\/vc_section]","og_url":"https:\/\/embotitsvila.com\/ca\/contacte\/","og_site_name":"Embotits Artesans J.Vil\u00e0","article_modified_time":"2023-04-19T15:54:42+00:00","twitter_card":"summary_large_image","twitter_misc":{"Temps estimat de lectura":"1 minut"},"schema":{"@context":"https:\/\/schema.org","@graph":[{"@type":"WebPage","@id":"https:\/\/embotitsvila.com\/ca\/contacte\/","url":"https:\/\/embotitsvila.com\/ca\/contacte\/","name":"Contacte - Embotits Artesans J.Vil\u00e0","isPartOf":{"@id":"https:\/\/embotitsvila.com\/ca\/#website"},"datePublished":"2017-05-17T18:05:52+00:00","dateModified":"2023-04-19T15:54:42+00:00","breadcrumb":{"@id":"https:\/\/embotitsvila.com\/ca\/contacte\/#breadcrumb"},"inLanguage":"ca","potentialAction":[{"@type":"ReadAction","target":["https:\/\/embotitsvila.com\/ca\/contacte\/"]}]},{"@type":"BreadcrumbList","@id":"https:\/\/embotitsvila.com\/ca\/contacte\/#breadcrumb","itemListElement":[{"@type":"ListItem","position":1,"name":"Portada","item":"https:\/\/embotitsvila.com\/ca\/"},{"@type":"ListItem","position":2,"name":"Contacte"}]},{"@type":"WebSite","@id":"https:\/\/embotitsvila.com\/ca\/#website","url":"https:\/\/embotitsvila.com\/ca\/","name":"Embotits Artesans J.Vil\u00e0","description":"","potentialAction":[{"@type":"SearchAction","target":{"@type":"EntryPoint","urlTemplate":"https:\/\/embotitsvila.com\/ca\/?s={search_term_string}"},"query-input":"required name=search_term_string"}],"inLanguage":"ca"}]}},"_links":{"self":[{"href":"https:\/\/embotitsvila.com\/ca\/wp-json\/wp\/v2\/pages\/15514"}],"collection":[{"href":"https:\/\/embotitsvila.com\/ca\/wp-json\/wp\/v2\/pages"}],"about":[{"href":"https:\/\/embotitsvila.com\/ca\/wp-json\/wp\/v2\/types\/page"}],"author":[{"embeddable":true,"href":"https:\/\/embotitsvila.com\/ca\/wp-json\/wp\/v2\/users\/1"}],"replies":[{"embeddable":true,"href":"https:\/\/embotitsvila.com\/ca\/wp-json\/wp\/v2\/comments?post=15514"}],"version-history":[{"count":6,"href":"https:\/\/embotitsvila.com\/ca\/wp-json\/wp\/v2\/pages\/15514\/revisions"}],"predecessor-version":[{"id":16269,"href":"https:\/\/embotitsvila.com\/ca\/wp-json\/wp\/v2\/pages\/15514\/revisions\/16269"}],"wp:attachment":[{"href":"https:\/\/embotitsvila.com\/ca\/wp-json\/wp\/v2\/media?parent=15514"}],"curies":[{"name":"wp","href":"https:\/\/api.w.org\/{rel}","templated":true}]}}