{"id":15457,"date":"2023-04-02T09:17:15","date_gmt":"2023-04-02T07:17:15","guid":{"rendered":"https:\/\/embotitsvila.com\/productos\/baiona-cabezal-s-tripa\/"},"modified":"2023-04-26T09:06:59","modified_gmt":"2023-04-26T07:06:59","slug":"baiona-cabezal","status":"publish","type":"product","link":"https:\/\/embotitsvila.com\/ca\/productos\/baiona-cabezal\/","title":{"rendered":"Baiona sense tripa"},"content":{"rendered":"","protected":false},"excerpt":{"rendered":"<div class=\"woocommerce-product-details__short-description\">\n<div class=\"five columns omega\">\n<p>La baiona cap de llom \u00e9s un embotit elaborat amb carn del coll de porc i sense tripa. Assecat lentament fins a la maduraci\u00f3 \u00f2ptima.<\/p>\n<p><img decoding=\"async\" loading=\"lazy\" class=\"alignnone wp-image-16889 size-full\" src=\"https:\/\/embotitsvila.com\/wp-content\/uploads\/2023\/04\/tabla-cabezal-sin-tripa.jpg\" alt=\"\" width=\"1267\" height=\"387\" srcset=\"https:\/\/embotitsvila.com\/wp-content\/uploads\/2023\/04\/tabla-cabezal-sin-tripa.jpg 1267w, https:\/\/embotitsvila.com\/wp-content\/uploads\/2023\/04\/tabla-cabezal-sin-tripa-300x92.jpg 300w, https:\/\/embotitsvila.com\/wp-content\/uploads\/2023\/04\/tabla-cabezal-sin-tripa-1024x313.jpg 1024w, https:\/\/embotitsvila.com\/wp-content\/uploads\/2023\/04\/tabla-cabezal-sin-tripa-768x235.jpg 768w, https:\/\/embotitsvila.com\/wp-content\/uploads\/2023\/04\/tabla-cabezal-sin-tripa-600x183.jpg 600w, https:\/\/embotitsvila.com\/wp-content\/uploads\/2023\/04\/tabla-cabezal-sin-tripa-800x244.jpg 800w, https:\/\/embotitsvila.com\/wp-content\/uploads\/2023\/04\/tabla-cabezal-sin-tripa-550x168.jpg 550w\" sizes=\"(max-width: 1267px) 100vw, 1267px\" \/><\/p>\n<\/div>\n<\/div>\n","protected":false},"featured_media":15036,"template":"","meta":[],"product_cat":[493,488],"product_tag":[],"acf":[],"yoast_head":"<!-- This site is optimized with the Yoast SEO plugin v20.5 - https:\/\/yoast.com\/wordpress\/plugins\/seo\/ -->\n<title>Baiona sense tripa - Embotits Artesans J.Vil\u00e0<\/title>\n<meta name=\"description\" content=\"La baiona cabezal es un embutido elaborado con cuello de cerdo, sin tripa. Secado lentamente hasta su maduraci\u00f3n \u00f3ptima. Se sirve entero y medio.\" \/>\n<meta name=\"robots\" content=\"index, follow, max-snippet:-1, max-image-preview:large, max-video-preview:-1\" \/>\n<link rel=\"canonical\" href=\"https:\/\/embotitsvila.com\/ca\/productos\/baiona-cabezal\/\" \/>\n<meta property=\"og:locale\" content=\"ca_ES\" \/>\n<meta property=\"og:type\" content=\"article\" \/>\n<meta property=\"og:title\" content=\"Baiona sense tripa - Embotits Artesans J.Vil\u00e0\" \/>\n<meta property=\"og:description\" content=\"La baiona cabezal es un embutido elaborado con cuello de cerdo, sin tripa. Secado lentamente hasta su maduraci\u00f3n \u00f3ptima. Se sirve entero y medio.\" \/>\n<meta property=\"og:url\" content=\"https:\/\/embotitsvila.com\/ca\/productos\/baiona-cabezal\/\" \/>\n<meta property=\"og:site_name\" content=\"Embotits Artesans J.Vil\u00e0\" \/>\n<meta property=\"article:modified_time\" content=\"2023-04-26T07:06:59+00:00\" \/>\n<meta property=\"og:image\" content=\"https:\/\/embotitsvila.com\/wp-content\/uploads\/2023\/04\/Baiona-Cabezal-STripa-Embotits-Vila-1.jpg\" \/>\n\t<meta property=\"og:image:width\" content=\"3597\" \/>\n\t<meta property=\"og:image:height\" content=\"3597\" \/>\n\t<meta property=\"og:image:type\" content=\"image\/jpeg\" \/>\n<meta name=\"twitter:card\" content=\"summary_large_image\" \/>\n<script type=\"application\/ld+json\" class=\"yoast-schema-graph\">{\"@context\":\"https:\/\/schema.org\",\"@graph\":[{\"@type\":\"WebPage\",\"@id\":\"https:\/\/embotitsvila.com\/ca\/productos\/baiona-cabezal\/\",\"url\":\"https:\/\/embotitsvila.com\/ca\/productos\/baiona-cabezal\/\",\"name\":\"Baiona sense tripa - Embotits Artesans J.Vil\u00e0\",\"isPartOf\":{\"@id\":\"https:\/\/embotitsvila.com\/ca\/#website\"},\"datePublished\":\"2023-04-02T07:17:15+00:00\",\"dateModified\":\"2023-04-26T07:06:59+00:00\",\"description\":\"La baiona cabezal es un embutido elaborado con cuello de cerdo, sin tripa. Secado lentamente hasta su maduraci\u00f3n \u00f3ptima. Se sirve entero y medio.\",\"breadcrumb\":{\"@id\":\"https:\/\/embotitsvila.com\/ca\/productos\/baiona-cabezal\/#breadcrumb\"},\"inLanguage\":\"ca\",\"potentialAction\":[{\"@type\":\"ReadAction\",\"target\":[\"https:\/\/embotitsvila.com\/ca\/productos\/baiona-cabezal\/\"]}]},{\"@type\":\"BreadcrumbList\",\"@id\":\"https:\/\/embotitsvila.com\/ca\/productos\/baiona-cabezal\/#breadcrumb\",\"itemListElement\":[{\"@type\":\"ListItem\",\"position\":1,\"name\":\"Portada\",\"item\":\"https:\/\/embotitsvila.com\/ca\/\"},{\"@type\":\"ListItem\",\"position\":2,\"name\":\"Botiga\",\"item\":\"https:\/\/embotitsvila.com\/ca\/botiga\/\"},{\"@type\":\"ListItem\",\"position\":3,\"name\":\"Baiona sense tripa\"}]},{\"@type\":\"WebSite\",\"@id\":\"https:\/\/embotitsvila.com\/ca\/#website\",\"url\":\"https:\/\/embotitsvila.com\/ca\/\",\"name\":\"Embotits Artesans J.Vil\u00e0\",\"description\":\"\",\"potentialAction\":[{\"@type\":\"SearchAction\",\"target\":{\"@type\":\"EntryPoint\",\"urlTemplate\":\"https:\/\/embotitsvila.com\/ca\/?s={search_term_string}\"},\"query-input\":\"required name=search_term_string\"}],\"inLanguage\":\"ca\"}]}<\/script>\n<!-- \/ Yoast SEO plugin. -->","yoast_head_json":{"title":"Baiona sense tripa - Embotits Artesans J.Vil\u00e0","description":"La baiona cabezal es un embutido elaborado con cuello de cerdo, sin tripa. Secado lentamente hasta su maduraci\u00f3n \u00f3ptima. Se sirve entero y medio.","robots":{"index":"index","follow":"follow","max-snippet":"max-snippet:-1","max-image-preview":"max-image-preview:large","max-video-preview":"max-video-preview:-1"},"canonical":"https:\/\/embotitsvila.com\/ca\/productos\/baiona-cabezal\/","og_locale":"ca_ES","og_type":"article","og_title":"Baiona sense tripa - Embotits Artesans J.Vil\u00e0","og_description":"La baiona cabezal es un embutido elaborado con cuello de cerdo, sin tripa. Secado lentamente hasta su maduraci\u00f3n \u00f3ptima. Se sirve entero y medio.","og_url":"https:\/\/embotitsvila.com\/ca\/productos\/baiona-cabezal\/","og_site_name":"Embotits Artesans J.Vil\u00e0","article_modified_time":"2023-04-26T07:06:59+00:00","og_image":[{"width":3597,"height":3597,"url":"https:\/\/embotitsvila.com\/wp-content\/uploads\/2023\/04\/Baiona-Cabezal-STripa-Embotits-Vila-1.jpg","type":"image\/jpeg"}],"twitter_card":"summary_large_image","schema":{"@context":"https:\/\/schema.org","@graph":[{"@type":"WebPage","@id":"https:\/\/embotitsvila.com\/ca\/productos\/baiona-cabezal\/","url":"https:\/\/embotitsvila.com\/ca\/productos\/baiona-cabezal\/","name":"Baiona sense tripa - Embotits Artesans J.Vil\u00e0","isPartOf":{"@id":"https:\/\/embotitsvila.com\/ca\/#website"},"datePublished":"2023-04-02T07:17:15+00:00","dateModified":"2023-04-26T07:06:59+00:00","description":"La baiona cabezal es un embutido elaborado con cuello de cerdo, sin tripa. Secado lentamente hasta su maduraci\u00f3n \u00f3ptima. Se sirve entero y medio.","breadcrumb":{"@id":"https:\/\/embotitsvila.com\/ca\/productos\/baiona-cabezal\/#breadcrumb"},"inLanguage":"ca","potentialAction":[{"@type":"ReadAction","target":["https:\/\/embotitsvila.com\/ca\/productos\/baiona-cabezal\/"]}]},{"@type":"BreadcrumbList","@id":"https:\/\/embotitsvila.com\/ca\/productos\/baiona-cabezal\/#breadcrumb","itemListElement":[{"@type":"ListItem","position":1,"name":"Portada","item":"https:\/\/embotitsvila.com\/ca\/"},{"@type":"ListItem","position":2,"name":"Botiga","item":"https:\/\/embotitsvila.com\/ca\/botiga\/"},{"@type":"ListItem","position":3,"name":"Baiona sense tripa"}]},{"@type":"WebSite","@id":"https:\/\/embotitsvila.com\/ca\/#website","url":"https:\/\/embotitsvila.com\/ca\/","name":"Embotits Artesans J.Vil\u00e0","description":"","potentialAction":[{"@type":"SearchAction","target":{"@type":"EntryPoint","urlTemplate":"https:\/\/embotitsvila.com\/ca\/?s={search_term_string}"},"query-input":"required name=search_term_string"}],"inLanguage":"ca"}]}},"_links":{"self":[{"href":"https:\/\/embotitsvila.com\/ca\/wp-json\/wp\/v2\/product\/15457"}],"collection":[{"href":"https:\/\/embotitsvila.com\/ca\/wp-json\/wp\/v2\/product"}],"about":[{"href":"https:\/\/embotitsvila.com\/ca\/wp-json\/wp\/v2\/types\/product"}],"wp:featuredmedia":[{"embeddable":true,"href":"https:\/\/embotitsvila.com\/ca\/wp-json\/wp\/v2\/media\/15036"}],"wp:attachment":[{"href":"https:\/\/embotitsvila.com\/ca\/wp-json\/wp\/v2\/media?parent=15457"}],"wp:term":[{"taxonomy":"product_cat","embeddable":true,"href":"https:\/\/embotitsvila.com\/ca\/wp-json\/wp\/v2\/product_cat?post=15457"},{"taxonomy":"product_tag","embeddable":true,"href":"https:\/\/embotitsvila.com\/ca\/wp-json\/wp\/v2\/product_tag?post=15457"}],"curies":[{"name":"wp","href":"https:\/\/api.w.org\/{rel}","templated":true}]}}