{"id":15466,"date":"2023-04-01T16:53:52","date_gmt":"2023-04-01T14:53:52","guid":{"rendered":"https:\/\/embotitsvila.com\/productos\/longaniza-payes-300-gr\/"},"modified":"2023-04-19T08:33:42","modified_gmt":"2023-04-19T06:33:42","slug":"longaniza-payes-300-gr","status":"publish","type":"product","link":"https:\/\/embotitsvila.com\/ca\/productos\/longaniza-payes-300-gr\/","title":{"rendered":"Llonganissa Extra Pag\u00e8s 300g \/ 500g"},"content":{"rendered":"","protected":false},"excerpt":{"rendered":"<p>Llonganissa Pag\u00e8s, elaborada amb carn de porc de m\u00e0xima qualitat, de curaci\u00f3 lenta i sabor molt gust\u00f3s.<\/p>\n<p><img decoding=\"async\" loading=\"lazy\" class=\"alignnone wp-image-14776 size-full\" src=\"https:\/\/embotitsvila.com\/wp-content\/uploads\/2023\/04\/1.jpg\" alt=\"\" width=\"989\" height=\"324\" srcset=\"https:\/\/embotitsvila.com\/wp-content\/uploads\/2023\/04\/1.jpg 989w, https:\/\/embotitsvila.com\/wp-content\/uploads\/2023\/04\/1-600x197.jpg 600w, https:\/\/embotitsvila.com\/wp-content\/uploads\/2023\/04\/1-300x98.jpg 300w, https:\/\/embotitsvila.com\/wp-content\/uploads\/2023\/04\/1-768x252.jpg 768w, https:\/\/embotitsvila.com\/wp-content\/uploads\/2023\/04\/1-800x262.jpg 800w, https:\/\/embotitsvila.com\/wp-content\/uploads\/2023\/04\/1-550x180.jpg 550w\" sizes=\"(max-width: 989px) 100vw, 989px\" \/><\/p>\n","protected":false},"featured_media":13861,"template":"","meta":[],"product_cat":[497,502],"product_tag":[],"acf":[],"yoast_head":"<!-- This site is optimized with the Yoast SEO plugin v20.5 - https:\/\/yoast.com\/wordpress\/plugins\/seo\/ -->\n<title>Llonganissa Extra Pag\u00e8s 300g \/ 500g - Embotits Artesans J.Vil\u00e0<\/title>\n<meta name=\"description\" content=\"Longaniza Payes 300gr. \/ 500gr.\" \/>\n<meta name=\"robots\" content=\"index, follow, max-snippet:-1, max-image-preview:large, max-video-preview:-1\" \/>\n<link rel=\"canonical\" href=\"https:\/\/embotitsvila.com\/ca\/productos\/longaniza-payes-300-gr\/\" \/>\n<meta property=\"og:locale\" content=\"ca_ES\" \/>\n<meta property=\"og:type\" content=\"article\" \/>\n<meta property=\"og:title\" content=\"Llonganissa Extra Pag\u00e8s 300g \/ 500g - Embotits Artesans J.Vil\u00e0\" \/>\n<meta property=\"og:description\" content=\"Longaniza Payes 300gr. \/ 500gr.\" \/>\n<meta property=\"og:url\" content=\"https:\/\/embotitsvila.com\/ca\/productos\/longaniza-payes-300-gr\/\" \/>\n<meta property=\"og:site_name\" content=\"Embotits Artesans J.Vil\u00e0\" \/>\n<meta property=\"article:modified_time\" content=\"2023-04-19T06:33:42+00:00\" \/>\n<meta property=\"og:image\" content=\"https:\/\/embotitsvila.com\/wp-content\/uploads\/2023\/04\/Longaniza-payes-300gr-embotits-vila.jpg\" \/>\n\t<meta property=\"og:image:width\" content=\"3502\" \/>\n\t<meta property=\"og:image:height\" content=\"3502\" \/>\n\t<meta property=\"og:image:type\" content=\"image\/jpeg\" \/>\n<meta name=\"twitter:card\" content=\"summary_large_image\" \/>\n<script type=\"application\/ld+json\" class=\"yoast-schema-graph\">{\"@context\":\"https:\/\/schema.org\",\"@graph\":[{\"@type\":\"WebPage\",\"@id\":\"https:\/\/embotitsvila.com\/ca\/productos\/longaniza-payes-300-gr\/\",\"url\":\"https:\/\/embotitsvila.com\/ca\/productos\/longaniza-payes-300-gr\/\",\"name\":\"Llonganissa Extra Pag\u00e8s 300g \/ 500g - Embotits Artesans J.Vil\u00e0\",\"isPartOf\":{\"@id\":\"https:\/\/embotitsvila.com\/ca\/#website\"},\"datePublished\":\"2023-04-01T14:53:52+00:00\",\"dateModified\":\"2023-04-19T06:33:42+00:00\",\"description\":\"Longaniza Payes 300gr. \/ 500gr.\",\"breadcrumb\":{\"@id\":\"https:\/\/embotitsvila.com\/ca\/productos\/longaniza-payes-300-gr\/#breadcrumb\"},\"inLanguage\":\"ca\",\"potentialAction\":[{\"@type\":\"ReadAction\",\"target\":[\"https:\/\/embotitsvila.com\/ca\/productos\/longaniza-payes-300-gr\/\"]}]},{\"@type\":\"BreadcrumbList\",\"@id\":\"https:\/\/embotitsvila.com\/ca\/productos\/longaniza-payes-300-gr\/#breadcrumb\",\"itemListElement\":[{\"@type\":\"ListItem\",\"position\":1,\"name\":\"Portada\",\"item\":\"https:\/\/embotitsvila.com\/ca\/\"},{\"@type\":\"ListItem\",\"position\":2,\"name\":\"Botiga\",\"item\":\"https:\/\/embotitsvila.com\/ca\/botiga\/\"},{\"@type\":\"ListItem\",\"position\":3,\"name\":\"Llonganissa Extra Pag\u00e8s 300g \/ 500g\"}]},{\"@type\":\"WebSite\",\"@id\":\"https:\/\/embotitsvila.com\/ca\/#website\",\"url\":\"https:\/\/embotitsvila.com\/ca\/\",\"name\":\"Embotits Artesans J.Vil\u00e0\",\"description\":\"\",\"potentialAction\":[{\"@type\":\"SearchAction\",\"target\":{\"@type\":\"EntryPoint\",\"urlTemplate\":\"https:\/\/embotitsvila.com\/ca\/?s={search_term_string}\"},\"query-input\":\"required name=search_term_string\"}],\"inLanguage\":\"ca\"}]}<\/script>\n<!-- \/ Yoast SEO plugin. -->","yoast_head_json":{"title":"Llonganissa Extra Pag\u00e8s 300g \/ 500g - Embotits Artesans J.Vil\u00e0","description":"Longaniza Payes 300gr. \/ 500gr.","robots":{"index":"index","follow":"follow","max-snippet":"max-snippet:-1","max-image-preview":"max-image-preview:large","max-video-preview":"max-video-preview:-1"},"canonical":"https:\/\/embotitsvila.com\/ca\/productos\/longaniza-payes-300-gr\/","og_locale":"ca_ES","og_type":"article","og_title":"Llonganissa Extra Pag\u00e8s 300g \/ 500g - Embotits Artesans J.Vil\u00e0","og_description":"Longaniza Payes 300gr. \/ 500gr.","og_url":"https:\/\/embotitsvila.com\/ca\/productos\/longaniza-payes-300-gr\/","og_site_name":"Embotits Artesans J.Vil\u00e0","article_modified_time":"2023-04-19T06:33:42+00:00","og_image":[{"width":3502,"height":3502,"url":"https:\/\/embotitsvila.com\/wp-content\/uploads\/2023\/04\/Longaniza-payes-300gr-embotits-vila.jpg","type":"image\/jpeg"}],"twitter_card":"summary_large_image","schema":{"@context":"https:\/\/schema.org","@graph":[{"@type":"WebPage","@id":"https:\/\/embotitsvila.com\/ca\/productos\/longaniza-payes-300-gr\/","url":"https:\/\/embotitsvila.com\/ca\/productos\/longaniza-payes-300-gr\/","name":"Llonganissa Extra Pag\u00e8s 300g \/ 500g - Embotits Artesans J.Vil\u00e0","isPartOf":{"@id":"https:\/\/embotitsvila.com\/ca\/#website"},"datePublished":"2023-04-01T14:53:52+00:00","dateModified":"2023-04-19T06:33:42+00:00","description":"Longaniza Payes 300gr. \/ 500gr.","breadcrumb":{"@id":"https:\/\/embotitsvila.com\/ca\/productos\/longaniza-payes-300-gr\/#breadcrumb"},"inLanguage":"ca","potentialAction":[{"@type":"ReadAction","target":["https:\/\/embotitsvila.com\/ca\/productos\/longaniza-payes-300-gr\/"]}]},{"@type":"BreadcrumbList","@id":"https:\/\/embotitsvila.com\/ca\/productos\/longaniza-payes-300-gr\/#breadcrumb","itemListElement":[{"@type":"ListItem","position":1,"name":"Portada","item":"https:\/\/embotitsvila.com\/ca\/"},{"@type":"ListItem","position":2,"name":"Botiga","item":"https:\/\/embotitsvila.com\/ca\/botiga\/"},{"@type":"ListItem","position":3,"name":"Llonganissa Extra Pag\u00e8s 300g \/ 500g"}]},{"@type":"WebSite","@id":"https:\/\/embotitsvila.com\/ca\/#website","url":"https:\/\/embotitsvila.com\/ca\/","name":"Embotits Artesans J.Vil\u00e0","description":"","potentialAction":[{"@type":"SearchAction","target":{"@type":"EntryPoint","urlTemplate":"https:\/\/embotitsvila.com\/ca\/?s={search_term_string}"},"query-input":"required name=search_term_string"}],"inLanguage":"ca"}]}},"_links":{"self":[{"href":"https:\/\/embotitsvila.com\/ca\/wp-json\/wp\/v2\/product\/15466"}],"collection":[{"href":"https:\/\/embotitsvila.com\/ca\/wp-json\/wp\/v2\/product"}],"about":[{"href":"https:\/\/embotitsvila.com\/ca\/wp-json\/wp\/v2\/types\/product"}],"wp:featuredmedia":[{"embeddable":true,"href":"https:\/\/embotitsvila.com\/ca\/wp-json\/wp\/v2\/media\/13861"}],"wp:attachment":[{"href":"https:\/\/embotitsvila.com\/ca\/wp-json\/wp\/v2\/media?parent=15466"}],"wp:term":[{"taxonomy":"product_cat","embeddable":true,"href":"https:\/\/embotitsvila.com\/ca\/wp-json\/wp\/v2\/product_cat?post=15466"},{"taxonomy":"product_tag","embeddable":true,"href":"https:\/\/embotitsvila.com\/ca\/wp-json\/wp\/v2\/product_tag?post=15466"}],"curies":[{"name":"wp","href":"https:\/\/api.w.org\/{rel}","templated":true}]}}