{"id":15478,"date":"2023-04-01T08:36:31","date_gmt":"2023-04-01T06:36:31","guid":{"rendered":"https:\/\/embotitsvila.com\/productos\/fuet-embotits-vila-150gr\/"},"modified":"2023-04-19T08:01:27","modified_gmt":"2023-04-19T06:01:27","slug":"fuet-embotits-vila-150gr","status":"publish","type":"product","link":"https:\/\/embotitsvila.com\/ca\/productos\/fuet-embotits-vila-150gr\/","title":{"rendered":"Fuet 150g"},"content":{"rendered":"<section class=\"wpb-content-wrapper\"><p>[vc_row full_width=&#8221;stretch_row_content&#8221;][vc_column width=&#8221;1\/6&#8243;][\/vc_column][vc_column width=&#8221;2\/3&#8243;][vc_tta_accordion active_section=&#8221;1&#8243;][vc_tta_section title=&#8221;Sabores y referencias&#8221; tab_id=&#8221;1&#8243;][vc_single_image image=&#8221;15172&#8243; img_size=&#8221;2008&#215;1516&#8243;][\/vc_tta_section][vc_tta_section title=&#8221;Im\u00e1genes Fuet 150g&#8221; tab_id=&#8221;1681299666417-c20fd2d4-92bb&#8221;][vc_gallery type=&#8221;image_grid&#8221; images=&#8221;14601,14597,14593,14589,14585,14581,14577,14573,14569,14565,14561,14557,14553,14549,14545,14541,14537,14533,14529&#8243;][\/vc_tta_section][vc_tta_section title=&#8221;Im\u00e1genes Fuet 150g Flowpack&#8221; tab_id=&#8221;1681299713413-d3ca9ab9-36e1&#8243;][vc_gallery type=&#8221;image_grid&#8221; images=&#8221;15184,15188,15192,15196,15200,15204,15208,15212,15216,15220,15224,15228,15232,15236,15240,15244,15248,15252,15256&#8243;][\/vc_tta_section][\/vc_tta_accordion][\/vc_column][vc_column width=&#8221;1\/6&#8243;][\/vc_column][\/vc_row]<\/p>\n<\/section>","protected":false},"excerpt":{"rendered":"<div class=\"woocommerce-product-details__short-description\">\n<div class=\"five columns omega\">\n<p>A Embotits Artesans J.Vil\u00e0 hem combinat el fuet tradicional Catal\u00e0 amb nous ingredients (esp\u00e8cies, fruits, formatges, bolets etc\u2026) aconseguint un gran assortiment, escull el que m\u00e9s t&#8217;agradi.<\/p>\n<\/div>\n<\/div>\n","protected":false},"featured_media":13583,"template":"","meta":[],"product_cat":[517,509],"product_tag":[],"acf":[],"yoast_head":"<!-- This site is optimized with the Yoast SEO plugin v20.5 - https:\/\/yoast.com\/wordpress\/plugins\/seo\/ -->\n<title>Fuet 150g - Embotits Artesans J.Vil\u00e0<\/title>\n<meta name=\"robots\" content=\"index, follow, max-snippet:-1, max-image-preview:large, max-video-preview:-1\" \/>\n<link rel=\"canonical\" href=\"https:\/\/embotitsvila.com\/ca\/productos\/fuet-embotits-vila-150gr\/\" \/>\n<meta property=\"og:locale\" content=\"ca_ES\" \/>\n<meta property=\"og:type\" content=\"article\" \/>\n<meta property=\"og:title\" content=\"Fuet 150g - Embotits Artesans J.Vil\u00e0\" \/>\n<meta property=\"og:description\" content=\"A Embotits Artesans J.Vil\u00e0 hem combinat el fuet tradicional Catal\u00e0 amb nous ingredients (esp\u00e8cies, fruits, formatges, bolets etc\u2026) aconseguint un gran assortiment, escull el que m\u00e9s t&#039;agradi.\" \/>\n<meta property=\"og:url\" content=\"https:\/\/embotitsvila.com\/ca\/productos\/fuet-embotits-vila-150gr\/\" \/>\n<meta property=\"og:site_name\" content=\"Embotits Artesans J.Vil\u00e0\" \/>\n<meta property=\"article:modified_time\" content=\"2023-04-19T06:01:27+00:00\" \/>\n<meta property=\"og:image\" content=\"https:\/\/embotitsvila.com\/wp-content\/uploads\/2023\/04\/fuet-150gr-embotits-vila.jpg\" \/>\n\t<meta property=\"og:image:width\" content=\"1000\" \/>\n\t<meta property=\"og:image:height\" content=\"1000\" \/>\n\t<meta property=\"og:image:type\" content=\"image\/jpeg\" \/>\n<meta name=\"twitter:card\" content=\"summary_large_image\" \/>\n<meta name=\"twitter:label1\" content=\"Temps estimat de lectura\" \/>\n\t<meta name=\"twitter:data1\" content=\"1 minut\" \/>\n<script type=\"application\/ld+json\" class=\"yoast-schema-graph\">{\"@context\":\"https:\/\/schema.org\",\"@graph\":[{\"@type\":\"WebPage\",\"@id\":\"https:\/\/embotitsvila.com\/ca\/productos\/fuet-embotits-vila-150gr\/\",\"url\":\"https:\/\/embotitsvila.com\/ca\/productos\/fuet-embotits-vila-150gr\/\",\"name\":\"Fuet 150g - Embotits Artesans J.Vil\u00e0\",\"isPartOf\":{\"@id\":\"https:\/\/embotitsvila.com\/ca\/#website\"},\"datePublished\":\"2023-04-01T06:36:31+00:00\",\"dateModified\":\"2023-04-19T06:01:27+00:00\",\"breadcrumb\":{\"@id\":\"https:\/\/embotitsvila.com\/ca\/productos\/fuet-embotits-vila-150gr\/#breadcrumb\"},\"inLanguage\":\"ca\",\"potentialAction\":[{\"@type\":\"ReadAction\",\"target\":[\"https:\/\/embotitsvila.com\/ca\/productos\/fuet-embotits-vila-150gr\/\"]}]},{\"@type\":\"BreadcrumbList\",\"@id\":\"https:\/\/embotitsvila.com\/ca\/productos\/fuet-embotits-vila-150gr\/#breadcrumb\",\"itemListElement\":[{\"@type\":\"ListItem\",\"position\":1,\"name\":\"Portada\",\"item\":\"https:\/\/embotitsvila.com\/ca\/\"},{\"@type\":\"ListItem\",\"position\":2,\"name\":\"Botiga\",\"item\":\"https:\/\/embotitsvila.com\/ca\/botiga\/\"},{\"@type\":\"ListItem\",\"position\":3,\"name\":\"Fuet 150g\"}]},{\"@type\":\"WebSite\",\"@id\":\"https:\/\/embotitsvila.com\/ca\/#website\",\"url\":\"https:\/\/embotitsvila.com\/ca\/\",\"name\":\"Embotits Artesans J.Vil\u00e0\",\"description\":\"\",\"potentialAction\":[{\"@type\":\"SearchAction\",\"target\":{\"@type\":\"EntryPoint\",\"urlTemplate\":\"https:\/\/embotitsvila.com\/ca\/?s={search_term_string}\"},\"query-input\":\"required name=search_term_string\"}],\"inLanguage\":\"ca\"}]}<\/script>\n<!-- \/ Yoast SEO plugin. -->","yoast_head_json":{"title":"Fuet 150g - Embotits Artesans J.Vil\u00e0","robots":{"index":"index","follow":"follow","max-snippet":"max-snippet:-1","max-image-preview":"max-image-preview:large","max-video-preview":"max-video-preview:-1"},"canonical":"https:\/\/embotitsvila.com\/ca\/productos\/fuet-embotits-vila-150gr\/","og_locale":"ca_ES","og_type":"article","og_title":"Fuet 150g - Embotits Artesans J.Vil\u00e0","og_description":"A Embotits Artesans J.Vil\u00e0 hem combinat el fuet tradicional Catal\u00e0 amb nous ingredients (esp\u00e8cies, fruits, formatges, bolets etc\u2026) aconseguint un gran assortiment, escull el que m\u00e9s t'agradi.","og_url":"https:\/\/embotitsvila.com\/ca\/productos\/fuet-embotits-vila-150gr\/","og_site_name":"Embotits Artesans J.Vil\u00e0","article_modified_time":"2023-04-19T06:01:27+00:00","og_image":[{"width":1000,"height":1000,"url":"https:\/\/embotitsvila.com\/wp-content\/uploads\/2023\/04\/fuet-150gr-embotits-vila.jpg","type":"image\/jpeg"}],"twitter_card":"summary_large_image","twitter_misc":{"Temps estimat de lectura":"1 minut"},"schema":{"@context":"https:\/\/schema.org","@graph":[{"@type":"WebPage","@id":"https:\/\/embotitsvila.com\/ca\/productos\/fuet-embotits-vila-150gr\/","url":"https:\/\/embotitsvila.com\/ca\/productos\/fuet-embotits-vila-150gr\/","name":"Fuet 150g - Embotits Artesans J.Vil\u00e0","isPartOf":{"@id":"https:\/\/embotitsvila.com\/ca\/#website"},"datePublished":"2023-04-01T06:36:31+00:00","dateModified":"2023-04-19T06:01:27+00:00","breadcrumb":{"@id":"https:\/\/embotitsvila.com\/ca\/productos\/fuet-embotits-vila-150gr\/#breadcrumb"},"inLanguage":"ca","potentialAction":[{"@type":"ReadAction","target":["https:\/\/embotitsvila.com\/ca\/productos\/fuet-embotits-vila-150gr\/"]}]},{"@type":"BreadcrumbList","@id":"https:\/\/embotitsvila.com\/ca\/productos\/fuet-embotits-vila-150gr\/#breadcrumb","itemListElement":[{"@type":"ListItem","position":1,"name":"Portada","item":"https:\/\/embotitsvila.com\/ca\/"},{"@type":"ListItem","position":2,"name":"Botiga","item":"https:\/\/embotitsvila.com\/ca\/botiga\/"},{"@type":"ListItem","position":3,"name":"Fuet 150g"}]},{"@type":"WebSite","@id":"https:\/\/embotitsvila.com\/ca\/#website","url":"https:\/\/embotitsvila.com\/ca\/","name":"Embotits Artesans J.Vil\u00e0","description":"","potentialAction":[{"@type":"SearchAction","target":{"@type":"EntryPoint","urlTemplate":"https:\/\/embotitsvila.com\/ca\/?s={search_term_string}"},"query-input":"required name=search_term_string"}],"inLanguage":"ca"}]}},"_links":{"self":[{"href":"https:\/\/embotitsvila.com\/ca\/wp-json\/wp\/v2\/product\/15478"}],"collection":[{"href":"https:\/\/embotitsvila.com\/ca\/wp-json\/wp\/v2\/product"}],"about":[{"href":"https:\/\/embotitsvila.com\/ca\/wp-json\/wp\/v2\/types\/product"}],"wp:featuredmedia":[{"embeddable":true,"href":"https:\/\/embotitsvila.com\/ca\/wp-json\/wp\/v2\/media\/13583"}],"wp:attachment":[{"href":"https:\/\/embotitsvila.com\/ca\/wp-json\/wp\/v2\/media?parent=15478"}],"wp:term":[{"taxonomy":"product_cat","embeddable":true,"href":"https:\/\/embotitsvila.com\/ca\/wp-json\/wp\/v2\/product_cat?post=15478"},{"taxonomy":"product_tag","embeddable":true,"href":"https:\/\/embotitsvila.com\/ca\/wp-json\/wp\/v2\/product_tag?post=15478"}],"curies":[{"name":"wp","href":"https:\/\/api.w.org\/{rel}","templated":true}]}}