{"id":15491,"date":"2023-04-03T13:13:18","date_gmt":"2023-04-03T11:13:18","guid":{"rendered":"https:\/\/embotitsvila.com\/conocenos\/"},"modified":"2023-04-21T18:28:51","modified_gmt":"2023-04-21T16:28:51","slug":"about-us","status":"publish","type":"page","link":"https:\/\/embotitsvila.com\/en\/about-us\/","title":{"rendered":"Get to Know us"},"content":{"rendered":"<section class=\"wpb-content-wrapper\"><p>[vc_section full_width=&#8221;stretch_row&#8221; css=&#8221;.vc_custom_1680558115229{padding-top: 40px !important;}&#8221;][vc_row gap=&#8221;35&#8243; text_align=&#8221;center-sm-ms&#8221;][vc_column offset=&#8221;vc_col-md-6&#8243;]<div class=\"es-resp\">\t<div class=\"visible-xl\" style=\"height: 32px;\"><\/div>\t<div class=\"hidden-xl hidden-md hidden-sm hidden-ms hidden-xs\" style=\"height: 16px;\"><\/div>\t<div class=\"visible-md\" style=\"height: 16px;\"><\/div>\t<div class=\"visible-sm \" style=\"height: 16px;\"><\/div>\t<div class=\"visible-ms\" style=\"height: 16px;\"><\/div>\t<div class=\"visible-xs\" style=\"height: 16px;\"><\/div><\/div><div class=\"heading header-subheader align-left subcolor-main transform-default has-subheader theme-icon-second icon-type-hidden   vc_custom_1681927879430 heading-tag-h2\" id=\"like_sc_header_639708760\"><h6 class=\"subheader ltx-sr-id-like_sc_header_6397087601340120298 ltx-sr ltx-sr-effect-slide_from_bottom ltx-sr-el-block ltx-sr-delay-200 ltx-sr-duration-500 ltx-sr-sequences-50\">The company<\/h6><h2 data-text=\"Embotits Artesans J.Vil\u00e0 since 1984\" class=\"header ltx-sr-id-like_sc_header_6397087601896169066 ltx-sr ltx-sr-effect-fade_in ltx-sr-el-block ltx-sr-delay-0 ltx-sr-duration-1000 ltx-sr-sequences-0\">Embotits Artesans J.Vil\u00e0 since 1984<\/h2><\/div><div class=\"ltx-content-width ltx-col-align-left ltx-block-align-left\" id=\"like_sc_content_width_565597599\" style=\"max-width: 620px\"><div class=\"ltx-wrapper\">[vc_column_text]The company was founded in 1984 by Juli\u00e0 Vil\u00e0 following in the footsteps of his father Ferm\u00ed, who started out as a butcher in the town of Borrass\u00e0.<\/p>\n<p>The following generations have continued<span class=\"Apple-converted-space\">\u00a0 <\/span>in the business, bringing innovation and growth to the company.[\/vc_column_text]<\/div><\/div><div class=\"es-resp\">\t<div class=\"visible-xl\" style=\"height: 48px;\"><\/div>\t<div class=\"hidden-xl hidden-md hidden-sm hidden-ms hidden-xs\" style=\"height: 48px;\"><\/div>\t<div class=\"visible-md\" style=\"height: 24px;\"><\/div>\t<div class=\"visible-sm \" style=\"height: 24px;\"><\/div>\t<div class=\"visible-ms\" style=\"height: 24px;\"><\/div>\t<div class=\"visible-xs\" style=\"height: 24px;\"><\/div><\/div><div class=\"btn-wrap align-center\">\r\n\t<a href=\"\/en\/gallerys\"  class=\"btn  btn-lg btn-main color-hover-black align-center\" id=\"like_sc_button_215788889\">See photo gallery<\/a><\/div><div class=\"es-resp\">\t<div class=\"visible-xl\" style=\"height: 0px;\"><\/div>\t<div class=\"hidden-xl hidden-md hidden-sm hidden-ms hidden-xs\" style=\"height: 32px;\"><\/div>\t<div class=\"visible-md\" style=\"height: 64px;\"><\/div>\t<div class=\"visible-sm \" style=\"height: 64px;\"><\/div>\t<div class=\"visible-ms\" style=\"height: 64px;\"><\/div>\t<div class=\"visible-xs\" style=\"height: 64px;\"><\/div><\/div>[\/vc_column][vc_column offset=&#8221;vc_col-md-6&#8243;]<div class=\"es-resp\">\t<div class=\"visible-xl\" style=\"height: 50px;\"><\/div>\t<div class=\"hidden-xl hidden-md hidden-sm hidden-ms hidden-xs\" style=\"height: 32px;\"><\/div>\t<div class=\"visible-md\" style=\"height: 32px;\"><\/div>\t<div class=\"visible-sm \" style=\"height: 32px;\"><\/div>\t<div class=\"visible-ms\" style=\"height: 32px;\"><\/div>\t<div class=\"visible-xs\" style=\"height: 32px;\"><\/div><\/div>[vc_single_image image=&#8221;13472&#8243; img_size=&#8221;full&#8221; alignment=&#8221;center&#8221;]<div class=\"es-resp\">\t<div class=\"visible-xl\" style=\"height: 32px;\"><\/div>\t<div class=\"hidden-xl hidden-md hidden-sm hidden-ms hidden-xs\" style=\"height: 16px;\"><\/div>\t<div class=\"visible-md\" style=\"height: 16px;\"><\/div>\t<div class=\"visible-sm \" style=\"height: 16px;\"><\/div>\t<div class=\"visible-ms\" style=\"height: 16px;\"><\/div>\t<div class=\"visible-xs\" style=\"height: 16px;\"><\/div><\/div>[\/vc_column][\/vc_row][\/vc_section][vc_section full_width=&#8221;stretch_row&#8221; css=&#8221;.vc_custom_1680558115229{padding-top: 40px !important;}&#8221;][vc_row gap=&#8221;35&#8243; text_align=&#8221;center-sm-ms&#8221;][vc_column offset=&#8221;vc_col-md-6&#8243;]<div class=\"es-resp\">\t<div class=\"visible-xl\" style=\"height: 32px;\"><\/div>\t<div class=\"hidden-xl hidden-md hidden-sm hidden-ms hidden-xs\" style=\"height: 16px;\"><\/div>\t<div class=\"visible-md\" style=\"height: 16px;\"><\/div>\t<div class=\"visible-sm \" style=\"height: 16px;\"><\/div>\t<div class=\"visible-ms\" style=\"height: 16px;\"><\/div>\t<div class=\"visible-xs\" style=\"height: 16px;\"><\/div><\/div>[vc_single_image image=&#8221;14753&#8243; img_size=&#8221;full&#8221; alignment=&#8221;center&#8221;]<div class=\"es-resp\">\t<div class=\"visible-xl\" style=\"height: 32px;\"><\/div>\t<div class=\"hidden-xl hidden-md hidden-sm hidden-ms hidden-xs\" style=\"height: 16px;\"><\/div>\t<div class=\"visible-md\" style=\"height: 16px;\"><\/div>\t<div class=\"visible-sm \" style=\"height: 16px;\"><\/div>\t<div class=\"visible-ms\" style=\"height: 16px;\"><\/div>\t<div class=\"visible-xs\" style=\"height: 16px;\"><\/div><\/div>[\/vc_column][vc_column offset=&#8221;vc_col-md-6&#8243;]<div class=\"es-resp\">\t<div class=\"visible-xl\" style=\"height: 50px;\"><\/div>\t<div class=\"hidden-xl hidden-md hidden-sm hidden-ms hidden-xs\" style=\"height: 32px;\"><\/div>\t<div class=\"visible-md\" style=\"height: 32px;\"><\/div>\t<div class=\"visible-sm \" style=\"height: 32px;\"><\/div>\t<div class=\"visible-ms\" style=\"height: 32px;\"><\/div>\t<div class=\"visible-xs\" style=\"height: 32px;\"><\/div><\/div><div class=\"heading header-subheader align-left subcolor-main transform-default has-subheader theme-icon-second icon-type-hidden   vc_custom_1682085853326 heading-tag-h2\" id=\"like_sc_header_1511113253\"><h6 class=\"subheader ltx-sr-id-like_sc_header_15111132531391627202 ltx-sr ltx-sr-effect-slide_from_bottom ltx-sr-el-block ltx-sr-delay-200 ltx-sr-duration-500 ltx-sr-sequences-50\">At the moment<\/h6><h2 data-text=\"New facilities\" class=\"header ltx-sr-id-like_sc_header_1511113253272040056 ltx-sr ltx-sr-effect-fade_in ltx-sr-el-block ltx-sr-delay-0 ltx-sr-duration-1000 ltx-sr-sequences-0\">New facilities<\/h2><\/div><div class=\"ltx-content-width ltx-col-align-left ltx-block-align-left\" id=\"like_sc_content_width_349104148\" style=\"max-width: 620px\"><div class=\"ltx-wrapper\">[vc_column_text]The current factory, located in Vilamalla and inaugurated in 2019, is equipped with technology and computer equipment, which carry out quality controls throughout the production process, from the reception of raw materials, production rooms and dryers until reaching the expedition.[\/vc_column_text]<\/div><\/div><div class=\"es-resp\">\t<div class=\"visible-xl\" style=\"height: 48px;\"><\/div>\t<div class=\"hidden-xl hidden-md hidden-sm hidden-ms hidden-xs\" style=\"height: 48px;\"><\/div>\t<div class=\"visible-md\" style=\"height: 24px;\"><\/div>\t<div class=\"visible-sm \" style=\"height: 24px;\"><\/div>\t<div class=\"visible-ms\" style=\"height: 24px;\"><\/div>\t<div class=\"visible-xs\" style=\"height: 24px;\"><\/div><\/div><div class=\"btn-wrap align-center\">\r\n\t<a href=\"\/en\/gallerys\"  class=\"btn  btn-lg btn-main color-hover-black align-center\" id=\"like_sc_button_510683699\">See photo gallery<\/a><\/div><div class=\"es-resp\">\t<div class=\"visible-xl\" style=\"height: 0px;\"><\/div>\t<div class=\"hidden-xl hidden-md hidden-sm hidden-ms hidden-xs\" style=\"height: 32px;\"><\/div>\t<div class=\"visible-md\" style=\"height: 64px;\"><\/div>\t<div class=\"visible-sm \" style=\"height: 64px;\"><\/div>\t<div class=\"visible-ms\" style=\"height: 64px;\"><\/div>\t<div class=\"visible-xs\" style=\"height: 64px;\"><\/div><\/div>[\/vc_column][\/vc_row][\/vc_section][vc_row full_width=&#8221;stretch_row&#8221; parallax=&#8221;content-moving&#8221; parallax_speed_bg=&#8221;2.5&#8243; bg_overlay=&#8221;black&#8221; css=&#8221;.vc_custom_1680559722717{margin-top: 40px !important;background-image: url(https:\/\/embotitsvila.com\/wp-content\/uploads\/2019\/12\/informacion-vila.jpg?id=13474) !important;}&#8221;][vc_column]<div class=\"es-resp\">\t<div class=\"visible-xl\" style=\"height: 80px;\"><\/div>\t<div class=\"hidden-xl hidden-md hidden-sm hidden-ms hidden-xs\" style=\"height: 80px;\"><\/div>\t<div class=\"visible-md\" style=\"height: 80px;\"><\/div>\t<div class=\"visible-sm \" style=\"height: 80px;\"><\/div>\t<div class=\"visible-ms\" style=\"height: 80px;\"><\/div>\t<div class=\"visible-xs\" style=\"height: 80px;\"><\/div><\/div><div class=\"ltx-content-width ltx-col-align-center ltx-block-align-left\" id=\"like_sc_content_width_1470753874\" style=\"max-width: 650px\"><div class=\"ltx-wrapper\"><ul class=\"ltx-block-icon  ltx-icon-order-left icons-count-1 align-center ltx-icon-color-main ltx-icon-size-xl ltx-header-color-default ltx-icon-type-transparent ltx-bg-color-transparent layout-cols3 ltx-icon-only  row centered\"  id=\"like_sc_block_icon_181323673\"><li class=\" col-lg-4 col-md-4 col-sm-4 col-ms-4 col-xs-6\" ><div   class=\"in\"><span class=\"ltx-icon icon-emo_01 bg-transparent\"><\/span><\/div><\/li><\/ul><div class=\"heading header-subheader align-center color-white subcolor-main transform-default theme-icon-second icon-type-hidden heading-tag-h2\" id=\"like_sc_header_220977147\"><a href=\"\/en\/contact\"><h2 data-text=\"Request information...\" class=\"header ltx-sr-id-like_sc_header_22097714728248814 ltx-sr ltx-sr-effect-fade_in ltx-sr-el-block ltx-sr-delay-0 ltx-sr-duration-1000 ltx-sr-sequences-0 ltx-check-scroll ltx-glitch done\">Request information...<\/h2><\/a><\/div><ul class=\"ltx-block-icon  ltx-icon-order-right icons-count-1 align-center ltx-icon-color-main ltx-icon-size-xl ltx-header-color-default ltx-icon-type-transparent ltx-bg-color-transparent layout-cols3 ltx-icon-only  row centered\"  id=\"like_sc_block_icon_624944178\"><li class=\" col-lg-4 col-md-4 col-sm-4 col-ms-4 col-xs-6\" ><div   class=\"in\"><span class=\"ltx-icon icon-emo_02 bg-transparent\"><\/span><\/div><\/li><\/ul><div class=\"es-resp\">\t<div class=\"visible-xl\" style=\"height: 16px;\"><\/div>\t<div class=\"hidden-xl hidden-md hidden-sm hidden-ms hidden-xs\" style=\"height: 16px;\"><\/div>\t<div class=\"visible-md\" style=\"height: 16px;\"><\/div>\t<div class=\"visible-sm \" style=\"height: 16px;\"><\/div>\t<div class=\"visible-ms\" style=\"height: 16px;\"><\/div>\t<div class=\"visible-xs\" style=\"height: 16px;\"><\/div><\/div><div class=\"btn-wrap align-center\">\r\n\t<a href=\"\/en\/contact\"  class=\"btn  btn-lg btn-second color-hover-default align-center\" id=\"like_sc_button_1664309485\">Contact<\/a><\/div><\/div><\/div><div class=\"es-resp\">\t<div class=\"visible-xl\" style=\"height: 150px;\"><\/div>\t<div class=\"hidden-xl hidden-md hidden-sm hidden-ms hidden-xs\" style=\"height: 150px;\"><\/div>\t<div class=\"visible-md\" style=\"height: 150px;\"><\/div>\t<div class=\"visible-sm \" style=\"height: 150px;\"><\/div>\t<div class=\"visible-ms\" style=\"height: 150px;\"><\/div>\t<div class=\"visible-xs\" style=\"height: 150px;\"><\/div><\/div>[\/vc_column][\/vc_row]<\/p>\n<\/section>","protected":false},"excerpt":{"rendered":"<p>[vc_section full_width=&#8221;stretch_row&#8221; css=&#8221;.vc_custom_1680558115229{padding-top: 40px !important;}&#8221;][vc_row gap=&#8221;35&#8243; text_align=&#8221;center-sm-ms&#8221;][vc_column offset=&#8221;vc_col-md-6&#8243;][\/vc_column][vc_column offset=&#8221;vc_col-md-6&#8243;][vc_single_image image=&#8221;13472&#8243; img_size=&#8221;full&#8221; alignment=&#8221;center&#8221;][\/vc_column][\/vc_row][\/vc_section][vc_section full_width=&#8221;stretch_row&#8221; css=&#8221;.vc_custom_1680558115229{padding-top: 40px !important;}&#8221;][vc_row gap=&#8221;35&#8243; text_align=&#8221;center-sm-ms&#8221;][vc_column offset=&#8221;vc_col-md-6&#8243;][vc_single_image image=&#8221;14753&#8243; img_size=&#8221;full&#8221; alignment=&#8221;center&#8221;][\/vc_column][vc_column offset=&#8221;vc_col-md-6&#8243;][\/vc_column][\/vc_row][\/vc_section][vc_row full_width=&#8221;stretch_row&#8221; parallax=&#8221;content-moving&#8221; parallax_speed_bg=&#8221;2.5&#8243; bg_overlay=&#8221;black&#8221; css=&#8221;.vc_custom_1680559722717{margin-top: 40px !important;background-image: url(https:\/\/embotitsvila.com\/wp-content\/uploads\/2019\/12\/informacion-vila.jpg?id=13474) !important;}&#8221;][vc_column][\/vc_column][\/vc_row]<\/p>\n","protected":false},"author":2,"featured_media":0,"parent":0,"menu_order":120,"comment_status":"closed","ping_status":"closed","template":"","meta":[],"acf":[],"yoast_head":"<!-- This site is optimized with the Yoast SEO plugin v20.5 - https:\/\/yoast.com\/wordpress\/plugins\/seo\/ -->\n<title>Get to Know us - Embotits Artesans J.Vil\u00e0<\/title>\n<meta name=\"robots\" content=\"index, follow, max-snippet:-1, max-image-preview:large, max-video-preview:-1\" \/>\n<link rel=\"canonical\" href=\"https:\/\/embotitsvila.com\/en\/about-us\/\" \/>\n<meta property=\"og:locale\" content=\"en_US\" \/>\n<meta property=\"og:type\" content=\"article\" \/>\n<meta property=\"og:title\" content=\"Get to Know us - Embotits Artesans J.Vil\u00e0\" \/>\n<meta property=\"og:description\" content=\"[vc_section full_width=&#8221;stretch_row&#8221; css=&#8221;.vc_custom_1680558115229{padding-top: 40px !important;}&#8221;][vc_row gap=&#8221;35&#8243; text_align=&#8221;center-sm-ms&#8221;][vc_column offset=&#8221;vc_col-md-6&#8243;][\/vc_column][vc_column offset=&#8221;vc_col-md-6&#8243;][vc_single_image image=&#8221;13472&#8243; img_size=&#8221;full&#8221; alignment=&#8221;center&#8221;][\/vc_column][\/vc_row][\/vc_section][vc_section full_width=&#8221;stretch_row&#8221; css=&#8221;.vc_custom_1680558115229{padding-top: 40px !important;}&#8221;][vc_row gap=&#8221;35&#8243; text_align=&#8221;center-sm-ms&#8221;][vc_column offset=&#8221;vc_col-md-6&#8243;][vc_single_image image=&#8221;14753&#8243; img_size=&#8221;full&#8221; alignment=&#8221;center&#8221;][\/vc_column][vc_column offset=&#8221;vc_col-md-6&#8243;][\/vc_column][\/vc_row][\/vc_section][vc_row full_width=&#8221;stretch_row&#8221; parallax=&#8221;content-moving&#8221; parallax_speed_bg=&#8221;2.5&#8243; bg_overlay=&#8221;black&#8221; css=&#8221;.vc_custom_1680559722717{margin-top: 40px !important;background-image: url(https:\/\/embotitsvila.com\/wp-content\/uploads\/2019\/12\/informacion-vila.jpg?id=13474) !important;}&#8221;][vc_column][\/vc_column][\/vc_row]\" \/>\n<meta property=\"og:url\" content=\"https:\/\/embotitsvila.com\/en\/about-us\/\" \/>\n<meta property=\"og:site_name\" content=\"Embotits Artesans J.Vil\u00e0\" \/>\n<meta property=\"article:modified_time\" content=\"2023-04-21T16:28:51+00:00\" \/>\n<meta name=\"twitter:card\" content=\"summary_large_image\" \/>\n<meta name=\"twitter:label1\" content=\"Est. reading time\" \/>\n\t<meta name=\"twitter:data1\" content=\"1 minute\" \/>\n<script type=\"application\/ld+json\" class=\"yoast-schema-graph\">{\"@context\":\"https:\/\/schema.org\",\"@graph\":[{\"@type\":\"WebPage\",\"@id\":\"https:\/\/embotitsvila.com\/en\/about-us\/\",\"url\":\"https:\/\/embotitsvila.com\/en\/about-us\/\",\"name\":\"Get to Know us - Embotits Artesans J.Vil\u00e0\",\"isPartOf\":{\"@id\":\"https:\/\/embotitsvila.com\/en\/#website\"},\"datePublished\":\"2023-04-03T11:13:18+00:00\",\"dateModified\":\"2023-04-21T16:28:51+00:00\",\"breadcrumb\":{\"@id\":\"https:\/\/embotitsvila.com\/en\/about-us\/#breadcrumb\"},\"inLanguage\":\"en-US\",\"potentialAction\":[{\"@type\":\"ReadAction\",\"target\":[\"https:\/\/embotitsvila.com\/en\/about-us\/\"]}]},{\"@type\":\"BreadcrumbList\",\"@id\":\"https:\/\/embotitsvila.com\/en\/about-us\/#breadcrumb\",\"itemListElement\":[{\"@type\":\"ListItem\",\"position\":1,\"name\":\"Portada\",\"item\":\"https:\/\/embotitsvila.com\/en\/\"},{\"@type\":\"ListItem\",\"position\":2,\"name\":\"Get to Know us\"}]},{\"@type\":\"WebSite\",\"@id\":\"https:\/\/embotitsvila.com\/en\/#website\",\"url\":\"https:\/\/embotitsvila.com\/en\/\",\"name\":\"Embotits Artesans J.Vil\u00e0\",\"description\":\"\",\"potentialAction\":[{\"@type\":\"SearchAction\",\"target\":{\"@type\":\"EntryPoint\",\"urlTemplate\":\"https:\/\/embotitsvila.com\/en\/?s={search_term_string}\"},\"query-input\":\"required name=search_term_string\"}],\"inLanguage\":\"en-US\"}]}<\/script>\n<!-- \/ Yoast SEO plugin. -->","yoast_head_json":{"title":"Get to Know us - Embotits Artesans J.Vil\u00e0","robots":{"index":"index","follow":"follow","max-snippet":"max-snippet:-1","max-image-preview":"max-image-preview:large","max-video-preview":"max-video-preview:-1"},"canonical":"https:\/\/embotitsvila.com\/en\/about-us\/","og_locale":"en_US","og_type":"article","og_title":"Get to Know us - Embotits Artesans J.Vil\u00e0","og_description":"[vc_section full_width=&#8221;stretch_row&#8221; css=&#8221;.vc_custom_1680558115229{padding-top: 40px !important;}&#8221;][vc_row gap=&#8221;35&#8243; text_align=&#8221;center-sm-ms&#8221;][vc_column offset=&#8221;vc_col-md-6&#8243;][\/vc_column][vc_column offset=&#8221;vc_col-md-6&#8243;][vc_single_image image=&#8221;13472&#8243; img_size=&#8221;full&#8221; alignment=&#8221;center&#8221;][\/vc_column][\/vc_row][\/vc_section][vc_section full_width=&#8221;stretch_row&#8221; css=&#8221;.vc_custom_1680558115229{padding-top: 40px !important;}&#8221;][vc_row gap=&#8221;35&#8243; text_align=&#8221;center-sm-ms&#8221;][vc_column offset=&#8221;vc_col-md-6&#8243;][vc_single_image image=&#8221;14753&#8243; img_size=&#8221;full&#8221; alignment=&#8221;center&#8221;][\/vc_column][vc_column offset=&#8221;vc_col-md-6&#8243;][\/vc_column][\/vc_row][\/vc_section][vc_row full_width=&#8221;stretch_row&#8221; parallax=&#8221;content-moving&#8221; parallax_speed_bg=&#8221;2.5&#8243; bg_overlay=&#8221;black&#8221; css=&#8221;.vc_custom_1680559722717{margin-top: 40px !important;background-image: url(https:\/\/embotitsvila.com\/wp-content\/uploads\/2019\/12\/informacion-vila.jpg?id=13474) !important;}&#8221;][vc_column][\/vc_column][\/vc_row]","og_url":"https:\/\/embotitsvila.com\/en\/about-us\/","og_site_name":"Embotits Artesans J.Vil\u00e0","article_modified_time":"2023-04-21T16:28:51+00:00","twitter_card":"summary_large_image","twitter_misc":{"Est. reading time":"1 minute"},"schema":{"@context":"https:\/\/schema.org","@graph":[{"@type":"WebPage","@id":"https:\/\/embotitsvila.com\/en\/about-us\/","url":"https:\/\/embotitsvila.com\/en\/about-us\/","name":"Get to Know us - Embotits Artesans J.Vil\u00e0","isPartOf":{"@id":"https:\/\/embotitsvila.com\/en\/#website"},"datePublished":"2023-04-03T11:13:18+00:00","dateModified":"2023-04-21T16:28:51+00:00","breadcrumb":{"@id":"https:\/\/embotitsvila.com\/en\/about-us\/#breadcrumb"},"inLanguage":"en-US","potentialAction":[{"@type":"ReadAction","target":["https:\/\/embotitsvila.com\/en\/about-us\/"]}]},{"@type":"BreadcrumbList","@id":"https:\/\/embotitsvila.com\/en\/about-us\/#breadcrumb","itemListElement":[{"@type":"ListItem","position":1,"name":"Portada","item":"https:\/\/embotitsvila.com\/en\/"},{"@type":"ListItem","position":2,"name":"Get to Know us"}]},{"@type":"WebSite","@id":"https:\/\/embotitsvila.com\/en\/#website","url":"https:\/\/embotitsvila.com\/en\/","name":"Embotits Artesans J.Vil\u00e0","description":"","potentialAction":[{"@type":"SearchAction","target":{"@type":"EntryPoint","urlTemplate":"https:\/\/embotitsvila.com\/en\/?s={search_term_string}"},"query-input":"required name=search_term_string"}],"inLanguage":"en-US"}]}},"_links":{"self":[{"href":"https:\/\/embotitsvila.com\/en\/wp-json\/wp\/v2\/pages\/15491"}],"collection":[{"href":"https:\/\/embotitsvila.com\/en\/wp-json\/wp\/v2\/pages"}],"about":[{"href":"https:\/\/embotitsvila.com\/en\/wp-json\/wp\/v2\/types\/page"}],"author":[{"embeddable":true,"href":"https:\/\/embotitsvila.com\/en\/wp-json\/wp\/v2\/users\/2"}],"replies":[{"embeddable":true,"href":"https:\/\/embotitsvila.com\/en\/wp-json\/wp\/v2\/comments?post=15491"}],"version-history":[{"count":12,"href":"https:\/\/embotitsvila.com\/en\/wp-json\/wp\/v2\/pages\/15491\/revisions"}],"predecessor-version":[{"id":16863,"href":"https:\/\/embotitsvila.com\/en\/wp-json\/wp\/v2\/pages\/15491\/revisions\/16863"}],"wp:attachment":[{"href":"https:\/\/embotitsvila.com\/en\/wp-json\/wp\/v2\/media?parent=15491"}],"curies":[{"name":"wp","href":"https:\/\/api.w.org\/{rel}","templated":true}]}}