{"id":13012,"date":"2023-03-28T14:38:18","date_gmt":"2023-03-28T14:38:18","guid":{"rendered":"https:\/\/embotitsvila.panelserver.org\/?page_id=13012"},"modified":"2023-04-03T17:23:45","modified_gmt":"2023-04-03T17:23:45","slug":"politica-de-cookies","status":"publish","type":"page","link":"https:\/\/embotitsvila.com\/es\/politica-de-cookies\/","title":{"rendered":"Pol\u00edtica de Cookies"},"content":{"rendered":"<section class=\"wpb-content-wrapper\"><p>[vc_row][vc_column][vc_column_text]En relaci\u00f3n a las <em>cookies<\/em> durante la navegaci\u00f3n. Una cookie (o galleta inform\u00e1tica) es una peque\u00f1a informaci\u00f3n enviada por un sitio web y almacenada en el navegador del usuario, de modo que el sitio web puede consultar la actividad previa del usuario.<\/p>\n<p>Sus principales funciones son: Llevar el control de usuarios: cuando un usuario introduce su nombre de usuario y contrase\u00f1a, se almacena una cookie para que no tenga que estar introduci\u00e9ndolas para cada p\u00e1gina del servidor. Sin embargo, una galleta no identifica s\u00f3lo a una persona, sino a una combinaci\u00f3n de ordenador \u2013 navegador \u2013 usuario. Conseguir informaci\u00f3n sobre los h\u00e1bitos de navegaci\u00f3n del usuario, entre otros.<\/p>\n<h4>ESTA WEB UTILIZA COOKIES PROPIAS<\/h4>\n<table>\n<tbody>\n<tr>\n<td width=\"210\"><strong>Tipo de\u00a0<em>cookie<\/em><\/strong><\/td>\n<td width=\"200\"><strong>Finalidad<\/strong><\/td>\n<td width=\"200\"><strong>Duraci\u00f3n<\/strong><\/td>\n<\/tr>\n<tr>\n<td><strong>wordpress_<\/strong><\/td>\n<td>Recordatorio de Sesi\u00f3n<\/td>\n<td>Sesi\u00f3n<\/td>\n<\/tr>\n<tr>\n<td><strong>wordpress_logged_in_<\/strong><\/td>\n<td>Recordatorio de Sesi\u00f3n<\/td>\n<td>Sesi\u00f3n<\/td>\n<\/tr>\n<tr>\n<td><strong>wordpress_test_<\/strong><\/td>\n<td>Recordatorio de Sesi\u00f3n<\/td>\n<td>Sesi\u00f3n<\/td>\n<\/tr>\n<tr>\n<td><strong>wordpress_test_cookie<\/strong><\/td>\n<td>WordPress Test Cookies<\/td>\n<td>Sesi\u00f3n<\/td>\n<\/tr>\n<tr>\n<td><strong>wp-settings-[UID]<\/strong><\/td>\n<td>Se utiliza para personalizar la interfaz de usuario.<\/td>\n<td>1 a\u00f1o<\/td>\n<\/tr>\n<tr>\n<td><strong>wp-settings-time-[UID]<\/strong><\/td>\n<td>Almacena el aspecto de la interfaz de administraci\u00f3n y del sitio principal.<\/td>\n<td>1 a\u00f1o<\/td>\n<\/tr>\n<\/tbody>\n<\/table>\n<h4>COOKIES DE TERCEROS<\/h4>\n<table>\n<tbody>\n<tr>\n<td width=\"110\"><strong>Tipo de\u00a0<em>cookie<\/em><\/strong><\/td>\n<td width=\"100\"><strong>Empresa<\/strong><\/td>\n<td width=\"200\"><strong>Finalidad<\/strong><\/td>\n<td width=\"200\"><strong>M\u00e1s Informaci\u00f3n<\/strong><\/td>\n<\/tr>\n<tr>\n<td><strong>_utma<br \/>\n_utmb<br \/>\n_utmc<br \/>\n_utmz<\/strong><\/td>\n<td valign=\"top\"><strong>Google<\/strong><\/td>\n<td valign=\"top\">Navegaci\u00f3n de manera an\u00f3nima que permite saber qu\u00e9 se consulta y c\u00f3mo se navega<\/td>\n<td valign=\"top\">http:\/\/www.google.es\/intl\/es\/analytics\/privacyoverview.html<\/td>\n<\/tr>\n<\/tbody>\n<\/table>\n<h4>GESTIONAR COOKIES<\/h4>\n<p><strong>Usted puede permitir, bloquear o eliminar las cookies instaladas en su equipo<\/strong>\u00a0mediante la configuraci\u00f3n de las opciones del navegador en su ordenador. Si no est\u00e1 seguro sobre qu\u00e9 tipo y versi\u00f3n de navegador utiliza para acceder a Internet: Para Windows: click en \u2018Ayuda\u2019 en la parte superior de la ventana de su navegador y seleccione la opci\u00f3n \u2018Acerca de\u2019. Para Mac: con la venta del navegador abierta, clic en el men\u00fa de Apple y seleccione la opci\u00f3n \u2018Sobre \u2026\u2019.<\/p>\n<h4>\u00bfC\u00d3MO GESTIONAR LAS COOKIES EN TU NAVEGADOR?<\/h4>\n<h5><strong>Google Chrome<\/strong><\/h5>\n<p>Haz clic en el men\u00fa de Chrome en la barra de herramientas del navegador. Selecciona\u00a0<strong>\u201cConfiguraci\u00f3n\u201d<\/strong>. Haz clic en\u00a0<strong>\u201cMostrar opciones avanzadas \u2026\u201d<\/strong>\u00a0En la secci\u00f3n\u00a0<strong>\u201cPrivacidad\u201d<\/strong>, haga clic en el bot\u00f3n\u00a0<strong>\u201cConfiguraci\u00f3n de contenido \u2026\u201d<\/strong>. En la secci\u00f3n\u00a0<strong>\u201cCookies\u201d<\/strong>, puedes configurar las opciones que se indican a continuaci\u00f3n: Eliminar cookies, bloquear o permitir las cookies por defecto, incluir excepciones de galletas de dominios o sitios web espec\u00edficos. Para m\u00e1s detalle consulta la ayuda de Google Chrome.<\/p>\n<h5><strong>Microsoft Internet Explorer 7.0 y 8.0<\/strong><\/h5>\n<p>Haga clic en el bot\u00f3n\u00a0<strong>\u201cHerramientas\u201d<\/strong>\u00a0y despues en\u00a0<strong>\u201cOpciones de Internet\u201d<\/strong>. Haga clic en la ficha\u00a0<strong>\u201cPrivacidad\u201d<\/strong>\u00a0y, a continuaci\u00f3n, mueven el control deslizante a una posici\u00f3n intermedia entre los extremos superior e inferior, de modo que no se BLOQUE ni permitan todos los cookies. Haga clic en\u00a0<strong>\u201cSitios\u201d<\/strong>. En el cuadro\u00a0<strong>\u201cDirecci\u00f3n del sitio web\u201d<\/strong>, escriba la direcci\u00f3n de un sitio web y, despu\u00e9s, haga clic en\u00a0<strong>\u201cBloque\u201d<\/strong>\u00a0o\u00a0<strong>\u201cPermitir\u201d<\/strong>. Mientras escriba, ira apareciendo una lista de las p\u00e1ginas web que ya Haya visitadas. Si Hace clic en un elemento de la lista, se mostrar\u00e1 en el cuadro Direcci\u00f3n del sitio web. Al finalizar, haga clic en\u00a0<strong>\u201cAceptar\u201d<\/strong>. Vuelva a colocar el control deslizante en super posici\u00f3n original y haga clic en \u201cAceptar\u201d. Puedo consultar la Ayuda de Windows para m\u00e1s informaci\u00f3n.<\/p>\n<h5><strong>Mozilla Firefox<\/strong><\/h5>\n<p>Haga clic en el bot\u00f3n\u00a0<strong>\u201cHerramientas\u201d<\/strong>\u00a0y luego en\u00a0<strong>\u201cOpciones de Internet\u201d<\/strong>. Haga clic en la ficha\u00a0<strong>\u201cPrivacidad\u201d<\/strong>\u00a0y, a continuaci\u00f3n, mueva el control deslizante a una posici\u00f3n intermedia entre los extremos superior e inferior, de modo que no se bloqueen ni permitan todas las cookies. Haga clic en\u00a0<strong>\u201cSitios\u201d<\/strong>. En el cuadro\u00a0<strong>\u201cDirecci\u00f3n del sitio web\u201d<\/strong>, escriba la direcci\u00f3n de un sitio web y, despu\u00e9s, haga clic en\u00a0<strong>\u201cBloquear\u201d<\/strong>\u00a0o\u00a0<strong>\u201cPermitir\u201d<\/strong>. Mientras escriba, ir\u00e1 apareciendo una lista de las p\u00e1ginas web que ya haya visitado. Si hace clic en un elemento de la lista, se mostrar\u00e1 en el cuadro Direcci\u00f3n del sitio web. Al finalizar, haga clic en\u00a0<strong>\u201cAceptar\u201d<\/strong>. Vuelva a colocar el control deslizante en su posici\u00f3n original y haga clic en \u201cAceptar\u201d. Puedes consultar la ayuda de Windows para m\u00e1s informaci\u00f3n.<\/p>\n<h5><strong>Safari<\/strong><\/h5>\n<p>Haga clic en\u00a0<strong>\u201cSafari\u201d<\/strong>\u00a0en la parte superior de la ventana de su navegador y seleccione la opci\u00f3n\u00a0<strong>\u2018Preferencias\u2019<\/strong>. Haga clic en\u00a0<strong>\u201cPrivacidad\u201d<\/strong>. En el apartado\u00a0<strong>\u201cBloquear cookies\u201d<\/strong>\u00a0seleccione una de las siguientes opciones seg\u00fan le interese:\u00a0<strong>\u201cDe publicidad y terceros\u201d<\/strong>,\u00a0<strong>\u201cSiempre\u201d<\/strong>, o\u00a0<strong>\u201cNunca\u201d<\/strong>.<\/p>\n<h5><strong>Opera<\/strong><\/h5>\n<p>Haga clic en\u00a0<strong>\u201cConfiguraci\u00f3n\u201d<\/strong>\u00a0en la parte superior de la ventana del navegador y seleccione\u00a0<strong>\u2018Opciones\u2019<\/strong>. A continuaci\u00f3n seleccione la pesta\u00f1a\u00a0<strong>\u201cAvanzado\u201d<\/strong>\u00a0y en la lista de la izquierda seleccionar\u00a0<strong>\u201cGalletas\u201d<\/strong>. A continuaci\u00f3n, seleccione\u00a0<strong>\u201cAceptar cookies\u201d<\/strong>. Dispone de tres opciones seg\u00fan su preferencia:\u00a0<strong>\u201cAceptar cookies\u201d<\/strong>.[\/vc_column_text][\/vc_column][\/vc_row]<\/p>\n<\/section>","protected":false},"excerpt":{"rendered":"<p>[vc_row][vc_column][vc_column_text]En relaci\u00f3n a las cookies durante la navegaci\u00f3n. Una cookie (o galleta inform\u00e1tica) es una peque\u00f1a informaci\u00f3n enviada por un sitio web y almacenada en el navegador del usuario, de modo que el sitio web puede consultar la actividad previa del usuario. Sus principales funciones son: Llevar el control de usuarios: cuando un usuario introduce su nombre de usuario y contrase\u00f1a, se almacena una cookie para que no tenga que estar introduci\u00e9ndolas para cada p\u00e1gina del servidor. Sin embargo, una galleta no identifica s\u00f3lo a una persona, sino a una combinaci\u00f3n de ordenador \u2013 navegador \u2013 usuario. Conseguir informaci\u00f3n sobre los h\u00e1bitos de navegaci\u00f3n del usuario, entre otros. ESTA WEB UTILIZA COOKIES PROPIAS Tipo de\u00a0cookie Finalidad Duraci\u00f3n wordpress_ Recordatorio de Sesi\u00f3n Sesi\u00f3n wordpress_logged_in_ Recordatorio de Sesi\u00f3n Sesi\u00f3n wordpress_test_ Recordatorio de Sesi\u00f3n Sesi\u00f3n wordpress_test_cookie WordPress Test Cookies Sesi\u00f3n wp-settings-[UID] Se utiliza [&hellip;]<\/p>\n","protected":false},"author":2,"featured_media":0,"parent":0,"menu_order":5200,"comment_status":"closed","ping_status":"closed","template":"page-templates\/full-width.php","meta":[],"acf":[],"yoast_head":"<!-- This site is optimized with the Yoast SEO plugin v20.5 - https:\/\/yoast.com\/wordpress\/plugins\/seo\/ -->\n<title>Pol\u00edtica de Cookies - Embotits Artesans J.Vil\u00e0<\/title>\n<meta name=\"robots\" content=\"index, follow, max-snippet:-1, max-image-preview:large, max-video-preview:-1\" \/>\n<link rel=\"canonical\" href=\"https:\/\/embotitsvila.com\/es\/politica-de-cookies\/\" \/>\n<meta property=\"og:locale\" content=\"es_ES\" \/>\n<meta property=\"og:type\" content=\"article\" \/>\n<meta property=\"og:title\" content=\"Pol\u00edtica de Cookies - Embotits Artesans J.Vil\u00e0\" \/>\n<meta property=\"og:description\" content=\"[vc_row][vc_column][vc_column_text]En relaci\u00f3n a las cookies durante la navegaci\u00f3n. Una cookie (o galleta inform\u00e1tica) es una peque\u00f1a informaci\u00f3n enviada por un sitio web y almacenada en el navegador del usuario, de modo que el sitio web puede consultar la actividad previa del usuario. Sus principales funciones son: Llevar el control de usuarios: cuando un usuario introduce su nombre de usuario y contrase\u00f1a, se almacena una cookie para que no tenga que estar introduci\u00e9ndolas para cada p\u00e1gina del servidor. Sin embargo, una galleta no identifica s\u00f3lo a una persona, sino a una combinaci\u00f3n de ordenador \u2013 navegador \u2013 usuario. Conseguir informaci\u00f3n sobre los h\u00e1bitos de navegaci\u00f3n del usuario, entre otros. ESTA WEB UTILIZA COOKIES PROPIAS Tipo de\u00a0cookie Finalidad Duraci\u00f3n wordpress_ Recordatorio de Sesi\u00f3n Sesi\u00f3n wordpress_logged_in_ Recordatorio de Sesi\u00f3n Sesi\u00f3n wordpress_test_ Recordatorio de Sesi\u00f3n Sesi\u00f3n wordpress_test_cookie WordPress Test Cookies Sesi\u00f3n wp-settings-[UID] Se utiliza [&hellip;]\" \/>\n<meta property=\"og:url\" content=\"https:\/\/embotitsvila.com\/es\/politica-de-cookies\/\" \/>\n<meta property=\"og:site_name\" content=\"Embotits Artesans J.Vil\u00e0\" \/>\n<meta property=\"article:modified_time\" content=\"2023-04-03T17:23:45+00:00\" \/>\n<meta name=\"twitter:card\" content=\"summary_large_image\" \/>\n<meta name=\"twitter:label1\" content=\"Tiempo de lectura\" \/>\n\t<meta name=\"twitter:data1\" content=\"1 minuto\" \/>\n<script type=\"application\/ld+json\" class=\"yoast-schema-graph\">{\"@context\":\"https:\/\/schema.org\",\"@graph\":[{\"@type\":\"WebPage\",\"@id\":\"https:\/\/embotitsvila.com\/es\/politica-de-cookies\/\",\"url\":\"https:\/\/embotitsvila.com\/es\/politica-de-cookies\/\",\"name\":\"Pol\u00edtica de Cookies - Embotits Artesans J.Vil\u00e0\",\"isPartOf\":{\"@id\":\"https:\/\/embotitsvila.com\/es\/#website\"},\"datePublished\":\"2023-03-28T14:38:18+00:00\",\"dateModified\":\"2023-04-03T17:23:45+00:00\",\"breadcrumb\":{\"@id\":\"https:\/\/embotitsvila.com\/es\/politica-de-cookies\/#breadcrumb\"},\"inLanguage\":\"es\",\"potentialAction\":[{\"@type\":\"ReadAction\",\"target\":[\"https:\/\/embotitsvila.com\/es\/politica-de-cookies\/\"]}]},{\"@type\":\"BreadcrumbList\",\"@id\":\"https:\/\/embotitsvila.com\/es\/politica-de-cookies\/#breadcrumb\",\"itemListElement\":[{\"@type\":\"ListItem\",\"position\":1,\"name\":\"Portada\",\"item\":\"https:\/\/embotitsvila.com\/es\/\"},{\"@type\":\"ListItem\",\"position\":2,\"name\":\"Pol\u00edtica de Cookies\"}]},{\"@type\":\"WebSite\",\"@id\":\"https:\/\/embotitsvila.com\/es\/#website\",\"url\":\"https:\/\/embotitsvila.com\/es\/\",\"name\":\"Embotits Artesans J.Vil\u00e0\",\"description\":\"\",\"potentialAction\":[{\"@type\":\"SearchAction\",\"target\":{\"@type\":\"EntryPoint\",\"urlTemplate\":\"https:\/\/embotitsvila.com\/es\/?s={search_term_string}\"},\"query-input\":\"required name=search_term_string\"}],\"inLanguage\":\"es\"}]}<\/script>\n<!-- \/ Yoast SEO plugin. -->","yoast_head_json":{"title":"Pol\u00edtica de Cookies - Embotits Artesans J.Vil\u00e0","robots":{"index":"index","follow":"follow","max-snippet":"max-snippet:-1","max-image-preview":"max-image-preview:large","max-video-preview":"max-video-preview:-1"},"canonical":"https:\/\/embotitsvila.com\/es\/politica-de-cookies\/","og_locale":"es_ES","og_type":"article","og_title":"Pol\u00edtica de Cookies - Embotits Artesans J.Vil\u00e0","og_description":"[vc_row][vc_column][vc_column_text]En relaci\u00f3n a las cookies durante la navegaci\u00f3n. Una cookie (o galleta inform\u00e1tica) es una peque\u00f1a informaci\u00f3n enviada por un sitio web y almacenada en el navegador del usuario, de modo que el sitio web puede consultar la actividad previa del usuario. Sus principales funciones son: Llevar el control de usuarios: cuando un usuario introduce su nombre de usuario y contrase\u00f1a, se almacena una cookie para que no tenga que estar introduci\u00e9ndolas para cada p\u00e1gina del servidor. Sin embargo, una galleta no identifica s\u00f3lo a una persona, sino a una combinaci\u00f3n de ordenador \u2013 navegador \u2013 usuario. Conseguir informaci\u00f3n sobre los h\u00e1bitos de navegaci\u00f3n del usuario, entre otros. ESTA WEB UTILIZA COOKIES PROPIAS Tipo de\u00a0cookie Finalidad Duraci\u00f3n wordpress_ Recordatorio de Sesi\u00f3n Sesi\u00f3n wordpress_logged_in_ Recordatorio de Sesi\u00f3n Sesi\u00f3n wordpress_test_ Recordatorio de Sesi\u00f3n Sesi\u00f3n wordpress_test_cookie WordPress Test Cookies Sesi\u00f3n wp-settings-[UID] Se utiliza [&hellip;]","og_url":"https:\/\/embotitsvila.com\/es\/politica-de-cookies\/","og_site_name":"Embotits Artesans J.Vil\u00e0","article_modified_time":"2023-04-03T17:23:45+00:00","twitter_card":"summary_large_image","twitter_misc":{"Tiempo de lectura":"1 minuto"},"schema":{"@context":"https:\/\/schema.org","@graph":[{"@type":"WebPage","@id":"https:\/\/embotitsvila.com\/es\/politica-de-cookies\/","url":"https:\/\/embotitsvila.com\/es\/politica-de-cookies\/","name":"Pol\u00edtica de Cookies - Embotits Artesans J.Vil\u00e0","isPartOf":{"@id":"https:\/\/embotitsvila.com\/es\/#website"},"datePublished":"2023-03-28T14:38:18+00:00","dateModified":"2023-04-03T17:23:45+00:00","breadcrumb":{"@id":"https:\/\/embotitsvila.com\/es\/politica-de-cookies\/#breadcrumb"},"inLanguage":"es","potentialAction":[{"@type":"ReadAction","target":["https:\/\/embotitsvila.com\/es\/politica-de-cookies\/"]}]},{"@type":"BreadcrumbList","@id":"https:\/\/embotitsvila.com\/es\/politica-de-cookies\/#breadcrumb","itemListElement":[{"@type":"ListItem","position":1,"name":"Portada","item":"https:\/\/embotitsvila.com\/es\/"},{"@type":"ListItem","position":2,"name":"Pol\u00edtica de Cookies"}]},{"@type":"WebSite","@id":"https:\/\/embotitsvila.com\/es\/#website","url":"https:\/\/embotitsvila.com\/es\/","name":"Embotits Artesans J.Vil\u00e0","description":"","potentialAction":[{"@type":"SearchAction","target":{"@type":"EntryPoint","urlTemplate":"https:\/\/embotitsvila.com\/es\/?s={search_term_string}"},"query-input":"required name=search_term_string"}],"inLanguage":"es"}]}},"_links":{"self":[{"href":"https:\/\/embotitsvila.com\/es\/wp-json\/wp\/v2\/pages\/13012"}],"collection":[{"href":"https:\/\/embotitsvila.com\/es\/wp-json\/wp\/v2\/pages"}],"about":[{"href":"https:\/\/embotitsvila.com\/es\/wp-json\/wp\/v2\/types\/page"}],"author":[{"embeddable":true,"href":"https:\/\/embotitsvila.com\/es\/wp-json\/wp\/v2\/users\/2"}],"replies":[{"embeddable":true,"href":"https:\/\/embotitsvila.com\/es\/wp-json\/wp\/v2\/comments?post=13012"}],"version-history":[{"count":2,"href":"https:\/\/embotitsvila.com\/es\/wp-json\/wp\/v2\/pages\/13012\/revisions"}],"predecessor-version":[{"id":14339,"href":"https:\/\/embotitsvila.com\/es\/wp-json\/wp\/v2\/pages\/13012\/revisions\/14339"}],"wp:attachment":[{"href":"https:\/\/embotitsvila.com\/es\/wp-json\/wp\/v2\/media?parent=13012"}],"curies":[{"name":"wp","href":"https:\/\/api.w.org\/{rel}","templated":true}]}}