{"id":14207,"date":"2023-04-03T13:13:18","date_gmt":"2023-04-03T13:13:18","guid":{"rendered":"https:\/\/embotitsvila.panelserver.org\/?page_id=14207"},"modified":"2023-04-21T15:57:37","modified_gmt":"2023-04-21T13:57:37","slug":"conocenos","status":"publish","type":"page","link":"https:\/\/embotitsvila.com\/es\/conocenos\/","title":{"rendered":"Con\u00f3cenos"},"content":{"rendered":"<section class=\"wpb-content-wrapper\"><p>[vc_section full_width=\u00bbstretch_row\u00bb css=\u00bb.vc_custom_1680558115229{padding-top: 40px !important;}\u00bb][vc_row gap=\u00bb35&#8243; text_align=\u00bbcenter-sm-ms\u00bb][vc_column offset=\u00bbvc_col-md-6&#8243;]<div class=\"es-resp\">\t<div class=\"visible-xl\" style=\"height: 32px;\"><\/div>\t<div class=\"hidden-xl hidden-md hidden-sm hidden-ms hidden-xs\" style=\"height: 16px;\"><\/div>\t<div class=\"visible-md\" style=\"height: 16px;\"><\/div>\t<div class=\"visible-sm \" style=\"height: 16px;\"><\/div>\t<div class=\"visible-ms\" style=\"height: 16px;\"><\/div>\t<div class=\"visible-xs\" style=\"height: 16px;\"><\/div><\/div><div class=\"heading header-subheader align-left subcolor-main transform-default has-subheader theme-icon-second icon-type-hidden   vc_custom_1680558492596 heading-tag-h2\" id=\"like_sc_header_1200775762\"><h6 class=\"subheader ltx-sr-id-like_sc_header_12007757621671210292 ltx-sr ltx-sr-effect-slide_from_bottom ltx-sr-el-block ltx-sr-delay-200 ltx-sr-duration-500 ltx-sr-sequences-50\">La empresa<\/h6><h2 data-text=\"Embotits Artesans J.Vil\u00e0 desde el a\u00f1o 1984\" class=\"header ltx-sr-id-like_sc_header_1200775762710106756 ltx-sr ltx-sr-effect-fade_in ltx-sr-el-block ltx-sr-delay-0 ltx-sr-duration-1000 ltx-sr-sequences-0\">Embotits Artesans J.Vil\u00e0 desde el a\u00f1o 1984<\/h2><\/div><div class=\"ltx-content-width ltx-col-align-left ltx-block-align-left\" id=\"like_sc_content_width_471474436\" style=\"max-width: 620px\"><div class=\"ltx-wrapper\">[vc_column_text]La empresa fue fundada en 1984 por Juli\u00e0 Vil\u00e0 siguiendo los pasos de su padre Ferm\u00ed, que empez\u00f3 de carnicero en el pueblo de Borrass\u00e0.<\/p>\n<p>Las posteriores generaciones han seguido apostando por el negocio aportando innovaci\u00f3n y crecimiento en la empresa.[\/vc_column_text]<\/div><\/div><div class=\"es-resp\">\t<div class=\"visible-xl\" style=\"height: 48px;\"><\/div>\t<div class=\"hidden-xl hidden-md hidden-sm hidden-ms hidden-xs\" style=\"height: 48px;\"><\/div>\t<div class=\"visible-md\" style=\"height: 24px;\"><\/div>\t<div class=\"visible-sm \" style=\"height: 24px;\"><\/div>\t<div class=\"visible-ms\" style=\"height: 24px;\"><\/div>\t<div class=\"visible-xs\" style=\"height: 24px;\"><\/div><\/div><div class=\"btn-wrap align-center\">\r\n\t<a href=\"\/es\/galeria\"  class=\"btn  btn-lg btn-main color-hover-black align-center\" id=\"like_sc_button_586737604\">Ver galer\u00eda de fotos<\/a><\/div><div class=\"es-resp\">\t<div class=\"visible-xl\" style=\"height: 0px;\"><\/div>\t<div class=\"hidden-xl hidden-md hidden-sm hidden-ms hidden-xs\" style=\"height: 32px;\"><\/div>\t<div class=\"visible-md\" style=\"height: 64px;\"><\/div>\t<div class=\"visible-sm \" style=\"height: 64px;\"><\/div>\t<div class=\"visible-ms\" style=\"height: 64px;\"><\/div>\t<div class=\"visible-xs\" style=\"height: 64px;\"><\/div><\/div>[\/vc_column][vc_column offset=\u00bbvc_col-md-6&#8243;]<div class=\"es-resp\">\t<div class=\"visible-xl\" style=\"height: 50px;\"><\/div>\t<div class=\"hidden-xl hidden-md hidden-sm hidden-ms hidden-xs\" style=\"height: 32px;\"><\/div>\t<div class=\"visible-md\" style=\"height: 32px;\"><\/div>\t<div class=\"visible-sm \" style=\"height: 32px;\"><\/div>\t<div class=\"visible-ms\" style=\"height: 32px;\"><\/div>\t<div class=\"visible-xs\" style=\"height: 32px;\"><\/div><\/div>[vc_single_image image=\u00bb13470&#8243; img_size=\u00bbfull\u00bb alignment=\u00bbcenter\u00bb]<div class=\"es-resp\">\t<div class=\"visible-xl\" style=\"height: 32px;\"><\/div>\t<div class=\"hidden-xl hidden-md hidden-sm hidden-ms hidden-xs\" style=\"height: 16px;\"><\/div>\t<div class=\"visible-md\" style=\"height: 16px;\"><\/div>\t<div class=\"visible-sm \" style=\"height: 16px;\"><\/div>\t<div class=\"visible-ms\" style=\"height: 16px;\"><\/div>\t<div class=\"visible-xs\" style=\"height: 16px;\"><\/div><\/div>[\/vc_column][\/vc_row][\/vc_section][vc_section full_width=\u00bbstretch_row\u00bb css=\u00bb.vc_custom_1680558115229{padding-top: 40px !important;}\u00bb][vc_row gap=\u00bb35&#8243; text_align=\u00bbcenter-sm-ms\u00bb][vc_column offset=\u00bbvc_col-md-6&#8243;]<div class=\"es-resp\">\t<div class=\"visible-xl\" style=\"height: 32px;\"><\/div>\t<div class=\"hidden-xl hidden-md hidden-sm hidden-ms hidden-xs\" style=\"height: 16px;\"><\/div>\t<div class=\"visible-md\" style=\"height: 16px;\"><\/div>\t<div class=\"visible-sm \" style=\"height: 16px;\"><\/div>\t<div class=\"visible-ms\" style=\"height: 16px;\"><\/div>\t<div class=\"visible-xs\" style=\"height: 16px;\"><\/div><\/div>[vc_single_image image=\u00bb14751&#8243; img_size=\u00bbfull\u00bb alignment=\u00bbcenter\u00bb]<div class=\"es-resp\">\t<div class=\"visible-xl\" style=\"height: 32px;\"><\/div>\t<div class=\"hidden-xl hidden-md hidden-sm hidden-ms hidden-xs\" style=\"height: 16px;\"><\/div>\t<div class=\"visible-md\" style=\"height: 16px;\"><\/div>\t<div class=\"visible-sm \" style=\"height: 16px;\"><\/div>\t<div class=\"visible-ms\" style=\"height: 16px;\"><\/div>\t<div class=\"visible-xs\" style=\"height: 16px;\"><\/div><\/div>[\/vc_column][vc_column offset=\u00bbvc_col-md-6&#8243;]<div class=\"es-resp\">\t<div class=\"visible-xl\" style=\"height: 50px;\"><\/div>\t<div class=\"hidden-xl hidden-md hidden-sm hidden-ms hidden-xs\" style=\"height: 32px;\"><\/div>\t<div class=\"visible-md\" style=\"height: 32px;\"><\/div>\t<div class=\"visible-sm \" style=\"height: 32px;\"><\/div>\t<div class=\"visible-ms\" style=\"height: 32px;\"><\/div>\t<div class=\"visible-xs\" style=\"height: 32px;\"><\/div><\/div><div class=\"heading header-subheader align-left subcolor-main transform-default has-subheader theme-icon-second icon-type-hidden   vc_custom_1681464635180 heading-tag-h2\" id=\"like_sc_header_378326050\"><h6 class=\"subheader ltx-sr-id-like_sc_header_378326050113923659 ltx-sr ltx-sr-effect-slide_from_bottom ltx-sr-el-block ltx-sr-delay-200 ltx-sr-duration-500 ltx-sr-sequences-50\">Actualidad<\/h6><h2 data-text=\"Nuevas instalaciones\" class=\"header ltx-sr-id-like_sc_header_378326050657772521 ltx-sr ltx-sr-effect-fade_in ltx-sr-el-block ltx-sr-delay-0 ltx-sr-duration-1000 ltx-sr-sequences-0\">Nuevas instalaciones<\/h2><\/div><div class=\"ltx-content-width ltx-col-align-left ltx-block-align-left\" id=\"like_sc_content_width_1347427839\" style=\"max-width: 620px\"><div class=\"ltx-wrapper\">[vc_column_text]La actual f\u00e1brica, situada en Vilamalla e inaugurada en 2019, est\u00e1 dotada de maquinaria y equipos inform\u00e1ticos, que desarrollan los controles de calidad en todo el proceso productivo, desde la recepci\u00f3n de la materia prima, salas de producci\u00f3n y secaderos hasta llegar a la expedici\u00f3n.[\/vc_column_text]<\/div><\/div><div class=\"es-resp\">\t<div class=\"visible-xl\" style=\"height: 48px;\"><\/div>\t<div class=\"hidden-xl hidden-md hidden-sm hidden-ms hidden-xs\" style=\"height: 48px;\"><\/div>\t<div class=\"visible-md\" style=\"height: 24px;\"><\/div>\t<div class=\"visible-sm \" style=\"height: 24px;\"><\/div>\t<div class=\"visible-ms\" style=\"height: 24px;\"><\/div>\t<div class=\"visible-xs\" style=\"height: 24px;\"><\/div><\/div><div class=\"btn-wrap align-center\">\r\n\t<a href=\"\/es\/galeria\"  class=\"btn  btn-lg btn-main color-hover-black align-center\" id=\"like_sc_button_1229192015\">Ver galer\u00eda de fotos<\/a><\/div><div class=\"es-resp\">\t<div class=\"visible-xl\" style=\"height: 0px;\"><\/div>\t<div class=\"hidden-xl hidden-md hidden-sm hidden-ms hidden-xs\" style=\"height: 32px;\"><\/div>\t<div class=\"visible-md\" style=\"height: 64px;\"><\/div>\t<div class=\"visible-sm \" style=\"height: 64px;\"><\/div>\t<div class=\"visible-ms\" style=\"height: 64px;\"><\/div>\t<div class=\"visible-xs\" style=\"height: 64px;\"><\/div><\/div>[\/vc_column][\/vc_row][\/vc_section][vc_row full_width=\u00bbstretch_row\u00bb parallax=\u00bbcontent-moving\u00bb parallax_speed_bg=\u00bb2.5&#8243; bg_overlay=\u00bbblack\u00bb css=\u00bb.vc_custom_1680559722717{margin-top: 40px !important;background-image: url(https:\/\/embotitsvila.com\/wp-content\/uploads\/2019\/12\/informacion-vila.jpg?id=13474) !important;}\u00bb][vc_column]<div class=\"es-resp\">\t<div class=\"visible-xl\" style=\"height: 80px;\"><\/div>\t<div class=\"hidden-xl hidden-md hidden-sm hidden-ms hidden-xs\" style=\"height: 80px;\"><\/div>\t<div class=\"visible-md\" style=\"height: 80px;\"><\/div>\t<div class=\"visible-sm \" style=\"height: 80px;\"><\/div>\t<div class=\"visible-ms\" style=\"height: 80px;\"><\/div>\t<div class=\"visible-xs\" style=\"height: 80px;\"><\/div><\/div><div class=\"ltx-content-width ltx-col-align-center ltx-block-align-left\" id=\"like_sc_content_width_1305474972\" style=\"max-width: 650px\"><div class=\"ltx-wrapper\"><ul class=\"ltx-block-icon  ltx-icon-order-left icons-count-1 align-center ltx-icon-color-main ltx-icon-size-xl ltx-header-color-default ltx-icon-type-transparent ltx-bg-color-transparent layout-cols3 ltx-icon-only  row centered\"  id=\"like_sc_block_icon_671000571\"><li class=\" col-lg-4 col-md-4 col-sm-4 col-ms-4 col-xs-6\" ><div   class=\"in\"><span class=\"ltx-icon icon-emo_01 bg-transparent\"><\/span><\/div><\/li><\/ul><div class=\"heading header-subheader align-center color-white subcolor-main transform-default theme-icon-second icon-type-hidden heading-tag-h2\" id=\"like_sc_header_1474130674\"><a href=\"\/es\/!contacto\"><h2 data-text=\"Solicita informaci\u00f3n...\" class=\"header ltx-sr-id-like_sc_header_1474130674967297480 ltx-sr ltx-sr-effect-fade_in ltx-sr-el-block ltx-sr-delay-0 ltx-sr-duration-1000 ltx-sr-sequences-0 ltx-check-scroll ltx-glitch done\">Solicita informaci\u00f3n...<\/h2><\/a><\/div><ul class=\"ltx-block-icon  ltx-icon-order-right icons-count-1 align-center ltx-icon-color-main ltx-icon-size-xl ltx-header-color-default ltx-icon-type-transparent ltx-bg-color-transparent layout-cols3 ltx-icon-only  row centered\"  id=\"like_sc_block_icon_1222682778\"><li class=\" col-lg-4 col-md-4 col-sm-4 col-ms-4 col-xs-6\" ><div   class=\"in\"><span class=\"ltx-icon icon-emo_02 bg-transparent\"><\/span><\/div><\/li><\/ul><div class=\"es-resp\">\t<div class=\"visible-xl\" style=\"height: 16px;\"><\/div>\t<div class=\"hidden-xl hidden-md hidden-sm hidden-ms hidden-xs\" style=\"height: 16px;\"><\/div>\t<div class=\"visible-md\" style=\"height: 16px;\"><\/div>\t<div class=\"visible-sm \" style=\"height: 16px;\"><\/div>\t<div class=\"visible-ms\" style=\"height: 16px;\"><\/div>\t<div class=\"visible-xs\" style=\"height: 16px;\"><\/div><\/div><div class=\"btn-wrap align-center\">\r\n\t<a href=\"\/es\/contacto\"  class=\"btn  btn-lg btn-second color-hover-default align-center\" id=\"like_sc_button_516298267\">Contacto<\/a><\/div><\/div><\/div><div class=\"es-resp\">\t<div class=\"visible-xl\" style=\"height: 150px;\"><\/div>\t<div class=\"hidden-xl hidden-md hidden-sm hidden-ms hidden-xs\" style=\"height: 150px;\"><\/div>\t<div class=\"visible-md\" style=\"height: 150px;\"><\/div>\t<div class=\"visible-sm \" style=\"height: 150px;\"><\/div>\t<div class=\"visible-ms\" style=\"height: 150px;\"><\/div>\t<div class=\"visible-xs\" style=\"height: 150px;\"><\/div><\/div>[\/vc_column][\/vc_row]<\/p>\n<\/section>","protected":false},"excerpt":{"rendered":"<p>[vc_section full_width=\u00bbstretch_row\u00bb css=\u00bb.vc_custom_1680558115229{padding-top: 40px !important;}\u00bb][vc_row gap=\u00bb35&#8243; text_align=\u00bbcenter-sm-ms\u00bb][vc_column offset=\u00bbvc_col-md-6&#8243;][\/vc_column][vc_column offset=\u00bbvc_col-md-6&#8243;][vc_single_image image=\u00bb13470&#8243; img_size=\u00bbfull\u00bb alignment=\u00bbcenter\u00bb][\/vc_column][\/vc_row][\/vc_section][vc_section full_width=\u00bbstretch_row\u00bb css=\u00bb.vc_custom_1680558115229{padding-top: 40px !important;}\u00bb][vc_row gap=\u00bb35&#8243; text_align=\u00bbcenter-sm-ms\u00bb][vc_column offset=\u00bbvc_col-md-6&#8243;][vc_single_image image=\u00bb14751&#8243; img_size=\u00bbfull\u00bb alignment=\u00bbcenter\u00bb][\/vc_column][vc_column offset=\u00bbvc_col-md-6&#8243;][\/vc_column][\/vc_row][\/vc_section][vc_row full_width=\u00bbstretch_row\u00bb parallax=\u00bbcontent-moving\u00bb parallax_speed_bg=\u00bb2.5&#8243; bg_overlay=\u00bbblack\u00bb css=\u00bb.vc_custom_1680559722717{margin-top: 40px !important;background-image: url(https:\/\/embotitsvila.com\/wp-content\/uploads\/2019\/12\/informacion-vila.jpg?id=13474) !important;}\u00bb][vc_column][\/vc_column][\/vc_row]<\/p>\n","protected":false},"author":2,"featured_media":0,"parent":0,"menu_order":120,"comment_status":"closed","ping_status":"closed","template":"","meta":[],"acf":[],"yoast_head":"<!-- This site is optimized with the Yoast SEO plugin v20.5 - https:\/\/yoast.com\/wordpress\/plugins\/seo\/ -->\n<title>Con\u00f3cenos - Embotits Artesans J.Vil\u00e0<\/title>\n<meta name=\"robots\" content=\"index, follow, max-snippet:-1, max-image-preview:large, max-video-preview:-1\" \/>\n<link rel=\"canonical\" href=\"https:\/\/embotitsvila.com\/es\/conocenos\/\" \/>\n<meta property=\"og:locale\" content=\"es_ES\" \/>\n<meta property=\"og:type\" content=\"article\" \/>\n<meta property=\"og:title\" content=\"Con\u00f3cenos - Embotits Artesans J.Vil\u00e0\" \/>\n<meta property=\"og:description\" content=\"[vc_section full_width=\u00bbstretch_row\u00bb css=\u00bb.vc_custom_1680558115229{padding-top: 40px !important;}\u00bb][vc_row gap=\u00bb35&#8243; text_align=\u00bbcenter-sm-ms\u00bb][vc_column offset=\u00bbvc_col-md-6&#8243;][\/vc_column][vc_column offset=\u00bbvc_col-md-6&#8243;][vc_single_image image=\u00bb13470&#8243; img_size=\u00bbfull\u00bb alignment=\u00bbcenter\u00bb][\/vc_column][\/vc_row][\/vc_section][vc_section full_width=\u00bbstretch_row\u00bb css=\u00bb.vc_custom_1680558115229{padding-top: 40px !important;}\u00bb][vc_row gap=\u00bb35&#8243; text_align=\u00bbcenter-sm-ms\u00bb][vc_column offset=\u00bbvc_col-md-6&#8243;][vc_single_image image=\u00bb14751&#8243; img_size=\u00bbfull\u00bb alignment=\u00bbcenter\u00bb][\/vc_column][vc_column offset=\u00bbvc_col-md-6&#8243;][\/vc_column][\/vc_row][\/vc_section][vc_row full_width=\u00bbstretch_row\u00bb parallax=\u00bbcontent-moving\u00bb parallax_speed_bg=\u00bb2.5&#8243; bg_overlay=\u00bbblack\u00bb css=\u00bb.vc_custom_1680559722717{margin-top: 40px !important;background-image: url(https:\/\/embotitsvila.com\/wp-content\/uploads\/2019\/12\/informacion-vila.jpg?id=13474) !important;}\u00bb][vc_column][\/vc_column][\/vc_row]\" \/>\n<meta property=\"og:url\" content=\"https:\/\/embotitsvila.com\/es\/conocenos\/\" \/>\n<meta property=\"og:site_name\" content=\"Embotits Artesans J.Vil\u00e0\" \/>\n<meta property=\"article:modified_time\" content=\"2023-04-21T13:57:37+00:00\" \/>\n<meta name=\"twitter:card\" content=\"summary_large_image\" \/>\n<meta name=\"twitter:label1\" content=\"Tiempo de lectura\" \/>\n\t<meta name=\"twitter:data1\" content=\"1 minuto\" \/>\n<script type=\"application\/ld+json\" class=\"yoast-schema-graph\">{\"@context\":\"https:\/\/schema.org\",\"@graph\":[{\"@type\":\"WebPage\",\"@id\":\"https:\/\/embotitsvila.com\/es\/conocenos\/\",\"url\":\"https:\/\/embotitsvila.com\/es\/conocenos\/\",\"name\":\"Con\u00f3cenos - Embotits Artesans J.Vil\u00e0\",\"isPartOf\":{\"@id\":\"https:\/\/embotitsvila.com\/es\/#website\"},\"datePublished\":\"2023-04-03T13:13:18+00:00\",\"dateModified\":\"2023-04-21T13:57:37+00:00\",\"breadcrumb\":{\"@id\":\"https:\/\/embotitsvila.com\/es\/conocenos\/#breadcrumb\"},\"inLanguage\":\"es\",\"potentialAction\":[{\"@type\":\"ReadAction\",\"target\":[\"https:\/\/embotitsvila.com\/es\/conocenos\/\"]}]},{\"@type\":\"BreadcrumbList\",\"@id\":\"https:\/\/embotitsvila.com\/es\/conocenos\/#breadcrumb\",\"itemListElement\":[{\"@type\":\"ListItem\",\"position\":1,\"name\":\"Portada\",\"item\":\"https:\/\/embotitsvila.com\/es\/\"},{\"@type\":\"ListItem\",\"position\":2,\"name\":\"Con\u00f3cenos\"}]},{\"@type\":\"WebSite\",\"@id\":\"https:\/\/embotitsvila.com\/es\/#website\",\"url\":\"https:\/\/embotitsvila.com\/es\/\",\"name\":\"Embotits Artesans J.Vil\u00e0\",\"description\":\"\",\"potentialAction\":[{\"@type\":\"SearchAction\",\"target\":{\"@type\":\"EntryPoint\",\"urlTemplate\":\"https:\/\/embotitsvila.com\/es\/?s={search_term_string}\"},\"query-input\":\"required name=search_term_string\"}],\"inLanguage\":\"es\"}]}<\/script>\n<!-- \/ Yoast SEO plugin. -->","yoast_head_json":{"title":"Con\u00f3cenos - Embotits Artesans J.Vil\u00e0","robots":{"index":"index","follow":"follow","max-snippet":"max-snippet:-1","max-image-preview":"max-image-preview:large","max-video-preview":"max-video-preview:-1"},"canonical":"https:\/\/embotitsvila.com\/es\/conocenos\/","og_locale":"es_ES","og_type":"article","og_title":"Con\u00f3cenos - Embotits Artesans J.Vil\u00e0","og_description":"[vc_section full_width=\u00bbstretch_row\u00bb css=\u00bb.vc_custom_1680558115229{padding-top: 40px !important;}\u00bb][vc_row gap=\u00bb35&#8243; text_align=\u00bbcenter-sm-ms\u00bb][vc_column offset=\u00bbvc_col-md-6&#8243;][\/vc_column][vc_column offset=\u00bbvc_col-md-6&#8243;][vc_single_image image=\u00bb13470&#8243; img_size=\u00bbfull\u00bb alignment=\u00bbcenter\u00bb][\/vc_column][\/vc_row][\/vc_section][vc_section full_width=\u00bbstretch_row\u00bb css=\u00bb.vc_custom_1680558115229{padding-top: 40px !important;}\u00bb][vc_row gap=\u00bb35&#8243; text_align=\u00bbcenter-sm-ms\u00bb][vc_column offset=\u00bbvc_col-md-6&#8243;][vc_single_image image=\u00bb14751&#8243; img_size=\u00bbfull\u00bb alignment=\u00bbcenter\u00bb][\/vc_column][vc_column offset=\u00bbvc_col-md-6&#8243;][\/vc_column][\/vc_row][\/vc_section][vc_row full_width=\u00bbstretch_row\u00bb parallax=\u00bbcontent-moving\u00bb parallax_speed_bg=\u00bb2.5&#8243; bg_overlay=\u00bbblack\u00bb css=\u00bb.vc_custom_1680559722717{margin-top: 40px !important;background-image: url(https:\/\/embotitsvila.com\/wp-content\/uploads\/2019\/12\/informacion-vila.jpg?id=13474) !important;}\u00bb][vc_column][\/vc_column][\/vc_row]","og_url":"https:\/\/embotitsvila.com\/es\/conocenos\/","og_site_name":"Embotits Artesans J.Vil\u00e0","article_modified_time":"2023-04-21T13:57:37+00:00","twitter_card":"summary_large_image","twitter_misc":{"Tiempo de lectura":"1 minuto"},"schema":{"@context":"https:\/\/schema.org","@graph":[{"@type":"WebPage","@id":"https:\/\/embotitsvila.com\/es\/conocenos\/","url":"https:\/\/embotitsvila.com\/es\/conocenos\/","name":"Con\u00f3cenos - Embotits Artesans J.Vil\u00e0","isPartOf":{"@id":"https:\/\/embotitsvila.com\/es\/#website"},"datePublished":"2023-04-03T13:13:18+00:00","dateModified":"2023-04-21T13:57:37+00:00","breadcrumb":{"@id":"https:\/\/embotitsvila.com\/es\/conocenos\/#breadcrumb"},"inLanguage":"es","potentialAction":[{"@type":"ReadAction","target":["https:\/\/embotitsvila.com\/es\/conocenos\/"]}]},{"@type":"BreadcrumbList","@id":"https:\/\/embotitsvila.com\/es\/conocenos\/#breadcrumb","itemListElement":[{"@type":"ListItem","position":1,"name":"Portada","item":"https:\/\/embotitsvila.com\/es\/"},{"@type":"ListItem","position":2,"name":"Con\u00f3cenos"}]},{"@type":"WebSite","@id":"https:\/\/embotitsvila.com\/es\/#website","url":"https:\/\/embotitsvila.com\/es\/","name":"Embotits Artesans J.Vil\u00e0","description":"","potentialAction":[{"@type":"SearchAction","target":{"@type":"EntryPoint","urlTemplate":"https:\/\/embotitsvila.com\/es\/?s={search_term_string}"},"query-input":"required name=search_term_string"}],"inLanguage":"es"}]}},"_links":{"self":[{"href":"https:\/\/embotitsvila.com\/es\/wp-json\/wp\/v2\/pages\/14207"}],"collection":[{"href":"https:\/\/embotitsvila.com\/es\/wp-json\/wp\/v2\/pages"}],"about":[{"href":"https:\/\/embotitsvila.com\/es\/wp-json\/wp\/v2\/types\/page"}],"author":[{"embeddable":true,"href":"https:\/\/embotitsvila.com\/es\/wp-json\/wp\/v2\/users\/2"}],"replies":[{"embeddable":true,"href":"https:\/\/embotitsvila.com\/es\/wp-json\/wp\/v2\/comments?post=14207"}],"version-history":[{"count":60,"href":"https:\/\/embotitsvila.com\/es\/wp-json\/wp\/v2\/pages\/14207\/revisions"}],"predecessor-version":[{"id":16856,"href":"https:\/\/embotitsvila.com\/es\/wp-json\/wp\/v2\/pages\/14207\/revisions\/16856"}],"wp:attachment":[{"href":"https:\/\/embotitsvila.com\/es\/wp-json\/wp\/v2\/media?parent=14207"}],"curies":[{"name":"wp","href":"https:\/\/api.w.org\/{rel}","templated":true}]}}