{"id":13586,"date":"2023-04-01T08:45:08","date_gmt":"2023-04-01T08:45:08","guid":{"rendered":"https:\/\/embotitsvila.panelserver.org\/?post_type=product&#038;p=13586"},"modified":"2023-05-19T15:39:16","modified_gmt":"2023-05-19T13:39:16","slug":"fuet-200gr","status":"publish","type":"product","link":"https:\/\/embotitsvila.com\/es\/productos\/fuet-200gr\/","title":{"rendered":"Fuet Extra 200g"},"content":{"rendered":"","protected":false},"excerpt":{"rendered":"<div class=\"woocommerce-product-details__short-description\">\n<div class=\"five columns omega\">\n<p>El Fuet es un producto t\u00edpico catal\u00e1n, elaborado con la mejor selecci\u00f3n de carnes de cerdo y embutido con tripa natural.<\/p>\n<p><img decoding=\"async\" loading=\"lazy\" class=\"alignnone wp-image-14941 size-full\" src=\"https:\/\/embotitsvila.com\/wp-content\/uploads\/2023\/04\/tabla-22.png\" alt=\"\" width=\"982\" height=\"324\" srcset=\"https:\/\/embotitsvila.com\/wp-content\/uploads\/2023\/04\/tabla-22.png 982w, https:\/\/embotitsvila.com\/wp-content\/uploads\/2023\/04\/tabla-22-600x198.png 600w, https:\/\/embotitsvila.com\/wp-content\/uploads\/2023\/04\/tabla-22-300x99.png 300w, https:\/\/embotitsvila.com\/wp-content\/uploads\/2023\/04\/tabla-22-768x253.png 768w, https:\/\/embotitsvila.com\/wp-content\/uploads\/2023\/04\/tabla-22-800x264.png 800w, https:\/\/embotitsvila.com\/wp-content\/uploads\/2023\/04\/tabla-22-550x181.png 550w\" sizes=\"(max-width: 982px) 100vw, 982px\" \/><\/p>\n<\/div>\n<\/div>\n","protected":false},"featured_media":13625,"template":"","meta":[],"product_cat":[416,352],"product_tag":[],"acf":[],"yoast_head":"<!-- This site is optimized with the Yoast SEO plugin v20.5 - https:\/\/yoast.com\/wordpress\/plugins\/seo\/ -->\n<title>Fuet Extra 200g - Embotits Artesans J.Vil\u00e0<\/title>\n<meta name=\"description\" content=\"Fuet 200g El Fuet es un producto t\u00edpico catal\u00e1n, elaborado con la mejor selecci\u00f3n de carnes de cerdo y embutido con tripa natural.\" \/>\n<meta name=\"robots\" content=\"index, follow, max-snippet:-1, max-image-preview:large, max-video-preview:-1\" \/>\n<link rel=\"canonical\" href=\"https:\/\/embotitsvila.com\/es\/productos\/fuet-200gr\/\" \/>\n<meta property=\"og:locale\" content=\"es_ES\" \/>\n<meta property=\"og:type\" content=\"article\" \/>\n<meta property=\"og:title\" content=\"Fuet Extra 200g - Embotits Artesans J.Vil\u00e0\" \/>\n<meta property=\"og:description\" content=\"Fuet 200g El Fuet es un producto t\u00edpico catal\u00e1n, elaborado con la mejor selecci\u00f3n de carnes de cerdo y embutido con tripa natural.\" \/>\n<meta property=\"og:url\" content=\"https:\/\/embotitsvila.com\/es\/productos\/fuet-200gr\/\" \/>\n<meta property=\"og:site_name\" content=\"Embotits Artesans J.Vil\u00e0\" \/>\n<meta property=\"article:modified_time\" content=\"2023-05-19T13:39:16+00:00\" \/>\n<meta property=\"og:image\" content=\"https:\/\/embotitsvila.com\/wp-content\/uploads\/2023\/04\/Fuet-de-200gr.jpg\" \/>\n\t<meta property=\"og:image:width\" content=\"1000\" \/>\n\t<meta property=\"og:image:height\" content=\"1000\" \/>\n\t<meta property=\"og:image:type\" content=\"image\/jpeg\" \/>\n<meta name=\"twitter:card\" content=\"summary_large_image\" \/>\n<script type=\"application\/ld+json\" class=\"yoast-schema-graph\">{\"@context\":\"https:\/\/schema.org\",\"@graph\":[{\"@type\":\"WebPage\",\"@id\":\"https:\/\/embotitsvila.com\/es\/productos\/fuet-200gr\/\",\"url\":\"https:\/\/embotitsvila.com\/es\/productos\/fuet-200gr\/\",\"name\":\"Fuet Extra 200g - Embotits Artesans J.Vil\u00e0\",\"isPartOf\":{\"@id\":\"https:\/\/embotitsvila.com\/es\/#website\"},\"datePublished\":\"2023-04-01T08:45:08+00:00\",\"dateModified\":\"2023-05-19T13:39:16+00:00\",\"description\":\"Fuet 200g El Fuet es un producto t\u00edpico catal\u00e1n, elaborado con la mejor selecci\u00f3n de carnes de cerdo y embutido con tripa natural.\",\"breadcrumb\":{\"@id\":\"https:\/\/embotitsvila.com\/es\/productos\/fuet-200gr\/#breadcrumb\"},\"inLanguage\":\"es\",\"potentialAction\":[{\"@type\":\"ReadAction\",\"target\":[\"https:\/\/embotitsvila.com\/es\/productos\/fuet-200gr\/\"]}]},{\"@type\":\"BreadcrumbList\",\"@id\":\"https:\/\/embotitsvila.com\/es\/productos\/fuet-200gr\/#breadcrumb\",\"itemListElement\":[{\"@type\":\"ListItem\",\"position\":1,\"name\":\"Portada\",\"item\":\"https:\/\/embotitsvila.com\/es\/\"},{\"@type\":\"ListItem\",\"position\":2,\"name\":\"Tienda\",\"item\":\"https:\/\/embotitsvila.com\/es\/tienda\/\"},{\"@type\":\"ListItem\",\"position\":3,\"name\":\"Fuet Extra 200g\"}]},{\"@type\":\"WebSite\",\"@id\":\"https:\/\/embotitsvila.com\/es\/#website\",\"url\":\"https:\/\/embotitsvila.com\/es\/\",\"name\":\"Embotits Artesans J.Vil\u00e0\",\"description\":\"\",\"potentialAction\":[{\"@type\":\"SearchAction\",\"target\":{\"@type\":\"EntryPoint\",\"urlTemplate\":\"https:\/\/embotitsvila.com\/es\/?s={search_term_string}\"},\"query-input\":\"required name=search_term_string\"}],\"inLanguage\":\"es\"}]}<\/script>\n<!-- \/ Yoast SEO plugin. -->","yoast_head_json":{"title":"Fuet Extra 200g - Embotits Artesans J.Vil\u00e0","description":"Fuet 200g El Fuet es un producto t\u00edpico catal\u00e1n, elaborado con la mejor selecci\u00f3n de carnes de cerdo y embutido con tripa natural.","robots":{"index":"index","follow":"follow","max-snippet":"max-snippet:-1","max-image-preview":"max-image-preview:large","max-video-preview":"max-video-preview:-1"},"canonical":"https:\/\/embotitsvila.com\/es\/productos\/fuet-200gr\/","og_locale":"es_ES","og_type":"article","og_title":"Fuet Extra 200g - Embotits Artesans J.Vil\u00e0","og_description":"Fuet 200g El Fuet es un producto t\u00edpico catal\u00e1n, elaborado con la mejor selecci\u00f3n de carnes de cerdo y embutido con tripa natural.","og_url":"https:\/\/embotitsvila.com\/es\/productos\/fuet-200gr\/","og_site_name":"Embotits Artesans J.Vil\u00e0","article_modified_time":"2023-05-19T13:39:16+00:00","og_image":[{"width":1000,"height":1000,"url":"https:\/\/embotitsvila.com\/wp-content\/uploads\/2023\/04\/Fuet-de-200gr.jpg","type":"image\/jpeg"}],"twitter_card":"summary_large_image","schema":{"@context":"https:\/\/schema.org","@graph":[{"@type":"WebPage","@id":"https:\/\/embotitsvila.com\/es\/productos\/fuet-200gr\/","url":"https:\/\/embotitsvila.com\/es\/productos\/fuet-200gr\/","name":"Fuet Extra 200g - Embotits Artesans J.Vil\u00e0","isPartOf":{"@id":"https:\/\/embotitsvila.com\/es\/#website"},"datePublished":"2023-04-01T08:45:08+00:00","dateModified":"2023-05-19T13:39:16+00:00","description":"Fuet 200g El Fuet es un producto t\u00edpico catal\u00e1n, elaborado con la mejor selecci\u00f3n de carnes de cerdo y embutido con tripa natural.","breadcrumb":{"@id":"https:\/\/embotitsvila.com\/es\/productos\/fuet-200gr\/#breadcrumb"},"inLanguage":"es","potentialAction":[{"@type":"ReadAction","target":["https:\/\/embotitsvila.com\/es\/productos\/fuet-200gr\/"]}]},{"@type":"BreadcrumbList","@id":"https:\/\/embotitsvila.com\/es\/productos\/fuet-200gr\/#breadcrumb","itemListElement":[{"@type":"ListItem","position":1,"name":"Portada","item":"https:\/\/embotitsvila.com\/es\/"},{"@type":"ListItem","position":2,"name":"Tienda","item":"https:\/\/embotitsvila.com\/es\/tienda\/"},{"@type":"ListItem","position":3,"name":"Fuet Extra 200g"}]},{"@type":"WebSite","@id":"https:\/\/embotitsvila.com\/es\/#website","url":"https:\/\/embotitsvila.com\/es\/","name":"Embotits Artesans J.Vil\u00e0","description":"","potentialAction":[{"@type":"SearchAction","target":{"@type":"EntryPoint","urlTemplate":"https:\/\/embotitsvila.com\/es\/?s={search_term_string}"},"query-input":"required name=search_term_string"}],"inLanguage":"es"}]}},"_links":{"self":[{"href":"https:\/\/embotitsvila.com\/es\/wp-json\/wp\/v2\/product\/13586"}],"collection":[{"href":"https:\/\/embotitsvila.com\/es\/wp-json\/wp\/v2\/product"}],"about":[{"href":"https:\/\/embotitsvila.com\/es\/wp-json\/wp\/v2\/types\/product"}],"wp:featuredmedia":[{"embeddable":true,"href":"https:\/\/embotitsvila.com\/es\/wp-json\/wp\/v2\/media\/13625"}],"wp:attachment":[{"href":"https:\/\/embotitsvila.com\/es\/wp-json\/wp\/v2\/media?parent=13586"}],"wp:term":[{"taxonomy":"product_cat","embeddable":true,"href":"https:\/\/embotitsvila.com\/es\/wp-json\/wp\/v2\/product_cat?post=13586"},{"taxonomy":"product_tag","embeddable":true,"href":"https:\/\/embotitsvila.com\/es\/wp-json\/wp\/v2\/product_tag?post=13586"}],"curies":[{"name":"wp","href":"https:\/\/api.w.org\/{rel}","templated":true}]}}