{"id":13853,"date":"2023-04-01T16:53:52","date_gmt":"2023-04-01T16:53:52","guid":{"rendered":"https:\/\/embotitsvila.panelserver.org\/?post_type=product&#038;p=13853"},"modified":"2023-04-19T08:29:42","modified_gmt":"2023-04-19T06:29:42","slug":"longaniza-payes-300-gr","status":"publish","type":"product","link":"https:\/\/embotitsvila.com\/es\/productos\/longaniza-payes-300-gr\/","title":{"rendered":"Longaniza Extra Pay\u00e9s 300g \/ 500g"},"content":{"rendered":"","protected":false},"excerpt":{"rendered":"<p>Longaniza pay\u00e9s, elaborada con carne de cerdo de m\u00e1xima calidad, de curaci\u00f3n lenta y sabor muy gustoso.<\/p>\n<p><img decoding=\"async\" loading=\"lazy\" class=\"alignnone wp-image-14776 size-full\" src=\"https:\/\/embotitsvila.com\/wp-content\/uploads\/2023\/04\/1.jpg\" alt=\"\" width=\"989\" height=\"324\" srcset=\"https:\/\/embotitsvila.com\/wp-content\/uploads\/2023\/04\/1.jpg 989w, https:\/\/embotitsvila.com\/wp-content\/uploads\/2023\/04\/1-600x197.jpg 600w, https:\/\/embotitsvila.com\/wp-content\/uploads\/2023\/04\/1-300x98.jpg 300w, https:\/\/embotitsvila.com\/wp-content\/uploads\/2023\/04\/1-768x252.jpg 768w, https:\/\/embotitsvila.com\/wp-content\/uploads\/2023\/04\/1-800x262.jpg 800w, https:\/\/embotitsvila.com\/wp-content\/uploads\/2023\/04\/1-550x180.jpg 550w\" sizes=\"(max-width: 989px) 100vw, 989px\" \/><\/p>\n","protected":false},"featured_media":13860,"template":"","meta":[],"product_cat":[418,410],"product_tag":[],"acf":[],"yoast_head":"<!-- This site is optimized with the Yoast SEO plugin v20.5 - https:\/\/yoast.com\/wordpress\/plugins\/seo\/ -->\n<title>Longaniza Extra Pay\u00e9s 300g \/ 500g - Embotits Artesans J.Vil\u00e0<\/title>\n<meta name=\"description\" content=\"Longaniza Payes 300gr. \/ 500gr.\" \/>\n<meta name=\"robots\" content=\"index, follow, max-snippet:-1, max-image-preview:large, max-video-preview:-1\" \/>\n<link rel=\"canonical\" href=\"https:\/\/embotitsvila.com\/es\/productos\/longaniza-payes-300-gr\/\" \/>\n<meta property=\"og:locale\" content=\"es_ES\" \/>\n<meta property=\"og:type\" content=\"article\" \/>\n<meta property=\"og:title\" content=\"Longaniza Extra Pay\u00e9s 300g \/ 500g - Embotits Artesans J.Vil\u00e0\" \/>\n<meta property=\"og:description\" content=\"Longaniza Payes 300gr. \/ 500gr.\" \/>\n<meta property=\"og:url\" content=\"https:\/\/embotitsvila.com\/es\/productos\/longaniza-payes-300-gr\/\" \/>\n<meta property=\"og:site_name\" content=\"Embotits Artesans J.Vil\u00e0\" \/>\n<meta property=\"article:modified_time\" content=\"2023-04-19T06:29:42+00:00\" \/>\n<meta property=\"og:image\" content=\"https:\/\/embotitsvila.com\/wp-content\/uploads\/2023\/04\/Longaniza-payes-300gr-embotits-vila.jpg\" \/>\n\t<meta property=\"og:image:width\" content=\"3502\" \/>\n\t<meta property=\"og:image:height\" content=\"3502\" \/>\n\t<meta property=\"og:image:type\" content=\"image\/jpeg\" \/>\n<meta name=\"twitter:card\" content=\"summary_large_image\" \/>\n<script type=\"application\/ld+json\" class=\"yoast-schema-graph\">{\"@context\":\"https:\/\/schema.org\",\"@graph\":[{\"@type\":\"WebPage\",\"@id\":\"https:\/\/embotitsvila.com\/es\/productos\/longaniza-payes-300-gr\/\",\"url\":\"https:\/\/embotitsvila.com\/es\/productos\/longaniza-payes-300-gr\/\",\"name\":\"Longaniza Extra Pay\u00e9s 300g \/ 500g - Embotits Artesans J.Vil\u00e0\",\"isPartOf\":{\"@id\":\"https:\/\/embotitsvila.com\/es\/#website\"},\"datePublished\":\"2023-04-01T16:53:52+00:00\",\"dateModified\":\"2023-04-19T06:29:42+00:00\",\"description\":\"Longaniza Payes 300gr. \/ 500gr.\",\"breadcrumb\":{\"@id\":\"https:\/\/embotitsvila.com\/es\/productos\/longaniza-payes-300-gr\/#breadcrumb\"},\"inLanguage\":\"es\",\"potentialAction\":[{\"@type\":\"ReadAction\",\"target\":[\"https:\/\/embotitsvila.com\/es\/productos\/longaniza-payes-300-gr\/\"]}]},{\"@type\":\"BreadcrumbList\",\"@id\":\"https:\/\/embotitsvila.com\/es\/productos\/longaniza-payes-300-gr\/#breadcrumb\",\"itemListElement\":[{\"@type\":\"ListItem\",\"position\":1,\"name\":\"Portada\",\"item\":\"https:\/\/embotitsvila.com\/es\/\"},{\"@type\":\"ListItem\",\"position\":2,\"name\":\"Tienda\",\"item\":\"https:\/\/embotitsvila.com\/es\/tienda\/\"},{\"@type\":\"ListItem\",\"position\":3,\"name\":\"Longaniza Extra Pay\u00e9s 300g \/ 500g\"}]},{\"@type\":\"WebSite\",\"@id\":\"https:\/\/embotitsvila.com\/es\/#website\",\"url\":\"https:\/\/embotitsvila.com\/es\/\",\"name\":\"Embotits Artesans J.Vil\u00e0\",\"description\":\"\",\"potentialAction\":[{\"@type\":\"SearchAction\",\"target\":{\"@type\":\"EntryPoint\",\"urlTemplate\":\"https:\/\/embotitsvila.com\/es\/?s={search_term_string}\"},\"query-input\":\"required name=search_term_string\"}],\"inLanguage\":\"es\"}]}<\/script>\n<!-- \/ Yoast SEO plugin. -->","yoast_head_json":{"title":"Longaniza Extra Pay\u00e9s 300g \/ 500g - Embotits Artesans J.Vil\u00e0","description":"Longaniza Payes 300gr. \/ 500gr.","robots":{"index":"index","follow":"follow","max-snippet":"max-snippet:-1","max-image-preview":"max-image-preview:large","max-video-preview":"max-video-preview:-1"},"canonical":"https:\/\/embotitsvila.com\/es\/productos\/longaniza-payes-300-gr\/","og_locale":"es_ES","og_type":"article","og_title":"Longaniza Extra Pay\u00e9s 300g \/ 500g - Embotits Artesans J.Vil\u00e0","og_description":"Longaniza Payes 300gr. \/ 500gr.","og_url":"https:\/\/embotitsvila.com\/es\/productos\/longaniza-payes-300-gr\/","og_site_name":"Embotits Artesans J.Vil\u00e0","article_modified_time":"2023-04-19T06:29:42+00:00","og_image":[{"width":3502,"height":3502,"url":"https:\/\/embotitsvila.com\/wp-content\/uploads\/2023\/04\/Longaniza-payes-300gr-embotits-vila.jpg","type":"image\/jpeg"}],"twitter_card":"summary_large_image","schema":{"@context":"https:\/\/schema.org","@graph":[{"@type":"WebPage","@id":"https:\/\/embotitsvila.com\/es\/productos\/longaniza-payes-300-gr\/","url":"https:\/\/embotitsvila.com\/es\/productos\/longaniza-payes-300-gr\/","name":"Longaniza Extra Pay\u00e9s 300g \/ 500g - Embotits Artesans J.Vil\u00e0","isPartOf":{"@id":"https:\/\/embotitsvila.com\/es\/#website"},"datePublished":"2023-04-01T16:53:52+00:00","dateModified":"2023-04-19T06:29:42+00:00","description":"Longaniza Payes 300gr. \/ 500gr.","breadcrumb":{"@id":"https:\/\/embotitsvila.com\/es\/productos\/longaniza-payes-300-gr\/#breadcrumb"},"inLanguage":"es","potentialAction":[{"@type":"ReadAction","target":["https:\/\/embotitsvila.com\/es\/productos\/longaniza-payes-300-gr\/"]}]},{"@type":"BreadcrumbList","@id":"https:\/\/embotitsvila.com\/es\/productos\/longaniza-payes-300-gr\/#breadcrumb","itemListElement":[{"@type":"ListItem","position":1,"name":"Portada","item":"https:\/\/embotitsvila.com\/es\/"},{"@type":"ListItem","position":2,"name":"Tienda","item":"https:\/\/embotitsvila.com\/es\/tienda\/"},{"@type":"ListItem","position":3,"name":"Longaniza Extra Pay\u00e9s 300g \/ 500g"}]},{"@type":"WebSite","@id":"https:\/\/embotitsvila.com\/es\/#website","url":"https:\/\/embotitsvila.com\/es\/","name":"Embotits Artesans J.Vil\u00e0","description":"","potentialAction":[{"@type":"SearchAction","target":{"@type":"EntryPoint","urlTemplate":"https:\/\/embotitsvila.com\/es\/?s={search_term_string}"},"query-input":"required name=search_term_string"}],"inLanguage":"es"}]}},"_links":{"self":[{"href":"https:\/\/embotitsvila.com\/es\/wp-json\/wp\/v2\/product\/13853"}],"collection":[{"href":"https:\/\/embotitsvila.com\/es\/wp-json\/wp\/v2\/product"}],"about":[{"href":"https:\/\/embotitsvila.com\/es\/wp-json\/wp\/v2\/types\/product"}],"wp:featuredmedia":[{"embeddable":true,"href":"https:\/\/embotitsvila.com\/es\/wp-json\/wp\/v2\/media\/13860"}],"wp:attachment":[{"href":"https:\/\/embotitsvila.com\/es\/wp-json\/wp\/v2\/media?parent=13853"}],"wp:term":[{"taxonomy":"product_cat","embeddable":true,"href":"https:\/\/embotitsvila.com\/es\/wp-json\/wp\/v2\/product_cat?post=13853"},{"taxonomy":"product_tag","embeddable":true,"href":"https:\/\/embotitsvila.com\/es\/wp-json\/wp\/v2\/product_tag?post=13853"}],"curies":[{"name":"wp","href":"https:\/\/api.w.org\/{rel}","templated":true}]}}