{"id":13994,"date":"2023-04-02T14:03:11","date_gmt":"2023-04-02T14:03:11","guid":{"rendered":"https:\/\/embotitsvila.panelserver.org\/?post_type=product&#038;p=13994"},"modified":"2023-04-18T08:13:46","modified_gmt":"2023-04-18T06:13:46","slug":"snack-chorizo","status":"publish","type":"product","link":"https:\/\/embotitsvila.com\/es\/productos\/snack-chorizo\/","title":{"rendered":"Snack Chorizo"},"content":{"rendered":"<section class=\"wpb-content-wrapper\"><p>[vc_row full_width=\u00bbstretch_row_content\u00bb][vc_column width=\u00bb1\/6&#8243;][\/vc_column][vc_column width=\u00bb2\/3&#8243;][vc_tta_accordion active_section=\u00bb1&#8243;][vc_tta_section title=\u00bbReferencias\u00bb tab_id=\u00bb1&#8243;][vc_single_image image=\u00bb14524&#8243; img_size=\u00bb2091&#215;1777&#8243;][\/vc_tta_section][\/vc_tta_accordion][\/vc_column][vc_column width=\u00bb1\/6&#8243;][\/vc_column][\/vc_row]<\/p>\n<\/section>","protected":false},"excerpt":{"rendered":"<div class=\"woocommerce-product-details__short-description\">\n<div class=\"five columns omega\">\n<p>Mini chorizos ideales para aperitivos y snacks.<\/p>\n<p>Envasado en bolsas de 120g, 500g y 1kg. Tambi\u00e9n sin envasar.<\/p>\n<\/div>\n<\/div>\n","protected":false},"featured_media":13995,"template":"","meta":[],"product_cat":[436,412],"product_tag":[],"acf":[],"yoast_head":"<!-- This site is optimized with the Yoast SEO plugin v20.5 - https:\/\/yoast.com\/wordpress\/plugins\/seo\/ -->\n<title>Snack Chorizo - Embotits Artesans J.Vil\u00e0<\/title>\n<meta name=\"description\" content=\"Snack Chorizo. Mini chorizos , elaborados con carne de m\u00e1xima calidad. Ideales Ideal para aperitivos y snacks. Embotits Vil\u00e0.\" \/>\n<meta name=\"robots\" content=\"index, follow, max-snippet:-1, max-image-preview:large, max-video-preview:-1\" \/>\n<link rel=\"canonical\" href=\"https:\/\/embotitsvila.com\/es\/productos\/snack-chorizo\/\" \/>\n<meta property=\"og:locale\" content=\"es_ES\" \/>\n<meta property=\"og:type\" content=\"article\" \/>\n<meta property=\"og:title\" content=\"Snack Chorizo - Embotits Artesans J.Vil\u00e0\" \/>\n<meta property=\"og:description\" content=\"Snack Chorizo. Mini chorizos , elaborados con carne de m\u00e1xima calidad. Ideales Ideal para aperitivos y snacks. Embotits Vil\u00e0.\" \/>\n<meta property=\"og:url\" content=\"https:\/\/embotitsvila.com\/es\/productos\/snack-chorizo\/\" \/>\n<meta property=\"og:site_name\" content=\"Embotits Artesans J.Vil\u00e0\" \/>\n<meta property=\"article:modified_time\" content=\"2023-04-18T06:13:46+00:00\" \/>\n<meta property=\"og:image\" content=\"https:\/\/embotitsvila.com\/wp-content\/uploads\/2023\/04\/Snack-Chorizo-Embotits-Vila-1024x1024.jpg\" \/>\n\t<meta property=\"og:image:width\" content=\"1024\" \/>\n\t<meta property=\"og:image:height\" content=\"1024\" \/>\n\t<meta property=\"og:image:type\" content=\"image\/jpeg\" \/>\n<meta name=\"twitter:card\" content=\"summary_large_image\" \/>\n<meta name=\"twitter:label1\" content=\"Tiempo de lectura\" \/>\n\t<meta name=\"twitter:data1\" content=\"1 minuto\" \/>\n<script type=\"application\/ld+json\" class=\"yoast-schema-graph\">{\"@context\":\"https:\/\/schema.org\",\"@graph\":[{\"@type\":\"WebPage\",\"@id\":\"https:\/\/embotitsvila.com\/es\/productos\/snack-chorizo\/\",\"url\":\"https:\/\/embotitsvila.com\/es\/productos\/snack-chorizo\/\",\"name\":\"Snack Chorizo - Embotits Artesans J.Vil\u00e0\",\"isPartOf\":{\"@id\":\"https:\/\/embotitsvila.com\/es\/#website\"},\"datePublished\":\"2023-04-02T14:03:11+00:00\",\"dateModified\":\"2023-04-18T06:13:46+00:00\",\"description\":\"Snack Chorizo. Mini chorizos , elaborados con carne de m\u00e1xima calidad. Ideales Ideal para aperitivos y snacks. Embotits Vil\u00e0.\",\"breadcrumb\":{\"@id\":\"https:\/\/embotitsvila.com\/es\/productos\/snack-chorizo\/#breadcrumb\"},\"inLanguage\":\"es\",\"potentialAction\":[{\"@type\":\"ReadAction\",\"target\":[\"https:\/\/embotitsvila.com\/es\/productos\/snack-chorizo\/\"]}]},{\"@type\":\"BreadcrumbList\",\"@id\":\"https:\/\/embotitsvila.com\/es\/productos\/snack-chorizo\/#breadcrumb\",\"itemListElement\":[{\"@type\":\"ListItem\",\"position\":1,\"name\":\"Portada\",\"item\":\"https:\/\/embotitsvila.com\/es\/\"},{\"@type\":\"ListItem\",\"position\":2,\"name\":\"Tienda\",\"item\":\"https:\/\/embotitsvila.com\/es\/tienda\/\"},{\"@type\":\"ListItem\",\"position\":3,\"name\":\"Snack Chorizo\"}]},{\"@type\":\"WebSite\",\"@id\":\"https:\/\/embotitsvila.com\/es\/#website\",\"url\":\"https:\/\/embotitsvila.com\/es\/\",\"name\":\"Embotits Artesans J.Vil\u00e0\",\"description\":\"\",\"potentialAction\":[{\"@type\":\"SearchAction\",\"target\":{\"@type\":\"EntryPoint\",\"urlTemplate\":\"https:\/\/embotitsvila.com\/es\/?s={search_term_string}\"},\"query-input\":\"required name=search_term_string\"}],\"inLanguage\":\"es\"}]}<\/script>\n<!-- \/ Yoast SEO plugin. -->","yoast_head_json":{"title":"Snack Chorizo - Embotits Artesans J.Vil\u00e0","description":"Snack Chorizo. Mini chorizos , elaborados con carne de m\u00e1xima calidad. Ideales Ideal para aperitivos y snacks. Embotits Vil\u00e0.","robots":{"index":"index","follow":"follow","max-snippet":"max-snippet:-1","max-image-preview":"max-image-preview:large","max-video-preview":"max-video-preview:-1"},"canonical":"https:\/\/embotitsvila.com\/es\/productos\/snack-chorizo\/","og_locale":"es_ES","og_type":"article","og_title":"Snack Chorizo - Embotits Artesans J.Vil\u00e0","og_description":"Snack Chorizo. Mini chorizos , elaborados con carne de m\u00e1xima calidad. Ideales Ideal para aperitivos y snacks. Embotits Vil\u00e0.","og_url":"https:\/\/embotitsvila.com\/es\/productos\/snack-chorizo\/","og_site_name":"Embotits Artesans J.Vil\u00e0","article_modified_time":"2023-04-18T06:13:46+00:00","og_image":[{"width":1024,"height":1024,"url":"https:\/\/embotitsvila.com\/wp-content\/uploads\/2023\/04\/Snack-Chorizo-Embotits-Vila-1024x1024.jpg","type":"image\/jpeg"}],"twitter_card":"summary_large_image","twitter_misc":{"Tiempo de lectura":"1 minuto"},"schema":{"@context":"https:\/\/schema.org","@graph":[{"@type":"WebPage","@id":"https:\/\/embotitsvila.com\/es\/productos\/snack-chorizo\/","url":"https:\/\/embotitsvila.com\/es\/productos\/snack-chorizo\/","name":"Snack Chorizo - Embotits Artesans J.Vil\u00e0","isPartOf":{"@id":"https:\/\/embotitsvila.com\/es\/#website"},"datePublished":"2023-04-02T14:03:11+00:00","dateModified":"2023-04-18T06:13:46+00:00","description":"Snack Chorizo. Mini chorizos , elaborados con carne de m\u00e1xima calidad. Ideales Ideal para aperitivos y snacks. Embotits Vil\u00e0.","breadcrumb":{"@id":"https:\/\/embotitsvila.com\/es\/productos\/snack-chorizo\/#breadcrumb"},"inLanguage":"es","potentialAction":[{"@type":"ReadAction","target":["https:\/\/embotitsvila.com\/es\/productos\/snack-chorizo\/"]}]},{"@type":"BreadcrumbList","@id":"https:\/\/embotitsvila.com\/es\/productos\/snack-chorizo\/#breadcrumb","itemListElement":[{"@type":"ListItem","position":1,"name":"Portada","item":"https:\/\/embotitsvila.com\/es\/"},{"@type":"ListItem","position":2,"name":"Tienda","item":"https:\/\/embotitsvila.com\/es\/tienda\/"},{"@type":"ListItem","position":3,"name":"Snack Chorizo"}]},{"@type":"WebSite","@id":"https:\/\/embotitsvila.com\/es\/#website","url":"https:\/\/embotitsvila.com\/es\/","name":"Embotits Artesans J.Vil\u00e0","description":"","potentialAction":[{"@type":"SearchAction","target":{"@type":"EntryPoint","urlTemplate":"https:\/\/embotitsvila.com\/es\/?s={search_term_string}"},"query-input":"required name=search_term_string"}],"inLanguage":"es"}]}},"_links":{"self":[{"href":"https:\/\/embotitsvila.com\/es\/wp-json\/wp\/v2\/product\/13994"}],"collection":[{"href":"https:\/\/embotitsvila.com\/es\/wp-json\/wp\/v2\/product"}],"about":[{"href":"https:\/\/embotitsvila.com\/es\/wp-json\/wp\/v2\/types\/product"}],"wp:featuredmedia":[{"embeddable":true,"href":"https:\/\/embotitsvila.com\/es\/wp-json\/wp\/v2\/media\/13995"}],"wp:attachment":[{"href":"https:\/\/embotitsvila.com\/es\/wp-json\/wp\/v2\/media?parent=13994"}],"wp:term":[{"taxonomy":"product_cat","embeddable":true,"href":"https:\/\/embotitsvila.com\/es\/wp-json\/wp\/v2\/product_cat?post=13994"},{"taxonomy":"product_tag","embeddable":true,"href":"https:\/\/embotitsvila.com\/es\/wp-json\/wp\/v2\/product_tag?post=13994"}],"curies":[{"name":"wp","href":"https:\/\/api.w.org\/{rel}","templated":true}]}}