{"id":14011,"date":"2023-04-02T14:13:48","date_gmt":"2023-04-02T14:13:48","guid":{"rendered":"https:\/\/embotitsvila.panelserver.org\/?post_type=product&#038;p=14011"},"modified":"2023-04-19T12:17:39","modified_gmt":"2023-04-19T10:17:39","slug":"lomo-embuchado","status":"publish","type":"product","link":"https:\/\/embotitsvila.com\/es\/productos\/lomo-embuchado\/","title":{"rendered":"Lomo Embuchado"},"content":{"rendered":"","protected":false},"excerpt":{"rendered":"<div class=\"woocommerce-product-details__short-description\">\n<div class=\"five columns omega\">\n<p><span style=\"color: #000000; font-family: Arial;\">El lomo de cerdo es sazonado y curado lentamente para conseguir su exquisito sabor. Destaca por su suave textura.<\/span><\/p>\n<p><img decoding=\"async\" loading=\"lazy\" class=\"alignnone wp-image-14921 size-full\" src=\"https:\/\/embotitsvila.com\/wp-content\/uploads\/2023\/04\/lomos-embuchado-tabla.jpg\" alt=\"\" width=\"1566\" height=\"398\" srcset=\"https:\/\/embotitsvila.com\/wp-content\/uploads\/2023\/04\/lomos-embuchado-tabla.jpg 1566w, https:\/\/embotitsvila.com\/wp-content\/uploads\/2023\/04\/lomos-embuchado-tabla-600x152.jpg 600w, https:\/\/embotitsvila.com\/wp-content\/uploads\/2023\/04\/lomos-embuchado-tabla-300x76.jpg 300w, https:\/\/embotitsvila.com\/wp-content\/uploads\/2023\/04\/lomos-embuchado-tabla-1024x260.jpg 1024w, https:\/\/embotitsvila.com\/wp-content\/uploads\/2023\/04\/lomos-embuchado-tabla-768x195.jpg 768w, https:\/\/embotitsvila.com\/wp-content\/uploads\/2023\/04\/lomos-embuchado-tabla-1536x390.jpg 1536w, https:\/\/embotitsvila.com\/wp-content\/uploads\/2023\/04\/lomos-embuchado-tabla-800x203.jpg 800w, https:\/\/embotitsvila.com\/wp-content\/uploads\/2023\/04\/lomos-embuchado-tabla-550x140.jpg 550w\" sizes=\"(max-width: 1566px) 100vw, 1566px\" \/><\/p>\n<\/div>\n<\/div>\n","protected":false},"featured_media":14012,"template":"","meta":[],"product_cat":[427,409],"product_tag":[],"acf":[],"yoast_head":"<!-- This site is optimized with the Yoast SEO plugin v20.5 - https:\/\/yoast.com\/wordpress\/plugins\/seo\/ -->\n<title>Lomo Embuchado - Embotits Artesans J.Vil\u00e0<\/title>\n<meta name=\"description\" content=\"Lomo Embuchado. El lomo de cerdo es sazonado y embuchado, y sometido a una lenta y larga curaci\u00f3n, para as\u00ed conseguir su exquisito sabor y ternura.\" \/>\n<meta name=\"robots\" content=\"index, follow, max-snippet:-1, max-image-preview:large, max-video-preview:-1\" \/>\n<link rel=\"canonical\" href=\"https:\/\/embotitsvila.com\/es\/productos\/lomo-embuchado\/\" \/>\n<meta property=\"og:locale\" content=\"es_ES\" \/>\n<meta property=\"og:type\" content=\"article\" \/>\n<meta property=\"og:title\" content=\"Lomo Embuchado - Embotits Artesans J.Vil\u00e0\" \/>\n<meta property=\"og:description\" content=\"Lomo Embuchado. El lomo de cerdo es sazonado y embuchado, y sometido a una lenta y larga curaci\u00f3n, para as\u00ed conseguir su exquisito sabor y ternura.\" \/>\n<meta property=\"og:url\" content=\"https:\/\/embotitsvila.com\/es\/productos\/lomo-embuchado\/\" \/>\n<meta property=\"og:site_name\" content=\"Embotits Artesans J.Vil\u00e0\" \/>\n<meta property=\"article:modified_time\" content=\"2023-04-19T10:17:39+00:00\" \/>\n<meta property=\"og:image\" content=\"https:\/\/embotitsvila.com\/wp-content\/uploads\/2023\/04\/Lomo-Embuchado-Embotits-Vila.jpg\" \/>\n\t<meta property=\"og:image:width\" content=\"3542\" \/>\n\t<meta property=\"og:image:height\" content=\"3542\" \/>\n\t<meta property=\"og:image:type\" content=\"image\/jpeg\" \/>\n<meta name=\"twitter:card\" content=\"summary_large_image\" \/>\n<script type=\"application\/ld+json\" class=\"yoast-schema-graph\">{\"@context\":\"https:\/\/schema.org\",\"@graph\":[{\"@type\":\"WebPage\",\"@id\":\"https:\/\/embotitsvila.com\/es\/productos\/lomo-embuchado\/\",\"url\":\"https:\/\/embotitsvila.com\/es\/productos\/lomo-embuchado\/\",\"name\":\"Lomo Embuchado - Embotits Artesans J.Vil\u00e0\",\"isPartOf\":{\"@id\":\"https:\/\/embotitsvila.com\/es\/#website\"},\"datePublished\":\"2023-04-02T14:13:48+00:00\",\"dateModified\":\"2023-04-19T10:17:39+00:00\",\"description\":\"Lomo Embuchado. El lomo de cerdo es sazonado y embuchado, y sometido a una lenta y larga curaci\u00f3n, para as\u00ed conseguir su exquisito sabor y ternura.\",\"breadcrumb\":{\"@id\":\"https:\/\/embotitsvila.com\/es\/productos\/lomo-embuchado\/#breadcrumb\"},\"inLanguage\":\"es\",\"potentialAction\":[{\"@type\":\"ReadAction\",\"target\":[\"https:\/\/embotitsvila.com\/es\/productos\/lomo-embuchado\/\"]}]},{\"@type\":\"BreadcrumbList\",\"@id\":\"https:\/\/embotitsvila.com\/es\/productos\/lomo-embuchado\/#breadcrumb\",\"itemListElement\":[{\"@type\":\"ListItem\",\"position\":1,\"name\":\"Portada\",\"item\":\"https:\/\/embotitsvila.com\/es\/\"},{\"@type\":\"ListItem\",\"position\":2,\"name\":\"Tienda\",\"item\":\"https:\/\/embotitsvila.com\/es\/tienda\/\"},{\"@type\":\"ListItem\",\"position\":3,\"name\":\"Lomo Embuchado\"}]},{\"@type\":\"WebSite\",\"@id\":\"https:\/\/embotitsvila.com\/es\/#website\",\"url\":\"https:\/\/embotitsvila.com\/es\/\",\"name\":\"Embotits Artesans J.Vil\u00e0\",\"description\":\"\",\"potentialAction\":[{\"@type\":\"SearchAction\",\"target\":{\"@type\":\"EntryPoint\",\"urlTemplate\":\"https:\/\/embotitsvila.com\/es\/?s={search_term_string}\"},\"query-input\":\"required name=search_term_string\"}],\"inLanguage\":\"es\"}]}<\/script>\n<!-- \/ Yoast SEO plugin. -->","yoast_head_json":{"title":"Lomo Embuchado - Embotits Artesans J.Vil\u00e0","description":"Lomo Embuchado. El lomo de cerdo es sazonado y embuchado, y sometido a una lenta y larga curaci\u00f3n, para as\u00ed conseguir su exquisito sabor y ternura.","robots":{"index":"index","follow":"follow","max-snippet":"max-snippet:-1","max-image-preview":"max-image-preview:large","max-video-preview":"max-video-preview:-1"},"canonical":"https:\/\/embotitsvila.com\/es\/productos\/lomo-embuchado\/","og_locale":"es_ES","og_type":"article","og_title":"Lomo Embuchado - Embotits Artesans J.Vil\u00e0","og_description":"Lomo Embuchado. El lomo de cerdo es sazonado y embuchado, y sometido a una lenta y larga curaci\u00f3n, para as\u00ed conseguir su exquisito sabor y ternura.","og_url":"https:\/\/embotitsvila.com\/es\/productos\/lomo-embuchado\/","og_site_name":"Embotits Artesans J.Vil\u00e0","article_modified_time":"2023-04-19T10:17:39+00:00","og_image":[{"width":3542,"height":3542,"url":"https:\/\/embotitsvila.com\/wp-content\/uploads\/2023\/04\/Lomo-Embuchado-Embotits-Vila.jpg","type":"image\/jpeg"}],"twitter_card":"summary_large_image","schema":{"@context":"https:\/\/schema.org","@graph":[{"@type":"WebPage","@id":"https:\/\/embotitsvila.com\/es\/productos\/lomo-embuchado\/","url":"https:\/\/embotitsvila.com\/es\/productos\/lomo-embuchado\/","name":"Lomo Embuchado - Embotits Artesans J.Vil\u00e0","isPartOf":{"@id":"https:\/\/embotitsvila.com\/es\/#website"},"datePublished":"2023-04-02T14:13:48+00:00","dateModified":"2023-04-19T10:17:39+00:00","description":"Lomo Embuchado. El lomo de cerdo es sazonado y embuchado, y sometido a una lenta y larga curaci\u00f3n, para as\u00ed conseguir su exquisito sabor y ternura.","breadcrumb":{"@id":"https:\/\/embotitsvila.com\/es\/productos\/lomo-embuchado\/#breadcrumb"},"inLanguage":"es","potentialAction":[{"@type":"ReadAction","target":["https:\/\/embotitsvila.com\/es\/productos\/lomo-embuchado\/"]}]},{"@type":"BreadcrumbList","@id":"https:\/\/embotitsvila.com\/es\/productos\/lomo-embuchado\/#breadcrumb","itemListElement":[{"@type":"ListItem","position":1,"name":"Portada","item":"https:\/\/embotitsvila.com\/es\/"},{"@type":"ListItem","position":2,"name":"Tienda","item":"https:\/\/embotitsvila.com\/es\/tienda\/"},{"@type":"ListItem","position":3,"name":"Lomo Embuchado"}]},{"@type":"WebSite","@id":"https:\/\/embotitsvila.com\/es\/#website","url":"https:\/\/embotitsvila.com\/es\/","name":"Embotits Artesans J.Vil\u00e0","description":"","potentialAction":[{"@type":"SearchAction","target":{"@type":"EntryPoint","urlTemplate":"https:\/\/embotitsvila.com\/es\/?s={search_term_string}"},"query-input":"required name=search_term_string"}],"inLanguage":"es"}]}},"_links":{"self":[{"href":"https:\/\/embotitsvila.com\/es\/wp-json\/wp\/v2\/product\/14011"}],"collection":[{"href":"https:\/\/embotitsvila.com\/es\/wp-json\/wp\/v2\/product"}],"about":[{"href":"https:\/\/embotitsvila.com\/es\/wp-json\/wp\/v2\/types\/product"}],"wp:featuredmedia":[{"embeddable":true,"href":"https:\/\/embotitsvila.com\/es\/wp-json\/wp\/v2\/media\/14012"}],"wp:attachment":[{"href":"https:\/\/embotitsvila.com\/es\/wp-json\/wp\/v2\/media?parent=14011"}],"wp:term":[{"taxonomy":"product_cat","embeddable":true,"href":"https:\/\/embotitsvila.com\/es\/wp-json\/wp\/v2\/product_cat?post=14011"},{"taxonomy":"product_tag","embeddable":true,"href":"https:\/\/embotitsvila.com\/es\/wp-json\/wp\/v2\/product_tag?post=14011"}],"curies":[{"name":"wp","href":"https:\/\/api.w.org\/{rel}","templated":true}]}}