{"id":16324,"date":"2023-04-20T09:08:03","date_gmt":"2023-04-20T07:08:03","guid":{"rendered":"https:\/\/embotitsvila.com\/?post_type=product&#038;p=16324"},"modified":"2023-04-20T12:33:13","modified_gmt":"2023-04-20T10:33:13","slug":"fuet-100g","status":"publish","type":"product","link":"https:\/\/embotitsvila.com\/es\/productos\/fuet-100g\/","title":{"rendered":"Fuet 100g"},"content":{"rendered":"<section class=\"wpb-content-wrapper\"><p>[vc_row full_width=\u00bbstretch_row_content\u00bb][vc_column width=\u00bb1\/6&#8243;][\/vc_column][vc_column width=\u00bb2\/3&#8243;][vc_tta_accordion active_section=\u00bb1&#8243;][vc_tta_section title=\u00bbSabores y referencias\u00bb tab_id=\u00bb1&#8243;][vc_single_image image=\u00bb15171&#8243; img_size=\u00bb2091&#215;1777&#8243; alignment=\u00bbcenter\u00bb][\/vc_tta_section][\/vc_tta_accordion][\/vc_column][vc_column width=\u00bb1\/6&#8243;][\/vc_column][\/vc_row][vc_row full_width=\u00bbstretch_row_content\u00bb][vc_column width=\u00bb1\/6&#8243;][\/vc_column][vc_column width=\u00bb2\/3&#8243;][vc_tta_accordion active_section=\u00bb666&#8243; collapsible_all=\u00bbtrue\u00bb][vc_tta_section title=\u00bbIm\u00e1genes Fuet 100g\u00bb tab_id=\u00bb1680365118608-32a36ee2-5748&#8243;][vc_gallery type=\u00bbimage_grid\u00bb images=\u00bb13693,13697,13701,13705,13709,13713,13717,13721,13725,13729,13733,13741,13745,13749,13753,13757,13761,13765,13769,13539&#8243;][\/vc_tta_section][\/vc_tta_accordion][\/vc_column][vc_column width=\u00bb1\/6&#8243;][\/vc_column][\/vc_row][vc_row full_width=\u00bbstretch_row_content\u00bb][vc_column width=\u00bb1\/6&#8243;][\/vc_column][vc_column width=\u00bb2\/3&#8243;][vc_tta_accordion active_section=\u00bb666&#8243; collapsible_all=\u00bbtrue\u00bb][vc_tta_section title=\u00bbIm\u00e1genes Fuet 100g Flowpack\u00bb tab_id=\u00bb1680365939053-4c1cb348-5f9d\u00bb][vc_gallery type=\u00bbimage_grid\u00bb images=\u00bb15315,15319,15323,15327,15331,15335,15339,15343,15347,15351,15355,15359,15363,15367,15371,15375,15379,15383,15387,15391&#8243;][\/vc_tta_section][\/vc_tta_accordion][\/vc_column][vc_column width=\u00bb1\/6&#8243;][\/vc_column][\/vc_row]<\/p>\n<\/section>","protected":false},"excerpt":{"rendered":"<div class=\"woocommerce-product-details__short-description\">\n<div class=\"five columns omega\">\n<p>En Embotits Artesans J.Vil\u00e0 hemos combinado el fuet tradicional catal\u00e1n con novedosos ingredientes (especies, frutos, quesos, setas etc\u2026) consiguiendo un gran surtido, elije el que m\u00e1s te guste.<\/p>\n<\/div>\n<\/div>\n","protected":false},"featured_media":13539,"template":"","meta":[],"product_cat":[414,352],"product_tag":[],"acf":[],"yoast_head":"<!-- This site is optimized with the Yoast SEO plugin v20.5 - https:\/\/yoast.com\/wordpress\/plugins\/seo\/ -->\n<title>Fuet 100g - Embotits Artesans J.Vil\u00e0<\/title>\n<meta name=\"description\" content=\"Fuet 100g. El Fuet es un producto t\u00edpico catal\u00e1n, elaborado con la mejor selecci\u00f3n de carnes de cerdo y embutido con tripa natural\" \/>\n<meta name=\"robots\" content=\"index, follow, max-snippet:-1, max-image-preview:large, max-video-preview:-1\" \/>\n<link rel=\"canonical\" href=\"https:\/\/embotitsvila.com\/es\/productos\/fuet-100g\/\" \/>\n<meta property=\"og:locale\" content=\"es_ES\" \/>\n<meta property=\"og:type\" content=\"article\" \/>\n<meta property=\"og:title\" content=\"Fuet 100g - Embotits Artesans J.Vil\u00e0\" \/>\n<meta property=\"og:description\" content=\"Fuet 100g. El Fuet es un producto t\u00edpico catal\u00e1n, elaborado con la mejor selecci\u00f3n de carnes de cerdo y embutido con tripa natural\" \/>\n<meta property=\"og:url\" content=\"https:\/\/embotitsvila.com\/es\/productos\/fuet-100g\/\" \/>\n<meta property=\"og:site_name\" content=\"Embotits Artesans J.Vil\u00e0\" \/>\n<meta property=\"article:modified_time\" content=\"2023-04-20T10:33:13+00:00\" \/>\n<meta property=\"og:image\" content=\"https:\/\/embotitsvila.com\/wp-content\/uploads\/2023\/04\/fuet-100gr-embotits-vila.jpg\" \/>\n\t<meta property=\"og:image:width\" content=\"1000\" \/>\n\t<meta property=\"og:image:height\" content=\"1000\" \/>\n\t<meta property=\"og:image:type\" content=\"image\/jpeg\" \/>\n<meta name=\"twitter:card\" content=\"summary_large_image\" \/>\n<meta name=\"twitter:label1\" content=\"Tiempo de lectura\" \/>\n\t<meta name=\"twitter:data1\" content=\"1 minuto\" \/>\n<script type=\"application\/ld+json\" class=\"yoast-schema-graph\">{\"@context\":\"https:\/\/schema.org\",\"@graph\":[{\"@type\":\"WebPage\",\"@id\":\"https:\/\/embotitsvila.com\/es\/productos\/fuet-100g\/\",\"url\":\"https:\/\/embotitsvila.com\/es\/productos\/fuet-100g\/\",\"name\":\"Fuet 100g - Embotits Artesans J.Vil\u00e0\",\"isPartOf\":{\"@id\":\"https:\/\/embotitsvila.com\/es\/#website\"},\"datePublished\":\"2023-04-20T07:08:03+00:00\",\"dateModified\":\"2023-04-20T10:33:13+00:00\",\"description\":\"Fuet 100g. El Fuet es un producto t\u00edpico catal\u00e1n, elaborado con la mejor selecci\u00f3n de carnes de cerdo y embutido con tripa natural\",\"breadcrumb\":{\"@id\":\"https:\/\/embotitsvila.com\/es\/productos\/fuet-100g\/#breadcrumb\"},\"inLanguage\":\"es\",\"potentialAction\":[{\"@type\":\"ReadAction\",\"target\":[\"https:\/\/embotitsvila.com\/es\/productos\/fuet-100g\/\"]}]},{\"@type\":\"BreadcrumbList\",\"@id\":\"https:\/\/embotitsvila.com\/es\/productos\/fuet-100g\/#breadcrumb\",\"itemListElement\":[{\"@type\":\"ListItem\",\"position\":1,\"name\":\"Portada\",\"item\":\"https:\/\/embotitsvila.com\/es\/\"},{\"@type\":\"ListItem\",\"position\":2,\"name\":\"Tienda\",\"item\":\"https:\/\/embotitsvila.com\/es\/tienda\/\"},{\"@type\":\"ListItem\",\"position\":3,\"name\":\"Fuet 100g\"}]},{\"@type\":\"WebSite\",\"@id\":\"https:\/\/embotitsvila.com\/es\/#website\",\"url\":\"https:\/\/embotitsvila.com\/es\/\",\"name\":\"Embotits Artesans J.Vil\u00e0\",\"description\":\"\",\"potentialAction\":[{\"@type\":\"SearchAction\",\"target\":{\"@type\":\"EntryPoint\",\"urlTemplate\":\"https:\/\/embotitsvila.com\/es\/?s={search_term_string}\"},\"query-input\":\"required name=search_term_string\"}],\"inLanguage\":\"es\"}]}<\/script>\n<!-- \/ Yoast SEO plugin. -->","yoast_head_json":{"title":"Fuet 100g - Embotits Artesans J.Vil\u00e0","description":"Fuet 100g. El Fuet es un producto t\u00edpico catal\u00e1n, elaborado con la mejor selecci\u00f3n de carnes de cerdo y embutido con tripa natural","robots":{"index":"index","follow":"follow","max-snippet":"max-snippet:-1","max-image-preview":"max-image-preview:large","max-video-preview":"max-video-preview:-1"},"canonical":"https:\/\/embotitsvila.com\/es\/productos\/fuet-100g\/","og_locale":"es_ES","og_type":"article","og_title":"Fuet 100g - Embotits Artesans J.Vil\u00e0","og_description":"Fuet 100g. El Fuet es un producto t\u00edpico catal\u00e1n, elaborado con la mejor selecci\u00f3n de carnes de cerdo y embutido con tripa natural","og_url":"https:\/\/embotitsvila.com\/es\/productos\/fuet-100g\/","og_site_name":"Embotits Artesans J.Vil\u00e0","article_modified_time":"2023-04-20T10:33:13+00:00","og_image":[{"width":1000,"height":1000,"url":"https:\/\/embotitsvila.com\/wp-content\/uploads\/2023\/04\/fuet-100gr-embotits-vila.jpg","type":"image\/jpeg"}],"twitter_card":"summary_large_image","twitter_misc":{"Tiempo de lectura":"1 minuto"},"schema":{"@context":"https:\/\/schema.org","@graph":[{"@type":"WebPage","@id":"https:\/\/embotitsvila.com\/es\/productos\/fuet-100g\/","url":"https:\/\/embotitsvila.com\/es\/productos\/fuet-100g\/","name":"Fuet 100g - Embotits Artesans J.Vil\u00e0","isPartOf":{"@id":"https:\/\/embotitsvila.com\/es\/#website"},"datePublished":"2023-04-20T07:08:03+00:00","dateModified":"2023-04-20T10:33:13+00:00","description":"Fuet 100g. El Fuet es un producto t\u00edpico catal\u00e1n, elaborado con la mejor selecci\u00f3n de carnes de cerdo y embutido con tripa natural","breadcrumb":{"@id":"https:\/\/embotitsvila.com\/es\/productos\/fuet-100g\/#breadcrumb"},"inLanguage":"es","potentialAction":[{"@type":"ReadAction","target":["https:\/\/embotitsvila.com\/es\/productos\/fuet-100g\/"]}]},{"@type":"BreadcrumbList","@id":"https:\/\/embotitsvila.com\/es\/productos\/fuet-100g\/#breadcrumb","itemListElement":[{"@type":"ListItem","position":1,"name":"Portada","item":"https:\/\/embotitsvila.com\/es\/"},{"@type":"ListItem","position":2,"name":"Tienda","item":"https:\/\/embotitsvila.com\/es\/tienda\/"},{"@type":"ListItem","position":3,"name":"Fuet 100g"}]},{"@type":"WebSite","@id":"https:\/\/embotitsvila.com\/es\/#website","url":"https:\/\/embotitsvila.com\/es\/","name":"Embotits Artesans J.Vil\u00e0","description":"","potentialAction":[{"@type":"SearchAction","target":{"@type":"EntryPoint","urlTemplate":"https:\/\/embotitsvila.com\/es\/?s={search_term_string}"},"query-input":"required name=search_term_string"}],"inLanguage":"es"}]}},"_links":{"self":[{"href":"https:\/\/embotitsvila.com\/es\/wp-json\/wp\/v2\/product\/16324"}],"collection":[{"href":"https:\/\/embotitsvila.com\/es\/wp-json\/wp\/v2\/product"}],"about":[{"href":"https:\/\/embotitsvila.com\/es\/wp-json\/wp\/v2\/types\/product"}],"wp:featuredmedia":[{"embeddable":true,"href":"https:\/\/embotitsvila.com\/es\/wp-json\/wp\/v2\/media\/13539"}],"wp:attachment":[{"href":"https:\/\/embotitsvila.com\/es\/wp-json\/wp\/v2\/media?parent=16324"}],"wp:term":[{"taxonomy":"product_cat","embeddable":true,"href":"https:\/\/embotitsvila.com\/es\/wp-json\/wp\/v2\/product_cat?post=16324"},{"taxonomy":"product_tag","embeddable":true,"href":"https:\/\/embotitsvila.com\/es\/wp-json\/wp\/v2\/product_tag?post=16324"}],"curies":[{"name":"wp","href":"https:\/\/api.w.org\/{rel}","templated":true}]}}