{"id":15492,"date":"2023-04-03T13:13:18","date_gmt":"2023-04-03T11:13:18","guid":{"rendered":"https:\/\/embotitsvila.com\/conocenos\/"},"modified":"2023-04-21T16:02:40","modified_gmt":"2023-04-21T14:02:40","slug":"nous-connaitre","status":"publish","type":"page","link":"https:\/\/embotitsvila.com\/fr\/nous-connaitre\/","title":{"rendered":"Nous conna\u00eetre"},"content":{"rendered":"<section class=\"wpb-content-wrapper\"><p>[vc_section full_width=\u00a0\u00bbstretch_row\u00a0\u00bb css=\u00a0\u00bb.vc_custom_1680558115229{padding-top: 40px !important;}\u00a0\u00bb][vc_row gap=\u00a0\u00bb35&Prime; text_align=\u00a0\u00bbcenter-sm-ms\u00a0\u00bb][vc_column offset=\u00a0\u00bbvc_col-md-6&Prime;]<div class=\"es-resp\">\t<div class=\"visible-xl\" style=\"height: 32px;\"><\/div>\t<div class=\"hidden-xl hidden-md hidden-sm hidden-ms hidden-xs\" style=\"height: 16px;\"><\/div>\t<div class=\"visible-md\" style=\"height: 16px;\"><\/div>\t<div class=\"visible-sm \" style=\"height: 16px;\"><\/div>\t<div class=\"visible-ms\" style=\"height: 16px;\"><\/div>\t<div class=\"visible-xs\" style=\"height: 16px;\"><\/div><\/div><div class=\"heading header-subheader align-left subcolor-main transform-default has-subheader theme-icon-second icon-type-hidden   vc_custom_1681920145040 heading-tag-h2\" id=\"like_sc_header_1251988182\"><h6 class=\"subheader ltx-sr-id-like_sc_header_12519881822106045170 ltx-sr ltx-sr-effect-slide_from_bottom ltx-sr-el-block ltx-sr-delay-200 ltx-sr-duration-500 ltx-sr-sequences-50\">L'entreprise<\/h6><h2 data-text=\"Embotits Artesans J.Vil\u00e0 depuis 1984\" class=\"header ltx-sr-id-like_sc_header_1251988182317902456 ltx-sr ltx-sr-effect-fade_in ltx-sr-el-block ltx-sr-delay-0 ltx-sr-duration-1000 ltx-sr-sequences-0\">Embotits Artesans J.Vil\u00e0 depuis 1984<\/h2><\/div><div class=\"ltx-content-width ltx-col-align-left ltx-block-align-left\" id=\"like_sc_content_width_616179663\" style=\"max-width: 620px\"><div class=\"ltx-wrapper\">[vc_column_text]L&rsquo;entreprise a \u00e9t\u00e9 fond\u00e9e en 1984 par Juli\u00e0 Vil\u00e0, sur les traces de son p\u00e8re Ferm\u00ed, qui a commenc\u00e9 comme boucher dans la ville de Borrass\u00e0.<\/p>\n<p>Les g\u00e9n\u00e9rations suivantes ont continu\u00e9<span class=\"Apple-converted-space\">\u00a0 <\/span>dans l&rsquo;entreprise, apportant innovation et croissance \u00e0 l&rsquo;entreprise.[\/vc_column_text]<\/div><\/div><div class=\"es-resp\">\t<div class=\"visible-xl\" style=\"height: 48px;\"><\/div>\t<div class=\"hidden-xl hidden-md hidden-sm hidden-ms hidden-xs\" style=\"height: 48px;\"><\/div>\t<div class=\"visible-md\" style=\"height: 24px;\"><\/div>\t<div class=\"visible-sm \" style=\"height: 24px;\"><\/div>\t<div class=\"visible-ms\" style=\"height: 24px;\"><\/div>\t<div class=\"visible-xs\" style=\"height: 24px;\"><\/div><\/div><div class=\"btn-wrap align-center\">\r\n\t<a href=\"\/fr\/galeries\"  class=\"btn  btn-lg btn-main color-hover-black align-center\" id=\"like_sc_button_1416373494\">Voir la galerie de photos<\/a><\/div><div class=\"es-resp\">\t<div class=\"visible-xl\" style=\"height: 0px;\"><\/div>\t<div class=\"hidden-xl hidden-md hidden-sm hidden-ms hidden-xs\" style=\"height: 32px;\"><\/div>\t<div class=\"visible-md\" style=\"height: 64px;\"><\/div>\t<div class=\"visible-sm \" style=\"height: 64px;\"><\/div>\t<div class=\"visible-ms\" style=\"height: 64px;\"><\/div>\t<div class=\"visible-xs\" style=\"height: 64px;\"><\/div><\/div>[\/vc_column][vc_column offset=\u00a0\u00bbvc_col-md-6&Prime;]<div class=\"es-resp\">\t<div class=\"visible-xl\" style=\"height: 50px;\"><\/div>\t<div class=\"hidden-xl hidden-md hidden-sm hidden-ms hidden-xs\" style=\"height: 32px;\"><\/div>\t<div class=\"visible-md\" style=\"height: 32px;\"><\/div>\t<div class=\"visible-sm \" style=\"height: 32px;\"><\/div>\t<div class=\"visible-ms\" style=\"height: 32px;\"><\/div>\t<div class=\"visible-xs\" style=\"height: 32px;\"><\/div><\/div>[vc_single_image image=\u00a0\u00bb13473&Prime; img_size=\u00a0\u00bbfull\u00a0\u00bb alignment=\u00a0\u00bbcenter\u00a0\u00bb]<div class=\"es-resp\">\t<div class=\"visible-xl\" style=\"height: 32px;\"><\/div>\t<div class=\"hidden-xl hidden-md hidden-sm hidden-ms hidden-xs\" style=\"height: 16px;\"><\/div>\t<div class=\"visible-md\" style=\"height: 16px;\"><\/div>\t<div class=\"visible-sm \" style=\"height: 16px;\"><\/div>\t<div class=\"visible-ms\" style=\"height: 16px;\"><\/div>\t<div class=\"visible-xs\" style=\"height: 16px;\"><\/div><\/div>[\/vc_column][\/vc_row][\/vc_section][vc_section full_width=\u00a0\u00bbstretch_row\u00a0\u00bb css=\u00a0\u00bb.vc_custom_1680558115229{padding-top: 40px !important;}\u00a0\u00bb][vc_row gap=\u00a0\u00bb35&Prime; text_align=\u00a0\u00bbcenter-sm-ms\u00a0\u00bb][vc_column offset=\u00a0\u00bbvc_col-md-6&Prime;]<div class=\"es-resp\">\t<div class=\"visible-xl\" style=\"height: 32px;\"><\/div>\t<div class=\"hidden-xl hidden-md hidden-sm hidden-ms hidden-xs\" style=\"height: 16px;\"><\/div>\t<div class=\"visible-md\" style=\"height: 16px;\"><\/div>\t<div class=\"visible-sm \" style=\"height: 16px;\"><\/div>\t<div class=\"visible-ms\" style=\"height: 16px;\"><\/div>\t<div class=\"visible-xs\" style=\"height: 16px;\"><\/div><\/div>[vc_single_image image=\u00a0\u00bb14754&Prime; img_size=\u00a0\u00bbfull\u00a0\u00bb alignment=\u00a0\u00bbcenter\u00a0\u00bb]<div class=\"es-resp\">\t<div class=\"visible-xl\" style=\"height: 32px;\"><\/div>\t<div class=\"hidden-xl hidden-md hidden-sm hidden-ms hidden-xs\" style=\"height: 16px;\"><\/div>\t<div class=\"visible-md\" style=\"height: 16px;\"><\/div>\t<div class=\"visible-sm \" style=\"height: 16px;\"><\/div>\t<div class=\"visible-ms\" style=\"height: 16px;\"><\/div>\t<div class=\"visible-xs\" style=\"height: 16px;\"><\/div><\/div>[\/vc_column][vc_column offset=\u00a0\u00bbvc_col-md-6&Prime;]<div class=\"es-resp\">\t<div class=\"visible-xl\" style=\"height: 50px;\"><\/div>\t<div class=\"hidden-xl hidden-md hidden-sm hidden-ms hidden-xs\" style=\"height: 32px;\"><\/div>\t<div class=\"visible-md\" style=\"height: 32px;\"><\/div>\t<div class=\"visible-sm \" style=\"height: 32px;\"><\/div>\t<div class=\"visible-ms\" style=\"height: 32px;\"><\/div>\t<div class=\"visible-xs\" style=\"height: 32px;\"><\/div><\/div><div class=\"heading header-subheader align-left subcolor-main transform-default has-subheader theme-icon-second icon-type-hidden   vc_custom_1682085686349 heading-tag-h2\" id=\"like_sc_header_1110976283\"><h6 class=\"subheader ltx-sr-id-like_sc_header_1110976283928822343 ltx-sr ltx-sr-effect-slide_from_bottom ltx-sr-el-block ltx-sr-delay-200 ltx-sr-duration-500 ltx-sr-sequences-50\">Pr\u00e9sent<\/h6><h2 data-text=\"Nouvelles installations\" class=\"header ltx-sr-id-like_sc_header_1110976283590455069 ltx-sr ltx-sr-effect-fade_in ltx-sr-el-block ltx-sr-delay-0 ltx-sr-duration-1000 ltx-sr-sequences-0\">Nouvelles installations<\/h2><\/div><div class=\"ltx-content-width ltx-col-align-left ltx-block-align-left\" id=\"like_sc_content_width_1992081347\" style=\"max-width: 620px\"><div class=\"ltx-wrapper\">[vc_column_text]L&rsquo;usine actuelle, situ\u00e9e \u00e0 Vilamalla et inaugur\u00e9e en 2019, est \u00e9quip\u00e9e de technologie et d&rsquo;\u00e9quipements informatiques, qui effectuent des contr\u00f4les de qualit\u00e9 tout au long du processus de production, depuis la r\u00e9ception des mati\u00e8res premi\u00e8res, des salles de production et des s\u00e9choirs jusqu&rsquo;\u00e0 l&rsquo;exp\u00e9dition.[\/vc_column_text]<\/div><\/div><div class=\"es-resp\">\t<div class=\"visible-xl\" style=\"height: 48px;\"><\/div>\t<div class=\"hidden-xl hidden-md hidden-sm hidden-ms hidden-xs\" style=\"height: 48px;\"><\/div>\t<div class=\"visible-md\" style=\"height: 24px;\"><\/div>\t<div class=\"visible-sm \" style=\"height: 24px;\"><\/div>\t<div class=\"visible-ms\" style=\"height: 24px;\"><\/div>\t<div class=\"visible-xs\" style=\"height: 24px;\"><\/div><\/div><div class=\"btn-wrap align-center\">\r\n\t<a href=\"\/fr\/galeries\"  class=\"btn  btn-lg btn-main color-hover-black align-center\" id=\"like_sc_button_49688399\">Voir la galerie de photos<\/a><\/div><div class=\"es-resp\">\t<div class=\"visible-xl\" style=\"height: 0px;\"><\/div>\t<div class=\"hidden-xl hidden-md hidden-sm hidden-ms hidden-xs\" style=\"height: 32px;\"><\/div>\t<div class=\"visible-md\" style=\"height: 64px;\"><\/div>\t<div class=\"visible-sm \" style=\"height: 64px;\"><\/div>\t<div class=\"visible-ms\" style=\"height: 64px;\"><\/div>\t<div class=\"visible-xs\" style=\"height: 64px;\"><\/div><\/div>[\/vc_column][\/vc_row][\/vc_section][vc_row full_width=\u00a0\u00bbstretch_row\u00a0\u00bb parallax=\u00a0\u00bbcontent-moving\u00a0\u00bb parallax_speed_bg=\u00a0\u00bb2.5&Prime; bg_overlay=\u00a0\u00bbblack\u00a0\u00bb css=\u00a0\u00bb.vc_custom_1680559722717{margin-top: 40px !important;background-image: url(https:\/\/embotitsvila.com\/wp-content\/uploads\/2019\/12\/informacion-vila.jpg?id=13474) !important;}\u00a0\u00bb][vc_column]<div class=\"es-resp\">\t<div class=\"visible-xl\" style=\"height: 80px;\"><\/div>\t<div class=\"hidden-xl hidden-md hidden-sm hidden-ms hidden-xs\" style=\"height: 80px;\"><\/div>\t<div class=\"visible-md\" style=\"height: 80px;\"><\/div>\t<div class=\"visible-sm \" style=\"height: 80px;\"><\/div>\t<div class=\"visible-ms\" style=\"height: 80px;\"><\/div>\t<div class=\"visible-xs\" style=\"height: 80px;\"><\/div><\/div><div class=\"ltx-content-width ltx-col-align-center ltx-block-align-left\" id=\"like_sc_content_width_2036910017\" style=\"max-width: 650px\"><div class=\"ltx-wrapper\"><ul class=\"ltx-block-icon  ltx-icon-order-left icons-count-1 align-center ltx-icon-color-main ltx-icon-size-xl ltx-header-color-default ltx-icon-type-transparent ltx-bg-color-transparent layout-cols3 ltx-icon-only  row centered\"  id=\"like_sc_block_icon_332983254\"><li class=\" col-lg-4 col-md-4 col-sm-4 col-ms-4 col-xs-6\" ><div   class=\"in\"><span class=\"ltx-icon icon-emo_01 bg-transparent\"><\/span><\/div><\/li><\/ul><div class=\"heading header-subheader align-center color-white subcolor-main transform-default theme-icon-second icon-type-hidden heading-tag-h2\" id=\"like_sc_header_1805924581\"><a href=\"\/es\/!contacto\"><h2 data-text=\"Demande d&#039;information\u2026.\" class=\"header ltx-sr-id-like_sc_header_18059245811750305333 ltx-sr ltx-sr-effect-fade_in ltx-sr-el-block ltx-sr-delay-0 ltx-sr-duration-1000 ltx-sr-sequences-0 ltx-check-scroll ltx-glitch done\">Demande d'information\u2026.<\/h2><\/a><\/div><ul class=\"ltx-block-icon  ltx-icon-order-right icons-count-1 align-center ltx-icon-color-main ltx-icon-size-xl ltx-header-color-default ltx-icon-type-transparent ltx-bg-color-transparent layout-cols3 ltx-icon-only  row centered\"  id=\"like_sc_block_icon_840605218\"><li class=\" col-lg-4 col-md-4 col-sm-4 col-ms-4 col-xs-6\" ><div   class=\"in\"><span class=\"ltx-icon icon-emo_02 bg-transparent\"><\/span><\/div><\/li><\/ul><div class=\"es-resp\">\t<div class=\"visible-xl\" style=\"height: 16px;\"><\/div>\t<div class=\"hidden-xl hidden-md hidden-sm hidden-ms hidden-xs\" style=\"height: 16px;\"><\/div>\t<div class=\"visible-md\" style=\"height: 16px;\"><\/div>\t<div class=\"visible-sm \" style=\"height: 16px;\"><\/div>\t<div class=\"visible-ms\" style=\"height: 16px;\"><\/div>\t<div class=\"visible-xs\" style=\"height: 16px;\"><\/div><\/div><div class=\"btn-wrap align-center\">\r\n\t<a href=\"\/fr\/contact\"  class=\"btn  btn-lg btn-second color-hover-default align-center\" id=\"like_sc_button_1103148502\">Contact<\/a><\/div><\/div><\/div><div class=\"es-resp\">\t<div class=\"visible-xl\" style=\"height: 150px;\"><\/div>\t<div class=\"hidden-xl hidden-md hidden-sm hidden-ms hidden-xs\" style=\"height: 150px;\"><\/div>\t<div class=\"visible-md\" style=\"height: 150px;\"><\/div>\t<div class=\"visible-sm \" style=\"height: 150px;\"><\/div>\t<div class=\"visible-ms\" style=\"height: 150px;\"><\/div>\t<div class=\"visible-xs\" style=\"height: 150px;\"><\/div><\/div>[\/vc_column][\/vc_row]<\/p>\n<\/section>","protected":false},"excerpt":{"rendered":"<p>[vc_section full_width=\u00a0\u00bbstretch_row\u00a0\u00bb css=\u00a0\u00bb.vc_custom_1680558115229{padding-top: 40px !important;}\u00a0\u00bb][vc_row gap=\u00a0\u00bb35&Prime; text_align=\u00a0\u00bbcenter-sm-ms\u00a0\u00bb][vc_column offset=\u00a0\u00bbvc_col-md-6&Prime;][\/vc_column][vc_column offset=\u00a0\u00bbvc_col-md-6&Prime;][vc_single_image image=\u00a0\u00bb13473&Prime; img_size=\u00a0\u00bbfull\u00a0\u00bb alignment=\u00a0\u00bbcenter\u00a0\u00bb][\/vc_column][\/vc_row][\/vc_section][vc_section full_width=\u00a0\u00bbstretch_row\u00a0\u00bb css=\u00a0\u00bb.vc_custom_1680558115229{padding-top: 40px !important;}\u00a0\u00bb][vc_row gap=\u00a0\u00bb35&Prime; text_align=\u00a0\u00bbcenter-sm-ms\u00a0\u00bb][vc_column offset=\u00a0\u00bbvc_col-md-6&Prime;][vc_single_image image=\u00a0\u00bb14754&Prime; img_size=\u00a0\u00bbfull\u00a0\u00bb alignment=\u00a0\u00bbcenter\u00a0\u00bb][\/vc_column][vc_column offset=\u00a0\u00bbvc_col-md-6&Prime;][\/vc_column][\/vc_row][\/vc_section][vc_row full_width=\u00a0\u00bbstretch_row\u00a0\u00bb parallax=\u00a0\u00bbcontent-moving\u00a0\u00bb parallax_speed_bg=\u00a0\u00bb2.5&Prime; bg_overlay=\u00a0\u00bbblack\u00a0\u00bb css=\u00a0\u00bb.vc_custom_1680559722717{margin-top: 40px !important;background-image: url(https:\/\/embotitsvila.com\/wp-content\/uploads\/2019\/12\/informacion-vila.jpg?id=13474) !important;}\u00a0\u00bb][vc_column][\/vc_column][\/vc_row]<\/p>\n","protected":false},"author":2,"featured_media":0,"parent":0,"menu_order":120,"comment_status":"closed","ping_status":"closed","template":"","meta":[],"acf":[],"yoast_head":"<!-- This site is optimized with the Yoast SEO plugin v20.5 - https:\/\/yoast.com\/wordpress\/plugins\/seo\/ -->\n<title>Nous conna\u00eetre - Embotits Artesans J.Vil\u00e0<\/title>\n<meta name=\"robots\" content=\"index, follow, max-snippet:-1, max-image-preview:large, max-video-preview:-1\" \/>\n<link rel=\"canonical\" href=\"https:\/\/embotitsvila.com\/fr\/nous-connaitre\/\" \/>\n<meta property=\"og:locale\" content=\"fr_FR\" \/>\n<meta property=\"og:type\" content=\"article\" \/>\n<meta property=\"og:title\" content=\"Nous conna\u00eetre - Embotits Artesans J.Vil\u00e0\" \/>\n<meta property=\"og:description\" content=\"[vc_section full_width=\u00a0\u00bbstretch_row\u00a0\u00bb css=\u00a0\u00bb.vc_custom_1680558115229{padding-top: 40px !important;}\u00a0\u00bb][vc_row gap=\u00a0\u00bb35&Prime; text_align=\u00a0\u00bbcenter-sm-ms\u00a0\u00bb][vc_column offset=\u00a0\u00bbvc_col-md-6&Prime;][\/vc_column][vc_column offset=\u00a0\u00bbvc_col-md-6&Prime;][vc_single_image image=\u00a0\u00bb13473&Prime; img_size=\u00a0\u00bbfull\u00a0\u00bb alignment=\u00a0\u00bbcenter\u00a0\u00bb][\/vc_column][\/vc_row][\/vc_section][vc_section full_width=\u00a0\u00bbstretch_row\u00a0\u00bb css=\u00a0\u00bb.vc_custom_1680558115229{padding-top: 40px !important;}\u00a0\u00bb][vc_row gap=\u00a0\u00bb35&Prime; text_align=\u00a0\u00bbcenter-sm-ms\u00a0\u00bb][vc_column offset=\u00a0\u00bbvc_col-md-6&Prime;][vc_single_image image=\u00a0\u00bb14754&Prime; img_size=\u00a0\u00bbfull\u00a0\u00bb alignment=\u00a0\u00bbcenter\u00a0\u00bb][\/vc_column][vc_column offset=\u00a0\u00bbvc_col-md-6&Prime;][\/vc_column][\/vc_row][\/vc_section][vc_row full_width=\u00a0\u00bbstretch_row\u00a0\u00bb parallax=\u00a0\u00bbcontent-moving\u00a0\u00bb parallax_speed_bg=\u00a0\u00bb2.5&Prime; bg_overlay=\u00a0\u00bbblack\u00a0\u00bb css=\u00a0\u00bb.vc_custom_1680559722717{margin-top: 40px !important;background-image: url(https:\/\/embotitsvila.com\/wp-content\/uploads\/2019\/12\/informacion-vila.jpg?id=13474) !important;}\u00a0\u00bb][vc_column][\/vc_column][\/vc_row]\" \/>\n<meta property=\"og:url\" content=\"https:\/\/embotitsvila.com\/fr\/nous-connaitre\/\" \/>\n<meta property=\"og:site_name\" content=\"Embotits Artesans J.Vil\u00e0\" \/>\n<meta property=\"article:modified_time\" content=\"2023-04-21T14:02:40+00:00\" \/>\n<meta name=\"twitter:card\" content=\"summary_large_image\" \/>\n<meta name=\"twitter:label1\" content=\"Dur\u00e9e de lecture estim\u00e9e\" \/>\n\t<meta name=\"twitter:data1\" content=\"1 minute\" \/>\n<script type=\"application\/ld+json\" class=\"yoast-schema-graph\">{\"@context\":\"https:\/\/schema.org\",\"@graph\":[{\"@type\":\"WebPage\",\"@id\":\"https:\/\/embotitsvila.com\/fr\/nous-connaitre\/\",\"url\":\"https:\/\/embotitsvila.com\/fr\/nous-connaitre\/\",\"name\":\"Nous conna\u00eetre - Embotits Artesans J.Vil\u00e0\",\"isPartOf\":{\"@id\":\"https:\/\/embotitsvila.com\/fr\/#website\"},\"datePublished\":\"2023-04-03T11:13:18+00:00\",\"dateModified\":\"2023-04-21T14:02:40+00:00\",\"breadcrumb\":{\"@id\":\"https:\/\/embotitsvila.com\/fr\/nous-connaitre\/#breadcrumb\"},\"inLanguage\":\"fr-FR\",\"potentialAction\":[{\"@type\":\"ReadAction\",\"target\":[\"https:\/\/embotitsvila.com\/fr\/nous-connaitre\/\"]}]},{\"@type\":\"BreadcrumbList\",\"@id\":\"https:\/\/embotitsvila.com\/fr\/nous-connaitre\/#breadcrumb\",\"itemListElement\":[{\"@type\":\"ListItem\",\"position\":1,\"name\":\"Portada\",\"item\":\"https:\/\/embotitsvila.com\/fr\/\"},{\"@type\":\"ListItem\",\"position\":2,\"name\":\"Nous conna\u00eetre\"}]},{\"@type\":\"WebSite\",\"@id\":\"https:\/\/embotitsvila.com\/fr\/#website\",\"url\":\"https:\/\/embotitsvila.com\/fr\/\",\"name\":\"Embotits Artesans J.Vil\u00e0\",\"description\":\"\",\"potentialAction\":[{\"@type\":\"SearchAction\",\"target\":{\"@type\":\"EntryPoint\",\"urlTemplate\":\"https:\/\/embotitsvila.com\/fr\/?s={search_term_string}\"},\"query-input\":\"required name=search_term_string\"}],\"inLanguage\":\"fr-FR\"}]}<\/script>\n<!-- \/ Yoast SEO plugin. -->","yoast_head_json":{"title":"Nous conna\u00eetre - Embotits Artesans J.Vil\u00e0","robots":{"index":"index","follow":"follow","max-snippet":"max-snippet:-1","max-image-preview":"max-image-preview:large","max-video-preview":"max-video-preview:-1"},"canonical":"https:\/\/embotitsvila.com\/fr\/nous-connaitre\/","og_locale":"fr_FR","og_type":"article","og_title":"Nous conna\u00eetre - Embotits Artesans J.Vil\u00e0","og_description":"[vc_section full_width=\u00a0\u00bbstretch_row\u00a0\u00bb css=\u00a0\u00bb.vc_custom_1680558115229{padding-top: 40px !important;}\u00a0\u00bb][vc_row gap=\u00a0\u00bb35&Prime; text_align=\u00a0\u00bbcenter-sm-ms\u00a0\u00bb][vc_column offset=\u00a0\u00bbvc_col-md-6&Prime;][\/vc_column][vc_column offset=\u00a0\u00bbvc_col-md-6&Prime;][vc_single_image image=\u00a0\u00bb13473&Prime; img_size=\u00a0\u00bbfull\u00a0\u00bb alignment=\u00a0\u00bbcenter\u00a0\u00bb][\/vc_column][\/vc_row][\/vc_section][vc_section full_width=\u00a0\u00bbstretch_row\u00a0\u00bb css=\u00a0\u00bb.vc_custom_1680558115229{padding-top: 40px !important;}\u00a0\u00bb][vc_row gap=\u00a0\u00bb35&Prime; text_align=\u00a0\u00bbcenter-sm-ms\u00a0\u00bb][vc_column offset=\u00a0\u00bbvc_col-md-6&Prime;][vc_single_image image=\u00a0\u00bb14754&Prime; img_size=\u00a0\u00bbfull\u00a0\u00bb alignment=\u00a0\u00bbcenter\u00a0\u00bb][\/vc_column][vc_column offset=\u00a0\u00bbvc_col-md-6&Prime;][\/vc_column][\/vc_row][\/vc_section][vc_row full_width=\u00a0\u00bbstretch_row\u00a0\u00bb parallax=\u00a0\u00bbcontent-moving\u00a0\u00bb parallax_speed_bg=\u00a0\u00bb2.5&Prime; bg_overlay=\u00a0\u00bbblack\u00a0\u00bb css=\u00a0\u00bb.vc_custom_1680559722717{margin-top: 40px !important;background-image: url(https:\/\/embotitsvila.com\/wp-content\/uploads\/2019\/12\/informacion-vila.jpg?id=13474) !important;}\u00a0\u00bb][vc_column][\/vc_column][\/vc_row]","og_url":"https:\/\/embotitsvila.com\/fr\/nous-connaitre\/","og_site_name":"Embotits Artesans J.Vil\u00e0","article_modified_time":"2023-04-21T14:02:40+00:00","twitter_card":"summary_large_image","twitter_misc":{"Dur\u00e9e de lecture estim\u00e9e":"1 minute"},"schema":{"@context":"https:\/\/schema.org","@graph":[{"@type":"WebPage","@id":"https:\/\/embotitsvila.com\/fr\/nous-connaitre\/","url":"https:\/\/embotitsvila.com\/fr\/nous-connaitre\/","name":"Nous conna\u00eetre - Embotits Artesans J.Vil\u00e0","isPartOf":{"@id":"https:\/\/embotitsvila.com\/fr\/#website"},"datePublished":"2023-04-03T11:13:18+00:00","dateModified":"2023-04-21T14:02:40+00:00","breadcrumb":{"@id":"https:\/\/embotitsvila.com\/fr\/nous-connaitre\/#breadcrumb"},"inLanguage":"fr-FR","potentialAction":[{"@type":"ReadAction","target":["https:\/\/embotitsvila.com\/fr\/nous-connaitre\/"]}]},{"@type":"BreadcrumbList","@id":"https:\/\/embotitsvila.com\/fr\/nous-connaitre\/#breadcrumb","itemListElement":[{"@type":"ListItem","position":1,"name":"Portada","item":"https:\/\/embotitsvila.com\/fr\/"},{"@type":"ListItem","position":2,"name":"Nous conna\u00eetre"}]},{"@type":"WebSite","@id":"https:\/\/embotitsvila.com\/fr\/#website","url":"https:\/\/embotitsvila.com\/fr\/","name":"Embotits Artesans J.Vil\u00e0","description":"","potentialAction":[{"@type":"SearchAction","target":{"@type":"EntryPoint","urlTemplate":"https:\/\/embotitsvila.com\/fr\/?s={search_term_string}"},"query-input":"required name=search_term_string"}],"inLanguage":"fr-FR"}]}},"_links":{"self":[{"href":"https:\/\/embotitsvila.com\/fr\/wp-json\/wp\/v2\/pages\/15492"}],"collection":[{"href":"https:\/\/embotitsvila.com\/fr\/wp-json\/wp\/v2\/pages"}],"about":[{"href":"https:\/\/embotitsvila.com\/fr\/wp-json\/wp\/v2\/types\/page"}],"author":[{"embeddable":true,"href":"https:\/\/embotitsvila.com\/fr\/wp-json\/wp\/v2\/users\/2"}],"replies":[{"embeddable":true,"href":"https:\/\/embotitsvila.com\/fr\/wp-json\/wp\/v2\/comments?post=15492"}],"version-history":[{"count":11,"href":"https:\/\/embotitsvila.com\/fr\/wp-json\/wp\/v2\/pages\/15492\/revisions"}],"predecessor-version":[{"id":16858,"href":"https:\/\/embotitsvila.com\/fr\/wp-json\/wp\/v2\/pages\/15492\/revisions\/16858"}],"wp:attachment":[{"href":"https:\/\/embotitsvila.com\/fr\/wp-json\/wp\/v2\/media?parent=15492"}],"curies":[{"name":"wp","href":"https:\/\/api.w.org\/{rel}","templated":true}]}}