{"id":15495,"date":"2023-03-28T14:38:18","date_gmt":"2023-03-28T12:38:18","guid":{"rendered":"https:\/\/embotitsvila.com\/politica-de-cookies\/"},"modified":"2023-04-19T14:24:59","modified_gmt":"2023-04-19T12:24:59","slug":"politique-de-cookies","status":"publish","type":"page","link":"https:\/\/embotitsvila.com\/fr\/politique-de-cookies\/","title":{"rendered":"Politique en mati\u00e8re de cookies"},"content":{"rendered":"<section class=\"wpb-content-wrapper\"><p>[vc_row][vc_column][vc_column_text]En ce qui concerne les <em>cookies<\/em> pendant la navigation. Un cookie est un petit \u00e9l\u00e9ment d&rsquo;information envoy\u00e9 par un site web et stock\u00e9 dans le navigateur de l&rsquo;utilisateur, afin que le site web puisse consulter les activit\u00e9s pr\u00e9c\u00e9dentes de l&rsquo;utilisateur.<\/p>\n<p>Ses principales fonctions sont les suivantes Garder la trace des utilisateurs : lorsqu&rsquo;un utilisateur saisit son nom d&rsquo;utilisateur et son mot de passe, un cookie est stock\u00e9 afin qu&rsquo;il n&rsquo;ait pas \u00e0 les saisir \u00e0 chaque page du serveur. Cependant, un biscuit n&rsquo;identifie pas seulement une personne, mais une combinaison ordinateur &#8211; navigateur &#8211; utilisateur. Obtenir des informations sur les habitudes de navigation de l&rsquo;utilisateur, entre autres.<\/p>\n<h4>CE SITE WEB UTILISE SES PROPRES COOKIES<\/h4>\n<table>\n<tbody>\n<tr>\n<td width=\"210\"><strong>Type de <em>cookie<\/em><\/strong><\/td>\n<td width=\"200\"><strong>Objectif<\/strong><\/td>\n<td width=\"200\"><strong>La dur\u00e9e<\/strong><\/td>\n<\/tr>\n<tr>\n<td><strong>wordpress_<\/strong><\/td>\n<td>Rappel de la session<\/td>\n<td>Session<\/td>\n<\/tr>\n<tr>\n<td><strong>wordpress_logged_in<\/strong><\/td>\n<td>Rappel de la session<\/td>\n<td>Session<\/td>\n<\/tr>\n<tr>\n<td><strong>wordpress_test<\/strong><\/td>\n<td>Rappel de la session<\/td>\n<td>Session<\/td>\n<\/tr>\n<tr>\n<td><strong>wordpress_test_cookie<\/strong><\/td>\n<td>Cookies de test WordPress<\/td>\n<td>Session<\/td>\n<\/tr>\n<tr>\n<td><strong>wp-settings-[UID]<\/strong><\/td>\n<td>Utilis\u00e9 pour personnaliser l&rsquo;interface utilisateur.<\/td>\n<td>1 an<\/td>\n<\/tr>\n<tr>\n<td><strong>wp-settings-time-[UID]<\/strong><\/td>\n<td>Stocke l&rsquo;aspect et la convivialit\u00e9 de l&rsquo;interface d&rsquo;administration et du site principal.<\/td>\n<td>1 an<\/td>\n<\/tr>\n<\/tbody>\n<\/table>\n<h4>LES COOKIES DE TIERS<\/h4>\n<table>\n<tbody>\n<tr>\n<td width=\"110\"><strong>Type de <em>cookie<\/em><\/strong><\/td>\n<td width=\"100\"><strong>Entreprise<\/strong><\/td>\n<td width=\"200\"><strong>Objectif<\/strong><\/td>\n<td width=\"200\"><strong>Plus d&rsquo;informations<\/strong><\/td>\n<\/tr>\n<tr>\n<td><strong>_utma<br \/>\n_utmb<br \/>\n_utmc<br \/>\n_utmz<\/strong><\/td>\n<td valign=\"top\"><strong>Google<\/strong><\/td>\n<td valign=\"top\">Navigation anonyme qui vous permet de savoir ce que vous regardez et comment vous naviguez<\/td>\n<td valign=\"top\">http:\/\/www.google.es\/intl\/es\/analytics\/privacyoverview.html<\/td>\n<\/tr>\n<\/tbody>\n<\/table>\n<h4>G\u00c9RER LES COOKIES<\/h4>\n<p><strong>Vous pouvez autoriser, bloquer ou supprimer les cookies install\u00e9s sur votre ordinateur<\/strong> en configurant les options de votre navigateur. Si vous n&rsquo;\u00eates pas s\u00fbr du type et de la version du navigateur que vous utilisez pour acc\u00e9der \u00e0 Internet : Pour Windows : cliquez sur \u00ab\u00a0Aide\u00a0\u00bb en haut de la fen\u00eatre de votre navigateur et s\u00e9lectionnez l&rsquo;option \u00ab\u00a0\u00c0 propos\u00a0\u00bb. Pour Mac : lorsque la fen\u00eatre du navigateur est ouverte, cliquez sur le menu Pomme et s\u00e9lectionnez l&rsquo;option \u00ab\u00a0\u00c0 propos de&#8230;\u00a0\u00bb.<\/p>\n<h4>COMMENT G\u00c9RER LES COOKIES DANS VOTRE NAVIGATEUR ?<\/h4>\n<h5><strong>Google Chrome<\/strong><\/h5>\n<p>Cliquez sur le menu Chrome dans la barre d&rsquo;outils du navigateur. S\u00e9lectionnez <strong>\u00ab\u00a0R\u00e9glages\u00a0\u00bb<\/strong>. Cliquez sur <strong>\u00ab\u00a0Afficher les options avanc\u00e9es&#8230;\u00a0\u00bb<\/strong>. Dans la section <strong>\u00ab\u00a0Vie priv\u00e9e\u00a0\u00bb<\/strong>, cliquez sur le bouton <strong>\u00ab\u00a0Param\u00e8tres de contenu&#8230;\u00a0\u00bb<\/strong>. Dans la section <strong>\u00ab\u00a0Cookies\u00a0\u00bb<\/strong>, vous pouvez configurer les options \u00e9num\u00e9r\u00e9es ci-dessous : Supprimer les cookies, bloquer ou autoriser les cookies par d\u00e9faut, inclure des exceptions pour les biscuits provenant de domaines ou de sites web sp\u00e9cifiques. Pour plus de d\u00e9tails, voir l&rsquo;aide de Google Chrome.<\/p>\n<h5><strong>Microsoft Internet Explorer 7.0 et 8.0<\/strong><\/h5>\n<p>Cliquez sur le bouton <strong>\u00ab\u00a0Outils\u00a0\u00bb<\/strong> puis sur <strong>\u00ab\u00a0Options Internet\u00a0\u00bb<\/strong>. Cliquez sur l&rsquo;onglet <strong>\u00ab\u00a0Vie priv\u00e9e\u00a0\u00bb<\/strong>, puis d\u00e9placez le curseur vers une position interm\u00e9diaire entre les extr\u00e9mit\u00e9s sup\u00e9rieure et inf\u00e9rieure, de mani\u00e8re \u00e0 ce qu&rsquo;il ne bloque pas ou n&rsquo;autorise pas tous les cookies. Cliquez sur <strong>\u00ab\u00a0Sites\u00a0\u00bb<\/strong>. Dans la case <strong>\u00ab\u00a0Adresse du site web\u00a0\u00bb<\/strong>, saisissez l&rsquo;adresse d&rsquo;un site web, puis cliquez sur <strong>\u00ab\u00a0Bloquer\u00a0\u00bb<\/strong> ou <strong>\u00ab\u00a0Autoriser\u00a0\u00bb<\/strong>. Au fur et \u00e0 mesure que vous tapez, une liste des pages web que vous avez d\u00e9j\u00e0 visit\u00e9es s&rsquo;affiche. Si vous cliquez sur un \u00e9l\u00e9ment de la liste, il s&rsquo;affichera dans le champ Adresse du site web. Lorsque vous avez termin\u00e9, cliquez sur <strong>\u00ab\u00a0OK\u00a0\u00bb<\/strong>. Remettez le curseur dans sa superposition d&rsquo;origine et cliquez sur \u00ab\u00a0OK\u00a0\u00bb. Je peux me r\u00e9f\u00e9rer \u00e0 l&rsquo;aide de Windows pour plus d&rsquo;informations.<\/p>\n<h5><strong>Mozilla Firefox<\/strong><\/h5>\n<p>Cliquez sur le bouton <strong>\u00ab\u00a0Outils\u00a0\u00bb<\/strong> puis sur <strong>\u00ab\u00a0Options Internet\u00a0\u00bb<\/strong>. Cliquez sur l&rsquo;onglet <strong>\u00ab\u00a0Vie priv\u00e9e\u00a0\u00bb<\/strong>, puis d\u00e9placez le curseur \u00e0 mi-chemin entre le haut et le bas afin que tous les cookies ne soient pas bloqu\u00e9s ou autoris\u00e9s. Cliquez sur <strong>\u00ab\u00a0Sites\u00a0\u00bb<\/strong>. Dans la case <strong>\u00ab\u00a0Adresse du site web\u00a0\u00bb<\/strong>, saisissez l&rsquo;adresse d&rsquo;un site web, puis cliquez sur <strong>\u00ab\u00a0Bloquer\u00a0\u00bb<\/strong> ou <strong>\u00ab\u00a0Autoriser\u00a0\u00bb<\/strong>. Au fur et \u00e0 mesure que vous tapez, une liste des pages web que vous avez d\u00e9j\u00e0 visit\u00e9es s&rsquo;affiche. Si vous cliquez sur un \u00e9l\u00e9ment de la liste, il s&rsquo;affichera dans le champ Adresse du site web. Lorsque vous avez termin\u00e9, cliquez sur <strong>\u00ab\u00a0OK\u00a0\u00bb<\/strong>. Remettez le curseur dans sa position initiale et cliquez sur \u00ab\u00a0OK\u00a0\u00bb. Vous pouvez consulter l&rsquo;aide de Windows pour plus d&rsquo;informations.<\/p>\n<h5><strong>Safari<\/strong><\/h5>\n<p>Cliquez sur <strong>\u00ab\u00a0Safari\u00a0\u00bb<\/strong> en haut de la fen\u00eatre de votre navigateur et s\u00e9lectionnez l&rsquo;option <strong>\u00ab\u00a0Pr\u00e9f\u00e9rences\u00a0\u00bb<\/strong>. Cliquez sur <strong>\u00ab\u00a0Vie priv\u00e9e\u00a0\u00bb<\/strong>. Dans la section <strong>\u00ab\u00a0Bloquer les cookies\u00a0\u00bb<\/strong>, s\u00e9lectionnez l&rsquo;une des options suivantes : <strong>\u00ab\u00a0De la publicit\u00e9 et des tiers\u00a0\u00bb,<\/strong> <strong>\u00ab\u00a0Toujours\u00a0\u00bb<\/strong> ou <strong>\u00ab\u00a0Jamais\u00a0\u00bb<\/strong>.<\/p>\n<h5><strong>Op\u00e9ra<\/strong><\/h5>\n<p>Cliquez sur <strong>\u00ab\u00a0Param\u00e8tres\u00a0\u00bb<\/strong> en haut de la fen\u00eatre du navigateur et s\u00e9lectionnez <strong>\u00ab\u00a0Options\u00a0\u00bb<\/strong>. S\u00e9lectionnez ensuite l&rsquo;onglet <strong>\u00ab\u00a0Avanc\u00e9\u00a0\u00bb<\/strong> et, dans la liste de gauche, s\u00e9lectionnez <strong>\u00ab\u00a0Cookies\u00a0\u00bb<\/strong>. S\u00e9lectionnez ensuite <strong>\u00ab\u00a0Accepter les cookies\u00a0\u00bb<\/strong>. Trois options s&rsquo;offrent \u00e0 vous en fonction de vos pr\u00e9f\u00e9rences : <strong>\u00ab\u00a0Accepter les cookies\u00a0\u00bb<\/strong>.[\/vc_column_text][\/vc_column][\/vc_row]<\/p>\n<\/section>","protected":false},"excerpt":{"rendered":"<p>[vc_row][vc_column][vc_column_text]En ce qui concerne les cookies pendant la navigation. Un cookie est un petit \u00e9l\u00e9ment d&rsquo;information envoy\u00e9 par un site web et stock\u00e9 dans le navigateur de l&rsquo;utilisateur, afin que le site web puisse consulter les activit\u00e9s pr\u00e9c\u00e9dentes de l&rsquo;utilisateur. Ses principales fonctions sont les suivantes Garder la trace des utilisateurs : lorsqu&rsquo;un utilisateur saisit son nom d&rsquo;utilisateur et son mot de passe, un cookie est stock\u00e9 afin qu&rsquo;il n&rsquo;ait pas \u00e0 les saisir \u00e0 chaque page du serveur. Cependant, un biscuit n&rsquo;identifie pas seulement une personne, mais une combinaison ordinateur &#8211; navigateur &#8211; utilisateur. Obtenir des informations sur les habitudes de navigation de l&rsquo;utilisateur, entre autres. CE SITE WEB UTILISE SES PROPRES COOKIES Type de cookie Objectif La dur\u00e9e wordpress_ Rappel de la session Session wordpress_logged_in Rappel de la session Session wordpress_test Rappel de la session Session wordpress_test_cookie Cookies [&hellip;]<\/p>\n","protected":false},"author":2,"featured_media":0,"parent":0,"menu_order":5200,"comment_status":"closed","ping_status":"closed","template":"page-templates\/full-width.php","meta":[],"acf":[],"yoast_head":"<!-- This site is optimized with the Yoast SEO plugin v20.5 - https:\/\/yoast.com\/wordpress\/plugins\/seo\/ -->\n<title>Politique en mati\u00e8re de cookies - Embotits Artesans J.Vil\u00e0<\/title>\n<meta name=\"robots\" content=\"index, follow, max-snippet:-1, max-image-preview:large, max-video-preview:-1\" \/>\n<link rel=\"canonical\" href=\"https:\/\/embotitsvila.com\/fr\/politique-de-cookies\/\" \/>\n<meta property=\"og:locale\" content=\"fr_FR\" \/>\n<meta property=\"og:type\" content=\"article\" \/>\n<meta property=\"og:title\" content=\"Politique en mati\u00e8re de cookies - Embotits Artesans J.Vil\u00e0\" \/>\n<meta property=\"og:description\" content=\"[vc_row][vc_column][vc_column_text]En ce qui concerne les cookies pendant la navigation. Un cookie est un petit \u00e9l\u00e9ment d&rsquo;information envoy\u00e9 par un site web et stock\u00e9 dans le navigateur de l&rsquo;utilisateur, afin que le site web puisse consulter les activit\u00e9s pr\u00e9c\u00e9dentes de l&rsquo;utilisateur. Ses principales fonctions sont les suivantes Garder la trace des utilisateurs : lorsqu&rsquo;un utilisateur saisit son nom d&rsquo;utilisateur et son mot de passe, un cookie est stock\u00e9 afin qu&rsquo;il n&rsquo;ait pas \u00e0 les saisir \u00e0 chaque page du serveur. Cependant, un biscuit n&rsquo;identifie pas seulement une personne, mais une combinaison ordinateur &#8211; navigateur &#8211; utilisateur. Obtenir des informations sur les habitudes de navigation de l&rsquo;utilisateur, entre autres. CE SITE WEB UTILISE SES PROPRES COOKIES Type de cookie Objectif La dur\u00e9e wordpress_ Rappel de la session Session wordpress_logged_in Rappel de la session Session wordpress_test Rappel de la session Session wordpress_test_cookie Cookies [&hellip;]\" \/>\n<meta property=\"og:url\" content=\"https:\/\/embotitsvila.com\/fr\/politique-de-cookies\/\" \/>\n<meta property=\"og:site_name\" content=\"Embotits Artesans J.Vil\u00e0\" \/>\n<meta property=\"article:modified_time\" content=\"2023-04-19T12:24:59+00:00\" \/>\n<meta name=\"twitter:card\" content=\"summary_large_image\" \/>\n<meta name=\"twitter:label1\" content=\"Dur\u00e9e de lecture estim\u00e9e\" \/>\n\t<meta name=\"twitter:data1\" content=\"4 minutes\" \/>\n<script type=\"application\/ld+json\" class=\"yoast-schema-graph\">{\"@context\":\"https:\/\/schema.org\",\"@graph\":[{\"@type\":\"WebPage\",\"@id\":\"https:\/\/embotitsvila.com\/fr\/politique-de-cookies\/\",\"url\":\"https:\/\/embotitsvila.com\/fr\/politique-de-cookies\/\",\"name\":\"Politique en mati\u00e8re de cookies - Embotits Artesans J.Vil\u00e0\",\"isPartOf\":{\"@id\":\"https:\/\/embotitsvila.com\/fr\/#website\"},\"datePublished\":\"2023-03-28T12:38:18+00:00\",\"dateModified\":\"2023-04-19T12:24:59+00:00\",\"breadcrumb\":{\"@id\":\"https:\/\/embotitsvila.com\/fr\/politique-de-cookies\/#breadcrumb\"},\"inLanguage\":\"fr-FR\",\"potentialAction\":[{\"@type\":\"ReadAction\",\"target\":[\"https:\/\/embotitsvila.com\/fr\/politique-de-cookies\/\"]}]},{\"@type\":\"BreadcrumbList\",\"@id\":\"https:\/\/embotitsvila.com\/fr\/politique-de-cookies\/#breadcrumb\",\"itemListElement\":[{\"@type\":\"ListItem\",\"position\":1,\"name\":\"Portada\",\"item\":\"https:\/\/embotitsvila.com\/fr\/\"},{\"@type\":\"ListItem\",\"position\":2,\"name\":\"Politique en mati\u00e8re de cookies\"}]},{\"@type\":\"WebSite\",\"@id\":\"https:\/\/embotitsvila.com\/fr\/#website\",\"url\":\"https:\/\/embotitsvila.com\/fr\/\",\"name\":\"Embotits Artesans J.Vil\u00e0\",\"description\":\"\",\"potentialAction\":[{\"@type\":\"SearchAction\",\"target\":{\"@type\":\"EntryPoint\",\"urlTemplate\":\"https:\/\/embotitsvila.com\/fr\/?s={search_term_string}\"},\"query-input\":\"required name=search_term_string\"}],\"inLanguage\":\"fr-FR\"}]}<\/script>\n<!-- \/ Yoast SEO plugin. -->","yoast_head_json":{"title":"Politique en mati\u00e8re de cookies - Embotits Artesans J.Vil\u00e0","robots":{"index":"index","follow":"follow","max-snippet":"max-snippet:-1","max-image-preview":"max-image-preview:large","max-video-preview":"max-video-preview:-1"},"canonical":"https:\/\/embotitsvila.com\/fr\/politique-de-cookies\/","og_locale":"fr_FR","og_type":"article","og_title":"Politique en mati\u00e8re de cookies - Embotits Artesans J.Vil\u00e0","og_description":"[vc_row][vc_column][vc_column_text]En ce qui concerne les cookies pendant la navigation. Un cookie est un petit \u00e9l\u00e9ment d&rsquo;information envoy\u00e9 par un site web et stock\u00e9 dans le navigateur de l&rsquo;utilisateur, afin que le site web puisse consulter les activit\u00e9s pr\u00e9c\u00e9dentes de l&rsquo;utilisateur. Ses principales fonctions sont les suivantes Garder la trace des utilisateurs : lorsqu&rsquo;un utilisateur saisit son nom d&rsquo;utilisateur et son mot de passe, un cookie est stock\u00e9 afin qu&rsquo;il n&rsquo;ait pas \u00e0 les saisir \u00e0 chaque page du serveur. Cependant, un biscuit n&rsquo;identifie pas seulement une personne, mais une combinaison ordinateur &#8211; navigateur &#8211; utilisateur. Obtenir des informations sur les habitudes de navigation de l&rsquo;utilisateur, entre autres. CE SITE WEB UTILISE SES PROPRES COOKIES Type de cookie Objectif La dur\u00e9e wordpress_ Rappel de la session Session wordpress_logged_in Rappel de la session Session wordpress_test Rappel de la session Session wordpress_test_cookie Cookies [&hellip;]","og_url":"https:\/\/embotitsvila.com\/fr\/politique-de-cookies\/","og_site_name":"Embotits Artesans J.Vil\u00e0","article_modified_time":"2023-04-19T12:24:59+00:00","twitter_card":"summary_large_image","twitter_misc":{"Dur\u00e9e de lecture estim\u00e9e":"4 minutes"},"schema":{"@context":"https:\/\/schema.org","@graph":[{"@type":"WebPage","@id":"https:\/\/embotitsvila.com\/fr\/politique-de-cookies\/","url":"https:\/\/embotitsvila.com\/fr\/politique-de-cookies\/","name":"Politique en mati\u00e8re de cookies - Embotits Artesans J.Vil\u00e0","isPartOf":{"@id":"https:\/\/embotitsvila.com\/fr\/#website"},"datePublished":"2023-03-28T12:38:18+00:00","dateModified":"2023-04-19T12:24:59+00:00","breadcrumb":{"@id":"https:\/\/embotitsvila.com\/fr\/politique-de-cookies\/#breadcrumb"},"inLanguage":"fr-FR","potentialAction":[{"@type":"ReadAction","target":["https:\/\/embotitsvila.com\/fr\/politique-de-cookies\/"]}]},{"@type":"BreadcrumbList","@id":"https:\/\/embotitsvila.com\/fr\/politique-de-cookies\/#breadcrumb","itemListElement":[{"@type":"ListItem","position":1,"name":"Portada","item":"https:\/\/embotitsvila.com\/fr\/"},{"@type":"ListItem","position":2,"name":"Politique en mati\u00e8re de cookies"}]},{"@type":"WebSite","@id":"https:\/\/embotitsvila.com\/fr\/#website","url":"https:\/\/embotitsvila.com\/fr\/","name":"Embotits Artesans J.Vil\u00e0","description":"","potentialAction":[{"@type":"SearchAction","target":{"@type":"EntryPoint","urlTemplate":"https:\/\/embotitsvila.com\/fr\/?s={search_term_string}"},"query-input":"required name=search_term_string"}],"inLanguage":"fr-FR"}]}},"_links":{"self":[{"href":"https:\/\/embotitsvila.com\/fr\/wp-json\/wp\/v2\/pages\/15495"}],"collection":[{"href":"https:\/\/embotitsvila.com\/fr\/wp-json\/wp\/v2\/pages"}],"about":[{"href":"https:\/\/embotitsvila.com\/fr\/wp-json\/wp\/v2\/types\/page"}],"author":[{"embeddable":true,"href":"https:\/\/embotitsvila.com\/fr\/wp-json\/wp\/v2\/users\/2"}],"replies":[{"embeddable":true,"href":"https:\/\/embotitsvila.com\/fr\/wp-json\/wp\/v2\/comments?post=15495"}],"version-history":[{"count":12,"href":"https:\/\/embotitsvila.com\/fr\/wp-json\/wp\/v2\/pages\/15495\/revisions"}],"predecessor-version":[{"id":16214,"href":"https:\/\/embotitsvila.com\/fr\/wp-json\/wp\/v2\/pages\/15495\/revisions\/16214"}],"wp:attachment":[{"href":"https:\/\/embotitsvila.com\/fr\/wp-json\/wp\/v2\/media?parent=15495"}],"curies":[{"name":"wp","href":"https:\/\/api.w.org\/{rel}","templated":true}]}}