{"id":15498,"date":"2023-03-28T14:22:02","date_gmt":"2023-03-28T12:22:02","guid":{"rendered":"https:\/\/embotitsvila.com\/politica-de-privacidad\/"},"modified":"2023-04-19T14:24:59","modified_gmt":"2023-04-19T12:24:59","slug":"politique-de-confidentialite","status":"publish","type":"page","link":"https:\/\/embotitsvila.com\/fr\/politique-de-confidentialite\/","title":{"rendered":"Politique de confidentialit\u00e9"},"content":{"rendered":"<section class=\"wpb-content-wrapper\"><p>[vc_row][vc_column][vc_column_text]<\/p>\n<table width=\"100%\">\n<tbody>\n<tr>\n<td colspan=\"2\"><strong>Traitement des donn\u00e9es des clients<\/strong><\/td>\n<\/tr>\n<tr>\n<td><strong>Responsable :<\/strong><\/td>\n<td>J.VIL\u00c0 ARTISAN SAUSAGES SL<\/td>\n<\/tr>\n<tr>\n<td><strong>Objet :<\/strong><\/td>\n<td>Pour fournir les services demand\u00e9s et envoyer des communications commerciales.<\/td>\n<\/tr>\n<tr>\n<td><strong>L\u00e9gitimation :<\/strong><\/td>\n<td>Ex\u00e9cution d&rsquo;un contrat.<\/p>\n<p>Int\u00e9r\u00eat l\u00e9gitime du contr\u00f4leur.<\/td>\n<\/tr>\n<tr>\n<td><strong>Groupe cible :<\/strong><\/td>\n<td>Des transferts de donn\u00e9es sont pr\u00e9vus vers : Agence fiscale ; institutions financi\u00e8res.<\/td>\n<\/tr>\n<tr>\n<td><strong>Les droits :<\/strong><\/td>\n<td>Vous disposez d&rsquo;un droit d&rsquo;acc\u00e8s, de rectification et de suppression des donn\u00e9es, ainsi que d&rsquo;autres droits, indiqu\u00e9s dans les informations compl\u00e9mentaires, que vous pouvez exercer en contactant l&rsquo;adresse du responsable du traitement.<\/td>\n<\/tr>\n<tr>\n<td><strong>Provenance :<\/strong><\/td>\n<td>La personne concern\u00e9e.<\/td>\n<\/tr>\n<\/tbody>\n<\/table>\n<p>&nbsp;<\/p>\n<h4><strong>Informations compl\u00e8tes sur la protection des donn\u00e9es<\/strong><\/h4>\n<h5><strong>Qui est responsable du traitement de vos donn\u00e9es ?<\/strong><\/h5>\n<p>Embotits Artesans J.Vil\u00e0 SL<br \/>\nNUM\u00c9RO DE TVA : B17360066<br \/>\nPol. Ind. Empord\u00e0 International<br \/>\nCarrer Andorra 3, 17469 Vilamalla<br \/>\nGirona (Espagne)<\/p>\n<h5><strong>Dans quel but traitons-nous vos donn\u00e9es personnelles ?<\/strong><\/h5>\n<p>Chez EMBUTIDOS ARTESANOS J.VIL\u00c0 SL, nous traitons les informations fournies par les int\u00e9ress\u00e9s afin d&rsquo;effectuer la gestion administrative, comptable et fiscale des services demand\u00e9s, ainsi que pour envoyer des communications commerciales sur nos produits et services. Si vous ne fournissez pas vos donn\u00e9es personnelles, nous ne serons pas en mesure de remplir les fonctions d\u00e9crites ci-dessus. Aucune d\u00e9cision automatis\u00e9e ne sera prise sur la base des donn\u00e9es fournies.<\/p>\n<h5><strong>Combien de temps conserverons-nous vos donn\u00e9es ?<\/strong><\/h5>\n<p>Les donn\u00e9es sont conserv\u00e9es aussi longtemps que la personne concern\u00e9e ne demande pas leur suppression et, le cas \u00e9ch\u00e9ant, pendant les ann\u00e9es n\u00e9cessaires au respect des obligations l\u00e9gales.<\/p>\n<h5><strong>Quelle est la l\u00e9gitimit\u00e9 du traitement de vos donn\u00e9es ?<\/strong><\/h5>\n<p>Nous indiquons la base juridique du traitement de vos donn\u00e9es :<\/p>\n<ul>\n<li>Ex\u00e9cution d&rsquo;un contrat : ex\u00e9cution de la gestion administrative, comptable et fiscale des services demand\u00e9s.<\/li>\n<li>Int\u00e9r\u00eat l\u00e9gitime du contr\u00f4leur : envoyer des communications commerciales sur nos produits et services.<\/li>\n<\/ul>\n<h5><strong>\u00c0 quels destinataires vos donn\u00e9es seront-elles communiqu\u00e9es ?<\/strong><\/h5>\n<p>Les donn\u00e9es seront communiqu\u00e9es aux destinataires suivants :<\/p>\n<ul>\n<li>l&rsquo;agence fiscale, afin de se conformer aux obligations l\u00e9gales.<\/li>\n<li>Les institutions financi\u00e8res, afin d&rsquo;\u00e9mettre les re\u00e7us correspondants.<\/li>\n<\/ul>\n<h5><strong>Transferts de donn\u00e9es vers des pays tiers<\/strong><\/h5>\n<p>Il n&rsquo;est pas pr\u00e9vu de transf\u00e9rer des donn\u00e9es \u00e0 des pays tiers.<\/p>\n<h5><strong>Quels sont vos droits lorsque vous nous fournissez vos donn\u00e9es ?<\/strong><\/h5>\n<p>Toute personne a le droit d&rsquo;obtenir la confirmation que EMBUTIDOS ARTESANOS J.VIL\u00c0 SL traite ou non des donn\u00e9es \u00e0 caract\u00e8re personnel la concernant.<\/p>\n<p>Les personnes int\u00e9ress\u00e9es ont le droit d&rsquo;acc\u00e9der \u00e0 leurs donn\u00e9es personnelles, ainsi que de demander la rectification des donn\u00e9es inexactes ou, le cas \u00e9ch\u00e9ant, de demander leur suppression lorsque, entre autres raisons, les donn\u00e9es ne sont plus n\u00e9cessaires aux fins pour lesquelles elles ont \u00e9t\u00e9 collect\u00e9es. Vous avez \u00e9galement le droit \u00e0 la portabilit\u00e9 des donn\u00e9es.<\/p>\n<p>Dans certaines circonstances, les personnes concern\u00e9es peuvent nous demander de limiter le traitement de leurs donn\u00e9es, auquel cas nous ne conserverons les donn\u00e9es que dans le but d&rsquo;exercer ou de d\u00e9fendre des r\u00e9clamations.<\/p>\n<p>Dans certaines circonstances et pour des raisons tenant \u00e0 leur situation particuli\u00e8re, les personnes concern\u00e9es peuvent s&rsquo;opposer au traitement de leurs donn\u00e9es. Dans ce cas, EMBUTIDOS ARTESANOS J.VIL\u00c0 SL cessera de traiter les donn\u00e9es, sauf pour des raisons l\u00e9gitimes imp\u00e9rieuses, ou pour l&rsquo;exercice ou la d\u00e9fense d&rsquo;\u00e9ventuelles r\u00e9clamations.<\/p>\n<p>Vous pouvez exercer mat\u00e9riellement vos droits de la mani\u00e8re suivante : en \u00e9crivant \u00e0 l&rsquo;adresse du responsable du traitement<\/p>\n<p>Lorsque des communications commerciales sont envoy\u00e9es en utilisant comme base juridique l&rsquo;int\u00e9r\u00eat l\u00e9gitime du responsable du traitement, la personne concern\u00e9e peut s&rsquo;opposer au traitement de ses donn\u00e9es \u00e0 cette fin.<\/p>\n<p>Si vous avez donn\u00e9 votre consentement pour une finalit\u00e9 sp\u00e9cifique, vous avez le droit de le retirer \u00e0 tout moment, sans que cela n&rsquo;affecte la l\u00e9galit\u00e9 du traitement fond\u00e9 sur votre consentement avant son retrait.<\/p>\n<p>Si vous estimez que vos droits concernant la protection de vos donn\u00e9es personnelles ont \u00e9t\u00e9 viol\u00e9s, en particulier lorsque vous n&rsquo;avez pas obtenu satisfaction dans l&rsquo;exercice de vos droits, vous pouvez introduire une plainte aupr\u00e8s de l&rsquo;autorit\u00e9 de contr\u00f4le de la protection des donn\u00e9es comp\u00e9tente via son site web : www.aepd.es.<\/p>\n<h5><strong>Comment avons-nous obtenu vos donn\u00e9es ?<\/strong><\/h5>\n<p>Les donn\u00e9es personnelles que nous traitons \u00e0 EMBUTIDOS ARTESANOS J.VIL\u00c0 SL proviennent de : L&rsquo;int\u00e9ress\u00e9.<\/p>\n<p>Les cat\u00e9gories de donn\u00e9es trait\u00e9es sont les suivantes :<\/p>\n<ul>\n<li>Donn\u00e9es d&rsquo;identification.<\/li>\n<li>Adresses postale et \u00e9lectronique.<\/li>\n<li>Informations commerciales.<\/li>\n<\/ul>\n<p>[\/vc_column_text][\/vc_column][\/vc_row]<\/p>\n<\/section>","protected":false},"excerpt":{"rendered":"<p>[vc_row][vc_column][vc_column_text] Traitement des donn\u00e9es des clients Responsable : J.VIL\u00c0 ARTISAN SAUSAGES SL Objet : Pour fournir les services demand\u00e9s et envoyer des communications commerciales. L\u00e9gitimation : Ex\u00e9cution d&rsquo;un contrat. Int\u00e9r\u00eat l\u00e9gitime du contr\u00f4leur. Groupe cible : Des transferts de donn\u00e9es sont pr\u00e9vus vers : Agence fiscale ; institutions financi\u00e8res. Les droits : Vous disposez d&rsquo;un droit d&rsquo;acc\u00e8s, de rectification et de suppression des donn\u00e9es, ainsi que d&rsquo;autres droits, indiqu\u00e9s dans les informations compl\u00e9mentaires, que vous pouvez exercer en contactant l&rsquo;adresse du responsable du traitement. Provenance : La personne concern\u00e9e. &nbsp; Informations compl\u00e8tes sur la protection des donn\u00e9es Qui est responsable du traitement de vos donn\u00e9es ? Embotits Artesans J.Vil\u00e0 SL NUM\u00c9RO DE TVA : B17360066 Pol. Ind. Empord\u00e0 International Carrer Andorra 3, 17469 Vilamalla Girona (Espagne) Dans quel but traitons-nous vos donn\u00e9es personnelles ? Chez EMBUTIDOS ARTESANOS J.VIL\u00c0 SL, nous [&hellip;]<\/p>\n","protected":false},"author":2,"featured_media":0,"parent":0,"menu_order":5100,"comment_status":"closed","ping_status":"closed","template":"page-templates\/full-width.php","meta":[],"acf":[],"yoast_head":"<!-- This site is optimized with the Yoast SEO plugin v20.5 - https:\/\/yoast.com\/wordpress\/plugins\/seo\/ -->\n<title>Politique de confidentialit\u00e9 - Embotits Artesans J.Vil\u00e0<\/title>\n<meta name=\"robots\" content=\"index, follow, max-snippet:-1, max-image-preview:large, max-video-preview:-1\" \/>\n<link rel=\"canonical\" href=\"https:\/\/embotitsvila.com\/fr\/politique-de-confidentialite\/\" \/>\n<meta property=\"og:locale\" content=\"fr_FR\" \/>\n<meta property=\"og:type\" content=\"article\" \/>\n<meta property=\"og:title\" content=\"Politique de confidentialit\u00e9 - Embotits Artesans J.Vil\u00e0\" \/>\n<meta property=\"og:description\" content=\"[vc_row][vc_column][vc_column_text] Traitement des donn\u00e9es des clients Responsable : J.VIL\u00c0 ARTISAN SAUSAGES SL Objet : Pour fournir les services demand\u00e9s et envoyer des communications commerciales. L\u00e9gitimation : Ex\u00e9cution d&rsquo;un contrat. Int\u00e9r\u00eat l\u00e9gitime du contr\u00f4leur. Groupe cible : Des transferts de donn\u00e9es sont pr\u00e9vus vers : Agence fiscale ; institutions financi\u00e8res. Les droits : Vous disposez d&rsquo;un droit d&rsquo;acc\u00e8s, de rectification et de suppression des donn\u00e9es, ainsi que d&rsquo;autres droits, indiqu\u00e9s dans les informations compl\u00e9mentaires, que vous pouvez exercer en contactant l&rsquo;adresse du responsable du traitement. Provenance : La personne concern\u00e9e. &nbsp; Informations compl\u00e8tes sur la protection des donn\u00e9es Qui est responsable du traitement de vos donn\u00e9es ? Embotits Artesans J.Vil\u00e0 SL NUM\u00c9RO DE TVA : B17360066 Pol. Ind. Empord\u00e0 International Carrer Andorra 3, 17469 Vilamalla Girona (Espagne) Dans quel but traitons-nous vos donn\u00e9es personnelles ? Chez EMBUTIDOS ARTESANOS J.VIL\u00c0 SL, nous [&hellip;]\" \/>\n<meta property=\"og:url\" content=\"https:\/\/embotitsvila.com\/fr\/politique-de-confidentialite\/\" \/>\n<meta property=\"og:site_name\" content=\"Embotits Artesans J.Vil\u00e0\" \/>\n<meta property=\"article:modified_time\" content=\"2023-04-19T12:24:59+00:00\" \/>\n<meta name=\"twitter:card\" content=\"summary_large_image\" \/>\n<meta name=\"twitter:label1\" content=\"Dur\u00e9e de lecture estim\u00e9e\" \/>\n\t<meta name=\"twitter:data1\" content=\"4 minutes\" \/>\n<script type=\"application\/ld+json\" class=\"yoast-schema-graph\">{\"@context\":\"https:\/\/schema.org\",\"@graph\":[{\"@type\":\"WebPage\",\"@id\":\"https:\/\/embotitsvila.com\/fr\/politique-de-confidentialite\/\",\"url\":\"https:\/\/embotitsvila.com\/fr\/politique-de-confidentialite\/\",\"name\":\"Politique de confidentialit\u00e9 - Embotits Artesans J.Vil\u00e0\",\"isPartOf\":{\"@id\":\"https:\/\/embotitsvila.com\/fr\/#website\"},\"datePublished\":\"2023-03-28T12:22:02+00:00\",\"dateModified\":\"2023-04-19T12:24:59+00:00\",\"breadcrumb\":{\"@id\":\"https:\/\/embotitsvila.com\/fr\/politique-de-confidentialite\/#breadcrumb\"},\"inLanguage\":\"fr-FR\",\"potentialAction\":[{\"@type\":\"ReadAction\",\"target\":[\"https:\/\/embotitsvila.com\/fr\/politique-de-confidentialite\/\"]}]},{\"@type\":\"BreadcrumbList\",\"@id\":\"https:\/\/embotitsvila.com\/fr\/politique-de-confidentialite\/#breadcrumb\",\"itemListElement\":[{\"@type\":\"ListItem\",\"position\":1,\"name\":\"Portada\",\"item\":\"https:\/\/embotitsvila.com\/fr\/\"},{\"@type\":\"ListItem\",\"position\":2,\"name\":\"Politique de confidentialit\u00e9\"}]},{\"@type\":\"WebSite\",\"@id\":\"https:\/\/embotitsvila.com\/fr\/#website\",\"url\":\"https:\/\/embotitsvila.com\/fr\/\",\"name\":\"Embotits Artesans J.Vil\u00e0\",\"description\":\"\",\"potentialAction\":[{\"@type\":\"SearchAction\",\"target\":{\"@type\":\"EntryPoint\",\"urlTemplate\":\"https:\/\/embotitsvila.com\/fr\/?s={search_term_string}\"},\"query-input\":\"required name=search_term_string\"}],\"inLanguage\":\"fr-FR\"}]}<\/script>\n<!-- \/ Yoast SEO plugin. -->","yoast_head_json":{"title":"Politique de confidentialit\u00e9 - Embotits Artesans J.Vil\u00e0","robots":{"index":"index","follow":"follow","max-snippet":"max-snippet:-1","max-image-preview":"max-image-preview:large","max-video-preview":"max-video-preview:-1"},"canonical":"https:\/\/embotitsvila.com\/fr\/politique-de-confidentialite\/","og_locale":"fr_FR","og_type":"article","og_title":"Politique de confidentialit\u00e9 - Embotits Artesans J.Vil\u00e0","og_description":"[vc_row][vc_column][vc_column_text] Traitement des donn\u00e9es des clients Responsable : J.VIL\u00c0 ARTISAN SAUSAGES SL Objet : Pour fournir les services demand\u00e9s et envoyer des communications commerciales. L\u00e9gitimation : Ex\u00e9cution d&rsquo;un contrat. Int\u00e9r\u00eat l\u00e9gitime du contr\u00f4leur. Groupe cible : Des transferts de donn\u00e9es sont pr\u00e9vus vers : Agence fiscale ; institutions financi\u00e8res. Les droits : Vous disposez d&rsquo;un droit d&rsquo;acc\u00e8s, de rectification et de suppression des donn\u00e9es, ainsi que d&rsquo;autres droits, indiqu\u00e9s dans les informations compl\u00e9mentaires, que vous pouvez exercer en contactant l&rsquo;adresse du responsable du traitement. Provenance : La personne concern\u00e9e. &nbsp; Informations compl\u00e8tes sur la protection des donn\u00e9es Qui est responsable du traitement de vos donn\u00e9es ? Embotits Artesans J.Vil\u00e0 SL NUM\u00c9RO DE TVA : B17360066 Pol. Ind. Empord\u00e0 International Carrer Andorra 3, 17469 Vilamalla Girona (Espagne) Dans quel but traitons-nous vos donn\u00e9es personnelles ? Chez EMBUTIDOS ARTESANOS J.VIL\u00c0 SL, nous [&hellip;]","og_url":"https:\/\/embotitsvila.com\/fr\/politique-de-confidentialite\/","og_site_name":"Embotits Artesans J.Vil\u00e0","article_modified_time":"2023-04-19T12:24:59+00:00","twitter_card":"summary_large_image","twitter_misc":{"Dur\u00e9e de lecture estim\u00e9e":"4 minutes"},"schema":{"@context":"https:\/\/schema.org","@graph":[{"@type":"WebPage","@id":"https:\/\/embotitsvila.com\/fr\/politique-de-confidentialite\/","url":"https:\/\/embotitsvila.com\/fr\/politique-de-confidentialite\/","name":"Politique de confidentialit\u00e9 - Embotits Artesans J.Vil\u00e0","isPartOf":{"@id":"https:\/\/embotitsvila.com\/fr\/#website"},"datePublished":"2023-03-28T12:22:02+00:00","dateModified":"2023-04-19T12:24:59+00:00","breadcrumb":{"@id":"https:\/\/embotitsvila.com\/fr\/politique-de-confidentialite\/#breadcrumb"},"inLanguage":"fr-FR","potentialAction":[{"@type":"ReadAction","target":["https:\/\/embotitsvila.com\/fr\/politique-de-confidentialite\/"]}]},{"@type":"BreadcrumbList","@id":"https:\/\/embotitsvila.com\/fr\/politique-de-confidentialite\/#breadcrumb","itemListElement":[{"@type":"ListItem","position":1,"name":"Portada","item":"https:\/\/embotitsvila.com\/fr\/"},{"@type":"ListItem","position":2,"name":"Politique de confidentialit\u00e9"}]},{"@type":"WebSite","@id":"https:\/\/embotitsvila.com\/fr\/#website","url":"https:\/\/embotitsvila.com\/fr\/","name":"Embotits Artesans J.Vil\u00e0","description":"","potentialAction":[{"@type":"SearchAction","target":{"@type":"EntryPoint","urlTemplate":"https:\/\/embotitsvila.com\/fr\/?s={search_term_string}"},"query-input":"required name=search_term_string"}],"inLanguage":"fr-FR"}]}},"_links":{"self":[{"href":"https:\/\/embotitsvila.com\/fr\/wp-json\/wp\/v2\/pages\/15498"}],"collection":[{"href":"https:\/\/embotitsvila.com\/fr\/wp-json\/wp\/v2\/pages"}],"about":[{"href":"https:\/\/embotitsvila.com\/fr\/wp-json\/wp\/v2\/types\/page"}],"author":[{"embeddable":true,"href":"https:\/\/embotitsvila.com\/fr\/wp-json\/wp\/v2\/users\/2"}],"replies":[{"embeddable":true,"href":"https:\/\/embotitsvila.com\/fr\/wp-json\/wp\/v2\/comments?post=15498"}],"version-history":[{"count":2,"href":"https:\/\/embotitsvila.com\/fr\/wp-json\/wp\/v2\/pages\/15498\/revisions"}],"predecessor-version":[{"id":16210,"href":"https:\/\/embotitsvila.com\/fr\/wp-json\/wp\/v2\/pages\/15498\/revisions\/16210"}],"wp:attachment":[{"href":"https:\/\/embotitsvila.com\/fr\/wp-json\/wp\/v2\/media?parent=15498"}],"curies":[{"name":"wp","href":"https:\/\/api.w.org\/{rel}","templated":true}]}}