{"id":15504,"date":"2023-03-28T14:21:22","date_gmt":"2023-03-28T12:21:22","guid":{"rendered":"https:\/\/embotitsvila.com\/aviso-legal\/"},"modified":"2023-04-20T15:08:23","modified_gmt":"2023-04-20T13:08:23","slug":"mentions-legales","status":"publish","type":"page","link":"https:\/\/embotitsvila.com\/fr\/mentions-legales\/","title":{"rendered":"Mentions l\u00e9gales"},"content":{"rendered":"<section class=\"wpb-content-wrapper\"><p>[vc_row][vc_column][vc_column_text]<strong>OBJET<\/strong><\/p>\n<p>La pr\u00e9sente notice l\u00e9gale r\u00e9git l&rsquo;utilisation et l&rsquo;utilisation du site Web https:\/\/embotitsvila.com appartenant \u00e0 EMBUTIDOS ARTESANOS J.VIL\u00c0 SL (ci-apr\u00e8s, LE PROPRI\u00c9TAIRE DU WEB).\u00a0La navigation sur le site Web du PROPRI\u00c9TAIRE DU WEB lui attribue la condition d&rsquo;UTILISATEUR et implique votre acceptation pleine et enti\u00e8re de chacune des conditions publi\u00e9es dans les pr\u00e9sentes mentions l\u00e9gales, avertissant que lesdites conditions peuvent \u00eatre modifi\u00e9es sans notification pr\u00e9alable par LE PROPRI\u00c9TAIRE DU SITE WEB, auquel cas il sera publi\u00e9 et notifi\u00e9 dans les meilleurs d\u00e9lais.<\/p>\n<p>Pour cette raison, il est conseill\u00e9 de lire attentivement son contenu si vous souhaitez acc\u00e9der et utiliser les informations et services propos\u00e9s \u00e0 partir de ce site.<\/p>\n<p>L&rsquo;utilisateur, en outre, s&rsquo;engage \u00e0 faire un usage correct du site Web conform\u00e9ment aux lois, \u00e0 la bonne foi, \u00e0 l&rsquo;ordre public, aux usages du trafic et aux pr\u00e9sentes mentions l\u00e9gales, et r\u00e9pondra au PROPRI\u00c9TAIRE DU WEB ou \u00e0 des tiers, de toute dommages qui pourraient r\u00e9sulter du non-respect de ladite obligation.<\/p>\n<p>Toute utilisation autre que celle autoris\u00e9e est express\u00e9ment interdite et LE PROPRI\u00c9TAIRE DU SITE WEB peut refuser ou retirer l&rsquo;acc\u00e8s et son utilisation \u00e0 tout moment.<\/p>\n<p><strong>IDENTIFIANT<\/strong><\/p>\n<p>LE PROPRI\u00c9TAIRE DU SITE WEB, conform\u00e9ment \u00e0 la loi 34\/2002 du 11 juillet sur les services de la soci\u00e9t\u00e9 de l&rsquo;information et du commerce \u00e9lectronique, vous informe que\u00a0:<\/p>\n<ul>\n<li>Sa d\u00e9nomination sociale est : EMBUTIDOS ARTESANOS J.VIL\u00c0 SL<\/li>\n<li>Son CIF est : B17360066<\/li>\n<li>Son si\u00e8ge social est situ\u00e9 \u00e0 : Pol. Ind. Empord\u00e0 Internacional, Carrer Andorre 3, 17469 Vilamalla, G\u00e9rone (Espagne)<\/li>\n<\/ul>\n<p><strong>COMMUNICATION<\/strong><\/p>\n<p>Pour communiquer avec nous, nous vous proposons diff\u00e9rents moyens de contact que nous d\u00e9taillons ci-dessous :<\/p>\n<ul>\n<li>T\u00e9l\u00e9phone : (+34) 972 52 55 80<\/li>\n<li>Courriel : info@embotitsvila.com<\/li>\n<\/ul>\n<p>Toutes les notifications et communications entre les utilisateurs et le PROPRI\u00c9TAIRE DU SITE WEB seront consid\u00e9r\u00e9es comme effectives, \u00e0 toutes fins utiles, lorsqu&rsquo;elles seront effectu\u00e9es par l&rsquo;un des moyens d\u00e9crits ci-dessus.<\/p>\n<p><strong>CONDITIONS D&rsquo;ACCES ET D&rsquo;UTILISATION<\/strong><\/p>\n<p>Le site Internet et ses services sont librement accessibles.\u00a0Toutefois, LE PROPRI\u00c9TAIRE DU SITE INTERNET peut conditionner l&rsquo;utilisation de certains des services propos\u00e9s sur son site Internet au remplissage pr\u00e9alable du formulaire correspondant.<\/p>\n<p>L&rsquo;utilisateur garantit l&rsquo;authenticit\u00e9 et l&rsquo;actualit\u00e9 de toutes les donn\u00e9es communiqu\u00e9es au PROPRI\u00c9TAIRE DU WEB et sera seul responsable des d\u00e9clarations fausses ou inexactes faites.<\/p>\n<p>L&rsquo;utilisateur s&rsquo;engage express\u00e9ment \u00e0 faire un usage appropri\u00e9 des contenus et des services du PROPRI\u00c9TAIRE DU WEB et \u00e0 ne pas les utiliser pour, entre autres :<\/p>\n<ol>\n<li>Diffuser des contenus criminels, violents, pornographiques, racistes, x\u00e9nophobes, offensants, en faveur du terrorisme ou, de mani\u00e8re g\u00e9n\u00e9rale, contraires \u00e0 la loi ou \u00e0 l&rsquo;ordre public.<\/li>\n<li>Introduire des virus informatiques dans le r\u00e9seau ou effectuer des actions susceptibles d&rsquo;alt\u00e9rer, de g\u00e2cher, d&rsquo;interrompre ou de g\u00e9n\u00e9rer des erreurs ou des dommages aux documents \u00e9lectroniques, aux donn\u00e9es ou aux syst\u00e8mes physiques et logiques du PROPRI\u00c9TAIRE DU SITE WEB ou de tiers\u00a0;\u00a0ainsi que d&rsquo;entraver l&rsquo;acc\u00e8s d&rsquo;autres utilisateurs au site Web et \u00e0 ses services par la consommation massive de ressources informatiques \u00e0 travers lesquelles LE PROPRI\u00c9TAIRE DU WEB fournit ses services.<\/li>\n<li>Tenter d&rsquo;acc\u00e9der aux comptes de messagerie d&rsquo;autres utilisateurs ou \u00e0 des zones restreintes des syst\u00e8mes informatiques du PROPRI\u00c9TAIRE DU SITE WEB ou de tiers et, le cas \u00e9ch\u00e9ant, extraire des informations.<\/li>\n<li>Violer les droits de propri\u00e9t\u00e9 intellectuelle ou industrielle, ainsi que violer la confidentialit\u00e9 des informations du PROPRI\u00c9TAIRE DU WEB ou de tiers.<\/li>\n<li>Usurper l&rsquo;identit\u00e9 de tout autre utilisateur.<\/li>\n<li>Reproduire, copier, distribuer, mettre \u00e0 disposition ou toute autre forme de communication publique, transformer ou modifier le contenu, sauf si vous avez l&rsquo;autorisation du titulaire des droits correspondants ou si cela est l\u00e9galement autoris\u00e9.<\/li>\n<li>Collecter des donn\u00e9es \u00e0 des fins publicitaires et envoyer des publicit\u00e9s de toute nature et des communications \u00e0 des fins de vente ou autres de nature commerciale sans votre demande ou consentement pr\u00e9alable.<\/li>\n<\/ol>\n<p>Tous les contenus du site Web, tels que textes, photographies, graphiques, images, ic\u00f4nes, technologies, logiciels, ainsi que sa conception graphique et ses codes sources, constituent une \u0153uvre dont la propri\u00e9t\u00e9 appartient au PROPRI\u00c9TAIRE DU WEB, sans \u00eatre compris comme transf\u00e9r\u00e9s \u00e0 l&rsquo;utilisateur aucun des droits d&rsquo;exploitation sur ceux-ci au-del\u00e0 de ce qui est strictement n\u00e9cessaire pour une utilisation correcte du web.<\/p>\n<p>En bref, les utilisateurs qui acc\u00e8dent \u00e0 ce site Web peuvent visualiser le contenu et faire, le cas \u00e9ch\u00e9ant, des copies priv\u00e9es autoris\u00e9es \u00e0 condition que les \u00e9l\u00e9ments reproduits ne soient pas ult\u00e9rieurement transf\u00e9r\u00e9s \u00e0 des tiers, ni install\u00e9s sur des serveurs connect\u00e9s \u00e0 des r\u00e9seaux, ni soumis \u00e0 aucune type d&rsquo;exploitation.<\/p>\n<p>De m\u00eame, toutes les marques, noms commerciaux ou signes distinctifs de toute nature qui apparaissent sur le site sont la propri\u00e9t\u00e9 du PROPRI\u00c9TAIRE DU WEB, sans qu&rsquo;il soit entendu que l&rsquo;utilisation ou l&rsquo;acc\u00e8s \u00e0 celui-ci attribue \u00e0 l&rsquo;utilisateur un droit sur eux.<\/p>\n<p>La distribution, la modification, la cession ou la communication publique du contenu et tout autre acte non express\u00e9ment autoris\u00e9 par le titulaire des droits d&rsquo;exploitation sont interdits.<\/p>\n<p>L&rsquo;\u00e9tablissement d&rsquo;un lien hypertexte n&rsquo;implique en aucun cas l&rsquo;existence de relations entre le PROPRI\u00c9TAIRE DU WEB et le propri\u00e9taire du site Web dans lequel il est \u00e9tabli, ni l&rsquo;acceptation et l&rsquo;approbation par le PROPRI\u00c9TAIRE DU WEB de ses contenus ou services.<\/p>\n<p>Le PROPRI\u00c9TAIRE DU WEB n&rsquo;est pas responsable de l&rsquo;utilisation que chaque utilisateur fait du mat\u00e9riel mis \u00e0 disposition sur ce site Web ou des actions men\u00e9es sur la base de celui-ci.<\/p>\n<p>&nbsp;<\/p>\n<p><strong>EXCLUSION DE GARANTIES ET DE RESPONSABILIT\u00c9 CONCERNANT L&rsquo;ACC\u00c8S ET L&rsquo;UTILISATION<\/strong><\/p>\n<p>Le contenu de ce site Web est de nature g\u00e9n\u00e9rale et \u00e0 des fins d&rsquo;information uniquement, sans garantir pleinement l&rsquo;acc\u00e8s \u00e0 tout le contenu, ni son exhaustivit\u00e9, son exactitude, sa validit\u00e9 ou son actualit\u00e9, ni son ad\u00e9quation ou son utilit\u00e9 pour un objectif sp\u00e9cifique.<\/p>\n<p>Le PROPRI\u00c9TAIRE DU SITE WEB exclut, dans la mesure permise par le syst\u00e8me juridique, toute responsabilit\u00e9 pour les dommages de toute nature d\u00e9coulant de\u00a0:<\/p>\n<ol>\n<li>L&rsquo;impossibilit\u00e9 d&rsquo;acc\u00e9der au site Web ou le manque de v\u00e9racit\u00e9, d&rsquo;exactitude, d&rsquo;exhaustivit\u00e9 et\/ou d&rsquo;actualit\u00e9 du contenu, ainsi que l&rsquo;existence de vices et de d\u00e9fauts de toute nature dans le contenu transmis, diffus\u00e9, stock\u00e9, mis \u00e0 disposition, \u00e0 qui a \u00e9t\u00e9 consult\u00e9s via le site Web ou les services propos\u00e9s.<\/li>\n<li>La pr\u00e9sence de virus ou d&rsquo;autres \u00e9l\u00e9ments dans le contenu pouvant entra\u00eener des alt\u00e9rations des syst\u00e8mes informatiques, des documents \u00e9lectroniques ou des donn\u00e9es de l&rsquo;utilisateur.<\/li>\n<li>Non-respect des lois, de la bonne foi, de l&rsquo;ordre public, des usages du trafic et de la pr\u00e9sente notice l\u00e9gale suite \u00e0 une mauvaise utilisation du site.\u00a0En particulier, et \u00e0 titre d&rsquo;exemple, LE PROPRI\u00c9TAIRE DU SITE WEB n&rsquo;est pas responsable des actions de tiers qui violent les droits de propri\u00e9t\u00e9 intellectuelle et industrielle, les secrets d&rsquo;affaires, les droits \u00e0 l&rsquo;honneur, \u00e0 la vie priv\u00e9e et familiale et \u00e0 sa propre image, ainsi que la r\u00e9glementation sur la concurrence d\u00e9loyale et la publicit\u00e9 ill\u00e9gale.<\/li>\n<\/ol>\n<p>De m\u00eame, LE PROPRI\u00c9TAIRE DU SITE d\u00e9cline toute responsabilit\u00e9 concernant les informations qui se trouvent en dehors de ce site et qui ne sont pas g\u00e9r\u00e9es directement par notre webmaster.\u00a0La fonction des liens qui apparaissent sur ce site est exclusivement d&rsquo;informer l&rsquo;utilisateur de l&rsquo;existence d&rsquo;autres sources capables d&rsquo;\u00e9largir le contenu offert par ce site.\u00a0LE PROPRI\u00c9TAIRE DU WEB ne garantit ni n&rsquo;est responsable du fonctionnement ou de l&rsquo;accessibilit\u00e9 des sites li\u00e9s\u00a0;\u00a0il ne sugg\u00e8re, n&rsquo;invite ou ne recommande une visite \u00e0 eux, il ne sera donc pas responsable du r\u00e9sultat obtenu.\u00a0Le PROPRI\u00c9TAIRE DU WEB n&rsquo;est pas responsable de la mise en place d&rsquo;hyperliens par des tiers.<\/p>\n<p>&nbsp;<\/p>\n<p><strong>PROC\u00c9DURE EN CAS D&rsquo;EX\u00c9CUTION D&rsquo;ACTIVIT\u00c9S ILLICITES<\/strong><\/p>\n<p>Dans le cas o\u00f9 un utilisateur ou un tiers estimerait qu&rsquo;il existe des faits ou des circonstances r\u00e9v\u00e9lant le caract\u00e8re ill\u00e9gal de l&rsquo;utilisation de tout contenu et\/ou de la r\u00e9alisation de toute activit\u00e9 sur les pages Web incluses ou accessibles via le site Web, il doit envoyer une notification au PROPRI\u00c9TAIRE DU WEB, s&rsquo;identifiant d\u00fbment et pr\u00e9cisant les infractions all\u00e9gu\u00e9es.<\/p>\n<p>&nbsp;<\/p>\n<p><strong>PUBLICATIONS<\/strong><\/p>\n<p>Les informations administratives fournies via le site Web ne remplacent pas la publicit\u00e9 l\u00e9gale des lois, r\u00e8glements, plans, dispositions g\u00e9n\u00e9rales et actes qui doivent \u00eatre formellement publi\u00e9s dans les journaux officiels des administrations publiques, qui constituent le seul instrument qui atteste de son authenticit\u00e9 et de son contenu. .\u00a0Les informations disponibles sur ce site doivent \u00eatre comprises comme un guide sans but de validit\u00e9 juridique.<\/p>\n<p>&nbsp;<\/p>\n<p><strong>L\u00c9GISLATION APPLICABLE<\/strong><\/p>\n<p>Les pr\u00e9sentes conditions seront r\u00e9gies par la l\u00e9gislation espagnole en vigueur.<\/p>\n<p>La langue utilis\u00e9e sera l&rsquo;espagnol.[\/vc_column_text][\/vc_column][\/vc_row]<\/p>\n<\/section>","protected":false},"excerpt":{"rendered":"<p>[vc_row][vc_column][vc_column_text]OBJET La pr\u00e9sente notice l\u00e9gale r\u00e9git l&rsquo;utilisation et l&rsquo;utilisation du site Web https:\/\/embotitsvila.com appartenant \u00e0 EMBUTIDOS ARTESANOS J.VIL\u00c0 SL (ci-apr\u00e8s, LE PROPRI\u00c9TAIRE DU WEB).\u00a0La navigation sur le site Web du PROPRI\u00c9TAIRE DU WEB lui attribue la condition d&rsquo;UTILISATEUR et implique votre acceptation pleine et enti\u00e8re de chacune des conditions publi\u00e9es dans les pr\u00e9sentes mentions l\u00e9gales, avertissant que lesdites conditions peuvent \u00eatre modifi\u00e9es sans notification pr\u00e9alable par LE PROPRI\u00c9TAIRE DU SITE WEB, auquel cas il sera publi\u00e9 et notifi\u00e9 dans les meilleurs d\u00e9lais. Pour cette raison, il est conseill\u00e9 de lire attentivement son contenu si vous souhaitez acc\u00e9der et utiliser les informations et services propos\u00e9s \u00e0 partir de ce site. L&rsquo;utilisateur, en outre, s&rsquo;engage \u00e0 faire un usage correct du site Web conform\u00e9ment aux lois, \u00e0 la bonne foi, \u00e0 l&rsquo;ordre public, aux usages du trafic et aux pr\u00e9sentes mentions l\u00e9gales, [&hellip;]<\/p>\n","protected":false},"author":2,"featured_media":0,"parent":0,"menu_order":5000,"comment_status":"closed","ping_status":"closed","template":"page-templates\/full-width.php","meta":[],"acf":[],"yoast_head":"<!-- This site is optimized with the Yoast SEO plugin v20.5 - https:\/\/yoast.com\/wordpress\/plugins\/seo\/ -->\n<title>Mentions l\u00e9gales - Embotits Artesans J.Vil\u00e0<\/title>\n<meta name=\"robots\" content=\"index, follow, max-snippet:-1, max-image-preview:large, max-video-preview:-1\" \/>\n<link rel=\"canonical\" href=\"https:\/\/embotitsvila.com\/fr\/mentions-legales\/\" \/>\n<meta property=\"og:locale\" content=\"fr_FR\" \/>\n<meta property=\"og:type\" content=\"article\" \/>\n<meta property=\"og:title\" content=\"Mentions l\u00e9gales - Embotits Artesans J.Vil\u00e0\" \/>\n<meta property=\"og:description\" content=\"[vc_row][vc_column][vc_column_text]OBJET La pr\u00e9sente notice l\u00e9gale r\u00e9git l&rsquo;utilisation et l&rsquo;utilisation du site Web https:\/\/embotitsvila.com appartenant \u00e0 EMBUTIDOS ARTESANOS J.VIL\u00c0 SL (ci-apr\u00e8s, LE PROPRI\u00c9TAIRE DU WEB).\u00a0La navigation sur le site Web du PROPRI\u00c9TAIRE DU WEB lui attribue la condition d&rsquo;UTILISATEUR et implique votre acceptation pleine et enti\u00e8re de chacune des conditions publi\u00e9es dans les pr\u00e9sentes mentions l\u00e9gales, avertissant que lesdites conditions peuvent \u00eatre modifi\u00e9es sans notification pr\u00e9alable par LE PROPRI\u00c9TAIRE DU SITE WEB, auquel cas il sera publi\u00e9 et notifi\u00e9 dans les meilleurs d\u00e9lais. Pour cette raison, il est conseill\u00e9 de lire attentivement son contenu si vous souhaitez acc\u00e9der et utiliser les informations et services propos\u00e9s \u00e0 partir de ce site. L&rsquo;utilisateur, en outre, s&rsquo;engage \u00e0 faire un usage correct du site Web conform\u00e9ment aux lois, \u00e0 la bonne foi, \u00e0 l&rsquo;ordre public, aux usages du trafic et aux pr\u00e9sentes mentions l\u00e9gales, [&hellip;]\" \/>\n<meta property=\"og:url\" content=\"https:\/\/embotitsvila.com\/fr\/mentions-legales\/\" \/>\n<meta property=\"og:site_name\" content=\"Embotits Artesans J.Vil\u00e0\" \/>\n<meta property=\"article:modified_time\" content=\"2023-04-20T13:08:23+00:00\" \/>\n<meta name=\"twitter:card\" content=\"summary_large_image\" \/>\n<meta name=\"twitter:label1\" content=\"Dur\u00e9e de lecture estim\u00e9e\" \/>\n\t<meta name=\"twitter:data1\" content=\"7 minutes\" \/>\n<script type=\"application\/ld+json\" class=\"yoast-schema-graph\">{\"@context\":\"https:\/\/schema.org\",\"@graph\":[{\"@type\":\"WebPage\",\"@id\":\"https:\/\/embotitsvila.com\/fr\/mentions-legales\/\",\"url\":\"https:\/\/embotitsvila.com\/fr\/mentions-legales\/\",\"name\":\"Mentions l\u00e9gales - Embotits Artesans J.Vil\u00e0\",\"isPartOf\":{\"@id\":\"https:\/\/embotitsvila.com\/fr\/#website\"},\"datePublished\":\"2023-03-28T12:21:22+00:00\",\"dateModified\":\"2023-04-20T13:08:23+00:00\",\"breadcrumb\":{\"@id\":\"https:\/\/embotitsvila.com\/fr\/mentions-legales\/#breadcrumb\"},\"inLanguage\":\"fr-FR\",\"potentialAction\":[{\"@type\":\"ReadAction\",\"target\":[\"https:\/\/embotitsvila.com\/fr\/mentions-legales\/\"]}]},{\"@type\":\"BreadcrumbList\",\"@id\":\"https:\/\/embotitsvila.com\/fr\/mentions-legales\/#breadcrumb\",\"itemListElement\":[{\"@type\":\"ListItem\",\"position\":1,\"name\":\"Portada\",\"item\":\"https:\/\/embotitsvila.com\/fr\/\"},{\"@type\":\"ListItem\",\"position\":2,\"name\":\"Mentions l\u00e9gales\"}]},{\"@type\":\"WebSite\",\"@id\":\"https:\/\/embotitsvila.com\/fr\/#website\",\"url\":\"https:\/\/embotitsvila.com\/fr\/\",\"name\":\"Embotits Artesans J.Vil\u00e0\",\"description\":\"\",\"potentialAction\":[{\"@type\":\"SearchAction\",\"target\":{\"@type\":\"EntryPoint\",\"urlTemplate\":\"https:\/\/embotitsvila.com\/fr\/?s={search_term_string}\"},\"query-input\":\"required name=search_term_string\"}],\"inLanguage\":\"fr-FR\"}]}<\/script>\n<!-- \/ Yoast SEO plugin. -->","yoast_head_json":{"title":"Mentions l\u00e9gales - Embotits Artesans J.Vil\u00e0","robots":{"index":"index","follow":"follow","max-snippet":"max-snippet:-1","max-image-preview":"max-image-preview:large","max-video-preview":"max-video-preview:-1"},"canonical":"https:\/\/embotitsvila.com\/fr\/mentions-legales\/","og_locale":"fr_FR","og_type":"article","og_title":"Mentions l\u00e9gales - Embotits Artesans J.Vil\u00e0","og_description":"[vc_row][vc_column][vc_column_text]OBJET La pr\u00e9sente notice l\u00e9gale r\u00e9git l&rsquo;utilisation et l&rsquo;utilisation du site Web https:\/\/embotitsvila.com appartenant \u00e0 EMBUTIDOS ARTESANOS J.VIL\u00c0 SL (ci-apr\u00e8s, LE PROPRI\u00c9TAIRE DU WEB).\u00a0La navigation sur le site Web du PROPRI\u00c9TAIRE DU WEB lui attribue la condition d&rsquo;UTILISATEUR et implique votre acceptation pleine et enti\u00e8re de chacune des conditions publi\u00e9es dans les pr\u00e9sentes mentions l\u00e9gales, avertissant que lesdites conditions peuvent \u00eatre modifi\u00e9es sans notification pr\u00e9alable par LE PROPRI\u00c9TAIRE DU SITE WEB, auquel cas il sera publi\u00e9 et notifi\u00e9 dans les meilleurs d\u00e9lais. Pour cette raison, il est conseill\u00e9 de lire attentivement son contenu si vous souhaitez acc\u00e9der et utiliser les informations et services propos\u00e9s \u00e0 partir de ce site. L&rsquo;utilisateur, en outre, s&rsquo;engage \u00e0 faire un usage correct du site Web conform\u00e9ment aux lois, \u00e0 la bonne foi, \u00e0 l&rsquo;ordre public, aux usages du trafic et aux pr\u00e9sentes mentions l\u00e9gales, [&hellip;]","og_url":"https:\/\/embotitsvila.com\/fr\/mentions-legales\/","og_site_name":"Embotits Artesans J.Vil\u00e0","article_modified_time":"2023-04-20T13:08:23+00:00","twitter_card":"summary_large_image","twitter_misc":{"Dur\u00e9e de lecture estim\u00e9e":"7 minutes"},"schema":{"@context":"https:\/\/schema.org","@graph":[{"@type":"WebPage","@id":"https:\/\/embotitsvila.com\/fr\/mentions-legales\/","url":"https:\/\/embotitsvila.com\/fr\/mentions-legales\/","name":"Mentions l\u00e9gales - Embotits Artesans J.Vil\u00e0","isPartOf":{"@id":"https:\/\/embotitsvila.com\/fr\/#website"},"datePublished":"2023-03-28T12:21:22+00:00","dateModified":"2023-04-20T13:08:23+00:00","breadcrumb":{"@id":"https:\/\/embotitsvila.com\/fr\/mentions-legales\/#breadcrumb"},"inLanguage":"fr-FR","potentialAction":[{"@type":"ReadAction","target":["https:\/\/embotitsvila.com\/fr\/mentions-legales\/"]}]},{"@type":"BreadcrumbList","@id":"https:\/\/embotitsvila.com\/fr\/mentions-legales\/#breadcrumb","itemListElement":[{"@type":"ListItem","position":1,"name":"Portada","item":"https:\/\/embotitsvila.com\/fr\/"},{"@type":"ListItem","position":2,"name":"Mentions l\u00e9gales"}]},{"@type":"WebSite","@id":"https:\/\/embotitsvila.com\/fr\/#website","url":"https:\/\/embotitsvila.com\/fr\/","name":"Embotits Artesans J.Vil\u00e0","description":"","potentialAction":[{"@type":"SearchAction","target":{"@type":"EntryPoint","urlTemplate":"https:\/\/embotitsvila.com\/fr\/?s={search_term_string}"},"query-input":"required name=search_term_string"}],"inLanguage":"fr-FR"}]}},"_links":{"self":[{"href":"https:\/\/embotitsvila.com\/fr\/wp-json\/wp\/v2\/pages\/15504"}],"collection":[{"href":"https:\/\/embotitsvila.com\/fr\/wp-json\/wp\/v2\/pages"}],"about":[{"href":"https:\/\/embotitsvila.com\/fr\/wp-json\/wp\/v2\/types\/page"}],"author":[{"embeddable":true,"href":"https:\/\/embotitsvila.com\/fr\/wp-json\/wp\/v2\/users\/2"}],"replies":[{"embeddable":true,"href":"https:\/\/embotitsvila.com\/fr\/wp-json\/wp\/v2\/comments?post=15504"}],"version-history":[{"count":2,"href":"https:\/\/embotitsvila.com\/fr\/wp-json\/wp\/v2\/pages\/15504\/revisions"}],"predecessor-version":[{"id":16847,"href":"https:\/\/embotitsvila.com\/fr\/wp-json\/wp\/v2\/pages\/15504\/revisions\/16847"}],"wp:attachment":[{"href":"https:\/\/embotitsvila.com\/fr\/wp-json\/wp\/v2\/media?parent=15504"}],"curies":[{"name":"wp","href":"https:\/\/api.w.org\/{rel}","templated":true}]}}