{"id":15510,"date":"2017-08-05T14:04:11","date_gmt":"2017-08-05T12:04:11","guid":{"rendered":"https:\/\/embotitsvila.com\/404-pagina-no-encontrada\/"},"modified":"2023-04-19T14:24:56","modified_gmt":"2023-04-19T12:24:56","slug":"404-page-non-trouvee","status":"publish","type":"page","link":"https:\/\/embotitsvila.com\/fr\/404-page-non-trouvee\/","title":{"rendered":"404 Page non trouv\u00e9e"},"content":{"rendered":"<section class=\"wpb-content-wrapper\"><p>[vc_section css=\u00a0\u00bb.vc_custom_1502109771712{background-image: url(https:\/\/embotitsvila.com\/wp-content\/uploads\/2017\/08\/404.jpg?id=1220) !important;background-position: center !important;background-repeat: no-repeat !important;background-size: cover !important;}\u00a0\u00bb][vc_row full_width=\u00a0\u00bbstretch_row_content_no_spaces\u00a0\u00bb css=\u00a0\u00bb.vc_custom_1502108370252{background-position: center !important;background-repeat: no-repeat !important;background-size: contain !important;}\u00a0\u00bb][vc_column]<div class=\"es-resp\">\t<div class=\"visible-xl\" style=\"height: 100px;\"><\/div>\t<div class=\"hidden-xl hidden-md hidden-sm hidden-ms hidden-xs\" style=\"height: 100px;\"><\/div>\t<div class=\"visible-md\" style=\"height: 100px;\"><\/div>\t<div class=\"visible-sm \" style=\"height: 100px;\"><\/div>\t<div class=\"visible-ms\" style=\"height: 100px;\"><\/div>\t<div class=\"visible-xs\" style=\"height: 100px;\"><\/div><\/div>[vc_column_text]<\/p>\n<p style=\"text-align: center;\">La page que vous recherchez a \u00e9t\u00e9 d\u00e9plac\u00e9e, supprim\u00e9e,<br \/>\nrenomm\u00e9 ou n&rsquo;a peut-\u00eatre jamais exist\u00e9.<\/p>\n<p>[\/vc_column_text]<div class=\"es-resp\">\t<div class=\"visible-xl\" style=\"height: 32px;\"><\/div>\t<div class=\"hidden-xl hidden-md hidden-sm hidden-ms hidden-xs\" style=\"height: 32px;\"><\/div>\t<div class=\"visible-md\" style=\"height: 32px;\"><\/div>\t<div class=\"visible-sm \" style=\"height: 32px;\"><\/div>\t<div class=\"visible-ms\" style=\"height: 32px;\"><\/div>\t<div class=\"visible-xs\" style=\"height: 32px;\"><\/div><\/div>[\/vc_column][\/vc_row][\/vc_section]<\/p>\n<\/section>","protected":false},"excerpt":{"rendered":"<p>[vc_section css=\u00a0\u00bb.vc_custom_1502109771712{background-image: url(https:\/\/embotitsvila.com\/wp-content\/uploads\/2017\/08\/404.jpg?id=1220) !important;background-position: center !important;background-repeat: no-repeat !important;background-size: cover !important;}\u00a0\u00bb][vc_row full_width=\u00a0\u00bbstretch_row_content_no_spaces\u00a0\u00bb css=\u00a0\u00bb.vc_custom_1502108370252{background-position: center !important;background-repeat: no-repeat !important;background-size: contain !important;}\u00a0\u00bb][vc_column][vc_column_text] La page que vous recherchez a \u00e9t\u00e9 d\u00e9plac\u00e9e, supprim\u00e9e, renomm\u00e9 ou n&rsquo;a peut-\u00eatre jamais exist\u00e9. [\/vc_column_text][\/vc_column][\/vc_row][\/vc_section]<\/p>\n","protected":false},"author":1,"featured_media":0,"parent":0,"menu_order":3000,"comment_status":"closed","ping_status":"closed","template":"page-templates\/404.php","meta":[],"acf":[],"yoast_head":"<!-- This site is optimized with the Yoast SEO plugin v20.5 - https:\/\/yoast.com\/wordpress\/plugins\/seo\/ -->\n<title>404 Page non trouv\u00e9e - Embotits Artesans J.Vil\u00e0<\/title>\n<meta name=\"robots\" content=\"index, follow, max-snippet:-1, max-image-preview:large, max-video-preview:-1\" \/>\n<link rel=\"canonical\" href=\"https:\/\/embotitsvila.com\/fr\/404-page-non-trouvee\/\" \/>\n<meta property=\"og:locale\" content=\"fr_FR\" \/>\n<meta property=\"og:type\" content=\"article\" \/>\n<meta property=\"og:title\" content=\"404 Page non trouv\u00e9e - Embotits Artesans J.Vil\u00e0\" \/>\n<meta property=\"og:description\" content=\"[vc_section css=\u00a0\u00bb.vc_custom_1502109771712{background-image: url(https:\/\/embotitsvila.com\/wp-content\/uploads\/2017\/08\/404.jpg?id=1220) !important;background-position: center !important;background-repeat: no-repeat !important;background-size: cover !important;}\u00a0\u00bb][vc_row full_width=\u00a0\u00bbstretch_row_content_no_spaces\u00a0\u00bb css=\u00a0\u00bb.vc_custom_1502108370252{background-position: center !important;background-repeat: no-repeat !important;background-size: contain !important;}\u00a0\u00bb][vc_column][vc_column_text] La page que vous recherchez a \u00e9t\u00e9 d\u00e9plac\u00e9e, supprim\u00e9e, renomm\u00e9 ou n&rsquo;a peut-\u00eatre jamais exist\u00e9. [\/vc_column_text][\/vc_column][\/vc_row][\/vc_section]\" \/>\n<meta property=\"og:url\" content=\"https:\/\/embotitsvila.com\/fr\/404-page-non-trouvee\/\" \/>\n<meta property=\"og:site_name\" content=\"Embotits Artesans J.Vil\u00e0\" \/>\n<meta property=\"article:modified_time\" content=\"2023-04-19T12:24:56+00:00\" \/>\n<meta name=\"twitter:card\" content=\"summary_large_image\" \/>\n<script type=\"application\/ld+json\" class=\"yoast-schema-graph\">{\"@context\":\"https:\/\/schema.org\",\"@graph\":[{\"@type\":\"WebPage\",\"@id\":\"https:\/\/embotitsvila.com\/fr\/404-page-non-trouvee\/\",\"url\":\"https:\/\/embotitsvila.com\/fr\/404-page-non-trouvee\/\",\"name\":\"404 Page non trouv\u00e9e - Embotits Artesans J.Vil\u00e0\",\"isPartOf\":{\"@id\":\"https:\/\/embotitsvila.com\/fr\/#website\"},\"datePublished\":\"2017-08-05T12:04:11+00:00\",\"dateModified\":\"2023-04-19T12:24:56+00:00\",\"breadcrumb\":{\"@id\":\"https:\/\/embotitsvila.com\/fr\/404-page-non-trouvee\/#breadcrumb\"},\"inLanguage\":\"fr-FR\",\"potentialAction\":[{\"@type\":\"ReadAction\",\"target\":[\"https:\/\/embotitsvila.com\/fr\/404-page-non-trouvee\/\"]}]},{\"@type\":\"BreadcrumbList\",\"@id\":\"https:\/\/embotitsvila.com\/fr\/404-page-non-trouvee\/#breadcrumb\",\"itemListElement\":[{\"@type\":\"ListItem\",\"position\":1,\"name\":\"Portada\",\"item\":\"https:\/\/embotitsvila.com\/fr\/\"},{\"@type\":\"ListItem\",\"position\":2,\"name\":\"404 Page non trouv\u00e9e\"}]},{\"@type\":\"WebSite\",\"@id\":\"https:\/\/embotitsvila.com\/fr\/#website\",\"url\":\"https:\/\/embotitsvila.com\/fr\/\",\"name\":\"Embotits Artesans J.Vil\u00e0\",\"description\":\"\",\"potentialAction\":[{\"@type\":\"SearchAction\",\"target\":{\"@type\":\"EntryPoint\",\"urlTemplate\":\"https:\/\/embotitsvila.com\/fr\/?s={search_term_string}\"},\"query-input\":\"required name=search_term_string\"}],\"inLanguage\":\"fr-FR\"}]}<\/script>\n<!-- \/ Yoast SEO plugin. -->","yoast_head_json":{"title":"404 Page non trouv\u00e9e - Embotits Artesans J.Vil\u00e0","robots":{"index":"index","follow":"follow","max-snippet":"max-snippet:-1","max-image-preview":"max-image-preview:large","max-video-preview":"max-video-preview:-1"},"canonical":"https:\/\/embotitsvila.com\/fr\/404-page-non-trouvee\/","og_locale":"fr_FR","og_type":"article","og_title":"404 Page non trouv\u00e9e - Embotits Artesans J.Vil\u00e0","og_description":"[vc_section css=\u00a0\u00bb.vc_custom_1502109771712{background-image: url(https:\/\/embotitsvila.com\/wp-content\/uploads\/2017\/08\/404.jpg?id=1220) !important;background-position: center !important;background-repeat: no-repeat !important;background-size: cover !important;}\u00a0\u00bb][vc_row full_width=\u00a0\u00bbstretch_row_content_no_spaces\u00a0\u00bb css=\u00a0\u00bb.vc_custom_1502108370252{background-position: center !important;background-repeat: no-repeat !important;background-size: contain !important;}\u00a0\u00bb][vc_column][vc_column_text] La page que vous recherchez a \u00e9t\u00e9 d\u00e9plac\u00e9e, supprim\u00e9e, renomm\u00e9 ou n&rsquo;a peut-\u00eatre jamais exist\u00e9. [\/vc_column_text][\/vc_column][\/vc_row][\/vc_section]","og_url":"https:\/\/embotitsvila.com\/fr\/404-page-non-trouvee\/","og_site_name":"Embotits Artesans J.Vil\u00e0","article_modified_time":"2023-04-19T12:24:56+00:00","twitter_card":"summary_large_image","schema":{"@context":"https:\/\/schema.org","@graph":[{"@type":"WebPage","@id":"https:\/\/embotitsvila.com\/fr\/404-page-non-trouvee\/","url":"https:\/\/embotitsvila.com\/fr\/404-page-non-trouvee\/","name":"404 Page non trouv\u00e9e - Embotits Artesans J.Vil\u00e0","isPartOf":{"@id":"https:\/\/embotitsvila.com\/fr\/#website"},"datePublished":"2017-08-05T12:04:11+00:00","dateModified":"2023-04-19T12:24:56+00:00","breadcrumb":{"@id":"https:\/\/embotitsvila.com\/fr\/404-page-non-trouvee\/#breadcrumb"},"inLanguage":"fr-FR","potentialAction":[{"@type":"ReadAction","target":["https:\/\/embotitsvila.com\/fr\/404-page-non-trouvee\/"]}]},{"@type":"BreadcrumbList","@id":"https:\/\/embotitsvila.com\/fr\/404-page-non-trouvee\/#breadcrumb","itemListElement":[{"@type":"ListItem","position":1,"name":"Portada","item":"https:\/\/embotitsvila.com\/fr\/"},{"@type":"ListItem","position":2,"name":"404 Page non trouv\u00e9e"}]},{"@type":"WebSite","@id":"https:\/\/embotitsvila.com\/fr\/#website","url":"https:\/\/embotitsvila.com\/fr\/","name":"Embotits Artesans J.Vil\u00e0","description":"","potentialAction":[{"@type":"SearchAction","target":{"@type":"EntryPoint","urlTemplate":"https:\/\/embotitsvila.com\/fr\/?s={search_term_string}"},"query-input":"required name=search_term_string"}],"inLanguage":"fr-FR"}]}},"_links":{"self":[{"href":"https:\/\/embotitsvila.com\/fr\/wp-json\/wp\/v2\/pages\/15510"}],"collection":[{"href":"https:\/\/embotitsvila.com\/fr\/wp-json\/wp\/v2\/pages"}],"about":[{"href":"https:\/\/embotitsvila.com\/fr\/wp-json\/wp\/v2\/types\/page"}],"author":[{"embeddable":true,"href":"https:\/\/embotitsvila.com\/fr\/wp-json\/wp\/v2\/users\/1"}],"replies":[{"embeddable":true,"href":"https:\/\/embotitsvila.com\/fr\/wp-json\/wp\/v2\/comments?post=15510"}],"version-history":[{"count":9,"href":"https:\/\/embotitsvila.com\/fr\/wp-json\/wp\/v2\/pages\/15510\/revisions"}],"predecessor-version":[{"id":16201,"href":"https:\/\/embotitsvila.com\/fr\/wp-json\/wp\/v2\/pages\/15510\/revisions\/16201"}],"wp:attachment":[{"href":"https:\/\/embotitsvila.com\/fr\/wp-json\/wp\/v2\/media?parent=15510"}],"curies":[{"name":"wp","href":"https:\/\/api.w.org\/{rel}","templated":true}]}}