{"id":15426,"date":"2023-04-02T14:22:47","date_gmt":"2023-04-02T12:22:47","guid":{"rendered":"https:\/\/embotitsvila.com\/productos\/filet-mignon\/"},"modified":"2023-05-19T10:06:05","modified_gmt":"2023-05-19T08:06:05","slug":"filet-mignon","status":"publish","type":"product","link":"https:\/\/embotitsvila.com\/fr\/productos\/filet-mignon\/","title":{"rendered":"Filet Mignon"},"content":{"rendered":"","protected":false},"excerpt":{"rendered":"<div class=\"woocommerce-product-details__short-description\">\n<div class=\"five columns omega\">\n<p>Filet de coche, assaisonn\u00e9 avec diff\u00e9rents paprikas qui lui donnent sa saveur incomparable.<\/p>\n<p>Produit de qualit\u00e9 sup\u00e9rieure, avec une texture extra tendre.<\/p>\n<p><img decoding=\"async\" loading=\"lazy\" class=\"alignnone wp-image-14801 size-full\" src=\"https:\/\/embotitsvila.com\/wp-content\/uploads\/2023\/04\/tabla-filet-1.jpg\" alt=\"\" width=\"1357\" height=\"329\" srcset=\"https:\/\/embotitsvila.com\/wp-content\/uploads\/2023\/04\/tabla-filet-1.jpg 1357w, https:\/\/embotitsvila.com\/wp-content\/uploads\/2023\/04\/tabla-filet-1-600x145.jpg 600w, https:\/\/embotitsvila.com\/wp-content\/uploads\/2023\/04\/tabla-filet-1-300x73.jpg 300w, https:\/\/embotitsvila.com\/wp-content\/uploads\/2023\/04\/tabla-filet-1-1024x248.jpg 1024w, https:\/\/embotitsvila.com\/wp-content\/uploads\/2023\/04\/tabla-filet-1-768x186.jpg 768w, https:\/\/embotitsvila.com\/wp-content\/uploads\/2023\/04\/tabla-filet-1-800x194.jpg 800w, https:\/\/embotitsvila.com\/wp-content\/uploads\/2023\/04\/tabla-filet-1-550x133.jpg 550w\" sizes=\"(max-width: 1357px) 100vw, 1357px\" \/><\/p>\n<\/div>\n<\/div>\n","protected":false},"featured_media":14029,"template":"","meta":[],"product_cat":[465,466],"product_tag":[],"acf":[],"yoast_head":"<!-- This site is optimized with the Yoast SEO plugin v20.5 - https:\/\/yoast.com\/wordpress\/plugins\/seo\/ -->\n<title>Filet Mignon - Embotits Artesans J.Vil\u00e0<\/title>\n<meta name=\"description\" content=\"Filet Mignon. Filet de coche, assaisonn\u00e9 avec diff\u00e9rents paprikas qui lui donnent sa saveur incomparable. Qualit\u00e9 sup\u00e9rieur et exture extra tendre.\" \/>\n<meta name=\"robots\" content=\"index, follow, max-snippet:-1, max-image-preview:large, max-video-preview:-1\" \/>\n<link rel=\"canonical\" href=\"https:\/\/embotitsvila.com\/fr\/productos\/filet-mignon\/\" \/>\n<meta property=\"og:locale\" content=\"fr_FR\" \/>\n<meta property=\"og:type\" content=\"article\" \/>\n<meta property=\"og:title\" content=\"Filet Mignon - Embotits Artesans J.Vil\u00e0\" \/>\n<meta property=\"og:description\" content=\"Filet Mignon. Filet de coche, assaisonn\u00e9 avec diff\u00e9rents paprikas qui lui donnent sa saveur incomparable. Qualit\u00e9 sup\u00e9rieur et exture extra tendre.\" \/>\n<meta property=\"og:url\" content=\"https:\/\/embotitsvila.com\/fr\/productos\/filet-mignon\/\" \/>\n<meta property=\"og:site_name\" content=\"Embotits Artesans J.Vil\u00e0\" \/>\n<meta property=\"article:modified_time\" content=\"2023-05-19T08:06:05+00:00\" \/>\n<meta property=\"og:image\" content=\"https:\/\/embotitsvila.com\/wp-content\/uploads\/2023\/04\/Filet-Mignon-Embotits-Vila-1024x1024.jpg\" \/>\n\t<meta property=\"og:image:width\" content=\"1024\" \/>\n\t<meta property=\"og:image:height\" content=\"1024\" \/>\n\t<meta property=\"og:image:type\" content=\"image\/jpeg\" \/>\n<meta name=\"twitter:card\" content=\"summary_large_image\" \/>\n<script type=\"application\/ld+json\" class=\"yoast-schema-graph\">{\"@context\":\"https:\/\/schema.org\",\"@graph\":[{\"@type\":\"WebPage\",\"@id\":\"https:\/\/embotitsvila.com\/fr\/productos\/filet-mignon\/\",\"url\":\"https:\/\/embotitsvila.com\/fr\/productos\/filet-mignon\/\",\"name\":\"Filet Mignon - Embotits Artesans J.Vil\u00e0\",\"isPartOf\":{\"@id\":\"https:\/\/embotitsvila.com\/fr\/#website\"},\"datePublished\":\"2023-04-02T12:22:47+00:00\",\"dateModified\":\"2023-05-19T08:06:05+00:00\",\"description\":\"Filet Mignon. Filet de coche, assaisonn\u00e9 avec diff\u00e9rents paprikas qui lui donnent sa saveur incomparable. Qualit\u00e9 sup\u00e9rieur et exture extra tendre.\",\"breadcrumb\":{\"@id\":\"https:\/\/embotitsvila.com\/fr\/productos\/filet-mignon\/#breadcrumb\"},\"inLanguage\":\"fr-FR\",\"potentialAction\":[{\"@type\":\"ReadAction\",\"target\":[\"https:\/\/embotitsvila.com\/fr\/productos\/filet-mignon\/\"]}]},{\"@type\":\"BreadcrumbList\",\"@id\":\"https:\/\/embotitsvila.com\/fr\/productos\/filet-mignon\/#breadcrumb\",\"itemListElement\":[{\"@type\":\"ListItem\",\"position\":1,\"name\":\"Portada\",\"item\":\"https:\/\/embotitsvila.com\/fr\/\"},{\"@type\":\"ListItem\",\"position\":2,\"name\":\"Boutique\",\"item\":\"https:\/\/embotitsvila.com\/fr\/boutique\/\"},{\"@type\":\"ListItem\",\"position\":3,\"name\":\"Filet Mignon\"}]},{\"@type\":\"WebSite\",\"@id\":\"https:\/\/embotitsvila.com\/fr\/#website\",\"url\":\"https:\/\/embotitsvila.com\/fr\/\",\"name\":\"Embotits Artesans J.Vil\u00e0\",\"description\":\"\",\"potentialAction\":[{\"@type\":\"SearchAction\",\"target\":{\"@type\":\"EntryPoint\",\"urlTemplate\":\"https:\/\/embotitsvila.com\/fr\/?s={search_term_string}\"},\"query-input\":\"required name=search_term_string\"}],\"inLanguage\":\"fr-FR\"}]}<\/script>\n<!-- \/ Yoast SEO plugin. -->","yoast_head_json":{"title":"Filet Mignon - Embotits Artesans J.Vil\u00e0","description":"Filet Mignon. Filet de coche, assaisonn\u00e9 avec diff\u00e9rents paprikas qui lui donnent sa saveur incomparable. Qualit\u00e9 sup\u00e9rieur et exture extra tendre.","robots":{"index":"index","follow":"follow","max-snippet":"max-snippet:-1","max-image-preview":"max-image-preview:large","max-video-preview":"max-video-preview:-1"},"canonical":"https:\/\/embotitsvila.com\/fr\/productos\/filet-mignon\/","og_locale":"fr_FR","og_type":"article","og_title":"Filet Mignon - Embotits Artesans J.Vil\u00e0","og_description":"Filet Mignon. Filet de coche, assaisonn\u00e9 avec diff\u00e9rents paprikas qui lui donnent sa saveur incomparable. Qualit\u00e9 sup\u00e9rieur et exture extra tendre.","og_url":"https:\/\/embotitsvila.com\/fr\/productos\/filet-mignon\/","og_site_name":"Embotits Artesans J.Vil\u00e0","article_modified_time":"2023-05-19T08:06:05+00:00","og_image":[{"width":1024,"height":1024,"url":"https:\/\/embotitsvila.com\/wp-content\/uploads\/2023\/04\/Filet-Mignon-Embotits-Vila-1024x1024.jpg","type":"image\/jpeg"}],"twitter_card":"summary_large_image","schema":{"@context":"https:\/\/schema.org","@graph":[{"@type":"WebPage","@id":"https:\/\/embotitsvila.com\/fr\/productos\/filet-mignon\/","url":"https:\/\/embotitsvila.com\/fr\/productos\/filet-mignon\/","name":"Filet Mignon - Embotits Artesans J.Vil\u00e0","isPartOf":{"@id":"https:\/\/embotitsvila.com\/fr\/#website"},"datePublished":"2023-04-02T12:22:47+00:00","dateModified":"2023-05-19T08:06:05+00:00","description":"Filet Mignon. Filet de coche, assaisonn\u00e9 avec diff\u00e9rents paprikas qui lui donnent sa saveur incomparable. Qualit\u00e9 sup\u00e9rieur et exture extra tendre.","breadcrumb":{"@id":"https:\/\/embotitsvila.com\/fr\/productos\/filet-mignon\/#breadcrumb"},"inLanguage":"fr-FR","potentialAction":[{"@type":"ReadAction","target":["https:\/\/embotitsvila.com\/fr\/productos\/filet-mignon\/"]}]},{"@type":"BreadcrumbList","@id":"https:\/\/embotitsvila.com\/fr\/productos\/filet-mignon\/#breadcrumb","itemListElement":[{"@type":"ListItem","position":1,"name":"Portada","item":"https:\/\/embotitsvila.com\/fr\/"},{"@type":"ListItem","position":2,"name":"Boutique","item":"https:\/\/embotitsvila.com\/fr\/boutique\/"},{"@type":"ListItem","position":3,"name":"Filet Mignon"}]},{"@type":"WebSite","@id":"https:\/\/embotitsvila.com\/fr\/#website","url":"https:\/\/embotitsvila.com\/fr\/","name":"Embotits Artesans J.Vil\u00e0","description":"","potentialAction":[{"@type":"SearchAction","target":{"@type":"EntryPoint","urlTemplate":"https:\/\/embotitsvila.com\/fr\/?s={search_term_string}"},"query-input":"required name=search_term_string"}],"inLanguage":"fr-FR"}]}},"_links":{"self":[{"href":"https:\/\/embotitsvila.com\/fr\/wp-json\/wp\/v2\/product\/15426"}],"collection":[{"href":"https:\/\/embotitsvila.com\/fr\/wp-json\/wp\/v2\/product"}],"about":[{"href":"https:\/\/embotitsvila.com\/fr\/wp-json\/wp\/v2\/types\/product"}],"wp:featuredmedia":[{"embeddable":true,"href":"https:\/\/embotitsvila.com\/fr\/wp-json\/wp\/v2\/media\/14029"}],"wp:attachment":[{"href":"https:\/\/embotitsvila.com\/fr\/wp-json\/wp\/v2\/media?parent=15426"}],"wp:term":[{"taxonomy":"product_cat","embeddable":true,"href":"https:\/\/embotitsvila.com\/fr\/wp-json\/wp\/v2\/product_cat?post=15426"},{"taxonomy":"product_tag","embeddable":true,"href":"https:\/\/embotitsvila.com\/fr\/wp-json\/wp\/v2\/product_tag?post=15426"}],"curies":[{"name":"wp","href":"https:\/\/api.w.org\/{rel}","templated":true}]}}