{"id":15429,"date":"2023-04-02T14:19:02","date_gmt":"2023-04-02T12:19:02","guid":{"rendered":"https:\/\/embotitsvila.com\/productos\/lomo-embuchado-payes\/"},"modified":"2023-04-24T12:25:44","modified_gmt":"2023-04-24T10:25:44","slug":"lomo-embuchado-payes","status":"publish","type":"product","link":"https:\/\/embotitsvila.com\/fr\/productos\/lomo-embuchado-payes\/","title":{"rendered":"Lomo Embuchado (Pay\u00e9s)"},"content":{"rendered":"","protected":false},"excerpt":{"rendered":"<p>Le longe de porc est assaisonn\u00e9e de mani\u00e8re traditionnelle, post\u00e9rieurement mis dans un \u00a0boyau naturel et s\u00e9ch\u00e9e lentement. Il se distingue par sa l\u00e9g\u00e8re texture.<\/p>\n<p><img decoding=\"async\" loading=\"lazy\" class=\"alignnone wp-image-14925 size-full\" src=\"https:\/\/embotitsvila.com\/wp-content\/uploads\/2023\/04\/lomos-payes-tabla.jpg\" alt=\"\" width=\"1566\" height=\"398\" srcset=\"https:\/\/embotitsvila.com\/wp-content\/uploads\/2023\/04\/lomos-payes-tabla.jpg 1566w, https:\/\/embotitsvila.com\/wp-content\/uploads\/2023\/04\/lomos-payes-tabla-600x152.jpg 600w, https:\/\/embotitsvila.com\/wp-content\/uploads\/2023\/04\/lomos-payes-tabla-300x76.jpg 300w, https:\/\/embotitsvila.com\/wp-content\/uploads\/2023\/04\/lomos-payes-tabla-1024x260.jpg 1024w, https:\/\/embotitsvila.com\/wp-content\/uploads\/2023\/04\/lomos-payes-tabla-768x195.jpg 768w, https:\/\/embotitsvila.com\/wp-content\/uploads\/2023\/04\/lomos-payes-tabla-1536x390.jpg 1536w, https:\/\/embotitsvila.com\/wp-content\/uploads\/2023\/04\/lomos-payes-tabla-800x203.jpg 800w, https:\/\/embotitsvila.com\/wp-content\/uploads\/2023\/04\/lomos-payes-tabla-550x140.jpg 550w\" sizes=\"(max-width: 1566px) 100vw, 1566px\" \/><\/p>\n","protected":false},"featured_media":14024,"template":"","meta":[],"product_cat":[469,466],"product_tag":[],"acf":[],"yoast_head":"<!-- This site is optimized with the Yoast SEO plugin v20.5 - https:\/\/yoast.com\/wordpress\/plugins\/seo\/ -->\n<title>Lomo Embuchado (Pay\u00e9s) - Embotits Artesans J.Vil\u00e0<\/title>\n<meta name=\"description\" content=\"Lomo Embuchado (Pay\u00e9s).El lomo de cerdo es sazonado y embuchado con tripa natural, y sometido a una lenta y larga curaci\u00f3n, para as\u00ed conseguir su exquisito\" \/>\n<meta name=\"robots\" content=\"index, follow, max-snippet:-1, max-image-preview:large, max-video-preview:-1\" \/>\n<link rel=\"canonical\" href=\"https:\/\/embotitsvila.com\/fr\/productos\/lomo-embuchado-payes\/\" \/>\n<meta property=\"og:locale\" content=\"fr_FR\" \/>\n<meta property=\"og:type\" content=\"article\" \/>\n<meta property=\"og:title\" content=\"Lomo Embuchado (Pay\u00e9s) - Embotits Artesans J.Vil\u00e0\" \/>\n<meta property=\"og:description\" content=\"Lomo Embuchado (Pay\u00e9s).El lomo de cerdo es sazonado y embuchado con tripa natural, y sometido a una lenta y larga curaci\u00f3n, para as\u00ed conseguir su exquisito\" \/>\n<meta property=\"og:url\" content=\"https:\/\/embotitsvila.com\/fr\/productos\/lomo-embuchado-payes\/\" \/>\n<meta property=\"og:site_name\" content=\"Embotits Artesans J.Vil\u00e0\" \/>\n<meta property=\"article:modified_time\" content=\"2023-04-24T10:25:44+00:00\" \/>\n<meta property=\"og:image\" content=\"https:\/\/embotitsvila.com\/wp-content\/uploads\/2023\/04\/Lomo-Embuchado-Payes-Embotits-Vila.jpg\" \/>\n\t<meta property=\"og:image:width\" content=\"3648\" \/>\n\t<meta property=\"og:image:height\" content=\"3648\" \/>\n\t<meta property=\"og:image:type\" content=\"image\/jpeg\" \/>\n<meta name=\"twitter:card\" content=\"summary_large_image\" \/>\n<script type=\"application\/ld+json\" class=\"yoast-schema-graph\">{\"@context\":\"https:\/\/schema.org\",\"@graph\":[{\"@type\":\"WebPage\",\"@id\":\"https:\/\/embotitsvila.com\/fr\/productos\/lomo-embuchado-payes\/\",\"url\":\"https:\/\/embotitsvila.com\/fr\/productos\/lomo-embuchado-payes\/\",\"name\":\"Lomo Embuchado (Pay\u00e9s) - Embotits Artesans J.Vil\u00e0\",\"isPartOf\":{\"@id\":\"https:\/\/embotitsvila.com\/fr\/#website\"},\"datePublished\":\"2023-04-02T12:19:02+00:00\",\"dateModified\":\"2023-04-24T10:25:44+00:00\",\"description\":\"Lomo Embuchado (Pay\u00e9s).El lomo de cerdo es sazonado y embuchado con tripa natural, y sometido a una lenta y larga curaci\u00f3n, para as\u00ed conseguir su exquisito\",\"breadcrumb\":{\"@id\":\"https:\/\/embotitsvila.com\/fr\/productos\/lomo-embuchado-payes\/#breadcrumb\"},\"inLanguage\":\"fr-FR\",\"potentialAction\":[{\"@type\":\"ReadAction\",\"target\":[\"https:\/\/embotitsvila.com\/fr\/productos\/lomo-embuchado-payes\/\"]}]},{\"@type\":\"BreadcrumbList\",\"@id\":\"https:\/\/embotitsvila.com\/fr\/productos\/lomo-embuchado-payes\/#breadcrumb\",\"itemListElement\":[{\"@type\":\"ListItem\",\"position\":1,\"name\":\"Portada\",\"item\":\"https:\/\/embotitsvila.com\/fr\/\"},{\"@type\":\"ListItem\",\"position\":2,\"name\":\"Boutique\",\"item\":\"https:\/\/embotitsvila.com\/fr\/boutique\/\"},{\"@type\":\"ListItem\",\"position\":3,\"name\":\"Lomo Embuchado (Pay\u00e9s)\"}]},{\"@type\":\"WebSite\",\"@id\":\"https:\/\/embotitsvila.com\/fr\/#website\",\"url\":\"https:\/\/embotitsvila.com\/fr\/\",\"name\":\"Embotits Artesans J.Vil\u00e0\",\"description\":\"\",\"potentialAction\":[{\"@type\":\"SearchAction\",\"target\":{\"@type\":\"EntryPoint\",\"urlTemplate\":\"https:\/\/embotitsvila.com\/fr\/?s={search_term_string}\"},\"query-input\":\"required name=search_term_string\"}],\"inLanguage\":\"fr-FR\"}]}<\/script>\n<!-- \/ Yoast SEO plugin. -->","yoast_head_json":{"title":"Lomo Embuchado (Pay\u00e9s) - Embotits Artesans J.Vil\u00e0","description":"Lomo Embuchado (Pay\u00e9s).El lomo de cerdo es sazonado y embuchado con tripa natural, y sometido a una lenta y larga curaci\u00f3n, para as\u00ed conseguir su exquisito","robots":{"index":"index","follow":"follow","max-snippet":"max-snippet:-1","max-image-preview":"max-image-preview:large","max-video-preview":"max-video-preview:-1"},"canonical":"https:\/\/embotitsvila.com\/fr\/productos\/lomo-embuchado-payes\/","og_locale":"fr_FR","og_type":"article","og_title":"Lomo Embuchado (Pay\u00e9s) - Embotits Artesans J.Vil\u00e0","og_description":"Lomo Embuchado (Pay\u00e9s).El lomo de cerdo es sazonado y embuchado con tripa natural, y sometido a una lenta y larga curaci\u00f3n, para as\u00ed conseguir su exquisito","og_url":"https:\/\/embotitsvila.com\/fr\/productos\/lomo-embuchado-payes\/","og_site_name":"Embotits Artesans J.Vil\u00e0","article_modified_time":"2023-04-24T10:25:44+00:00","og_image":[{"width":3648,"height":3648,"url":"https:\/\/embotitsvila.com\/wp-content\/uploads\/2023\/04\/Lomo-Embuchado-Payes-Embotits-Vila.jpg","type":"image\/jpeg"}],"twitter_card":"summary_large_image","schema":{"@context":"https:\/\/schema.org","@graph":[{"@type":"WebPage","@id":"https:\/\/embotitsvila.com\/fr\/productos\/lomo-embuchado-payes\/","url":"https:\/\/embotitsvila.com\/fr\/productos\/lomo-embuchado-payes\/","name":"Lomo Embuchado (Pay\u00e9s) - Embotits Artesans J.Vil\u00e0","isPartOf":{"@id":"https:\/\/embotitsvila.com\/fr\/#website"},"datePublished":"2023-04-02T12:19:02+00:00","dateModified":"2023-04-24T10:25:44+00:00","description":"Lomo Embuchado (Pay\u00e9s).El lomo de cerdo es sazonado y embuchado con tripa natural, y sometido a una lenta y larga curaci\u00f3n, para as\u00ed conseguir su exquisito","breadcrumb":{"@id":"https:\/\/embotitsvila.com\/fr\/productos\/lomo-embuchado-payes\/#breadcrumb"},"inLanguage":"fr-FR","potentialAction":[{"@type":"ReadAction","target":["https:\/\/embotitsvila.com\/fr\/productos\/lomo-embuchado-payes\/"]}]},{"@type":"BreadcrumbList","@id":"https:\/\/embotitsvila.com\/fr\/productos\/lomo-embuchado-payes\/#breadcrumb","itemListElement":[{"@type":"ListItem","position":1,"name":"Portada","item":"https:\/\/embotitsvila.com\/fr\/"},{"@type":"ListItem","position":2,"name":"Boutique","item":"https:\/\/embotitsvila.com\/fr\/boutique\/"},{"@type":"ListItem","position":3,"name":"Lomo Embuchado (Pay\u00e9s)"}]},{"@type":"WebSite","@id":"https:\/\/embotitsvila.com\/fr\/#website","url":"https:\/\/embotitsvila.com\/fr\/","name":"Embotits Artesans J.Vil\u00e0","description":"","potentialAction":[{"@type":"SearchAction","target":{"@type":"EntryPoint","urlTemplate":"https:\/\/embotitsvila.com\/fr\/?s={search_term_string}"},"query-input":"required name=search_term_string"}],"inLanguage":"fr-FR"}]}},"_links":{"self":[{"href":"https:\/\/embotitsvila.com\/fr\/wp-json\/wp\/v2\/product\/15429"}],"collection":[{"href":"https:\/\/embotitsvila.com\/fr\/wp-json\/wp\/v2\/product"}],"about":[{"href":"https:\/\/embotitsvila.com\/fr\/wp-json\/wp\/v2\/types\/product"}],"wp:featuredmedia":[{"embeddable":true,"href":"https:\/\/embotitsvila.com\/fr\/wp-json\/wp\/v2\/media\/14024"}],"wp:attachment":[{"href":"https:\/\/embotitsvila.com\/fr\/wp-json\/wp\/v2\/media?parent=15429"}],"wp:term":[{"taxonomy":"product_cat","embeddable":true,"href":"https:\/\/embotitsvila.com\/fr\/wp-json\/wp\/v2\/product_cat?post=15429"},{"taxonomy":"product_tag","embeddable":true,"href":"https:\/\/embotitsvila.com\/fr\/wp-json\/wp\/v2\/product_tag?post=15429"}],"curies":[{"name":"wp","href":"https:\/\/api.w.org\/{rel}","templated":true}]}}