{"id":15432,"date":"2023-04-02T14:13:48","date_gmt":"2023-04-02T12:13:48","guid":{"rendered":"https:\/\/embotitsvila.com\/productos\/lomo-embuchado\/"},"modified":"2023-05-19T16:00:29","modified_gmt":"2023-05-19T14:00:29","slug":"lomo-embuchado","status":"publish","type":"product","link":"https:\/\/embotitsvila.com\/fr\/productos\/lomo-embuchado\/","title":{"rendered":"Lomo Embuchado"},"content":{"rendered":"","protected":false},"excerpt":{"rendered":"<div class=\"woocommerce-product-details__short-description\">\n<div class=\"five columns omega\">\n<p>Le longe de porc est assaisonn\u00e9 de forme traditionel et s\u00e9ch\u00e9 lentement pour obtenir sa saveur exquise. Il se distingue par sa l\u00e9g\u00e8re texture.<\/p>\n<p><img decoding=\"async\" loading=\"lazy\" class=\"alignnone wp-image-14921 size-full\" src=\"https:\/\/embotitsvila.com\/wp-content\/uploads\/2023\/04\/lomos-embuchado-tabla.jpg\" alt=\"\" width=\"1566\" height=\"398\" srcset=\"https:\/\/embotitsvila.com\/wp-content\/uploads\/2023\/04\/lomos-embuchado-tabla.jpg 1566w, https:\/\/embotitsvila.com\/wp-content\/uploads\/2023\/04\/lomos-embuchado-tabla-600x152.jpg 600w, https:\/\/embotitsvila.com\/wp-content\/uploads\/2023\/04\/lomos-embuchado-tabla-300x76.jpg 300w, https:\/\/embotitsvila.com\/wp-content\/uploads\/2023\/04\/lomos-embuchado-tabla-1024x260.jpg 1024w, https:\/\/embotitsvila.com\/wp-content\/uploads\/2023\/04\/lomos-embuchado-tabla-768x195.jpg 768w, https:\/\/embotitsvila.com\/wp-content\/uploads\/2023\/04\/lomos-embuchado-tabla-1536x390.jpg 1536w, https:\/\/embotitsvila.com\/wp-content\/uploads\/2023\/04\/lomos-embuchado-tabla-800x203.jpg 800w, https:\/\/embotitsvila.com\/wp-content\/uploads\/2023\/04\/lomos-embuchado-tabla-550x140.jpg 550w\" sizes=\"(max-width: 1566px) 100vw, 1566px\" \/><\/p>\n<\/div>\n<\/div>\n","protected":false},"featured_media":14015,"template":"","meta":[],"product_cat":[469,466],"product_tag":[],"acf":[],"yoast_head":"<!-- This site is optimized with the Yoast SEO plugin v20.5 - https:\/\/yoast.com\/wordpress\/plugins\/seo\/ -->\n<title>Lomo Embuchado - Embotits Artesans J.Vil\u00e0<\/title>\n<meta name=\"description\" content=\"Le longe de porc est assaisonn\u00e9 de forme traditionel et s\u00e9ch\u00e9 lentement pour obtenir sa saveur exquise. Il se distingue par sa l\u00e9g\u00e8re texture.\" \/>\n<meta name=\"robots\" content=\"index, follow, max-snippet:-1, max-image-preview:large, max-video-preview:-1\" \/>\n<link rel=\"canonical\" href=\"https:\/\/embotitsvila.com\/fr\/productos\/lomo-embuchado\/\" \/>\n<meta property=\"og:locale\" content=\"fr_FR\" \/>\n<meta property=\"og:type\" content=\"article\" \/>\n<meta property=\"og:title\" content=\"Lomo Embuchado - Embotits Artesans J.Vil\u00e0\" \/>\n<meta property=\"og:description\" content=\"Le longe de porc est assaisonn\u00e9 de forme traditionel et s\u00e9ch\u00e9 lentement pour obtenir sa saveur exquise. Il se distingue par sa l\u00e9g\u00e8re texture.\" \/>\n<meta property=\"og:url\" content=\"https:\/\/embotitsvila.com\/fr\/productos\/lomo-embuchado\/\" \/>\n<meta property=\"og:site_name\" content=\"Embotits Artesans J.Vil\u00e0\" \/>\n<meta property=\"article:modified_time\" content=\"2023-05-19T14:00:29+00:00\" \/>\n<meta property=\"og:image\" content=\"https:\/\/embotitsvila.com\/wp-content\/uploads\/2023\/04\/Lomo-Embuchado-Embotits-Vila.jpg\" \/>\n\t<meta property=\"og:image:width\" content=\"3542\" \/>\n\t<meta property=\"og:image:height\" content=\"3542\" \/>\n\t<meta property=\"og:image:type\" content=\"image\/jpeg\" \/>\n<meta name=\"twitter:card\" content=\"summary_large_image\" \/>\n<script type=\"application\/ld+json\" class=\"yoast-schema-graph\">{\"@context\":\"https:\/\/schema.org\",\"@graph\":[{\"@type\":\"WebPage\",\"@id\":\"https:\/\/embotitsvila.com\/fr\/productos\/lomo-embuchado\/\",\"url\":\"https:\/\/embotitsvila.com\/fr\/productos\/lomo-embuchado\/\",\"name\":\"Lomo Embuchado - Embotits Artesans J.Vil\u00e0\",\"isPartOf\":{\"@id\":\"https:\/\/embotitsvila.com\/fr\/#website\"},\"datePublished\":\"2023-04-02T12:13:48+00:00\",\"dateModified\":\"2023-05-19T14:00:29+00:00\",\"description\":\"Le longe de porc est assaisonn\u00e9 de forme traditionel et s\u00e9ch\u00e9 lentement pour obtenir sa saveur exquise. Il se distingue par sa l\u00e9g\u00e8re texture.\",\"breadcrumb\":{\"@id\":\"https:\/\/embotitsvila.com\/fr\/productos\/lomo-embuchado\/#breadcrumb\"},\"inLanguage\":\"fr-FR\",\"potentialAction\":[{\"@type\":\"ReadAction\",\"target\":[\"https:\/\/embotitsvila.com\/fr\/productos\/lomo-embuchado\/\"]}]},{\"@type\":\"BreadcrumbList\",\"@id\":\"https:\/\/embotitsvila.com\/fr\/productos\/lomo-embuchado\/#breadcrumb\",\"itemListElement\":[{\"@type\":\"ListItem\",\"position\":1,\"name\":\"Portada\",\"item\":\"https:\/\/embotitsvila.com\/fr\/\"},{\"@type\":\"ListItem\",\"position\":2,\"name\":\"Boutique\",\"item\":\"https:\/\/embotitsvila.com\/fr\/boutique\/\"},{\"@type\":\"ListItem\",\"position\":3,\"name\":\"Lomo Embuchado\"}]},{\"@type\":\"WebSite\",\"@id\":\"https:\/\/embotitsvila.com\/fr\/#website\",\"url\":\"https:\/\/embotitsvila.com\/fr\/\",\"name\":\"Embotits Artesans J.Vil\u00e0\",\"description\":\"\",\"potentialAction\":[{\"@type\":\"SearchAction\",\"target\":{\"@type\":\"EntryPoint\",\"urlTemplate\":\"https:\/\/embotitsvila.com\/fr\/?s={search_term_string}\"},\"query-input\":\"required name=search_term_string\"}],\"inLanguage\":\"fr-FR\"}]}<\/script>\n<!-- \/ Yoast SEO plugin. -->","yoast_head_json":{"title":"Lomo Embuchado - Embotits Artesans J.Vil\u00e0","description":"Le longe de porc est assaisonn\u00e9 de forme traditionel et s\u00e9ch\u00e9 lentement pour obtenir sa saveur exquise. Il se distingue par sa l\u00e9g\u00e8re texture.","robots":{"index":"index","follow":"follow","max-snippet":"max-snippet:-1","max-image-preview":"max-image-preview:large","max-video-preview":"max-video-preview:-1"},"canonical":"https:\/\/embotitsvila.com\/fr\/productos\/lomo-embuchado\/","og_locale":"fr_FR","og_type":"article","og_title":"Lomo Embuchado - Embotits Artesans J.Vil\u00e0","og_description":"Le longe de porc est assaisonn\u00e9 de forme traditionel et s\u00e9ch\u00e9 lentement pour obtenir sa saveur exquise. Il se distingue par sa l\u00e9g\u00e8re texture.","og_url":"https:\/\/embotitsvila.com\/fr\/productos\/lomo-embuchado\/","og_site_name":"Embotits Artesans J.Vil\u00e0","article_modified_time":"2023-05-19T14:00:29+00:00","og_image":[{"width":3542,"height":3542,"url":"https:\/\/embotitsvila.com\/wp-content\/uploads\/2023\/04\/Lomo-Embuchado-Embotits-Vila.jpg","type":"image\/jpeg"}],"twitter_card":"summary_large_image","schema":{"@context":"https:\/\/schema.org","@graph":[{"@type":"WebPage","@id":"https:\/\/embotitsvila.com\/fr\/productos\/lomo-embuchado\/","url":"https:\/\/embotitsvila.com\/fr\/productos\/lomo-embuchado\/","name":"Lomo Embuchado - Embotits Artesans J.Vil\u00e0","isPartOf":{"@id":"https:\/\/embotitsvila.com\/fr\/#website"},"datePublished":"2023-04-02T12:13:48+00:00","dateModified":"2023-05-19T14:00:29+00:00","description":"Le longe de porc est assaisonn\u00e9 de forme traditionel et s\u00e9ch\u00e9 lentement pour obtenir sa saveur exquise. Il se distingue par sa l\u00e9g\u00e8re texture.","breadcrumb":{"@id":"https:\/\/embotitsvila.com\/fr\/productos\/lomo-embuchado\/#breadcrumb"},"inLanguage":"fr-FR","potentialAction":[{"@type":"ReadAction","target":["https:\/\/embotitsvila.com\/fr\/productos\/lomo-embuchado\/"]}]},{"@type":"BreadcrumbList","@id":"https:\/\/embotitsvila.com\/fr\/productos\/lomo-embuchado\/#breadcrumb","itemListElement":[{"@type":"ListItem","position":1,"name":"Portada","item":"https:\/\/embotitsvila.com\/fr\/"},{"@type":"ListItem","position":2,"name":"Boutique","item":"https:\/\/embotitsvila.com\/fr\/boutique\/"},{"@type":"ListItem","position":3,"name":"Lomo Embuchado"}]},{"@type":"WebSite","@id":"https:\/\/embotitsvila.com\/fr\/#website","url":"https:\/\/embotitsvila.com\/fr\/","name":"Embotits Artesans J.Vil\u00e0","description":"","potentialAction":[{"@type":"SearchAction","target":{"@type":"EntryPoint","urlTemplate":"https:\/\/embotitsvila.com\/fr\/?s={search_term_string}"},"query-input":"required name=search_term_string"}],"inLanguage":"fr-FR"}]}},"_links":{"self":[{"href":"https:\/\/embotitsvila.com\/fr\/wp-json\/wp\/v2\/product\/15432"}],"collection":[{"href":"https:\/\/embotitsvila.com\/fr\/wp-json\/wp\/v2\/product"}],"about":[{"href":"https:\/\/embotitsvila.com\/fr\/wp-json\/wp\/v2\/types\/product"}],"wp:featuredmedia":[{"embeddable":true,"href":"https:\/\/embotitsvila.com\/fr\/wp-json\/wp\/v2\/media\/14015"}],"wp:attachment":[{"href":"https:\/\/embotitsvila.com\/fr\/wp-json\/wp\/v2\/media?parent=15432"}],"wp:term":[{"taxonomy":"product_cat","embeddable":true,"href":"https:\/\/embotitsvila.com\/fr\/wp-json\/wp\/v2\/product_cat?post=15432"},{"taxonomy":"product_tag","embeddable":true,"href":"https:\/\/embotitsvila.com\/fr\/wp-json\/wp\/v2\/product_tag?post=15432"}],"curies":[{"name":"wp","href":"https:\/\/api.w.org\/{rel}","templated":true}]}}