{"id":15438,"date":"2023-04-02T13:46:59","date_gmt":"2023-04-02T11:46:59","guid":{"rendered":"https:\/\/embotitsvila.com\/productos\/snack-fuet\/"},"modified":"2023-05-19T16:08:36","modified_gmt":"2023-05-19T14:08:36","slug":"snack-fuet","status":"publish","type":"product","link":"https:\/\/embotitsvila.com\/fr\/productos\/snack-fuet\/","title":{"rendered":"Snack Fuet \/ Buchette"},"content":{"rendered":"<section class=\"wpb-content-wrapper\"><p>[vc_row full_width=\u00a0\u00bbstretch_row_content\u00a0\u00bb][vc_column width=\u00a0\u00bb1\/6&Prime;][\/vc_column][vc_column width=\u00a0\u00bb2\/3&Prime;][vc_tta_accordion][vc_tta_section title=\u00a0\u00bbReferencias\u00a0\u00bb tab_id=\u00a0\u00bb1681285185438-04afebea-29c2&Prime;][vc_single_image image=\u00a0\u00bb14523&Prime; img_size=\u00a0\u00bb2091&#215;1777&Prime;][\/vc_tta_section][\/vc_tta_accordion][\/vc_column][vc_column width=\u00a0\u00bb1\/6&Prime;][\/vc_column][\/vc_row]<\/p>\n<\/section>","protected":false},"excerpt":{"rendered":"<p>Mini fuets id\u00e9al pour l\u2019ap\u00e9ro et snacks. Disponible dans une grande vari\u00e9t\u00e9 de saveurs<\/p>\n<p>&nbsp;<\/p>\n<p>Conditionn\u00e9 en sachet de 120g, 500g et 1kg. \u00c9galement sans emballer.<\/p>\n","protected":false},"featured_media":14872,"template":"","meta":[],"product_cat":[477,474],"product_tag":[],"acf":[],"yoast_head":"<!-- This site is optimized with the Yoast SEO plugin v20.5 - https:\/\/yoast.com\/wordpress\/plugins\/seo\/ -->\n<title>Snack Fuet \/ Buchette - Embotits Artesans J.Vil\u00e0<\/title>\n<meta name=\"description\" content=\"Snack Fuet. Mini fuets id\u00e9al pour l\u2019ap\u00e9ro et snacks. Disponible dans une grande vari\u00e9t\u00e9 de saveurs. Conditionn\u00e9 en sachet de 120g, 500g et 1kg.\" \/>\n<meta name=\"robots\" content=\"index, follow, max-snippet:-1, max-image-preview:large, max-video-preview:-1\" \/>\n<link rel=\"canonical\" href=\"https:\/\/embotitsvila.com\/fr\/productos\/snack-fuet\/\" \/>\n<meta property=\"og:locale\" content=\"fr_FR\" \/>\n<meta property=\"og:type\" content=\"article\" \/>\n<meta property=\"og:title\" content=\"Snack Fuet \/ Buchette - Embotits Artesans J.Vil\u00e0\" \/>\n<meta property=\"og:description\" content=\"Snack Fuet. Mini fuets id\u00e9al pour l\u2019ap\u00e9ro et snacks. Disponible dans une grande vari\u00e9t\u00e9 de saveurs. Conditionn\u00e9 en sachet de 120g, 500g et 1kg.\" \/>\n<meta property=\"og:url\" content=\"https:\/\/embotitsvila.com\/fr\/productos\/snack-fuet\/\" \/>\n<meta property=\"og:site_name\" content=\"Embotits Artesans J.Vil\u00e0\" \/>\n<meta property=\"article:modified_time\" content=\"2023-05-19T14:08:36+00:00\" \/>\n<meta property=\"og:image\" content=\"https:\/\/embotitsvila.com\/wp-content\/uploads\/2023\/04\/Snack-Fuet-granel-tallat-1-1.jpg\" \/>\n\t<meta property=\"og:image:width\" content=\"5472\" \/>\n\t<meta property=\"og:image:height\" content=\"3648\" \/>\n\t<meta property=\"og:image:type\" content=\"image\/jpeg\" \/>\n<meta name=\"twitter:card\" content=\"summary_large_image\" \/>\n<meta name=\"twitter:label1\" content=\"Dur\u00e9e de lecture estim\u00e9e\" \/>\n\t<meta name=\"twitter:data1\" content=\"1 minute\" \/>\n<script type=\"application\/ld+json\" class=\"yoast-schema-graph\">{\"@context\":\"https:\/\/schema.org\",\"@graph\":[{\"@type\":\"WebPage\",\"@id\":\"https:\/\/embotitsvila.com\/fr\/productos\/snack-fuet\/\",\"url\":\"https:\/\/embotitsvila.com\/fr\/productos\/snack-fuet\/\",\"name\":\"Snack Fuet \/ Buchette - Embotits Artesans J.Vil\u00e0\",\"isPartOf\":{\"@id\":\"https:\/\/embotitsvila.com\/fr\/#website\"},\"datePublished\":\"2023-04-02T11:46:59+00:00\",\"dateModified\":\"2023-05-19T14:08:36+00:00\",\"description\":\"Snack Fuet. Mini fuets id\u00e9al pour l\u2019ap\u00e9ro et snacks. Disponible dans une grande vari\u00e9t\u00e9 de saveurs. Conditionn\u00e9 en sachet de 120g, 500g et 1kg.\",\"breadcrumb\":{\"@id\":\"https:\/\/embotitsvila.com\/fr\/productos\/snack-fuet\/#breadcrumb\"},\"inLanguage\":\"fr-FR\",\"potentialAction\":[{\"@type\":\"ReadAction\",\"target\":[\"https:\/\/embotitsvila.com\/fr\/productos\/snack-fuet\/\"]}]},{\"@type\":\"BreadcrumbList\",\"@id\":\"https:\/\/embotitsvila.com\/fr\/productos\/snack-fuet\/#breadcrumb\",\"itemListElement\":[{\"@type\":\"ListItem\",\"position\":1,\"name\":\"Portada\",\"item\":\"https:\/\/embotitsvila.com\/fr\/\"},{\"@type\":\"ListItem\",\"position\":2,\"name\":\"Boutique\",\"item\":\"https:\/\/embotitsvila.com\/fr\/boutique\/\"},{\"@type\":\"ListItem\",\"position\":3,\"name\":\"Snack Fuet \/ Buchette\"}]},{\"@type\":\"WebSite\",\"@id\":\"https:\/\/embotitsvila.com\/fr\/#website\",\"url\":\"https:\/\/embotitsvila.com\/fr\/\",\"name\":\"Embotits Artesans J.Vil\u00e0\",\"description\":\"\",\"potentialAction\":[{\"@type\":\"SearchAction\",\"target\":{\"@type\":\"EntryPoint\",\"urlTemplate\":\"https:\/\/embotitsvila.com\/fr\/?s={search_term_string}\"},\"query-input\":\"required name=search_term_string\"}],\"inLanguage\":\"fr-FR\"}]}<\/script>\n<!-- \/ Yoast SEO plugin. -->","yoast_head_json":{"title":"Snack Fuet \/ Buchette - Embotits Artesans J.Vil\u00e0","description":"Snack Fuet. Mini fuets id\u00e9al pour l\u2019ap\u00e9ro et snacks. Disponible dans une grande vari\u00e9t\u00e9 de saveurs. Conditionn\u00e9 en sachet de 120g, 500g et 1kg.","robots":{"index":"index","follow":"follow","max-snippet":"max-snippet:-1","max-image-preview":"max-image-preview:large","max-video-preview":"max-video-preview:-1"},"canonical":"https:\/\/embotitsvila.com\/fr\/productos\/snack-fuet\/","og_locale":"fr_FR","og_type":"article","og_title":"Snack Fuet \/ Buchette - Embotits Artesans J.Vil\u00e0","og_description":"Snack Fuet. Mini fuets id\u00e9al pour l\u2019ap\u00e9ro et snacks. Disponible dans une grande vari\u00e9t\u00e9 de saveurs. Conditionn\u00e9 en sachet de 120g, 500g et 1kg.","og_url":"https:\/\/embotitsvila.com\/fr\/productos\/snack-fuet\/","og_site_name":"Embotits Artesans J.Vil\u00e0","article_modified_time":"2023-05-19T14:08:36+00:00","og_image":[{"width":5472,"height":3648,"url":"https:\/\/embotitsvila.com\/wp-content\/uploads\/2023\/04\/Snack-Fuet-granel-tallat-1-1.jpg","type":"image\/jpeg"}],"twitter_card":"summary_large_image","twitter_misc":{"Dur\u00e9e de lecture estim\u00e9e":"1 minute"},"schema":{"@context":"https:\/\/schema.org","@graph":[{"@type":"WebPage","@id":"https:\/\/embotitsvila.com\/fr\/productos\/snack-fuet\/","url":"https:\/\/embotitsvila.com\/fr\/productos\/snack-fuet\/","name":"Snack Fuet \/ Buchette - Embotits Artesans J.Vil\u00e0","isPartOf":{"@id":"https:\/\/embotitsvila.com\/fr\/#website"},"datePublished":"2023-04-02T11:46:59+00:00","dateModified":"2023-05-19T14:08:36+00:00","description":"Snack Fuet. Mini fuets id\u00e9al pour l\u2019ap\u00e9ro et snacks. Disponible dans une grande vari\u00e9t\u00e9 de saveurs. Conditionn\u00e9 en sachet de 120g, 500g et 1kg.","breadcrumb":{"@id":"https:\/\/embotitsvila.com\/fr\/productos\/snack-fuet\/#breadcrumb"},"inLanguage":"fr-FR","potentialAction":[{"@type":"ReadAction","target":["https:\/\/embotitsvila.com\/fr\/productos\/snack-fuet\/"]}]},{"@type":"BreadcrumbList","@id":"https:\/\/embotitsvila.com\/fr\/productos\/snack-fuet\/#breadcrumb","itemListElement":[{"@type":"ListItem","position":1,"name":"Portada","item":"https:\/\/embotitsvila.com\/fr\/"},{"@type":"ListItem","position":2,"name":"Boutique","item":"https:\/\/embotitsvila.com\/fr\/boutique\/"},{"@type":"ListItem","position":3,"name":"Snack Fuet \/ Buchette"}]},{"@type":"WebSite","@id":"https:\/\/embotitsvila.com\/fr\/#website","url":"https:\/\/embotitsvila.com\/fr\/","name":"Embotits Artesans J.Vil\u00e0","description":"","potentialAction":[{"@type":"SearchAction","target":{"@type":"EntryPoint","urlTemplate":"https:\/\/embotitsvila.com\/fr\/?s={search_term_string}"},"query-input":"required name=search_term_string"}],"inLanguage":"fr-FR"}]}},"_links":{"self":[{"href":"https:\/\/embotitsvila.com\/fr\/wp-json\/wp\/v2\/product\/15438"}],"collection":[{"href":"https:\/\/embotitsvila.com\/fr\/wp-json\/wp\/v2\/product"}],"about":[{"href":"https:\/\/embotitsvila.com\/fr\/wp-json\/wp\/v2\/types\/product"}],"wp:featuredmedia":[{"embeddable":true,"href":"https:\/\/embotitsvila.com\/fr\/wp-json\/wp\/v2\/media\/14872"}],"wp:attachment":[{"href":"https:\/\/embotitsvila.com\/fr\/wp-json\/wp\/v2\/media?parent=15438"}],"wp:term":[{"taxonomy":"product_cat","embeddable":true,"href":"https:\/\/embotitsvila.com\/fr\/wp-json\/wp\/v2\/product_cat?post=15438"},{"taxonomy":"product_tag","embeddable":true,"href":"https:\/\/embotitsvila.com\/fr\/wp-json\/wp\/v2\/product_tag?post=15438"}],"curies":[{"name":"wp","href":"https:\/\/api.w.org\/{rel}","templated":true}]}}