{"id":15441,"date":"2023-04-02T09:52:27","date_gmt":"2023-04-02T07:52:27","guid":{"rendered":"https:\/\/embotitsvila.com\/productos\/panceta-curada-sin-piel\/"},"modified":"2023-05-19T16:12:17","modified_gmt":"2023-05-19T14:12:17","slug":"panceta-curada-sin-piel","status":"publish","type":"product","link":"https:\/\/embotitsvila.com\/fr\/productos\/panceta-curada-sin-piel\/","title":{"rendered":"Panceta\/ Ventr\u00e8che sech\u00e9e sans peau"},"content":{"rendered":"","protected":false},"excerpt":{"rendered":"<div class=\"woocommerce-product-details__short-description\">\n<div class=\"five columns omega\">\n<p>Ventr\u00e8che de porc sans peau, assaisonn\u00e9e et s\u00e9ch\u00e9e de mani\u00e8re traditionnelle. Le r\u00e9sultat : un produit de haute qualit\u00e9.<\/p>\n<p><img decoding=\"async\" loading=\"lazy\" class=\"alignnone wp-image-14813 size-full\" src=\"https:\/\/embotitsvila.com\/wp-content\/uploads\/2023\/04\/tabla-panceta-sinpiel.jpg\" alt=\"\" width=\"1253\" height=\"360\" srcset=\"https:\/\/embotitsvila.com\/wp-content\/uploads\/2023\/04\/tabla-panceta-sinpiel.jpg 1253w, https:\/\/embotitsvila.com\/wp-content\/uploads\/2023\/04\/tabla-panceta-sinpiel-600x172.jpg 600w, https:\/\/embotitsvila.com\/wp-content\/uploads\/2023\/04\/tabla-panceta-sinpiel-300x86.jpg 300w, https:\/\/embotitsvila.com\/wp-content\/uploads\/2023\/04\/tabla-panceta-sinpiel-1024x294.jpg 1024w, https:\/\/embotitsvila.com\/wp-content\/uploads\/2023\/04\/tabla-panceta-sinpiel-768x221.jpg 768w, https:\/\/embotitsvila.com\/wp-content\/uploads\/2023\/04\/tabla-panceta-sinpiel-800x230.jpg 800w, https:\/\/embotitsvila.com\/wp-content\/uploads\/2023\/04\/tabla-panceta-sinpiel-550x158.jpg 550w\" sizes=\"(max-width: 1253px) 100vw, 1253px\" \/><\/p>\n<\/div>\n<\/div>\n","protected":false},"featured_media":13967,"template":"","meta":[],"product_cat":[482,483],"product_tag":[],"acf":[],"yoast_head":"<!-- This site is optimized with the Yoast SEO plugin v20.5 - https:\/\/yoast.com\/wordpress\/plugins\/seo\/ -->\n<title>Panceta\/ Ventr\u00e8che sech\u00e9e sans peau - Embotits Artesans J.Vil\u00e0<\/title>\n<meta name=\"description\" content=\"Ventr\u00e8che de porc sans peau, assaisonn\u00e9e et s\u00e9ch\u00e9e de mani\u00e8re traditionnelle. Le r\u00e9sultat : un produit de haute qualit\u00e9.. Embotits Vil\u00e0\" \/>\n<meta name=\"robots\" content=\"index, follow, max-snippet:-1, max-image-preview:large, max-video-preview:-1\" \/>\n<link rel=\"canonical\" href=\"https:\/\/embotitsvila.com\/fr\/productos\/panceta-curada-sin-piel\/\" \/>\n<meta property=\"og:locale\" content=\"fr_FR\" \/>\n<meta property=\"og:type\" content=\"article\" \/>\n<meta property=\"og:title\" content=\"Panceta\/ Ventr\u00e8che sech\u00e9e sans peau - Embotits Artesans J.Vil\u00e0\" \/>\n<meta property=\"og:description\" content=\"Ventr\u00e8che de porc sans peau, assaisonn\u00e9e et s\u00e9ch\u00e9e de mani\u00e8re traditionnelle. Le r\u00e9sultat : un produit de haute qualit\u00e9.. Embotits Vil\u00e0\" \/>\n<meta property=\"og:url\" content=\"https:\/\/embotitsvila.com\/fr\/productos\/panceta-curada-sin-piel\/\" \/>\n<meta property=\"og:site_name\" content=\"Embotits Artesans J.Vil\u00e0\" \/>\n<meta property=\"article:modified_time\" content=\"2023-05-19T14:12:17+00:00\" \/>\n<meta property=\"og:image\" content=\"https:\/\/embotitsvila.com\/wp-content\/uploads\/2023\/04\/Panceta-Curada-Sin-Piel-1024x1024.jpg\" \/>\n\t<meta property=\"og:image:width\" content=\"1024\" \/>\n\t<meta property=\"og:image:height\" content=\"1024\" \/>\n\t<meta property=\"og:image:type\" content=\"image\/jpeg\" \/>\n<meta name=\"twitter:card\" content=\"summary_large_image\" \/>\n<script type=\"application\/ld+json\" class=\"yoast-schema-graph\">{\"@context\":\"https:\/\/schema.org\",\"@graph\":[{\"@type\":\"WebPage\",\"@id\":\"https:\/\/embotitsvila.com\/fr\/productos\/panceta-curada-sin-piel\/\",\"url\":\"https:\/\/embotitsvila.com\/fr\/productos\/panceta-curada-sin-piel\/\",\"name\":\"Panceta\/ Ventr\u00e8che sech\u00e9e sans peau - Embotits Artesans J.Vil\u00e0\",\"isPartOf\":{\"@id\":\"https:\/\/embotitsvila.com\/fr\/#website\"},\"datePublished\":\"2023-04-02T07:52:27+00:00\",\"dateModified\":\"2023-05-19T14:12:17+00:00\",\"description\":\"Ventr\u00e8che de porc sans peau, assaisonn\u00e9e et s\u00e9ch\u00e9e de mani\u00e8re traditionnelle. Le r\u00e9sultat : un produit de haute qualit\u00e9.. Embotits Vil\u00e0\",\"breadcrumb\":{\"@id\":\"https:\/\/embotitsvila.com\/fr\/productos\/panceta-curada-sin-piel\/#breadcrumb\"},\"inLanguage\":\"fr-FR\",\"potentialAction\":[{\"@type\":\"ReadAction\",\"target\":[\"https:\/\/embotitsvila.com\/fr\/productos\/panceta-curada-sin-piel\/\"]}]},{\"@type\":\"BreadcrumbList\",\"@id\":\"https:\/\/embotitsvila.com\/fr\/productos\/panceta-curada-sin-piel\/#breadcrumb\",\"itemListElement\":[{\"@type\":\"ListItem\",\"position\":1,\"name\":\"Portada\",\"item\":\"https:\/\/embotitsvila.com\/fr\/\"},{\"@type\":\"ListItem\",\"position\":2,\"name\":\"Boutique\",\"item\":\"https:\/\/embotitsvila.com\/fr\/boutique\/\"},{\"@type\":\"ListItem\",\"position\":3,\"name\":\"Panceta\/ Ventr\u00e8che sech\u00e9e sans peau\"}]},{\"@type\":\"WebSite\",\"@id\":\"https:\/\/embotitsvila.com\/fr\/#website\",\"url\":\"https:\/\/embotitsvila.com\/fr\/\",\"name\":\"Embotits Artesans J.Vil\u00e0\",\"description\":\"\",\"potentialAction\":[{\"@type\":\"SearchAction\",\"target\":{\"@type\":\"EntryPoint\",\"urlTemplate\":\"https:\/\/embotitsvila.com\/fr\/?s={search_term_string}\"},\"query-input\":\"required name=search_term_string\"}],\"inLanguage\":\"fr-FR\"}]}<\/script>\n<!-- \/ Yoast SEO plugin. -->","yoast_head_json":{"title":"Panceta\/ Ventr\u00e8che sech\u00e9e sans peau - Embotits Artesans J.Vil\u00e0","description":"Ventr\u00e8che de porc sans peau, assaisonn\u00e9e et s\u00e9ch\u00e9e de mani\u00e8re traditionnelle. Le r\u00e9sultat : un produit de haute qualit\u00e9.. Embotits Vil\u00e0","robots":{"index":"index","follow":"follow","max-snippet":"max-snippet:-1","max-image-preview":"max-image-preview:large","max-video-preview":"max-video-preview:-1"},"canonical":"https:\/\/embotitsvila.com\/fr\/productos\/panceta-curada-sin-piel\/","og_locale":"fr_FR","og_type":"article","og_title":"Panceta\/ Ventr\u00e8che sech\u00e9e sans peau - Embotits Artesans J.Vil\u00e0","og_description":"Ventr\u00e8che de porc sans peau, assaisonn\u00e9e et s\u00e9ch\u00e9e de mani\u00e8re traditionnelle. Le r\u00e9sultat : un produit de haute qualit\u00e9.. Embotits Vil\u00e0","og_url":"https:\/\/embotitsvila.com\/fr\/productos\/panceta-curada-sin-piel\/","og_site_name":"Embotits Artesans J.Vil\u00e0","article_modified_time":"2023-05-19T14:12:17+00:00","og_image":[{"width":1024,"height":1024,"url":"https:\/\/embotitsvila.com\/wp-content\/uploads\/2023\/04\/Panceta-Curada-Sin-Piel-1024x1024.jpg","type":"image\/jpeg"}],"twitter_card":"summary_large_image","schema":{"@context":"https:\/\/schema.org","@graph":[{"@type":"WebPage","@id":"https:\/\/embotitsvila.com\/fr\/productos\/panceta-curada-sin-piel\/","url":"https:\/\/embotitsvila.com\/fr\/productos\/panceta-curada-sin-piel\/","name":"Panceta\/ Ventr\u00e8che sech\u00e9e sans peau - Embotits Artesans J.Vil\u00e0","isPartOf":{"@id":"https:\/\/embotitsvila.com\/fr\/#website"},"datePublished":"2023-04-02T07:52:27+00:00","dateModified":"2023-05-19T14:12:17+00:00","description":"Ventr\u00e8che de porc sans peau, assaisonn\u00e9e et s\u00e9ch\u00e9e de mani\u00e8re traditionnelle. Le r\u00e9sultat : un produit de haute qualit\u00e9.. Embotits Vil\u00e0","breadcrumb":{"@id":"https:\/\/embotitsvila.com\/fr\/productos\/panceta-curada-sin-piel\/#breadcrumb"},"inLanguage":"fr-FR","potentialAction":[{"@type":"ReadAction","target":["https:\/\/embotitsvila.com\/fr\/productos\/panceta-curada-sin-piel\/"]}]},{"@type":"BreadcrumbList","@id":"https:\/\/embotitsvila.com\/fr\/productos\/panceta-curada-sin-piel\/#breadcrumb","itemListElement":[{"@type":"ListItem","position":1,"name":"Portada","item":"https:\/\/embotitsvila.com\/fr\/"},{"@type":"ListItem","position":2,"name":"Boutique","item":"https:\/\/embotitsvila.com\/fr\/boutique\/"},{"@type":"ListItem","position":3,"name":"Panceta\/ Ventr\u00e8che sech\u00e9e sans peau"}]},{"@type":"WebSite","@id":"https:\/\/embotitsvila.com\/fr\/#website","url":"https:\/\/embotitsvila.com\/fr\/","name":"Embotits Artesans J.Vil\u00e0","description":"","potentialAction":[{"@type":"SearchAction","target":{"@type":"EntryPoint","urlTemplate":"https:\/\/embotitsvila.com\/fr\/?s={search_term_string}"},"query-input":"required name=search_term_string"}],"inLanguage":"fr-FR"}]}},"_links":{"self":[{"href":"https:\/\/embotitsvila.com\/fr\/wp-json\/wp\/v2\/product\/15441"}],"collection":[{"href":"https:\/\/embotitsvila.com\/fr\/wp-json\/wp\/v2\/product"}],"about":[{"href":"https:\/\/embotitsvila.com\/fr\/wp-json\/wp\/v2\/types\/product"}],"wp:featuredmedia":[{"embeddable":true,"href":"https:\/\/embotitsvila.com\/fr\/wp-json\/wp\/v2\/media\/13967"}],"wp:attachment":[{"href":"https:\/\/embotitsvila.com\/fr\/wp-json\/wp\/v2\/media?parent=15441"}],"wp:term":[{"taxonomy":"product_cat","embeddable":true,"href":"https:\/\/embotitsvila.com\/fr\/wp-json\/wp\/v2\/product_cat?post=15441"},{"taxonomy":"product_tag","embeddable":true,"href":"https:\/\/embotitsvila.com\/fr\/wp-json\/wp\/v2\/product_tag?post=15441"}],"curies":[{"name":"wp","href":"https:\/\/api.w.org\/{rel}","templated":true}]}}