{"id":15444,"date":"2023-04-02T09:42:53","date_gmt":"2023-04-02T07:42:53","guid":{"rendered":"https:\/\/embotitsvila.com\/productos\/panceta-curada\/"},"modified":"2023-04-24T12:35:52","modified_gmt":"2023-04-24T10:35:52","slug":"panceta-curada","status":"publish","type":"product","link":"https:\/\/embotitsvila.com\/fr\/productos\/panceta-curada\/","title":{"rendered":"Panceta \/ Ventr\u00e8che sech\u00e9e"},"content":{"rendered":"","protected":false},"excerpt":{"rendered":"<div class=\"woocommerce-product-details__short-description\">\n<div class=\"five columns omega\">\n<p>Ventr\u00e8che de porc assaisonn\u00e9e et s\u00e9ch\u00e9e de mani\u00e8re traditionnelle. Le r\u00e9sultat : un produit de haute qualit\u00e9.<\/p>\n<p><img decoding=\"async\" loading=\"lazy\" class=\"alignnone wp-image-14805 size-full\" src=\"https:\/\/embotitsvila.com\/wp-content\/uploads\/2023\/04\/tabla-panceta.jpg\" alt=\"\" width=\"1478\" height=\"374\" srcset=\"https:\/\/embotitsvila.com\/wp-content\/uploads\/2023\/04\/tabla-panceta.jpg 1478w, https:\/\/embotitsvila.com\/wp-content\/uploads\/2023\/04\/tabla-panceta-600x152.jpg 600w, https:\/\/embotitsvila.com\/wp-content\/uploads\/2023\/04\/tabla-panceta-300x76.jpg 300w, https:\/\/embotitsvila.com\/wp-content\/uploads\/2023\/04\/tabla-panceta-1024x259.jpg 1024w, https:\/\/embotitsvila.com\/wp-content\/uploads\/2023\/04\/tabla-panceta-768x194.jpg 768w, https:\/\/embotitsvila.com\/wp-content\/uploads\/2023\/04\/tabla-panceta-800x202.jpg 800w, https:\/\/embotitsvila.com\/wp-content\/uploads\/2023\/04\/tabla-panceta-550x139.jpg 550w\" sizes=\"(max-width: 1478px) 100vw, 1478px\" \/><\/p>\n<\/div>\n<\/div>\n","protected":false},"featured_media":15080,"template":"","meta":[],"product_cat":[486,483],"product_tag":[],"acf":[],"yoast_head":"<!-- This site is optimized with the Yoast SEO plugin v20.5 - https:\/\/yoast.com\/wordpress\/plugins\/seo\/ -->\n<title>Panceta \/ Ventr\u00e8che sech\u00e9e - Embotits Artesans J.Vil\u00e0<\/title>\n<meta name=\"description\" content=\"Panceta Curada. Panceta de cerdo, macerada de forma tradicional y sometida a un largo periodo de curaci\u00f3n. El resultado: un producto de alta calidad.\" \/>\n<meta name=\"robots\" content=\"index, follow, max-snippet:-1, max-image-preview:large, max-video-preview:-1\" \/>\n<link rel=\"canonical\" href=\"https:\/\/embotitsvila.com\/fr\/productos\/panceta-curada\/\" \/>\n<meta property=\"og:locale\" content=\"fr_FR\" \/>\n<meta property=\"og:type\" content=\"article\" \/>\n<meta property=\"og:title\" content=\"Panceta \/ Ventr\u00e8che sech\u00e9e - Embotits Artesans J.Vil\u00e0\" \/>\n<meta property=\"og:description\" content=\"Panceta Curada. Panceta de cerdo, macerada de forma tradicional y sometida a un largo periodo de curaci\u00f3n. El resultado: un producto de alta calidad.\" \/>\n<meta property=\"og:url\" content=\"https:\/\/embotitsvila.com\/fr\/productos\/panceta-curada\/\" \/>\n<meta property=\"og:site_name\" content=\"Embotits Artesans J.Vil\u00e0\" \/>\n<meta property=\"article:modified_time\" content=\"2023-04-24T10:35:52+00:00\" \/>\n<meta property=\"og:image\" content=\"https:\/\/embotitsvila.com\/wp-content\/uploads\/2023\/04\/panceta-curada-entera-con-piel-1.jpg\" \/>\n\t<meta property=\"og:image:width\" content=\"3648\" \/>\n\t<meta property=\"og:image:height\" content=\"3648\" \/>\n\t<meta property=\"og:image:type\" content=\"image\/jpeg\" \/>\n<meta name=\"twitter:card\" content=\"summary_large_image\" \/>\n<script type=\"application\/ld+json\" class=\"yoast-schema-graph\">{\"@context\":\"https:\/\/schema.org\",\"@graph\":[{\"@type\":\"WebPage\",\"@id\":\"https:\/\/embotitsvila.com\/fr\/productos\/panceta-curada\/\",\"url\":\"https:\/\/embotitsvila.com\/fr\/productos\/panceta-curada\/\",\"name\":\"Panceta \/ Ventr\u00e8che sech\u00e9e - Embotits Artesans J.Vil\u00e0\",\"isPartOf\":{\"@id\":\"https:\/\/embotitsvila.com\/fr\/#website\"},\"datePublished\":\"2023-04-02T07:42:53+00:00\",\"dateModified\":\"2023-04-24T10:35:52+00:00\",\"description\":\"Panceta Curada. Panceta de cerdo, macerada de forma tradicional y sometida a un largo periodo de curaci\u00f3n. El resultado: un producto de alta calidad.\",\"breadcrumb\":{\"@id\":\"https:\/\/embotitsvila.com\/fr\/productos\/panceta-curada\/#breadcrumb\"},\"inLanguage\":\"fr-FR\",\"potentialAction\":[{\"@type\":\"ReadAction\",\"target\":[\"https:\/\/embotitsvila.com\/fr\/productos\/panceta-curada\/\"]}]},{\"@type\":\"BreadcrumbList\",\"@id\":\"https:\/\/embotitsvila.com\/fr\/productos\/panceta-curada\/#breadcrumb\",\"itemListElement\":[{\"@type\":\"ListItem\",\"position\":1,\"name\":\"Portada\",\"item\":\"https:\/\/embotitsvila.com\/fr\/\"},{\"@type\":\"ListItem\",\"position\":2,\"name\":\"Boutique\",\"item\":\"https:\/\/embotitsvila.com\/fr\/boutique\/\"},{\"@type\":\"ListItem\",\"position\":3,\"name\":\"Panceta \/ Ventr\u00e8che sech\u00e9e\"}]},{\"@type\":\"WebSite\",\"@id\":\"https:\/\/embotitsvila.com\/fr\/#website\",\"url\":\"https:\/\/embotitsvila.com\/fr\/\",\"name\":\"Embotits Artesans J.Vil\u00e0\",\"description\":\"\",\"potentialAction\":[{\"@type\":\"SearchAction\",\"target\":{\"@type\":\"EntryPoint\",\"urlTemplate\":\"https:\/\/embotitsvila.com\/fr\/?s={search_term_string}\"},\"query-input\":\"required name=search_term_string\"}],\"inLanguage\":\"fr-FR\"}]}<\/script>\n<!-- \/ Yoast SEO plugin. -->","yoast_head_json":{"title":"Panceta \/ Ventr\u00e8che sech\u00e9e - Embotits Artesans J.Vil\u00e0","description":"Panceta Curada. Panceta de cerdo, macerada de forma tradicional y sometida a un largo periodo de curaci\u00f3n. El resultado: un producto de alta calidad.","robots":{"index":"index","follow":"follow","max-snippet":"max-snippet:-1","max-image-preview":"max-image-preview:large","max-video-preview":"max-video-preview:-1"},"canonical":"https:\/\/embotitsvila.com\/fr\/productos\/panceta-curada\/","og_locale":"fr_FR","og_type":"article","og_title":"Panceta \/ Ventr\u00e8che sech\u00e9e - Embotits Artesans J.Vil\u00e0","og_description":"Panceta Curada. Panceta de cerdo, macerada de forma tradicional y sometida a un largo periodo de curaci\u00f3n. El resultado: un producto de alta calidad.","og_url":"https:\/\/embotitsvila.com\/fr\/productos\/panceta-curada\/","og_site_name":"Embotits Artesans J.Vil\u00e0","article_modified_time":"2023-04-24T10:35:52+00:00","og_image":[{"width":3648,"height":3648,"url":"https:\/\/embotitsvila.com\/wp-content\/uploads\/2023\/04\/panceta-curada-entera-con-piel-1.jpg","type":"image\/jpeg"}],"twitter_card":"summary_large_image","schema":{"@context":"https:\/\/schema.org","@graph":[{"@type":"WebPage","@id":"https:\/\/embotitsvila.com\/fr\/productos\/panceta-curada\/","url":"https:\/\/embotitsvila.com\/fr\/productos\/panceta-curada\/","name":"Panceta \/ Ventr\u00e8che sech\u00e9e - Embotits Artesans J.Vil\u00e0","isPartOf":{"@id":"https:\/\/embotitsvila.com\/fr\/#website"},"datePublished":"2023-04-02T07:42:53+00:00","dateModified":"2023-04-24T10:35:52+00:00","description":"Panceta Curada. Panceta de cerdo, macerada de forma tradicional y sometida a un largo periodo de curaci\u00f3n. El resultado: un producto de alta calidad.","breadcrumb":{"@id":"https:\/\/embotitsvila.com\/fr\/productos\/panceta-curada\/#breadcrumb"},"inLanguage":"fr-FR","potentialAction":[{"@type":"ReadAction","target":["https:\/\/embotitsvila.com\/fr\/productos\/panceta-curada\/"]}]},{"@type":"BreadcrumbList","@id":"https:\/\/embotitsvila.com\/fr\/productos\/panceta-curada\/#breadcrumb","itemListElement":[{"@type":"ListItem","position":1,"name":"Portada","item":"https:\/\/embotitsvila.com\/fr\/"},{"@type":"ListItem","position":2,"name":"Boutique","item":"https:\/\/embotitsvila.com\/fr\/boutique\/"},{"@type":"ListItem","position":3,"name":"Panceta \/ Ventr\u00e8che sech\u00e9e"}]},{"@type":"WebSite","@id":"https:\/\/embotitsvila.com\/fr\/#website","url":"https:\/\/embotitsvila.com\/fr\/","name":"Embotits Artesans J.Vil\u00e0","description":"","potentialAction":[{"@type":"SearchAction","target":{"@type":"EntryPoint","urlTemplate":"https:\/\/embotitsvila.com\/fr\/?s={search_term_string}"},"query-input":"required name=search_term_string"}],"inLanguage":"fr-FR"}]}},"_links":{"self":[{"href":"https:\/\/embotitsvila.com\/fr\/wp-json\/wp\/v2\/product\/15444"}],"collection":[{"href":"https:\/\/embotitsvila.com\/fr\/wp-json\/wp\/v2\/product"}],"about":[{"href":"https:\/\/embotitsvila.com\/fr\/wp-json\/wp\/v2\/types\/product"}],"wp:featuredmedia":[{"embeddable":true,"href":"https:\/\/embotitsvila.com\/fr\/wp-json\/wp\/v2\/media\/15080"}],"wp:attachment":[{"href":"https:\/\/embotitsvila.com\/fr\/wp-json\/wp\/v2\/media?parent=15444"}],"wp:term":[{"taxonomy":"product_cat","embeddable":true,"href":"https:\/\/embotitsvila.com\/fr\/wp-json\/wp\/v2\/product_cat?post=15444"},{"taxonomy":"product_tag","embeddable":true,"href":"https:\/\/embotitsvila.com\/fr\/wp-json\/wp\/v2\/product_tag?post=15444"}],"curies":[{"name":"wp","href":"https:\/\/api.w.org\/{rel}","templated":true}]}}