{"id":15447,"date":"2023-04-02T09:38:32","date_gmt":"2023-04-02T07:38:32","guid":{"rendered":"https:\/\/embotitsvila.com\/productos\/baiona-curada-a-la-pimienta\/"},"modified":"2023-05-19T16:16:53","modified_gmt":"2023-05-19T14:16:53","slug":"baiona-curada-a-la-pimienta","status":"publish","type":"product","link":"https:\/\/embotitsvila.com\/fr\/productos\/baiona-curada-a-la-pimienta\/","title":{"rendered":"Baiona Curada au Poivre"},"content":{"rendered":"","protected":false},"excerpt":{"rendered":"<div class=\"woocommerce-product-details__short-description\">\n<div class=\"five columns omega\">\n<p>La baiona curada est un produit \u00e0 base d&rsquo;\u00e9paule de porc, sal\u00e9e et assaisonn\u00e9e de mani\u00e8re traditionnelle et lentement s\u00e9ch\u00e9e. Enrob\u00e9 avec poivre noir.<\/p>\n<p><img decoding=\"async\" loading=\"lazy\" class=\"alignnone wp-image-14933 size-full\" src=\"https:\/\/embotitsvila.com\/wp-content\/uploads\/2023\/04\/tabla-pimienta.jpg\" alt=\"\" width=\"1453\" height=\"556\" srcset=\"https:\/\/embotitsvila.com\/wp-content\/uploads\/2023\/04\/tabla-pimienta.jpg 1453w, https:\/\/embotitsvila.com\/wp-content\/uploads\/2023\/04\/tabla-pimienta-600x230.jpg 600w, https:\/\/embotitsvila.com\/wp-content\/uploads\/2023\/04\/tabla-pimienta-300x115.jpg 300w, https:\/\/embotitsvila.com\/wp-content\/uploads\/2023\/04\/tabla-pimienta-1024x392.jpg 1024w, https:\/\/embotitsvila.com\/wp-content\/uploads\/2023\/04\/tabla-pimienta-768x294.jpg 768w, https:\/\/embotitsvila.com\/wp-content\/uploads\/2023\/04\/tabla-pimienta-800x306.jpg 800w, https:\/\/embotitsvila.com\/wp-content\/uploads\/2023\/04\/tabla-pimienta-550x210.jpg 550w\" sizes=\"(max-width: 1453px) 100vw, 1453px\" \/><\/p>\n<\/div>\n<\/div>\n","protected":false},"featured_media":13941,"template":"","meta":[],"product_cat":[491,492],"product_tag":[],"acf":[],"yoast_head":"<!-- This site is optimized with the Yoast SEO plugin v20.5 - https:\/\/yoast.com\/wordpress\/plugins\/seo\/ -->\n<title>Baiona Curada au Poivre - Embotits Artesans J.Vil\u00e0<\/title>\n<meta name=\"description\" content=\"La baiona curada est un produit \u00e0 base d&#039;\u00e9paule de porc, sal\u00e9e et assaisonn\u00e9e de mani\u00e8re traditionnelle et lentement s\u00e9ch\u00e9e. Enrob\u00e9 avec poivre noir.\" \/>\n<meta name=\"robots\" content=\"index, follow, max-snippet:-1, max-image-preview:large, max-video-preview:-1\" \/>\n<link rel=\"canonical\" href=\"https:\/\/embotitsvila.com\/fr\/productos\/baiona-curada-a-la-pimienta\/\" \/>\n<meta property=\"og:locale\" content=\"fr_FR\" \/>\n<meta property=\"og:type\" content=\"article\" \/>\n<meta property=\"og:title\" content=\"Baiona Curada au Poivre - Embotits Artesans J.Vil\u00e0\" \/>\n<meta property=\"og:description\" content=\"La baiona curada est un produit \u00e0 base d&#039;\u00e9paule de porc, sal\u00e9e et assaisonn\u00e9e de mani\u00e8re traditionnelle et lentement s\u00e9ch\u00e9e. Enrob\u00e9 avec poivre noir.\" \/>\n<meta property=\"og:url\" content=\"https:\/\/embotitsvila.com\/fr\/productos\/baiona-curada-a-la-pimienta\/\" \/>\n<meta property=\"og:site_name\" content=\"Embotits Artesans J.Vil\u00e0\" \/>\n<meta property=\"article:modified_time\" content=\"2023-05-19T14:16:53+00:00\" \/>\n<meta property=\"og:image\" content=\"https:\/\/embotitsvila.com\/wp-content\/uploads\/2023\/04\/108004.jpg\" \/>\n\t<meta property=\"og:image:width\" content=\"3648\" \/>\n\t<meta property=\"og:image:height\" content=\"3648\" \/>\n\t<meta property=\"og:image:type\" content=\"image\/jpeg\" \/>\n<meta name=\"twitter:card\" content=\"summary_large_image\" \/>\n<script type=\"application\/ld+json\" class=\"yoast-schema-graph\">{\"@context\":\"https:\/\/schema.org\",\"@graph\":[{\"@type\":\"WebPage\",\"@id\":\"https:\/\/embotitsvila.com\/fr\/productos\/baiona-curada-a-la-pimienta\/\",\"url\":\"https:\/\/embotitsvila.com\/fr\/productos\/baiona-curada-a-la-pimienta\/\",\"name\":\"Baiona Curada au Poivre - Embotits Artesans J.Vil\u00e0\",\"isPartOf\":{\"@id\":\"https:\/\/embotitsvila.com\/fr\/#website\"},\"datePublished\":\"2023-04-02T07:38:32+00:00\",\"dateModified\":\"2023-05-19T14:16:53+00:00\",\"description\":\"La baiona curada est un produit \u00e0 base d'\u00e9paule de porc, sal\u00e9e et assaisonn\u00e9e de mani\u00e8re traditionnelle et lentement s\u00e9ch\u00e9e. Enrob\u00e9 avec poivre noir.\",\"breadcrumb\":{\"@id\":\"https:\/\/embotitsvila.com\/fr\/productos\/baiona-curada-a-la-pimienta\/#breadcrumb\"},\"inLanguage\":\"fr-FR\",\"potentialAction\":[{\"@type\":\"ReadAction\",\"target\":[\"https:\/\/embotitsvila.com\/fr\/productos\/baiona-curada-a-la-pimienta\/\"]}]},{\"@type\":\"BreadcrumbList\",\"@id\":\"https:\/\/embotitsvila.com\/fr\/productos\/baiona-curada-a-la-pimienta\/#breadcrumb\",\"itemListElement\":[{\"@type\":\"ListItem\",\"position\":1,\"name\":\"Portada\",\"item\":\"https:\/\/embotitsvila.com\/fr\/\"},{\"@type\":\"ListItem\",\"position\":2,\"name\":\"Boutique\",\"item\":\"https:\/\/embotitsvila.com\/fr\/boutique\/\"},{\"@type\":\"ListItem\",\"position\":3,\"name\":\"Baiona Curada au Poivre\"}]},{\"@type\":\"WebSite\",\"@id\":\"https:\/\/embotitsvila.com\/fr\/#website\",\"url\":\"https:\/\/embotitsvila.com\/fr\/\",\"name\":\"Embotits Artesans J.Vil\u00e0\",\"description\":\"\",\"potentialAction\":[{\"@type\":\"SearchAction\",\"target\":{\"@type\":\"EntryPoint\",\"urlTemplate\":\"https:\/\/embotitsvila.com\/fr\/?s={search_term_string}\"},\"query-input\":\"required name=search_term_string\"}],\"inLanguage\":\"fr-FR\"}]}<\/script>\n<!-- \/ Yoast SEO plugin. -->","yoast_head_json":{"title":"Baiona Curada au Poivre - Embotits Artesans J.Vil\u00e0","description":"La baiona curada est un produit \u00e0 base d'\u00e9paule de porc, sal\u00e9e et assaisonn\u00e9e de mani\u00e8re traditionnelle et lentement s\u00e9ch\u00e9e. Enrob\u00e9 avec poivre noir.","robots":{"index":"index","follow":"follow","max-snippet":"max-snippet:-1","max-image-preview":"max-image-preview:large","max-video-preview":"max-video-preview:-1"},"canonical":"https:\/\/embotitsvila.com\/fr\/productos\/baiona-curada-a-la-pimienta\/","og_locale":"fr_FR","og_type":"article","og_title":"Baiona Curada au Poivre - Embotits Artesans J.Vil\u00e0","og_description":"La baiona curada est un produit \u00e0 base d'\u00e9paule de porc, sal\u00e9e et assaisonn\u00e9e de mani\u00e8re traditionnelle et lentement s\u00e9ch\u00e9e. Enrob\u00e9 avec poivre noir.","og_url":"https:\/\/embotitsvila.com\/fr\/productos\/baiona-curada-a-la-pimienta\/","og_site_name":"Embotits Artesans J.Vil\u00e0","article_modified_time":"2023-05-19T14:16:53+00:00","og_image":[{"width":3648,"height":3648,"url":"https:\/\/embotitsvila.com\/wp-content\/uploads\/2023\/04\/108004.jpg","type":"image\/jpeg"}],"twitter_card":"summary_large_image","schema":{"@context":"https:\/\/schema.org","@graph":[{"@type":"WebPage","@id":"https:\/\/embotitsvila.com\/fr\/productos\/baiona-curada-a-la-pimienta\/","url":"https:\/\/embotitsvila.com\/fr\/productos\/baiona-curada-a-la-pimienta\/","name":"Baiona Curada au Poivre - Embotits Artesans J.Vil\u00e0","isPartOf":{"@id":"https:\/\/embotitsvila.com\/fr\/#website"},"datePublished":"2023-04-02T07:38:32+00:00","dateModified":"2023-05-19T14:16:53+00:00","description":"La baiona curada est un produit \u00e0 base d'\u00e9paule de porc, sal\u00e9e et assaisonn\u00e9e de mani\u00e8re traditionnelle et lentement s\u00e9ch\u00e9e. Enrob\u00e9 avec poivre noir.","breadcrumb":{"@id":"https:\/\/embotitsvila.com\/fr\/productos\/baiona-curada-a-la-pimienta\/#breadcrumb"},"inLanguage":"fr-FR","potentialAction":[{"@type":"ReadAction","target":["https:\/\/embotitsvila.com\/fr\/productos\/baiona-curada-a-la-pimienta\/"]}]},{"@type":"BreadcrumbList","@id":"https:\/\/embotitsvila.com\/fr\/productos\/baiona-curada-a-la-pimienta\/#breadcrumb","itemListElement":[{"@type":"ListItem","position":1,"name":"Portada","item":"https:\/\/embotitsvila.com\/fr\/"},{"@type":"ListItem","position":2,"name":"Boutique","item":"https:\/\/embotitsvila.com\/fr\/boutique\/"},{"@type":"ListItem","position":3,"name":"Baiona Curada au Poivre"}]},{"@type":"WebSite","@id":"https:\/\/embotitsvila.com\/fr\/#website","url":"https:\/\/embotitsvila.com\/fr\/","name":"Embotits Artesans J.Vil\u00e0","description":"","potentialAction":[{"@type":"SearchAction","target":{"@type":"EntryPoint","urlTemplate":"https:\/\/embotitsvila.com\/fr\/?s={search_term_string}"},"query-input":"required name=search_term_string"}],"inLanguage":"fr-FR"}]}},"_links":{"self":[{"href":"https:\/\/embotitsvila.com\/fr\/wp-json\/wp\/v2\/product\/15447"}],"collection":[{"href":"https:\/\/embotitsvila.com\/fr\/wp-json\/wp\/v2\/product"}],"about":[{"href":"https:\/\/embotitsvila.com\/fr\/wp-json\/wp\/v2\/types\/product"}],"wp:featuredmedia":[{"embeddable":true,"href":"https:\/\/embotitsvila.com\/fr\/wp-json\/wp\/v2\/media\/13941"}],"wp:attachment":[{"href":"https:\/\/embotitsvila.com\/fr\/wp-json\/wp\/v2\/media?parent=15447"}],"wp:term":[{"taxonomy":"product_cat","embeddable":true,"href":"https:\/\/embotitsvila.com\/fr\/wp-json\/wp\/v2\/product_cat?post=15447"},{"taxonomy":"product_tag","embeddable":true,"href":"https:\/\/embotitsvila.com\/fr\/wp-json\/wp\/v2\/product_tag?post=15447"}],"curies":[{"name":"wp","href":"https:\/\/api.w.org\/{rel}","templated":true}]}}