{"id":15459,"date":"2023-04-02T09:17:15","date_gmt":"2023-04-02T07:17:15","guid":{"rendered":"https:\/\/embotitsvila.com\/productos\/baiona-cabezal-s-tripa\/"},"modified":"2023-04-26T09:09:10","modified_gmt":"2023-04-26T07:09:10","slug":"baiona-cabezal-s-tripa","status":"publish","type":"product","link":"https:\/\/embotitsvila.com\/fr\/productos\/baiona-cabezal-s-tripa\/","title":{"rendered":"Baiona Cabezal (sans boyeau)"},"content":{"rendered":"","protected":false},"excerpt":{"rendered":"<div class=\"woocommerce-product-details__short-description\">\n<div class=\"five columns omega\">\n<p>La baiona cabezal est un produit \u00e0 base de viande de cou de porc et sans boyau. Lentement s\u00e9ch\u00e9 jusqu&rsquo;\u00e0 sa optime maturation.<\/p>\n<p><img decoding=\"async\" loading=\"lazy\" class=\"alignnone wp-image-16891 size-full\" src=\"https:\/\/embotitsvila.com\/wp-content\/uploads\/2023\/04\/tabla-cabezal-sin-tripa.jpg\" alt=\"\" width=\"1267\" height=\"387\" srcset=\"https:\/\/embotitsvila.com\/wp-content\/uploads\/2023\/04\/tabla-cabezal-sin-tripa.jpg 1267w, https:\/\/embotitsvila.com\/wp-content\/uploads\/2023\/04\/tabla-cabezal-sin-tripa-300x92.jpg 300w, https:\/\/embotitsvila.com\/wp-content\/uploads\/2023\/04\/tabla-cabezal-sin-tripa-1024x313.jpg 1024w, https:\/\/embotitsvila.com\/wp-content\/uploads\/2023\/04\/tabla-cabezal-sin-tripa-768x235.jpg 768w, https:\/\/embotitsvila.com\/wp-content\/uploads\/2023\/04\/tabla-cabezal-sin-tripa-600x183.jpg 600w, https:\/\/embotitsvila.com\/wp-content\/uploads\/2023\/04\/tabla-cabezal-sin-tripa-800x244.jpg 800w, https:\/\/embotitsvila.com\/wp-content\/uploads\/2023\/04\/tabla-cabezal-sin-tripa-550x168.jpg 550w\" sizes=\"(max-width: 1267px) 100vw, 1267px\" \/><\/p>\n<\/div>\n<\/div>\n","protected":false},"featured_media":15038,"template":"","meta":[],"product_cat":[495,492],"product_tag":[],"acf":[],"yoast_head":"<!-- This site is optimized with the Yoast SEO plugin v20.5 - https:\/\/yoast.com\/wordpress\/plugins\/seo\/ -->\n<title>Baiona Cabezal (sans boyeau) - Embotits Artesans J.Vil\u00e0<\/title>\n<meta name=\"description\" content=\"La baiona cabezal es un embutido elaborado con cuello de cerdo, sin tripa. Secado lentamente hasta su maduraci\u00f3n \u00f3ptima. Se sirve entero y medio.\" \/>\n<meta name=\"robots\" content=\"index, follow, max-snippet:-1, max-image-preview:large, max-video-preview:-1\" \/>\n<link rel=\"canonical\" href=\"https:\/\/embotitsvila.com\/fr\/productos\/baiona-cabezal-s-tripa\/\" \/>\n<meta property=\"og:locale\" content=\"fr_FR\" \/>\n<meta property=\"og:type\" content=\"article\" \/>\n<meta property=\"og:title\" content=\"Baiona Cabezal (sans boyeau) - Embotits Artesans J.Vil\u00e0\" \/>\n<meta property=\"og:description\" content=\"La baiona cabezal es un embutido elaborado con cuello de cerdo, sin tripa. Secado lentamente hasta su maduraci\u00f3n \u00f3ptima. Se sirve entero y medio.\" \/>\n<meta property=\"og:url\" content=\"https:\/\/embotitsvila.com\/fr\/productos\/baiona-cabezal-s-tripa\/\" \/>\n<meta property=\"og:site_name\" content=\"Embotits Artesans J.Vil\u00e0\" \/>\n<meta property=\"article:modified_time\" content=\"2023-04-26T07:09:10+00:00\" \/>\n<meta property=\"og:image\" content=\"https:\/\/embotitsvila.com\/wp-content\/uploads\/2023\/04\/Baiona-Cabezal-STripa-Embotits-Vila-1.jpg\" \/>\n\t<meta property=\"og:image:width\" content=\"3597\" \/>\n\t<meta property=\"og:image:height\" content=\"3597\" \/>\n\t<meta property=\"og:image:type\" content=\"image\/jpeg\" \/>\n<meta name=\"twitter:card\" content=\"summary_large_image\" \/>\n<script type=\"application\/ld+json\" class=\"yoast-schema-graph\">{\"@context\":\"https:\/\/schema.org\",\"@graph\":[{\"@type\":\"WebPage\",\"@id\":\"https:\/\/embotitsvila.com\/fr\/productos\/baiona-cabezal-s-tripa\/\",\"url\":\"https:\/\/embotitsvila.com\/fr\/productos\/baiona-cabezal-s-tripa\/\",\"name\":\"Baiona Cabezal (sans boyeau) - Embotits Artesans J.Vil\u00e0\",\"isPartOf\":{\"@id\":\"https:\/\/embotitsvila.com\/fr\/#website\"},\"datePublished\":\"2023-04-02T07:17:15+00:00\",\"dateModified\":\"2023-04-26T07:09:10+00:00\",\"description\":\"La baiona cabezal es un embutido elaborado con cuello de cerdo, sin tripa. Secado lentamente hasta su maduraci\u00f3n \u00f3ptima. Se sirve entero y medio.\",\"breadcrumb\":{\"@id\":\"https:\/\/embotitsvila.com\/fr\/productos\/baiona-cabezal-s-tripa\/#breadcrumb\"},\"inLanguage\":\"fr-FR\",\"potentialAction\":[{\"@type\":\"ReadAction\",\"target\":[\"https:\/\/embotitsvila.com\/fr\/productos\/baiona-cabezal-s-tripa\/\"]}]},{\"@type\":\"BreadcrumbList\",\"@id\":\"https:\/\/embotitsvila.com\/fr\/productos\/baiona-cabezal-s-tripa\/#breadcrumb\",\"itemListElement\":[{\"@type\":\"ListItem\",\"position\":1,\"name\":\"Portada\",\"item\":\"https:\/\/embotitsvila.com\/fr\/\"},{\"@type\":\"ListItem\",\"position\":2,\"name\":\"Boutique\",\"item\":\"https:\/\/embotitsvila.com\/fr\/boutique\/\"},{\"@type\":\"ListItem\",\"position\":3,\"name\":\"Baiona Cabezal (sans boyeau)\"}]},{\"@type\":\"WebSite\",\"@id\":\"https:\/\/embotitsvila.com\/fr\/#website\",\"url\":\"https:\/\/embotitsvila.com\/fr\/\",\"name\":\"Embotits Artesans J.Vil\u00e0\",\"description\":\"\",\"potentialAction\":[{\"@type\":\"SearchAction\",\"target\":{\"@type\":\"EntryPoint\",\"urlTemplate\":\"https:\/\/embotitsvila.com\/fr\/?s={search_term_string}\"},\"query-input\":\"required name=search_term_string\"}],\"inLanguage\":\"fr-FR\"}]}<\/script>\n<!-- \/ Yoast SEO plugin. -->","yoast_head_json":{"title":"Baiona Cabezal (sans boyeau) - Embotits Artesans J.Vil\u00e0","description":"La baiona cabezal es un embutido elaborado con cuello de cerdo, sin tripa. Secado lentamente hasta su maduraci\u00f3n \u00f3ptima. Se sirve entero y medio.","robots":{"index":"index","follow":"follow","max-snippet":"max-snippet:-1","max-image-preview":"max-image-preview:large","max-video-preview":"max-video-preview:-1"},"canonical":"https:\/\/embotitsvila.com\/fr\/productos\/baiona-cabezal-s-tripa\/","og_locale":"fr_FR","og_type":"article","og_title":"Baiona Cabezal (sans boyeau) - Embotits Artesans J.Vil\u00e0","og_description":"La baiona cabezal es un embutido elaborado con cuello de cerdo, sin tripa. Secado lentamente hasta su maduraci\u00f3n \u00f3ptima. Se sirve entero y medio.","og_url":"https:\/\/embotitsvila.com\/fr\/productos\/baiona-cabezal-s-tripa\/","og_site_name":"Embotits Artesans J.Vil\u00e0","article_modified_time":"2023-04-26T07:09:10+00:00","og_image":[{"width":3597,"height":3597,"url":"https:\/\/embotitsvila.com\/wp-content\/uploads\/2023\/04\/Baiona-Cabezal-STripa-Embotits-Vila-1.jpg","type":"image\/jpeg"}],"twitter_card":"summary_large_image","schema":{"@context":"https:\/\/schema.org","@graph":[{"@type":"WebPage","@id":"https:\/\/embotitsvila.com\/fr\/productos\/baiona-cabezal-s-tripa\/","url":"https:\/\/embotitsvila.com\/fr\/productos\/baiona-cabezal-s-tripa\/","name":"Baiona Cabezal (sans boyeau) - Embotits Artesans J.Vil\u00e0","isPartOf":{"@id":"https:\/\/embotitsvila.com\/fr\/#website"},"datePublished":"2023-04-02T07:17:15+00:00","dateModified":"2023-04-26T07:09:10+00:00","description":"La baiona cabezal es un embutido elaborado con cuello de cerdo, sin tripa. Secado lentamente hasta su maduraci\u00f3n \u00f3ptima. Se sirve entero y medio.","breadcrumb":{"@id":"https:\/\/embotitsvila.com\/fr\/productos\/baiona-cabezal-s-tripa\/#breadcrumb"},"inLanguage":"fr-FR","potentialAction":[{"@type":"ReadAction","target":["https:\/\/embotitsvila.com\/fr\/productos\/baiona-cabezal-s-tripa\/"]}]},{"@type":"BreadcrumbList","@id":"https:\/\/embotitsvila.com\/fr\/productos\/baiona-cabezal-s-tripa\/#breadcrumb","itemListElement":[{"@type":"ListItem","position":1,"name":"Portada","item":"https:\/\/embotitsvila.com\/fr\/"},{"@type":"ListItem","position":2,"name":"Boutique","item":"https:\/\/embotitsvila.com\/fr\/boutique\/"},{"@type":"ListItem","position":3,"name":"Baiona Cabezal (sans boyeau)"}]},{"@type":"WebSite","@id":"https:\/\/embotitsvila.com\/fr\/#website","url":"https:\/\/embotitsvila.com\/fr\/","name":"Embotits Artesans J.Vil\u00e0","description":"","potentialAction":[{"@type":"SearchAction","target":{"@type":"EntryPoint","urlTemplate":"https:\/\/embotitsvila.com\/fr\/?s={search_term_string}"},"query-input":"required name=search_term_string"}],"inLanguage":"fr-FR"}]}},"_links":{"self":[{"href":"https:\/\/embotitsvila.com\/fr\/wp-json\/wp\/v2\/product\/15459"}],"collection":[{"href":"https:\/\/embotitsvila.com\/fr\/wp-json\/wp\/v2\/product"}],"about":[{"href":"https:\/\/embotitsvila.com\/fr\/wp-json\/wp\/v2\/types\/product"}],"wp:featuredmedia":[{"embeddable":true,"href":"https:\/\/embotitsvila.com\/fr\/wp-json\/wp\/v2\/media\/15038"}],"wp:attachment":[{"href":"https:\/\/embotitsvila.com\/fr\/wp-json\/wp\/v2\/media?parent=15459"}],"wp:term":[{"taxonomy":"product_cat","embeddable":true,"href":"https:\/\/embotitsvila.com\/fr\/wp-json\/wp\/v2\/product_cat?post=15459"},{"taxonomy":"product_tag","embeddable":true,"href":"https:\/\/embotitsvila.com\/fr\/wp-json\/wp\/v2\/product_tag?post=15459"}],"curies":[{"name":"wp","href":"https:\/\/api.w.org\/{rel}","templated":true}]}}