{"id":15471,"date":"2023-04-01T14:40:46","date_gmt":"2023-04-01T12:40:46","guid":{"rendered":"https:\/\/embotitsvila.com\/productos\/chorizo-vela\/"},"modified":"2023-04-19T15:58:19","modified_gmt":"2023-04-19T13:58:19","slug":"chorizo-vela","status":"publish","type":"product","link":"https:\/\/embotitsvila.com\/fr\/productos\/chorizo-vela\/","title":{"rendered":"Chorizo 100g \/ 150g \/ 200g"},"content":{"rendered":"","protected":false},"excerpt":{"rendered":"<div class=\"woocommerce-product-details__short-description\">\n<div class=\"five columns omega\">\n<p>Chorizo \u200b\u200b\u200b\u200bVela assaisonn\u00e9 avec du sel, des \u00e9pices et diff\u00e9rentes sortes de poivres rouges, obtenant ainsi un produit tr\u00e8s savoureux.<\/p>\n<p>Nous avons aussi le Chorizo \u200b\u200b\u200b\u200bVela Fort pour les plus audacieux.<\/p>\n<p><img decoding=\"async\" loading=\"lazy\" class=\"alignnone wp-image-15179 size-full\" src=\"https:\/\/embotitsvila.com\/wp-content\/uploads\/2023\/04\/tabla-vela-1.jpg\" alt=\"\" width=\"1477\" height=\"370\" srcset=\"https:\/\/embotitsvila.com\/wp-content\/uploads\/2023\/04\/tabla-vela-1.jpg 1477w, https:\/\/embotitsvila.com\/wp-content\/uploads\/2023\/04\/tabla-vela-1-300x75.jpg 300w, https:\/\/embotitsvila.com\/wp-content\/uploads\/2023\/04\/tabla-vela-1-1024x257.jpg 1024w, https:\/\/embotitsvila.com\/wp-content\/uploads\/2023\/04\/tabla-vela-1-768x192.jpg 768w, https:\/\/embotitsvila.com\/wp-content\/uploads\/2023\/04\/tabla-vela-1-600x150.jpg 600w, https:\/\/embotitsvila.com\/wp-content\/uploads\/2023\/04\/tabla-vela-1-800x200.jpg 800w, https:\/\/embotitsvila.com\/wp-content\/uploads\/2023\/04\/tabla-vela-1-550x138.jpg 550w\" sizes=\"(max-width: 1477px) 100vw, 1477px\" \/><\/p>\n<\/div>\n<\/div>\n","protected":false},"featured_media":14056,"template":"","meta":[],"product_cat":[507,457],"product_tag":[],"acf":[],"yoast_head":"<!-- This site is optimized with the Yoast SEO plugin v20.5 - https:\/\/yoast.com\/wordpress\/plugins\/seo\/ -->\n<title>Chorizo 100g \/ 150g \/ 200g - Embotits Artesans J.Vil\u00e0<\/title>\n<meta name=\"description\" content=\"Chorizo Vela dulce o picante. Producto curado elaborado con carnes de cerdo de primera calidad; adobado con sal, especies y diferentes clases de pimentones\" \/>\n<meta name=\"robots\" content=\"index, follow, max-snippet:-1, max-image-preview:large, max-video-preview:-1\" \/>\n<link rel=\"canonical\" href=\"https:\/\/embotitsvila.com\/fr\/productos\/chorizo-vela\/\" \/>\n<meta property=\"og:locale\" content=\"fr_FR\" \/>\n<meta property=\"og:type\" content=\"article\" \/>\n<meta property=\"og:title\" content=\"Chorizo 100g \/ 150g \/ 200g - Embotits Artesans J.Vil\u00e0\" \/>\n<meta property=\"og:description\" content=\"Chorizo Vela dulce o picante. Producto curado elaborado con carnes de cerdo de primera calidad; adobado con sal, especies y diferentes clases de pimentones\" \/>\n<meta property=\"og:url\" content=\"https:\/\/embotitsvila.com\/fr\/productos\/chorizo-vela\/\" \/>\n<meta property=\"og:site_name\" content=\"Embotits Artesans J.Vil\u00e0\" \/>\n<meta property=\"article:modified_time\" content=\"2023-04-19T13:58:19+00:00\" \/>\n<meta property=\"og:image\" content=\"https:\/\/embotitsvila.com\/wp-content\/uploads\/2023\/04\/Chorizo-Vela-150g-dulce-picante-Embotits-Vila.jpg\" \/>\n\t<meta property=\"og:image:width\" content=\"2000\" \/>\n\t<meta property=\"og:image:height\" content=\"2000\" \/>\n\t<meta property=\"og:image:type\" content=\"image\/jpeg\" \/>\n<meta name=\"twitter:card\" content=\"summary_large_image\" \/>\n<script type=\"application\/ld+json\" class=\"yoast-schema-graph\">{\"@context\":\"https:\/\/schema.org\",\"@graph\":[{\"@type\":\"WebPage\",\"@id\":\"https:\/\/embotitsvila.com\/fr\/productos\/chorizo-vela\/\",\"url\":\"https:\/\/embotitsvila.com\/fr\/productos\/chorizo-vela\/\",\"name\":\"Chorizo 100g \/ 150g \/ 200g - Embotits Artesans J.Vil\u00e0\",\"isPartOf\":{\"@id\":\"https:\/\/embotitsvila.com\/fr\/#website\"},\"datePublished\":\"2023-04-01T12:40:46+00:00\",\"dateModified\":\"2023-04-19T13:58:19+00:00\",\"description\":\"Chorizo Vela dulce o picante. Producto curado elaborado con carnes de cerdo de primera calidad; adobado con sal, especies y diferentes clases de pimentones\",\"breadcrumb\":{\"@id\":\"https:\/\/embotitsvila.com\/fr\/productos\/chorizo-vela\/#breadcrumb\"},\"inLanguage\":\"fr-FR\",\"potentialAction\":[{\"@type\":\"ReadAction\",\"target\":[\"https:\/\/embotitsvila.com\/fr\/productos\/chorizo-vela\/\"]}]},{\"@type\":\"BreadcrumbList\",\"@id\":\"https:\/\/embotitsvila.com\/fr\/productos\/chorizo-vela\/#breadcrumb\",\"itemListElement\":[{\"@type\":\"ListItem\",\"position\":1,\"name\":\"Portada\",\"item\":\"https:\/\/embotitsvila.com\/fr\/\"},{\"@type\":\"ListItem\",\"position\":2,\"name\":\"Boutique\",\"item\":\"https:\/\/embotitsvila.com\/fr\/boutique\/\"},{\"@type\":\"ListItem\",\"position\":3,\"name\":\"Chorizo 100g \/ 150g \/ 200g\"}]},{\"@type\":\"WebSite\",\"@id\":\"https:\/\/embotitsvila.com\/fr\/#website\",\"url\":\"https:\/\/embotitsvila.com\/fr\/\",\"name\":\"Embotits Artesans J.Vil\u00e0\",\"description\":\"\",\"potentialAction\":[{\"@type\":\"SearchAction\",\"target\":{\"@type\":\"EntryPoint\",\"urlTemplate\":\"https:\/\/embotitsvila.com\/fr\/?s={search_term_string}\"},\"query-input\":\"required name=search_term_string\"}],\"inLanguage\":\"fr-FR\"}]}<\/script>\n<!-- \/ Yoast SEO plugin. -->","yoast_head_json":{"title":"Chorizo 100g \/ 150g \/ 200g - Embotits Artesans J.Vil\u00e0","description":"Chorizo Vela dulce o picante. Producto curado elaborado con carnes de cerdo de primera calidad; adobado con sal, especies y diferentes clases de pimentones","robots":{"index":"index","follow":"follow","max-snippet":"max-snippet:-1","max-image-preview":"max-image-preview:large","max-video-preview":"max-video-preview:-1"},"canonical":"https:\/\/embotitsvila.com\/fr\/productos\/chorizo-vela\/","og_locale":"fr_FR","og_type":"article","og_title":"Chorizo 100g \/ 150g \/ 200g - Embotits Artesans J.Vil\u00e0","og_description":"Chorizo Vela dulce o picante. Producto curado elaborado con carnes de cerdo de primera calidad; adobado con sal, especies y diferentes clases de pimentones","og_url":"https:\/\/embotitsvila.com\/fr\/productos\/chorizo-vela\/","og_site_name":"Embotits Artesans J.Vil\u00e0","article_modified_time":"2023-04-19T13:58:19+00:00","og_image":[{"width":2000,"height":2000,"url":"https:\/\/embotitsvila.com\/wp-content\/uploads\/2023\/04\/Chorizo-Vela-150g-dulce-picante-Embotits-Vila.jpg","type":"image\/jpeg"}],"twitter_card":"summary_large_image","schema":{"@context":"https:\/\/schema.org","@graph":[{"@type":"WebPage","@id":"https:\/\/embotitsvila.com\/fr\/productos\/chorizo-vela\/","url":"https:\/\/embotitsvila.com\/fr\/productos\/chorizo-vela\/","name":"Chorizo 100g \/ 150g \/ 200g - Embotits Artesans J.Vil\u00e0","isPartOf":{"@id":"https:\/\/embotitsvila.com\/fr\/#website"},"datePublished":"2023-04-01T12:40:46+00:00","dateModified":"2023-04-19T13:58:19+00:00","description":"Chorizo Vela dulce o picante. Producto curado elaborado con carnes de cerdo de primera calidad; adobado con sal, especies y diferentes clases de pimentones","breadcrumb":{"@id":"https:\/\/embotitsvila.com\/fr\/productos\/chorizo-vela\/#breadcrumb"},"inLanguage":"fr-FR","potentialAction":[{"@type":"ReadAction","target":["https:\/\/embotitsvila.com\/fr\/productos\/chorizo-vela\/"]}]},{"@type":"BreadcrumbList","@id":"https:\/\/embotitsvila.com\/fr\/productos\/chorizo-vela\/#breadcrumb","itemListElement":[{"@type":"ListItem","position":1,"name":"Portada","item":"https:\/\/embotitsvila.com\/fr\/"},{"@type":"ListItem","position":2,"name":"Boutique","item":"https:\/\/embotitsvila.com\/fr\/boutique\/"},{"@type":"ListItem","position":3,"name":"Chorizo 100g \/ 150g \/ 200g"}]},{"@type":"WebSite","@id":"https:\/\/embotitsvila.com\/fr\/#website","url":"https:\/\/embotitsvila.com\/fr\/","name":"Embotits Artesans J.Vil\u00e0","description":"","potentialAction":[{"@type":"SearchAction","target":{"@type":"EntryPoint","urlTemplate":"https:\/\/embotitsvila.com\/fr\/?s={search_term_string}"},"query-input":"required name=search_term_string"}],"inLanguage":"fr-FR"}]}},"_links":{"self":[{"href":"https:\/\/embotitsvila.com\/fr\/wp-json\/wp\/v2\/product\/15471"}],"collection":[{"href":"https:\/\/embotitsvila.com\/fr\/wp-json\/wp\/v2\/product"}],"about":[{"href":"https:\/\/embotitsvila.com\/fr\/wp-json\/wp\/v2\/types\/product"}],"wp:featuredmedia":[{"embeddable":true,"href":"https:\/\/embotitsvila.com\/fr\/wp-json\/wp\/v2\/media\/14056"}],"wp:attachment":[{"href":"https:\/\/embotitsvila.com\/fr\/wp-json\/wp\/v2\/media?parent=15471"}],"wp:term":[{"taxonomy":"product_cat","embeddable":true,"href":"https:\/\/embotitsvila.com\/fr\/wp-json\/wp\/v2\/product_cat?post=15471"},{"taxonomy":"product_tag","embeddable":true,"href":"https:\/\/embotitsvila.com\/fr\/wp-json\/wp\/v2\/product_tag?post=15471"}],"curies":[{"name":"wp","href":"https:\/\/api.w.org\/{rel}","templated":true}]}}