{"id":15480,"date":"2023-04-01T08:36:31","date_gmt":"2023-04-01T06:36:31","guid":{"rendered":"https:\/\/embotitsvila.com\/productos\/fuet-embotits-vila-150gr\/"},"modified":"2023-04-19T07:36:43","modified_gmt":"2023-04-19T05:36:43","slug":"fuet-embotits-vila-150gr","status":"publish","type":"product","link":"https:\/\/embotitsvila.com\/fr\/productos\/fuet-embotits-vila-150gr\/","title":{"rendered":"Fuet 150g"},"content":{"rendered":"<section class=\"wpb-content-wrapper\"><p>[vc_row full_width=\u00a0\u00bbstretch_row_content\u00a0\u00bb][vc_column width=\u00a0\u00bb1\/6&Prime;][\/vc_column][vc_column width=\u00a0\u00bb2\/3&Prime;][vc_tta_accordion active_section=\u00a0\u00bb1&Prime;][vc_tta_section title=\u00a0\u00bbSabores y referencias\u00a0\u00bb tab_id=\u00a0\u00bb1&Prime;][vc_single_image image=\u00a0\u00bb15174&Prime; img_size=\u00a0\u00bb2008&#215;1516&Prime;][\/vc_tta_section][vc_tta_section title=\u00a0\u00bbIm\u00e1genes Fuet 150g\u00a0\u00bb tab_id=\u00a0\u00bb1681299666417-c20fd2d4-92bb\u00a0\u00bb][vc_gallery type=\u00a0\u00bbimage_grid\u00a0\u00bb images=\u00a0\u00bb14603,14599,14595,14591,14587,14583,14579,14575,14571,14567,14563,14559,14555,14551,14547,14543,14539,14535,14531&Prime;][\/vc_tta_section][vc_tta_section title=\u00a0\u00bbIm\u00e1genes Fuet 150g Flowpack\u00a0\u00bb tab_id=\u00a0\u00bb1681299713413-d3ca9ab9-36e1&Prime;][vc_gallery type=\u00a0\u00bbimage_grid\u00a0\u00bb images=\u00a0\u00bb15186,15190,15194,15198,15202,15206,15210,15214,15218,15222,15226,15230,15234,15238,15242,15246,15250,15254,15258&Prime;][\/vc_tta_section][\/vc_tta_accordion][\/vc_column][vc_column width=\u00a0\u00bb1\/6&Prime;][\/vc_column][\/vc_row]<\/p>\n<\/section>","protected":false},"excerpt":{"rendered":"<div class=\"woocommerce-product-details__short-description\">\n<div class=\"five columns omega\">\n<p>Chez Embotits Artesans J.Vil\u00e0, nous avons combin\u00e9 le fuet catalan traditionnel avec des ingr\u00e9dients innovants (\u00e9pices, fruits, fromages, champignons, etc.) pour obtenir un grand assortiment, choisissez celui que vous pr\u00e9f\u00e9rez.<\/p>\n<\/div>\n<\/div>\n","protected":false},"featured_media":13585,"template":"","meta":[],"product_cat":[519,513],"product_tag":[],"acf":[],"yoast_head":"<!-- This site is optimized with the Yoast SEO plugin v20.5 - https:\/\/yoast.com\/wordpress\/plugins\/seo\/ -->\n<title>Fuet 150g - Embotits Artesans J.Vil\u00e0<\/title>\n<meta name=\"robots\" content=\"index, follow, max-snippet:-1, max-image-preview:large, max-video-preview:-1\" \/>\n<link rel=\"canonical\" href=\"https:\/\/embotitsvila.com\/fr\/productos\/fuet-embotits-vila-150gr\/\" \/>\n<meta property=\"og:locale\" content=\"fr_FR\" \/>\n<meta property=\"og:type\" content=\"article\" \/>\n<meta property=\"og:title\" content=\"Fuet 150g - Embotits Artesans J.Vil\u00e0\" \/>\n<meta property=\"og:description\" content=\"Chez Embotits Artesans J.Vil\u00e0, nous avons combin\u00e9 le fuet catalan traditionnel avec des ingr\u00e9dients innovants (\u00e9pices, fruits, fromages, champignons, etc.) pour obtenir un grand assortiment, choisissez celui que vous pr\u00e9f\u00e9rez.\" \/>\n<meta property=\"og:url\" content=\"https:\/\/embotitsvila.com\/fr\/productos\/fuet-embotits-vila-150gr\/\" \/>\n<meta property=\"og:site_name\" content=\"Embotits Artesans J.Vil\u00e0\" \/>\n<meta property=\"article:modified_time\" content=\"2023-04-19T05:36:43+00:00\" \/>\n<meta property=\"og:image\" content=\"https:\/\/embotitsvila.com\/wp-content\/uploads\/2023\/04\/fuet-150gr-embotits-vila.jpg\" \/>\n\t<meta property=\"og:image:width\" content=\"1000\" \/>\n\t<meta property=\"og:image:height\" content=\"1000\" \/>\n\t<meta property=\"og:image:type\" content=\"image\/jpeg\" \/>\n<meta name=\"twitter:card\" content=\"summary_large_image\" \/>\n<meta name=\"twitter:label1\" content=\"Dur\u00e9e de lecture estim\u00e9e\" \/>\n\t<meta name=\"twitter:data1\" content=\"1 minute\" \/>\n<script type=\"application\/ld+json\" class=\"yoast-schema-graph\">{\"@context\":\"https:\/\/schema.org\",\"@graph\":[{\"@type\":\"WebPage\",\"@id\":\"https:\/\/embotitsvila.com\/fr\/productos\/fuet-embotits-vila-150gr\/\",\"url\":\"https:\/\/embotitsvila.com\/fr\/productos\/fuet-embotits-vila-150gr\/\",\"name\":\"Fuet 150g - Embotits Artesans J.Vil\u00e0\",\"isPartOf\":{\"@id\":\"https:\/\/embotitsvila.com\/fr\/#website\"},\"datePublished\":\"2023-04-01T06:36:31+00:00\",\"dateModified\":\"2023-04-19T05:36:43+00:00\",\"breadcrumb\":{\"@id\":\"https:\/\/embotitsvila.com\/fr\/productos\/fuet-embotits-vila-150gr\/#breadcrumb\"},\"inLanguage\":\"fr-FR\",\"potentialAction\":[{\"@type\":\"ReadAction\",\"target\":[\"https:\/\/embotitsvila.com\/fr\/productos\/fuet-embotits-vila-150gr\/\"]}]},{\"@type\":\"BreadcrumbList\",\"@id\":\"https:\/\/embotitsvila.com\/fr\/productos\/fuet-embotits-vila-150gr\/#breadcrumb\",\"itemListElement\":[{\"@type\":\"ListItem\",\"position\":1,\"name\":\"Portada\",\"item\":\"https:\/\/embotitsvila.com\/fr\/\"},{\"@type\":\"ListItem\",\"position\":2,\"name\":\"Boutique\",\"item\":\"https:\/\/embotitsvila.com\/fr\/boutique\/\"},{\"@type\":\"ListItem\",\"position\":3,\"name\":\"Fuet 150g\"}]},{\"@type\":\"WebSite\",\"@id\":\"https:\/\/embotitsvila.com\/fr\/#website\",\"url\":\"https:\/\/embotitsvila.com\/fr\/\",\"name\":\"Embotits Artesans J.Vil\u00e0\",\"description\":\"\",\"potentialAction\":[{\"@type\":\"SearchAction\",\"target\":{\"@type\":\"EntryPoint\",\"urlTemplate\":\"https:\/\/embotitsvila.com\/fr\/?s={search_term_string}\"},\"query-input\":\"required name=search_term_string\"}],\"inLanguage\":\"fr-FR\"}]}<\/script>\n<!-- \/ Yoast SEO plugin. -->","yoast_head_json":{"title":"Fuet 150g - Embotits Artesans J.Vil\u00e0","robots":{"index":"index","follow":"follow","max-snippet":"max-snippet:-1","max-image-preview":"max-image-preview:large","max-video-preview":"max-video-preview:-1"},"canonical":"https:\/\/embotitsvila.com\/fr\/productos\/fuet-embotits-vila-150gr\/","og_locale":"fr_FR","og_type":"article","og_title":"Fuet 150g - Embotits Artesans J.Vil\u00e0","og_description":"Chez Embotits Artesans J.Vil\u00e0, nous avons combin\u00e9 le fuet catalan traditionnel avec des ingr\u00e9dients innovants (\u00e9pices, fruits, fromages, champignons, etc.) pour obtenir un grand assortiment, choisissez celui que vous pr\u00e9f\u00e9rez.","og_url":"https:\/\/embotitsvila.com\/fr\/productos\/fuet-embotits-vila-150gr\/","og_site_name":"Embotits Artesans J.Vil\u00e0","article_modified_time":"2023-04-19T05:36:43+00:00","og_image":[{"width":1000,"height":1000,"url":"https:\/\/embotitsvila.com\/wp-content\/uploads\/2023\/04\/fuet-150gr-embotits-vila.jpg","type":"image\/jpeg"}],"twitter_card":"summary_large_image","twitter_misc":{"Dur\u00e9e de lecture estim\u00e9e":"1 minute"},"schema":{"@context":"https:\/\/schema.org","@graph":[{"@type":"WebPage","@id":"https:\/\/embotitsvila.com\/fr\/productos\/fuet-embotits-vila-150gr\/","url":"https:\/\/embotitsvila.com\/fr\/productos\/fuet-embotits-vila-150gr\/","name":"Fuet 150g - Embotits Artesans J.Vil\u00e0","isPartOf":{"@id":"https:\/\/embotitsvila.com\/fr\/#website"},"datePublished":"2023-04-01T06:36:31+00:00","dateModified":"2023-04-19T05:36:43+00:00","breadcrumb":{"@id":"https:\/\/embotitsvila.com\/fr\/productos\/fuet-embotits-vila-150gr\/#breadcrumb"},"inLanguage":"fr-FR","potentialAction":[{"@type":"ReadAction","target":["https:\/\/embotitsvila.com\/fr\/productos\/fuet-embotits-vila-150gr\/"]}]},{"@type":"BreadcrumbList","@id":"https:\/\/embotitsvila.com\/fr\/productos\/fuet-embotits-vila-150gr\/#breadcrumb","itemListElement":[{"@type":"ListItem","position":1,"name":"Portada","item":"https:\/\/embotitsvila.com\/fr\/"},{"@type":"ListItem","position":2,"name":"Boutique","item":"https:\/\/embotitsvila.com\/fr\/boutique\/"},{"@type":"ListItem","position":3,"name":"Fuet 150g"}]},{"@type":"WebSite","@id":"https:\/\/embotitsvila.com\/fr\/#website","url":"https:\/\/embotitsvila.com\/fr\/","name":"Embotits Artesans J.Vil\u00e0","description":"","potentialAction":[{"@type":"SearchAction","target":{"@type":"EntryPoint","urlTemplate":"https:\/\/embotitsvila.com\/fr\/?s={search_term_string}"},"query-input":"required name=search_term_string"}],"inLanguage":"fr-FR"}]}},"_links":{"self":[{"href":"https:\/\/embotitsvila.com\/fr\/wp-json\/wp\/v2\/product\/15480"}],"collection":[{"href":"https:\/\/embotitsvila.com\/fr\/wp-json\/wp\/v2\/product"}],"about":[{"href":"https:\/\/embotitsvila.com\/fr\/wp-json\/wp\/v2\/types\/product"}],"wp:featuredmedia":[{"embeddable":true,"href":"https:\/\/embotitsvila.com\/fr\/wp-json\/wp\/v2\/media\/13585"}],"wp:attachment":[{"href":"https:\/\/embotitsvila.com\/fr\/wp-json\/wp\/v2\/media?parent=15480"}],"wp:term":[{"taxonomy":"product_cat","embeddable":true,"href":"https:\/\/embotitsvila.com\/fr\/wp-json\/wp\/v2\/product_cat?post=15480"},{"taxonomy":"product_tag","embeddable":true,"href":"https:\/\/embotitsvila.com\/fr\/wp-json\/wp\/v2\/product_tag?post=15480"}],"curies":[{"name":"wp","href":"https:\/\/api.w.org\/{rel}","templated":true}]}}