{"id":16447,"date":"2023-04-20T09:08:03","date_gmt":"2023-04-20T07:08:03","guid":{"rendered":"https:\/\/embotitsvila.com\/?post_type=product&#038;p=16447"},"modified":"2023-04-24T12:17:19","modified_gmt":"2023-04-24T10:17:19","slug":"fuet-100g","status":"publish","type":"product","link":"https:\/\/embotitsvila.com\/fr\/productos\/fuet-100g\/","title":{"rendered":"Fuet 100g"},"content":{"rendered":"<section class=\"wpb-content-wrapper\"><p>[vc_row full_width=\u00a0\u00bbstretch_row_content\u00a0\u00bb][vc_column width=\u00a0\u00bb1\/6&Prime;][\/vc_column][vc_column width=\u00a0\u00bb2\/3&Prime;][vc_tta_accordion active_section=\u00a0\u00bb1&Prime;][vc_tta_section title=\u00a0\u00bbSaveurs et r\u00e9f\u00e9rences\u00a0\u00bb tab_id=\u00a0\u00bb1&Prime;][vc_single_image image=\u00a0\u00bb15174&Prime; img_size=\u00a0\u00bb2091&#215;1777&Prime; alignment=\u00a0\u00bbcenter\u00a0\u00bb][\/vc_tta_section][\/vc_tta_accordion][\/vc_column][vc_column width=\u00a0\u00bb1\/6&Prime;][\/vc_column][\/vc_row][vc_row full_width=\u00a0\u00bbstretch_row_content\u00a0\u00bb][vc_column width=\u00a0\u00bb1\/6&Prime;][\/vc_column][vc_column width=\u00a0\u00bb2\/3&Prime;][vc_tta_accordion active_section=\u00a0\u00bb666&Prime; collapsible_all=\u00a0\u00bbtrue\u00a0\u00bb][vc_tta_section title=\u00a0\u00bbImages Fuet 100g\u00a0\u00bb tab_id=\u00a0\u00bb1680365118608-32a36ee2-5748&Prime;][vc_gallery type=\u00a0\u00bbimage_grid\u00a0\u00bb images=\u00a0\u00bb13696,13700,13704,13708,13712,13716,13720,13724,13728,13732,13736,13744,13748,13752,13756,13760,13764,13768,13772,13542&Prime;][\/vc_tta_section][\/vc_tta_accordion][\/vc_column][vc_column width=\u00a0\u00bb1\/6&Prime;][\/vc_column][\/vc_row][vc_row full_width=\u00a0\u00bbstretch_row_content\u00a0\u00bb][vc_column width=\u00a0\u00bb1\/6&Prime;][\/vc_column][vc_column width=\u00a0\u00bb2\/3&Prime;][vc_tta_accordion active_section=\u00a0\u00bb666&Prime; collapsible_all=\u00a0\u00bbtrue\u00a0\u00bb][vc_tta_section title=\u00a0\u00bbImages Fuet 100g Flowpack\u00a0\u00bb tab_id=\u00a0\u00bb1680365939053-4c1cb348-5f9d\u00a0\u00bb][vc_gallery type=\u00a0\u00bbimage_grid\u00a0\u00bb images=\u00a0\u00bb15318,15322,15326,15330,15334,15338,15342,15346,15350,15354,15358,15362,15366,15370,15374,15378,15382,15386,15390,15394&Prime;][\/vc_tta_section][\/vc_tta_accordion][\/vc_column][vc_column width=\u00a0\u00bb1\/6&Prime;][\/vc_column][\/vc_row]<\/p>\n<\/section>","protected":false},"excerpt":{"rendered":"<div class=\"woocommerce-product-details__short-description\">\n<div class=\"five columns omega\">\n<p>Chez Embotits Artesans J.Vil\u00e0, nous avons combin\u00e9 le fuet catalan traditionnel avec des ingr\u00e9dients innovants (\u00e9pices, fruits, fromages, champignons, etc.) pour obtenir un grand assortiment. Choisissez celui que vous pr\u00e9f\u00e9rez.<\/p>\n<\/div>\n<\/div>\n","protected":false},"featured_media":13542,"template":"","meta":[],"product_cat":[522,513],"product_tag":[],"acf":[],"yoast_head":"<!-- This site is optimized with the Yoast SEO plugin v20.5 - https:\/\/yoast.com\/wordpress\/plugins\/seo\/ -->\n<title>Fuet 100g - Embotits Artesans J.Vil\u00e0<\/title>\n<meta name=\"description\" content=\"Fuet 100g. Le fuet est un produit typiquement catalan, \u00e9labor\u00e9 \u00e0 partir de la meilleure s\u00e9lection de viande de porc et farci de boyau naturel.\" \/>\n<meta name=\"robots\" content=\"index, follow, max-snippet:-1, max-image-preview:large, max-video-preview:-1\" \/>\n<link rel=\"canonical\" href=\"https:\/\/embotitsvila.com\/fr\/productos\/fuet-100g\/\" \/>\n<meta property=\"og:locale\" content=\"fr_FR\" \/>\n<meta property=\"og:type\" content=\"article\" \/>\n<meta property=\"og:title\" content=\"Fuet 100g - Embotits Artesans J.Vil\u00e0\" \/>\n<meta property=\"og:description\" content=\"Fuet 100g. Le fuet est un produit typiquement catalan, \u00e9labor\u00e9 \u00e0 partir de la meilleure s\u00e9lection de viande de porc et farci de boyau naturel.\" \/>\n<meta property=\"og:url\" content=\"https:\/\/embotitsvila.com\/fr\/productos\/fuet-100g\/\" \/>\n<meta property=\"og:site_name\" content=\"Embotits Artesans J.Vil\u00e0\" \/>\n<meta property=\"article:modified_time\" content=\"2023-04-24T10:17:19+00:00\" \/>\n<meta property=\"og:image\" content=\"https:\/\/embotitsvila.com\/wp-content\/uploads\/2023\/04\/fuet-100gr-embotits-vila.jpg\" \/>\n\t<meta property=\"og:image:width\" content=\"1000\" \/>\n\t<meta property=\"og:image:height\" content=\"1000\" \/>\n\t<meta property=\"og:image:type\" content=\"image\/jpeg\" \/>\n<meta name=\"twitter:card\" content=\"summary_large_image\" \/>\n<meta name=\"twitter:label1\" content=\"Dur\u00e9e de lecture estim\u00e9e\" \/>\n\t<meta name=\"twitter:data1\" content=\"1 minute\" \/>\n<script type=\"application\/ld+json\" class=\"yoast-schema-graph\">{\"@context\":\"https:\/\/schema.org\",\"@graph\":[{\"@type\":\"WebPage\",\"@id\":\"https:\/\/embotitsvila.com\/fr\/productos\/fuet-100g\/\",\"url\":\"https:\/\/embotitsvila.com\/fr\/productos\/fuet-100g\/\",\"name\":\"Fuet 100g - Embotits Artesans J.Vil\u00e0\",\"isPartOf\":{\"@id\":\"https:\/\/embotitsvila.com\/fr\/#website\"},\"datePublished\":\"2023-04-20T07:08:03+00:00\",\"dateModified\":\"2023-04-24T10:17:19+00:00\",\"description\":\"Fuet 100g. Le fuet est un produit typiquement catalan, \u00e9labor\u00e9 \u00e0 partir de la meilleure s\u00e9lection de viande de porc et farci de boyau naturel.\",\"breadcrumb\":{\"@id\":\"https:\/\/embotitsvila.com\/fr\/productos\/fuet-100g\/#breadcrumb\"},\"inLanguage\":\"fr-FR\",\"potentialAction\":[{\"@type\":\"ReadAction\",\"target\":[\"https:\/\/embotitsvila.com\/fr\/productos\/fuet-100g\/\"]}]},{\"@type\":\"BreadcrumbList\",\"@id\":\"https:\/\/embotitsvila.com\/fr\/productos\/fuet-100g\/#breadcrumb\",\"itemListElement\":[{\"@type\":\"ListItem\",\"position\":1,\"name\":\"Portada\",\"item\":\"https:\/\/embotitsvila.com\/fr\/\"},{\"@type\":\"ListItem\",\"position\":2,\"name\":\"Boutique\",\"item\":\"https:\/\/embotitsvila.com\/fr\/boutique\/\"},{\"@type\":\"ListItem\",\"position\":3,\"name\":\"Fuet 100g\"}]},{\"@type\":\"WebSite\",\"@id\":\"https:\/\/embotitsvila.com\/fr\/#website\",\"url\":\"https:\/\/embotitsvila.com\/fr\/\",\"name\":\"Embotits Artesans J.Vil\u00e0\",\"description\":\"\",\"potentialAction\":[{\"@type\":\"SearchAction\",\"target\":{\"@type\":\"EntryPoint\",\"urlTemplate\":\"https:\/\/embotitsvila.com\/fr\/?s={search_term_string}\"},\"query-input\":\"required name=search_term_string\"}],\"inLanguage\":\"fr-FR\"}]}<\/script>\n<!-- \/ Yoast SEO plugin. -->","yoast_head_json":{"title":"Fuet 100g - Embotits Artesans J.Vil\u00e0","description":"Fuet 100g. Le fuet est un produit typiquement catalan, \u00e9labor\u00e9 \u00e0 partir de la meilleure s\u00e9lection de viande de porc et farci de boyau naturel.","robots":{"index":"index","follow":"follow","max-snippet":"max-snippet:-1","max-image-preview":"max-image-preview:large","max-video-preview":"max-video-preview:-1"},"canonical":"https:\/\/embotitsvila.com\/fr\/productos\/fuet-100g\/","og_locale":"fr_FR","og_type":"article","og_title":"Fuet 100g - Embotits Artesans J.Vil\u00e0","og_description":"Fuet 100g. Le fuet est un produit typiquement catalan, \u00e9labor\u00e9 \u00e0 partir de la meilleure s\u00e9lection de viande de porc et farci de boyau naturel.","og_url":"https:\/\/embotitsvila.com\/fr\/productos\/fuet-100g\/","og_site_name":"Embotits Artesans J.Vil\u00e0","article_modified_time":"2023-04-24T10:17:19+00:00","og_image":[{"width":1000,"height":1000,"url":"https:\/\/embotitsvila.com\/wp-content\/uploads\/2023\/04\/fuet-100gr-embotits-vila.jpg","type":"image\/jpeg"}],"twitter_card":"summary_large_image","twitter_misc":{"Dur\u00e9e de lecture estim\u00e9e":"1 minute"},"schema":{"@context":"https:\/\/schema.org","@graph":[{"@type":"WebPage","@id":"https:\/\/embotitsvila.com\/fr\/productos\/fuet-100g\/","url":"https:\/\/embotitsvila.com\/fr\/productos\/fuet-100g\/","name":"Fuet 100g - Embotits Artesans J.Vil\u00e0","isPartOf":{"@id":"https:\/\/embotitsvila.com\/fr\/#website"},"datePublished":"2023-04-20T07:08:03+00:00","dateModified":"2023-04-24T10:17:19+00:00","description":"Fuet 100g. Le fuet est un produit typiquement catalan, \u00e9labor\u00e9 \u00e0 partir de la meilleure s\u00e9lection de viande de porc et farci de boyau naturel.","breadcrumb":{"@id":"https:\/\/embotitsvila.com\/fr\/productos\/fuet-100g\/#breadcrumb"},"inLanguage":"fr-FR","potentialAction":[{"@type":"ReadAction","target":["https:\/\/embotitsvila.com\/fr\/productos\/fuet-100g\/"]}]},{"@type":"BreadcrumbList","@id":"https:\/\/embotitsvila.com\/fr\/productos\/fuet-100g\/#breadcrumb","itemListElement":[{"@type":"ListItem","position":1,"name":"Portada","item":"https:\/\/embotitsvila.com\/fr\/"},{"@type":"ListItem","position":2,"name":"Boutique","item":"https:\/\/embotitsvila.com\/fr\/boutique\/"},{"@type":"ListItem","position":3,"name":"Fuet 100g"}]},{"@type":"WebSite","@id":"https:\/\/embotitsvila.com\/fr\/#website","url":"https:\/\/embotitsvila.com\/fr\/","name":"Embotits Artesans J.Vil\u00e0","description":"","potentialAction":[{"@type":"SearchAction","target":{"@type":"EntryPoint","urlTemplate":"https:\/\/embotitsvila.com\/fr\/?s={search_term_string}"},"query-input":"required name=search_term_string"}],"inLanguage":"fr-FR"}]}},"_links":{"self":[{"href":"https:\/\/embotitsvila.com\/fr\/wp-json\/wp\/v2\/product\/16447"}],"collection":[{"href":"https:\/\/embotitsvila.com\/fr\/wp-json\/wp\/v2\/product"}],"about":[{"href":"https:\/\/embotitsvila.com\/fr\/wp-json\/wp\/v2\/types\/product"}],"wp:featuredmedia":[{"embeddable":true,"href":"https:\/\/embotitsvila.com\/fr\/wp-json\/wp\/v2\/media\/13542"}],"wp:attachment":[{"href":"https:\/\/embotitsvila.com\/fr\/wp-json\/wp\/v2\/media?parent=16447"}],"wp:term":[{"taxonomy":"product_cat","embeddable":true,"href":"https:\/\/embotitsvila.com\/fr\/wp-json\/wp\/v2\/product_cat?post=16447"},{"taxonomy":"product_tag","embeddable":true,"href":"https:\/\/embotitsvila.com\/fr\/wp-json\/wp\/v2\/product_tag?post=16447"}],"curies":[{"name":"wp","href":"https:\/\/api.w.org\/{rel}","templated":true}]}}